{"id":85,"date":"2023-12-26T15:49:14","date_gmt":"2023-12-26T12:49:14","guid":{"rendered":"http:\/\/localhost\/wordpress\/?post_type=product&#038;p=85"},"modified":"2026-04-17T14:46:13","modified_gmt":"2026-04-17T11:46:13","slug":"freyya-premium-nefes-250ml","status":"publish","type":"product","link":"https:\/\/butaassos.com.tr\/ru\/product\/freyya-premium-nefes-250ml\/","title":{"rendered":"Freyya Premium Nefes (\u0414\u044b\u0445\u0430\u043d\u0438\u0435 \u043f\u0440\u0438\u0440\u043e\u0434\u044b) <br> \u041d\u041e\u0412\u042b\u0419 \u0421\u0415\u0417\u041e\u041d 2025-26, 250 \u043c\u043b"},"content":{"rendered":"<div class=\"product-badges-single\" style=\"display: flex; flex-direction: row; position: absolute; margin-top: -70px;\"><\/div>\n<section class=\"urun-tabs\">\n<div class=\"container\">\n<div class=\"tabs\">\n<div class=\"tab-panel tab-active\">\n<p class=\" translation-block\">\u041e\u043b\u0438\u0432\u043a\u043e\u0432\u043e\u0435 \u043c\u0430\u0441\u043b\u043e Freyya Premium Nefes \u0441\u043e\u0437\u0434\u0430\u043d\u043e \u0438\u0441\u043a\u043b\u044e\u0447\u0438\u0442\u0435\u043b\u044c\u043d\u043e \u0438\u0437 \u0437\u0435\u043b\u0435\u043d\u044b\u0445 \u043e\u043b\u0438\u0432\u043e\u043a \u0443\u043b\u044c\u0442\u0440\u0430\u0440\u0430\u043d\u043d\u0435\u0433\u043e \u0441\u0431\u043e\u0440\u0430. \u041c\u044b \u043f\u043e\u043b\u0443\u0447\u0430\u0435\u043c \u0435\u0433\u043e \u0441 \u043f\u043e\u043c\u043e\u0449\u044c\u044e \u043f\u0435\u0440\u0435\u0434\u043e\u0432\u043e\u0439 \u0442\u0435\u0445\u043d\u043e\u043b\u043e\u0433\u0438\u0438 Mori-Tem, \u0438\u0441\u043f\u043e\u043b\u044c\u0437\u0443\u044f \u0442\u043e\u043d\u0447\u0430\u0439\u0448\u0438\u0435 \u043d\u0430\u0441\u0442\u0440\u043e\u0439\u043a\u0438, \u0447\u0442\u043e\u0431\u044b \u0441\u043e\u0445\u0440\u0430\u043d\u0438\u0442\u044c \u043a\u0430\u0436\u0434\u0443\u044e \u043a\u0430\u043f\u043b\u044e \u043f\u043e\u043b\u044c\u0437\u044b. \u0413\u043b\u0430\u0432\u043d\u0430\u044f \u043e\u0441\u043e\u0431\u0435\u043d\u043d\u043e\u0441\u0442\u044c \u044d\u0442\u043e\u0433\u043e \u043c\u0430\u0441\u043b\u0430 - \u0443\u0434\u0438\u0432\u0438\u0442\u0435\u043b\u044c\u043d\u043e\u0435 \u0441\u043e\u0447\u0435\u0442\u0430\u043d\u0438\u0435: \u043f\u0440\u0438 \u043e\u0447\u0435\u043d\u044c \u0432\u044b\u0441\u043e\u043a\u043e\u043c \u0441\u043e\u0434\u0435\u0440\u0436\u0430\u043d\u0438\u0438 \u043f\u043e\u043b\u0438\u0444\u0435\u043d\u043e\u043b\u043e\u0432 \u043e\u043d\u043e \u043e\u0431\u043b\u0430\u0434\u0430\u0435\u0442 \u043d\u0435\u043e\u0431\u044b\u0447\u0430\u0439\u043d\u043e \u043c\u044f\u0433\u043a\u0438\u043c, \u043d\u0435\u0436\u043d\u044b\u043c \u0432\u043a\u0443\u0441\u043e\u043c. \u0415\u0433\u043e \u0431\u043e\u0433\u0430\u0442\u044b\u0439 \u0431\u0443\u043a\u0435\u0442 \u0440\u0430\u0441\u043a\u0440\u044b\u0432\u0430\u0435\u0442\u0441\u044f \u0441\u0432\u0435\u0436\u0438\u043c\u0438 \u0444\u0440\u0443\u043a\u0442\u043e\u0432\u044b\u043c\u0438 \u043d\u043e\u0442\u0430\u043c\u0438 \u0438 \u0430\u0440\u043e\u043c\u0430\u0442\u043e\u043c \u0441\u0432\u0435\u0436\u0435\u0441\u043a\u043e\u0448\u0435\u043d\u043d\u043e\u0439 \u0442\u0440\u0430\u0432\u044b. \u042d\u0442\u043e \u0443\u043d\u0438\u0432\u0435\u0440\u0441\u0430\u043b\u044c\u043d\u043e\u0435 \u043c\u0430\u0441\u043b\u043e, \u043a\u043e\u0442\u043e\u0440\u043e\u0435 \u043d\u0430\u043f\u043e\u043b\u043d\u0438\u0442 \u043e\u0441\u043e\u0431\u044b\u043c \u0441\u043c\u044b\u0441\u043b\u043e\u043c \u043b\u044e\u0431\u043e\u0435 \u0432\u0430\u0448\u0435 \u0431\u043b\u044e\u0434\u043e. Freyya Premium Nefes \u043f\u0440\u043e\u0438\u0437\u0432\u043e\u0434\u0438\u0442\u0441\u044f \u0438\u0437 \u0440\u0435\u0434\u043a\u043e\u0433\u043e \u0441\u043e\u0440\u0442\u0430 \u043e\u043b\u0438\u0432\u043e\u043a \u00ab\u0425\u0430\u043d\u044b\u043c \u041f\u0430\u0440\u043c\u0430\u0433\u044b\u00bb (\u0414\u0430\u043c\u0441\u043a\u0438\u0435 \u043f\u0430\u043b\u044c\u0447\u0438\u043a\u0438). \u041c\u044b \u0441\u043e\u0431\u0438\u0440\u0430\u0435\u043c \u043f\u043b\u043e\u0434\u044b \u0431\u0435\u0440\u0435\u0436\u043d\u043e, \u043d\u0435 \u0434\u043e\u043f\u0443\u0441\u043a\u0430\u044f \u0438\u0445 \u043a\u043e\u043d\u0442\u0430\u043a\u0442\u0430 \u0441 \u0437\u0435\u043c\u043b\u0435\u0439, \u0438 \u043e\u0442\u0436\u0438\u043c\u0430\u0435\u043c \u0438\u0445 \u0432 \u0442\u043e\u0442 \u0436\u0435 \u0434\u0435\u043d\u044c. \u041c\u0430\u0441\u043b\u043e \u0445\u0440\u0430\u043d\u0438\u0442\u0441\u044f \u0432 \u0441\u0442\u0435\u0440\u0438\u043b\u044c\u043d\u043e\u0439 \u0441\u0440\u0435\u0434\u0435 \u0438 \u0440\u0430\u0437\u043b\u0438\u0432\u0430\u0435\u0442\u0441\u044f \u0432 \u0431\u0443\u0442\u044b\u043b\u043a\u0438 \u0438\u043d\u0434\u0438\u0432\u0438\u0434\u0443\u0430\u043b\u044c\u043d\u043e \u043f\u043e\u0434 \u0432\u0430\u0448 \u0437\u0430\u043a\u0430\u0437, \u0447\u0442\u043e\u0431\u044b \u0433\u0430\u0440\u0430\u043d\u0442\u0438\u0440\u043e\u0432\u0430\u0442\u044c \u0435\u0433\u043e \u043f\u0435\u0440\u0432\u043e\u0437\u0434\u0430\u043d\u043d\u0443\u044e \u0441\u0432\u0435\u0436\u0435\u0441\u0442\u044c. \u042d\u0442\u043e \u043c\u0430\u0441\u043b\u043e - \u043a\u0432\u0438\u043d\u0442\u044d\u0441\u0441\u0435\u043d\u0446\u0438\u044f \u043f\u043b\u043e\u0434\u043e\u0440\u043e\u0434\u0438\u044f \u043d\u0430\u0448\u0435\u0439 \u0437\u0435\u043c\u043b\u0438, \u0441\u043e\u0437\u0434\u0430\u043d\u043d\u0430\u044f \u0434\u043b\u044f \u0442\u043e\u0433\u043e, \u0447\u0442\u043e\u0431\u044b \u0434\u0430\u0440\u0438\u0442\u044c \u0432\u0430\u043c \u0440\u0430\u0434\u043e\u0441\u0442\u044c \u0438 \u043b\u0435\u0433\u043a\u043e\u0441\u0442\u044c.<\/p>\n<\/div>\n<\/div>\n<\/div>\n<\/section>","protected":false},"excerpt":{"rendered":"<p>Tamam\u0131 ye\u015fil, \u00e7ok erken hasat zeytinlerden \u00f6zenle \u00fcretilen Freyya Premium Nefes zeytinya\u011f\u0131, Mori-Tem&#8217;in \u00fcst\u00fcn teknolojisiyle hassas ayarlarla elde edilmi\u015ftir. Bu \u00f6zel ya\u011f\u0131m\u0131z\u0131n polifenol de\u011feri olduk\u00e7a y\u00fcksektir, ancak i\u00e7imi son derece yumu\u015fakt\u0131r. Ferah, meyvemsi ve ye\u015fil \u00e7im gibi zengin aromalar\u0131yla \u00f6ne \u00e7\u0131kan bu zeytinya\u011f\u0131, her sofrada ve yemekte keyifle kullan\u0131labilir. Bereketli topra\u011f\u0131m\u0131z\u0131n zenginli\u011fini yans\u0131tarak moralinizi y\u00fckseltecek&#8230;<\/p>","protected":false},"featured_media":4567,"comment_status":"open","ping_status":"closed","template":"","meta":[],"product_cat":[15,19],"product_tag":[],"class_list":{"0":"post-85","1":"product","2":"type-product","3":"status-publish","4":"has-post-thumbnail","6":"product_cat-genel","7":"product_cat-naturel-sizma-zeytinyagi","9":"first","10":"outofstock","11":"taxable","12":"shipping-taxable","13":"purchasable","14":"product-type-simple"},"yoast_head":"<!-- This site is optimized with the Yoast SEO plugin v23.8 - https:\/\/yoast.com\/wordpress\/plugins\/seo\/ -->\n<title>Freyya Premium Nefes  YEN\u0130 SEZON 2025-26 250ml - Buta Assos<\/title>\n<meta name=\"description\" content=\"Tamam\u0131 ye\u015fil, \u00e7ok erken hasat zeytinlerden \u00f6zenle \u00fcretilen Freyya Premium Nefes zeytinya\u011f\u0131, Mori-Tem&#039;in \u00fcst\u00fcn teknolojisiyle hassas ayarlarla...\" \/>\n<meta name=\"robots\" content=\"index, follow, max-snippet:-1, max-image-preview:large, max-video-preview:-1\" \/>\n<link rel=\"canonical\" href=\"https:\/\/butaassos.com.tr\/ru\/product\/freyya-premium-nefes-250ml\/\" \/>\n<meta property=\"og:locale\" content=\"ru_RU\" \/>\n<meta property=\"og:type\" content=\"article\" \/>\n<meta property=\"og:title\" content=\"Freyya Premium Nefes  YEN\u0130 SEZON 2025-26 250ml - Buta Assos\" \/>\n<meta property=\"og:description\" content=\"Tamam\u0131 ye\u015fil, \u00e7ok erken hasat zeytinlerden \u00f6zenle \u00fcretilen Freyya Premium Nefes zeytinya\u011f\u0131, Mori-Tem&#039;in \u00fcst\u00fcn teknolojisiyle hassas ayarlarla...\" \/>\n<meta property=\"og:url\" content=\"https:\/\/butaassos.com.tr\/ru\/product\/freyya-premium-nefes-250ml\/\" \/>\n<meta property=\"og:site_name\" content=\"Buta Assos\" \/>\n<meta property=\"article:modified_time\" content=\"2026-04-17T11:46:13+00:00\" \/>\n<meta property=\"og:image\" content=\"https:\/\/butaassos.com.tr\/wp-content\/uploads\/2023\/12\/2-1.jpg\" \/>\n\t<meta property=\"og:image:width\" content=\"2000\" \/>\n\t<meta property=\"og:image:height\" content=\"2000\" \/>\n\t<meta property=\"og:image:type\" content=\"image\/jpeg\" \/>\n<meta name=\"twitter:card\" content=\"summary_large_image\" \/>\n<meta name=\"twitter:label1\" content=\"Est. reading time\" \/>\n\t<meta name=\"twitter:data1\" content=\"1 \u043c\u0438\u043d\u0443\u0442\u0430\" \/>\n<script type=\"application\/ld+json\" class=\"yoast-schema-graph\">{\"@context\":\"https:\/\/schema.org\",\"@graph\":[{\"@type\":\"WebPage\",\"@id\":\"https:\/\/butaassos.com.tr\/urun\/freyya-premium-nefes-250ml\/\",\"url\":\"https:\/\/butaassos.com.tr\/urun\/freyya-premium-nefes-250ml\/\",\"name\":\"Freyya Premium Nefes YEN\u0130 SEZON 2025-26 250ml - Buta Assos\",\"isPartOf\":{\"@id\":\"https:\/\/butaassos.com.tr\/#website\"},\"primaryImageOfPage\":{\"@id\":\"https:\/\/butaassos.com.tr\/urun\/freyya-premium-nefes-250ml\/#primaryimage\"},\"image\":{\"@id\":\"https:\/\/butaassos.com.tr\/urun\/freyya-premium-nefes-250ml\/#primaryimage\"},\"thumbnailUrl\":\"https:\/\/butaassos.com.tr\/wp-content\/uploads\/2023\/12\/2-1.jpg\",\"datePublished\":\"2023-12-26T12:49:14+00:00\",\"dateModified\":\"2026-04-17T11:46:13+00:00\",\"description\":\"Tamam\u0131 ye\u015fil, \u00e7ok erken hasat zeytinlerden \u00f6zenle \u00fcretilen Freyya Premium Nefes zeytinya\u011f\u0131, Mori-Tem'in \u00fcst\u00fcn teknolojisiyle hassas ayarlarla...\",\"breadcrumb\":{\"@id\":\"https:\/\/butaassos.com.tr\/urun\/freyya-premium-nefes-250ml\/#breadcrumb\"},\"inLanguage\":\"ru-RU\",\"potentialAction\":[{\"@type\":\"ReadAction\",\"target\":[\"https:\/\/butaassos.com.tr\/urun\/freyya-premium-nefes-250ml\/\"]}]},{\"@type\":\"ImageObject\",\"inLanguage\":\"ru-RU\",\"@id\":\"https:\/\/butaassos.com.tr\/urun\/freyya-premium-nefes-250ml\/#primaryimage\",\"url\":\"https:\/\/butaassos.com.tr\/wp-content\/uploads\/2023\/12\/2-1.jpg\",\"contentUrl\":\"https:\/\/butaassos.com.tr\/wp-content\/uploads\/2023\/12\/2-1.jpg\",\"width\":2000,\"height\":2000},{\"@type\":\"BreadcrumbList\",\"@id\":\"https:\/\/butaassos.com.tr\/urun\/freyya-premium-nefes-250ml\/#breadcrumb\",\"itemListElement\":[{\"@type\":\"ListItem\",\"position\":1,\"name\":\"Anasayfa\",\"item\":\"https:\/\/butaassos.com.tr\/\"},{\"@type\":\"ListItem\",\"position\":2,\"name\":\"Shop\",\"item\":\"https:\/\/butaassos.com.tr\/shop\/\"},{\"@type\":\"ListItem\",\"position\":3,\"name\":\"Freyya Premium Nefes YEN\u0130 SEZON 2025-26 250ml\"}]},{\"@type\":\"WebSite\",\"@id\":\"https:\/\/butaassos.com.tr\/#website\",\"url\":\"https:\/\/butaassos.com.tr\/\",\"name\":\"Buta Assos\",\"description\":\"\",\"publisher\":{\"@id\":\"https:\/\/butaassos.com.tr\/#organization\"},\"potentialAction\":[{\"@type\":\"SearchAction\",\"target\":{\"@type\":\"EntryPoint\",\"urlTemplate\":\"https:\/\/butaassos.com.tr\/?s={search_term_string}\"},\"query-input\":{\"@type\":\"PropertyValueSpecification\",\"valueRequired\":true,\"valueName\":\"search_term_string\"}}],\"inLanguage\":\"ru-RU\"},{\"@type\":\"Organization\",\"@id\":\"https:\/\/butaassos.com.tr\/#organization\",\"name\":\"Buta Assos\",\"url\":\"https:\/\/butaassos.com.tr\/\",\"logo\":{\"@type\":\"ImageObject\",\"inLanguage\":\"ru-RU\",\"@id\":\"https:\/\/butaassos.com.tr\/#\/schema\/logo\/image\/\",\"url\":\"https:\/\/butaassos.com.tr\/wp-content\/uploads\/2024\/01\/butaassosicon.png\",\"contentUrl\":\"https:\/\/butaassos.com.tr\/wp-content\/uploads\/2024\/01\/butaassosicon.png\",\"width\":512,\"height\":512,\"caption\":\"Buta Assos\"},\"image\":{\"@id\":\"https:\/\/butaassos.com.tr\/#\/schema\/logo\/image\/\"}}]}<\/script>\n<!-- \/ Yoast SEO plugin. -->","yoast_head_json":{"title":"Freyya Premium Nefes  YEN\u0130 SEZON 2025-26 250ml - Buta Assos","description":"Tamam\u0131 ye\u015fil, \u00e7ok erken hasat zeytinlerden \u00f6zenle \u00fcretilen Freyya Premium Nefes zeytinya\u011f\u0131, Mori-Tem'in \u00fcst\u00fcn teknolojisiyle hassas ayarlarla...","robots":{"index":"index","follow":"follow","max-snippet":"max-snippet:-1","max-image-preview":"max-image-preview:large","max-video-preview":"max-video-preview:-1"},"canonical":"https:\/\/butaassos.com.tr\/ru\/product\/freyya-premium-nefes-250ml\/","og_locale":"ru_RU","og_type":"article","og_title":"Freyya Premium Nefes  YEN\u0130 SEZON 2025-26 250ml - Buta Assos","og_description":"Tamam\u0131 ye\u015fil, \u00e7ok erken hasat zeytinlerden \u00f6zenle \u00fcretilen Freyya Premium Nefes zeytinya\u011f\u0131, Mori-Tem'in \u00fcst\u00fcn teknolojisiyle hassas ayarlarla...","og_url":"https:\/\/butaassos.com.tr\/ru\/product\/freyya-premium-nefes-250ml\/","og_site_name":"Buta Assos","article_modified_time":"2026-04-17T11:46:13+00:00","og_image":[{"width":2000,"height":2000,"url":"https:\/\/butaassos.com.tr\/wp-content\/uploads\/2023\/12\/2-1.jpg","type":"image\/jpeg"}],"twitter_card":"summary_large_image","twitter_misc":{"Est. reading time":"1 \u043c\u0438\u043d\u0443\u0442\u0430"},"schema":{"@context":"https:\/\/schema.org","@graph":[{"@type":"WebPage","@id":"https:\/\/butaassos.com.tr\/urun\/freyya-premium-nefes-250ml\/","url":"https:\/\/butaassos.com.tr\/urun\/freyya-premium-nefes-250ml\/","name":"Freyya Premium Nefes YEN\u0130 SEZON 2025-26 250ml - Buta Assos","isPartOf":{"@id":"https:\/\/butaassos.com.tr\/#website"},"primaryImageOfPage":{"@id":"https:\/\/butaassos.com.tr\/urun\/freyya-premium-nefes-250ml\/#primaryimage"},"image":{"@id":"https:\/\/butaassos.com.tr\/urun\/freyya-premium-nefes-250ml\/#primaryimage"},"thumbnailUrl":"https:\/\/butaassos.com.tr\/wp-content\/uploads\/2023\/12\/2-1.jpg","datePublished":"2023-12-26T12:49:14+00:00","dateModified":"2026-04-17T11:46:13+00:00","description":"Tamam\u0131 ye\u015fil, \u00e7ok erken hasat zeytinlerden \u00f6zenle \u00fcretilen Freyya Premium Nefes zeytinya\u011f\u0131, Mori-Tem'in \u00fcst\u00fcn teknolojisiyle hassas ayarlarla...","breadcrumb":{"@id":"https:\/\/butaassos.com.tr\/urun\/freyya-premium-nefes-250ml\/#breadcrumb"},"inLanguage":"ru-RU","potentialAction":[{"@type":"ReadAction","target":["https:\/\/butaassos.com.tr\/urun\/freyya-premium-nefes-250ml\/"]}]},{"@type":"ImageObject","inLanguage":"ru-RU","@id":"https:\/\/butaassos.com.tr\/urun\/freyya-premium-nefes-250ml\/#primaryimage","url":"https:\/\/butaassos.com.tr\/wp-content\/uploads\/2023\/12\/2-1.jpg","contentUrl":"https:\/\/butaassos.com.tr\/wp-content\/uploads\/2023\/12\/2-1.jpg","width":2000,"height":2000},{"@type":"BreadcrumbList","@id":"https:\/\/butaassos.com.tr\/urun\/freyya-premium-nefes-250ml\/#breadcrumb","itemListElement":[{"@type":"ListItem","position":1,"name":"Anasayfa","item":"https:\/\/butaassos.com.tr\/"},{"@type":"ListItem","position":2,"name":"Shop","item":"https:\/\/butaassos.com.tr\/shop\/"},{"@type":"ListItem","position":3,"name":"Freyya Premium Nefes YEN\u0130 SEZON 2025-26 250ml"}]},{"@type":"WebSite","@id":"https:\/\/butaassos.com.tr\/#website","url":"https:\/\/butaassos.com.tr\/","name":"Buta Assos","description":"","publisher":{"@id":"https:\/\/butaassos.com.tr\/#organization"},"potentialAction":[{"@type":"SearchAction","target":{"@type":"EntryPoint","urlTemplate":"https:\/\/butaassos.com.tr\/?s={search_term_string}"},"query-input":{"@type":"PropertyValueSpecification","valueRequired":true,"valueName":"search_term_string"}}],"inLanguage":"ru-RU"},{"@type":"Organization","@id":"https:\/\/butaassos.com.tr\/#organization","name":"Buta Assos","url":"https:\/\/butaassos.com.tr\/","logo":{"@type":"ImageObject","inLanguage":"ru-RU","@id":"https:\/\/butaassos.com.tr\/#\/schema\/logo\/image\/","url":"https:\/\/butaassos.com.tr\/wp-content\/uploads\/2024\/01\/butaassosicon.png","contentUrl":"https:\/\/butaassos.com.tr\/wp-content\/uploads\/2024\/01\/butaassosicon.png","width":512,"height":512,"caption":"Buta Assos"},"image":{"@id":"https:\/\/butaassos.com.tr\/#\/schema\/logo\/image\/"}}]}},"_links":{"self":[{"href":"https:\/\/butaassos.com.tr\/ru\/wp-json\/wp\/v2\/product\/85","targetHints":{"allow":["GET"]}}],"collection":[{"href":"https:\/\/butaassos.com.tr\/ru\/wp-json\/wp\/v2\/product"}],"about":[{"href":"https:\/\/butaassos.com.tr\/ru\/wp-json\/wp\/v2\/types\/product"}],"replies":[{"embeddable":true,"href":"https:\/\/butaassos.com.tr\/ru\/wp-json\/wp\/v2\/comments?post=85"}],"wp:featuredmedia":[{"embeddable":true,"href":"https:\/\/butaassos.com.tr\/ru\/wp-json\/wp\/v2\/media\/4567"}],"wp:attachment":[{"href":"https:\/\/butaassos.com.tr\/ru\/wp-json\/wp\/v2\/media?parent=85"}],"wp:term":[{"taxonomy":"product_cat","embeddable":true,"href":"https:\/\/butaassos.com.tr\/ru\/wp-json\/wp\/v2\/product_cat?post=85"},{"taxonomy":"product_tag","embeddable":true,"href":"https:\/\/butaassos.com.tr\/ru\/wp-json\/wp\/v2\/product_tag?post=85"}],"curies":[{"name":"wp","href":"https:\/\/api.w.org\/{rel}","templated":true}]}}