{"id":4348,"date":"2026-03-23T10:48:36","date_gmt":"2026-03-23T07:48:36","guid":{"rendered":"https:\/\/butaassos.com.tr\/?post_type=product&#038;p=4348"},"modified":"2026-03-23T10:51:28","modified_gmt":"2026-03-23T07:51:28","slug":"zeytinyagli-nemlendirici-krem","status":"publish","type":"product","link":"https:\/\/butaassos.com.tr\/ru\/product\/zeytinyagli-nemlendirici-krem\/","title":{"rendered":"Zeytinya\u011fl\u0131 Nemlendirici Krem"},"content":{"rendered":"<p><span style=\"font-weight: 400;\">Do\u011fan\u0131n en saf hediyelerini zarif bir harmoniyle birle\u015ftirdik. Her cilt tipine uygun bu form\u00fcl; Buta Assos\u2019un erken hasat d\u00f6neminde, elle toplan\u0131p topra\u011fa de\u011fmeden i\u015flenen zeytinlerinden elde edilen de\u011ferli zeytinya\u011f\u0131 ile \u00f6zenle haz\u0131rlan\u0131r. Cildi derinlemesine besler, nemini art\u0131r\u0131r ve antioksidan zenginli\u011fiyle korur. Form\u00fcl\u00fcndeki g\u00fcnl\u00fck, neroli, ylang ylang ve g\u00fcla\u011fac\u0131 u\u00e7ucu ya\u011flar\u0131, ciltte yenilenmeyi destekler ve ipeksi bir yumu\u015fakl\u0131k kazand\u0131r\u0131r. G\u00fcnl\u00fck ya\u011f\u0131 elastikiyeti art\u0131r\u0131rken; neroli cildi yat\u0131\u015ft\u0131r\u0131r ve parlakl\u0131k verir. Ylang ylang sebum dengesini korur, g\u00fcl a\u011fac\u0131 ya\u011f\u0131 ise cildi<\/span><\/p>\n<p><span style=\"font-weight: 400;\">tazeler ve g\u00fc\u00e7lendirir. Neroli hidrosol\u00fcyle zenginle\u015ftirilen form\u00fcl\u00fc, bitkilerin \u00f6z\u00fcnden gelen canl\u0131l\u0131kla cilde tazelik, yumu\u015fakl\u0131k ve do\u011fal bir \u0131\u015f\u0131lt\u0131 kazand\u0131r\u0131r.<\/span><\/p>","protected":false},"excerpt":{"rendered":"<p>Do\u011fan\u0131n en saf hediyelerini zarif bir harmoniyle birle\u015ftirdik. Her cilt tipine uygun bu form\u00fcl; Buta Assos\u2019un erken hasat d\u00f6neminde, elle toplan\u0131p topra\u011fa de\u011fmeden i\u015flenen zeytinlerinden elde edilen de\u011ferli zeytinya\u011f\u0131 ile \u00f6zenle haz\u0131rlan\u0131r. Cildi derinlemesine besler, nemini art\u0131r\u0131r ve antioksidan zenginli\u011fiyle korur. Form\u00fcl\u00fcndeki g\u00fcnl\u00fck, neroli, ylang ylang ve g\u00fcla\u011fac\u0131 u\u00e7ucu ya\u011flar\u0131, ciltte yenilenmeyi destekler ve ipeksi&#8230;<\/p>","protected":false},"featured_media":4349,"comment_status":"open","ping_status":"closed","template":"","meta":[],"product_cat":[15,19],"product_tag":[],"class_list":{"0":"post-4348","1":"product","2":"type-product","3":"status-publish","4":"has-post-thumbnail","6":"product_cat-genel","7":"product_cat-naturel-sizma-zeytinyagi","9":"first","10":"instock","11":"taxable","12":"shipping-taxable","13":"purchasable","14":"product-type-simple"},"yoast_head":"<!-- This site is optimized with the Yoast SEO plugin v23.8 - https:\/\/yoast.com\/wordpress\/plugins\/seo\/ -->\n<title>Zeytinya\u011fl\u0131 Nemlendirici Krem - Buta Assos<\/title>\n<meta name=\"robots\" content=\"index, follow, max-snippet:-1, max-image-preview:large, max-video-preview:-1\" \/>\n<link rel=\"canonical\" href=\"https:\/\/butaassos.com.tr\/ru\/product\/zeytinyagli-nemlendirici-krem\/\" \/>\n<meta property=\"og:locale\" content=\"ru_RU\" \/>\n<meta property=\"og:type\" content=\"article\" \/>\n<meta property=\"og:title\" content=\"Zeytinya\u011fl\u0131 Nemlendirici Krem - Buta Assos\" \/>\n<meta property=\"og:description\" content=\"Do\u011fan\u0131n en saf hediyelerini zarif bir harmoniyle birle\u015ftirdik. Her cilt tipine uygun bu form\u00fcl; Buta Assos\u2019un erken hasat d\u00f6neminde, elle toplan\u0131p topra\u011fa de\u011fmeden i\u015flenen zeytinlerinden elde edilen de\u011ferli zeytinya\u011f\u0131 ile \u00f6zenle haz\u0131rlan\u0131r. Cildi derinlemesine besler, nemini art\u0131r\u0131r ve antioksidan zenginli\u011fiyle korur. Form\u00fcl\u00fcndeki g\u00fcnl\u00fck, neroli, ylang ylang ve g\u00fcla\u011fac\u0131 u\u00e7ucu ya\u011flar\u0131, ciltte yenilenmeyi destekler ve ipeksi...\" \/>\n<meta property=\"og:url\" content=\"https:\/\/butaassos.com.tr\/ru\/product\/zeytinyagli-nemlendirici-krem\/\" \/>\n<meta property=\"og:site_name\" content=\"Buta Assos\" \/>\n<meta property=\"article:modified_time\" content=\"2026-03-23T07:51:28+00:00\" \/>\n<meta property=\"og:image\" content=\"https:\/\/butaassos.com.tr\/wp-content\/uploads\/2026\/03\/Nemlendirici-Krem-scaled.jpg\" \/>\n\t<meta property=\"og:image:width\" content=\"1710\" \/>\n\t<meta property=\"og:image:height\" content=\"2560\" \/>\n\t<meta property=\"og:image:type\" content=\"image\/jpeg\" \/>\n<meta name=\"twitter:card\" content=\"summary_large_image\" \/>\n<meta name=\"twitter:label1\" content=\"Est. reading time\" \/>\n\t<meta name=\"twitter:data1\" content=\"1 \u043c\u0438\u043d\u0443\u0442\u0430\" \/>\n<script type=\"application\/ld+json\" class=\"yoast-schema-graph\">{\"@context\":\"https:\/\/schema.org\",\"@graph\":[{\"@type\":\"WebPage\",\"@id\":\"https:\/\/butaassos.com.tr\/urun\/zeytinyagli-nemlendirici-krem\/\",\"url\":\"https:\/\/butaassos.com.tr\/urun\/zeytinyagli-nemlendirici-krem\/\",\"name\":\"Zeytinya\u011fl\u0131 Nemlendirici Krem - Buta Assos\",\"isPartOf\":{\"@id\":\"https:\/\/butaassos.com.tr\/#website\"},\"primaryImageOfPage\":{\"@id\":\"https:\/\/butaassos.com.tr\/urun\/zeytinyagli-nemlendirici-krem\/#primaryimage\"},\"image\":{\"@id\":\"https:\/\/butaassos.com.tr\/urun\/zeytinyagli-nemlendirici-krem\/#primaryimage\"},\"thumbnailUrl\":\"https:\/\/butaassos.com.tr\/wp-content\/uploads\/2026\/03\/Nemlendirici-Krem-scaled.jpg\",\"datePublished\":\"2026-03-23T07:48:36+00:00\",\"dateModified\":\"2026-03-23T07:51:28+00:00\",\"breadcrumb\":{\"@id\":\"https:\/\/butaassos.com.tr\/urun\/zeytinyagli-nemlendirici-krem\/#breadcrumb\"},\"inLanguage\":\"ru-RU\",\"potentialAction\":[{\"@type\":\"ReadAction\",\"target\":[\"https:\/\/butaassos.com.tr\/urun\/zeytinyagli-nemlendirici-krem\/\"]}]},{\"@type\":\"ImageObject\",\"inLanguage\":\"ru-RU\",\"@id\":\"https:\/\/butaassos.com.tr\/urun\/zeytinyagli-nemlendirici-krem\/#primaryimage\",\"url\":\"https:\/\/butaassos.com.tr\/wp-content\/uploads\/2026\/03\/Nemlendirici-Krem-scaled.jpg\",\"contentUrl\":\"https:\/\/butaassos.com.tr\/wp-content\/uploads\/2026\/03\/Nemlendirici-Krem-scaled.jpg\",\"width\":1710,\"height\":2560},{\"@type\":\"BreadcrumbList\",\"@id\":\"https:\/\/butaassos.com.tr\/urun\/zeytinyagli-nemlendirici-krem\/#breadcrumb\",\"itemListElement\":[{\"@type\":\"ListItem\",\"position\":1,\"name\":\"Anasayfa\",\"item\":\"https:\/\/butaassos.com.tr\/\"},{\"@type\":\"ListItem\",\"position\":2,\"name\":\"Shop\",\"item\":\"https:\/\/butaassos.com.tr\/shop\/\"},{\"@type\":\"ListItem\",\"position\":3,\"name\":\"Zeytinya\u011fl\u0131 Nemlendirici Krem\"}]},{\"@type\":\"WebSite\",\"@id\":\"https:\/\/butaassos.com.tr\/#website\",\"url\":\"https:\/\/butaassos.com.tr\/\",\"name\":\"Buta Assos\",\"description\":\"\",\"publisher\":{\"@id\":\"https:\/\/butaassos.com.tr\/#organization\"},\"potentialAction\":[{\"@type\":\"SearchAction\",\"target\":{\"@type\":\"EntryPoint\",\"urlTemplate\":\"https:\/\/butaassos.com.tr\/?s={search_term_string}\"},\"query-input\":{\"@type\":\"PropertyValueSpecification\",\"valueRequired\":true,\"valueName\":\"search_term_string\"}}],\"inLanguage\":\"ru-RU\"},{\"@type\":\"Organization\",\"@id\":\"https:\/\/butaassos.com.tr\/#organization\",\"name\":\"Buta Assos\",\"url\":\"https:\/\/butaassos.com.tr\/\",\"logo\":{\"@type\":\"ImageObject\",\"inLanguage\":\"ru-RU\",\"@id\":\"https:\/\/butaassos.com.tr\/#\/schema\/logo\/image\/\",\"url\":\"https:\/\/butaassos.com.tr\/wp-content\/uploads\/2024\/01\/butaassosicon.png\",\"contentUrl\":\"https:\/\/butaassos.com.tr\/wp-content\/uploads\/2024\/01\/butaassosicon.png\",\"width\":512,\"height\":512,\"caption\":\"Buta Assos\"},\"image\":{\"@id\":\"https:\/\/butaassos.com.tr\/#\/schema\/logo\/image\/\"}}]}<\/script>\n<!-- \/ Yoast SEO plugin. -->","yoast_head_json":{"title":"Zeytinya\u011fl\u0131 Nemlendirici Krem - Buta Assos","robots":{"index":"index","follow":"follow","max-snippet":"max-snippet:-1","max-image-preview":"max-image-preview:large","max-video-preview":"max-video-preview:-1"},"canonical":"https:\/\/butaassos.com.tr\/ru\/product\/zeytinyagli-nemlendirici-krem\/","og_locale":"ru_RU","og_type":"article","og_title":"Zeytinya\u011fl\u0131 Nemlendirici Krem - Buta Assos","og_description":"Do\u011fan\u0131n en saf hediyelerini zarif bir harmoniyle birle\u015ftirdik. Her cilt tipine uygun bu form\u00fcl; Buta Assos\u2019un erken hasat d\u00f6neminde, elle toplan\u0131p topra\u011fa de\u011fmeden i\u015flenen zeytinlerinden elde edilen de\u011ferli zeytinya\u011f\u0131 ile \u00f6zenle haz\u0131rlan\u0131r. Cildi derinlemesine besler, nemini art\u0131r\u0131r ve antioksidan zenginli\u011fiyle korur. Form\u00fcl\u00fcndeki g\u00fcnl\u00fck, neroli, ylang ylang ve g\u00fcla\u011fac\u0131 u\u00e7ucu ya\u011flar\u0131, ciltte yenilenmeyi destekler ve ipeksi...","og_url":"https:\/\/butaassos.com.tr\/ru\/product\/zeytinyagli-nemlendirici-krem\/","og_site_name":"Buta Assos","article_modified_time":"2026-03-23T07:51:28+00:00","og_image":[{"width":1710,"height":2560,"url":"https:\/\/butaassos.com.tr\/wp-content\/uploads\/2026\/03\/Nemlendirici-Krem-scaled.jpg","type":"image\/jpeg"}],"twitter_card":"summary_large_image","twitter_misc":{"Est. reading time":"1 \u043c\u0438\u043d\u0443\u0442\u0430"},"schema":{"@context":"https:\/\/schema.org","@graph":[{"@type":"WebPage","@id":"https:\/\/butaassos.com.tr\/urun\/zeytinyagli-nemlendirici-krem\/","url":"https:\/\/butaassos.com.tr\/urun\/zeytinyagli-nemlendirici-krem\/","name":"Zeytinya\u011fl\u0131 Nemlendirici Krem - Buta Assos","isPartOf":{"@id":"https:\/\/butaassos.com.tr\/#website"},"primaryImageOfPage":{"@id":"https:\/\/butaassos.com.tr\/urun\/zeytinyagli-nemlendirici-krem\/#primaryimage"},"image":{"@id":"https:\/\/butaassos.com.tr\/urun\/zeytinyagli-nemlendirici-krem\/#primaryimage"},"thumbnailUrl":"https:\/\/butaassos.com.tr\/wp-content\/uploads\/2026\/03\/Nemlendirici-Krem-scaled.jpg","datePublished":"2026-03-23T07:48:36+00:00","dateModified":"2026-03-23T07:51:28+00:00","breadcrumb":{"@id":"https:\/\/butaassos.com.tr\/urun\/zeytinyagli-nemlendirici-krem\/#breadcrumb"},"inLanguage":"ru-RU","potentialAction":[{"@type":"ReadAction","target":["https:\/\/butaassos.com.tr\/urun\/zeytinyagli-nemlendirici-krem\/"]}]},{"@type":"ImageObject","inLanguage":"ru-RU","@id":"https:\/\/butaassos.com.tr\/urun\/zeytinyagli-nemlendirici-krem\/#primaryimage","url":"https:\/\/butaassos.com.tr\/wp-content\/uploads\/2026\/03\/Nemlendirici-Krem-scaled.jpg","contentUrl":"https:\/\/butaassos.com.tr\/wp-content\/uploads\/2026\/03\/Nemlendirici-Krem-scaled.jpg","width":1710,"height":2560},{"@type":"BreadcrumbList","@id":"https:\/\/butaassos.com.tr\/urun\/zeytinyagli-nemlendirici-krem\/#breadcrumb","itemListElement":[{"@type":"ListItem","position":1,"name":"Anasayfa","item":"https:\/\/butaassos.com.tr\/"},{"@type":"ListItem","position":2,"name":"Shop","item":"https:\/\/butaassos.com.tr\/shop\/"},{"@type":"ListItem","position":3,"name":"Zeytinya\u011fl\u0131 Nemlendirici Krem"}]},{"@type":"WebSite","@id":"https:\/\/butaassos.com.tr\/#website","url":"https:\/\/butaassos.com.tr\/","name":"Buta Assos","description":"","publisher":{"@id":"https:\/\/butaassos.com.tr\/#organization"},"potentialAction":[{"@type":"SearchAction","target":{"@type":"EntryPoint","urlTemplate":"https:\/\/butaassos.com.tr\/?s={search_term_string}"},"query-input":{"@type":"PropertyValueSpecification","valueRequired":true,"valueName":"search_term_string"}}],"inLanguage":"ru-RU"},{"@type":"Organization","@id":"https:\/\/butaassos.com.tr\/#organization","name":"Buta Assos","url":"https:\/\/butaassos.com.tr\/","logo":{"@type":"ImageObject","inLanguage":"ru-RU","@id":"https:\/\/butaassos.com.tr\/#\/schema\/logo\/image\/","url":"https:\/\/butaassos.com.tr\/wp-content\/uploads\/2024\/01\/butaassosicon.png","contentUrl":"https:\/\/butaassos.com.tr\/wp-content\/uploads\/2024\/01\/butaassosicon.png","width":512,"height":512,"caption":"Buta Assos"},"image":{"@id":"https:\/\/butaassos.com.tr\/#\/schema\/logo\/image\/"}}]}},"_links":{"self":[{"href":"https:\/\/butaassos.com.tr\/ru\/wp-json\/wp\/v2\/product\/4348","targetHints":{"allow":["GET"]}}],"collection":[{"href":"https:\/\/butaassos.com.tr\/ru\/wp-json\/wp\/v2\/product"}],"about":[{"href":"https:\/\/butaassos.com.tr\/ru\/wp-json\/wp\/v2\/types\/product"}],"replies":[{"embeddable":true,"href":"https:\/\/butaassos.com.tr\/ru\/wp-json\/wp\/v2\/comments?post=4348"}],"wp:featuredmedia":[{"embeddable":true,"href":"https:\/\/butaassos.com.tr\/ru\/wp-json\/wp\/v2\/media\/4349"}],"wp:attachment":[{"href":"https:\/\/butaassos.com.tr\/ru\/wp-json\/wp\/v2\/media?parent=4348"}],"wp:term":[{"taxonomy":"product_cat","embeddable":true,"href":"https:\/\/butaassos.com.tr\/ru\/wp-json\/wp\/v2\/product_cat?post=4348"},{"taxonomy":"product_tag","embeddable":true,"href":"https:\/\/butaassos.com.tr\/ru\/wp-json\/wp\/v2\/product_tag?post=4348"}],"curies":[{"name":"wp","href":"https:\/\/api.w.org\/{rel}","templated":true}]}}