{"id":4346,"date":"2026-03-23T10:46:12","date_gmt":"2026-03-23T07:46:12","guid":{"rendered":"https:\/\/butaassos.com.tr\/?post_type=product&#038;p=4346"},"modified":"2026-03-23T10:52:12","modified_gmt":"2026-03-23T07:52:12","slug":"zeytin-yapragi-cayi","status":"publish","type":"product","link":"https:\/\/butaassos.com.tr\/ru\/product\/zeytin-yapragi-cayi\/","title":{"rendered":"Zeytin Yapra\u011f\u0131 \u00c7ay\u0131"},"content":{"rendered":"<p><span style=\"font-weight: 400;\">Zeytin a\u011fac\u0131n\u0131n as\u0131rlard\u0131r saklad\u0131\u011f\u0131 \u015fifa, \u015fimdi en saf haliyle fincan\u0131n\u0131za geliyor. Buta Assos zeytin yapra\u011f\u0131 \u00e7ay\u0131; Ege\u2019nin kadim zeytinliklerinden \u00f6zenle toplanan yapraklar\u0131n, do\u011fall\u0131\u011f\u0131n\u0131 ve g\u00fcc\u00fcn\u00fc koruyarak haz\u0131rlanmas\u0131yla hayat bulur. Y\u00fcksek antioksidan i\u00e7eri\u011fi, oleuropein ve polifenoller bak\u0131m\u0131ndan zengin yap\u0131s\u0131yla zeytin yapra\u011f\u0131, ba\u011f\u0131\u015f\u0131kl\u0131k sistemini destekleyen, bedeni ar\u0131nd\u0131ran ve i\u00e7sel dengeyi g\u00fc\u00e7lendiren do\u011fal bir rit\u00fcel sunar.<\/span><\/p>\n<p><span style=\"font-weight: 400;\">Topra\u011f\u0131n bilgeli\u011fini ta\u015f\u0131yan bu zarif inf\u00fczyon, do\u011fan\u0131n sundu\u011fu en yal\u0131n ve en g\u00fc\u00e7l\u00fc \u015fifa formlar\u0131ndan biridir.<\/span><\/p>\n<p><span style=\"font-weight: 400;\">Geleneksel bitkisel bilginin modern ya\u015famla bulu\u015ftu\u011fu bu \u00f6zel se\u00e7ki, her yudumda dinginlik, ar\u0131nma ve yenilenme hissi yarat\u0131r. Buta Assos zeytin yapra\u011f\u0131 \u00e7ay\u0131, kadim zeytin k\u00fclt\u00fcr\u00fcn\u00fcn zamans\u0131z zarafetini g\u00fcnl\u00fck ya\u015fam\u0131n ritmine ta\u015f\u0131r.<\/span><\/p>","protected":false},"excerpt":{"rendered":"<p>Zeytin a\u011fac\u0131n\u0131n as\u0131rlard\u0131r saklad\u0131\u011f\u0131 \u015fifa, \u015fimdi en saf haliyle fincan\u0131n\u0131za geliyor. Buta Assos zeytin yapra\u011f\u0131 \u00e7ay\u0131; Ege\u2019nin kadim zeytinliklerinden \u00f6zenle toplanan yapraklar\u0131n, do\u011fall\u0131\u011f\u0131n\u0131 ve g\u00fcc\u00fcn\u00fc koruyarak haz\u0131rlanmas\u0131yla hayat bulur. Y\u00fcksek antioksidan i\u00e7eri\u011fi, oleuropein ve polifenoller bak\u0131m\u0131ndan zengin yap\u0131s\u0131yla zeytin yapra\u011f\u0131, ba\u011f\u0131\u015f\u0131kl\u0131k sistemini destekleyen, bedeni ar\u0131nd\u0131ran ve i\u00e7sel dengeyi g\u00fc\u00e7lendiren do\u011fal bir rit\u00fcel sunar. Topra\u011f\u0131n bilgeli\u011fini&#8230;<\/p>","protected":false},"featured_media":4347,"comment_status":"open","ping_status":"closed","template":"","meta":[],"product_cat":[15,19],"product_tag":[],"class_list":{"0":"post-4346","1":"product","2":"type-product","3":"status-publish","4":"has-post-thumbnail","6":"product_cat-genel","7":"product_cat-naturel-sizma-zeytinyagi","9":"first","10":"instock","11":"taxable","12":"shipping-taxable","13":"purchasable","14":"product-type-simple"},"yoast_head":"<!-- This site is optimized with the Yoast SEO plugin v23.8 - https:\/\/yoast.com\/wordpress\/plugins\/seo\/ -->\n<title>Zeytin Yapra\u011f\u0131 \u00c7ay\u0131 - Buta Assos<\/title>\n<meta name=\"robots\" content=\"index, follow, max-snippet:-1, max-image-preview:large, max-video-preview:-1\" \/>\n<link rel=\"canonical\" href=\"https:\/\/butaassos.com.tr\/ru\/product\/zeytin-yapragi-cayi\/\" \/>\n<meta property=\"og:locale\" content=\"ru_RU\" \/>\n<meta property=\"og:type\" content=\"article\" \/>\n<meta property=\"og:title\" content=\"Zeytin Yapra\u011f\u0131 \u00c7ay\u0131 - Buta Assos\" \/>\n<meta property=\"og:description\" content=\"Zeytin a\u011fac\u0131n\u0131n as\u0131rlard\u0131r saklad\u0131\u011f\u0131 \u015fifa, \u015fimdi en saf haliyle fincan\u0131n\u0131za geliyor. Buta Assos zeytin yapra\u011f\u0131 \u00e7ay\u0131; Ege\u2019nin kadim zeytinliklerinden \u00f6zenle toplanan yapraklar\u0131n, do\u011fall\u0131\u011f\u0131n\u0131 ve g\u00fcc\u00fcn\u00fc koruyarak haz\u0131rlanmas\u0131yla hayat bulur. Y\u00fcksek antioksidan i\u00e7eri\u011fi, oleuropein ve polifenoller bak\u0131m\u0131ndan zengin yap\u0131s\u0131yla zeytin yapra\u011f\u0131, ba\u011f\u0131\u015f\u0131kl\u0131k sistemini destekleyen, bedeni ar\u0131nd\u0131ran ve i\u00e7sel dengeyi g\u00fc\u00e7lendiren do\u011fal bir rit\u00fcel sunar. Topra\u011f\u0131n bilgeli\u011fini...\" \/>\n<meta property=\"og:url\" content=\"https:\/\/butaassos.com.tr\/ru\/product\/zeytin-yapragi-cayi\/\" \/>\n<meta property=\"og:site_name\" content=\"Buta Assos\" \/>\n<meta property=\"article:modified_time\" content=\"2026-03-23T07:52:12+00:00\" \/>\n<meta property=\"og:image\" content=\"https:\/\/butaassos.com.tr\/wp-content\/uploads\/2026\/03\/Zeytin-Yapragi-Cayi-scaled.jpg\" \/>\n\t<meta property=\"og:image:width\" content=\"1710\" \/>\n\t<meta property=\"og:image:height\" content=\"2560\" \/>\n\t<meta property=\"og:image:type\" content=\"image\/jpeg\" \/>\n<meta name=\"twitter:card\" content=\"summary_large_image\" \/>\n<meta name=\"twitter:label1\" content=\"Est. reading time\" \/>\n\t<meta name=\"twitter:data1\" content=\"1 \u043c\u0438\u043d\u0443\u0442\u0430\" \/>\n<script type=\"application\/ld+json\" class=\"yoast-schema-graph\">{\"@context\":\"https:\/\/schema.org\",\"@graph\":[{\"@type\":\"WebPage\",\"@id\":\"https:\/\/butaassos.com.tr\/urun\/zeytin-yapragi-cayi\/\",\"url\":\"https:\/\/butaassos.com.tr\/urun\/zeytin-yapragi-cayi\/\",\"name\":\"Zeytin Yapra\u011f\u0131 \u00c7ay\u0131 - Buta Assos\",\"isPartOf\":{\"@id\":\"https:\/\/butaassos.com.tr\/#website\"},\"primaryImageOfPage\":{\"@id\":\"https:\/\/butaassos.com.tr\/urun\/zeytin-yapragi-cayi\/#primaryimage\"},\"image\":{\"@id\":\"https:\/\/butaassos.com.tr\/urun\/zeytin-yapragi-cayi\/#primaryimage\"},\"thumbnailUrl\":\"https:\/\/butaassos.com.tr\/wp-content\/uploads\/2026\/03\/Zeytin-Yapragi-Cayi-scaled.jpg\",\"datePublished\":\"2026-03-23T07:46:12+00:00\",\"dateModified\":\"2026-03-23T07:52:12+00:00\",\"breadcrumb\":{\"@id\":\"https:\/\/butaassos.com.tr\/urun\/zeytin-yapragi-cayi\/#breadcrumb\"},\"inLanguage\":\"ru-RU\",\"potentialAction\":[{\"@type\":\"ReadAction\",\"target\":[\"https:\/\/butaassos.com.tr\/urun\/zeytin-yapragi-cayi\/\"]}]},{\"@type\":\"ImageObject\",\"inLanguage\":\"ru-RU\",\"@id\":\"https:\/\/butaassos.com.tr\/urun\/zeytin-yapragi-cayi\/#primaryimage\",\"url\":\"https:\/\/butaassos.com.tr\/wp-content\/uploads\/2026\/03\/Zeytin-Yapragi-Cayi-scaled.jpg\",\"contentUrl\":\"https:\/\/butaassos.com.tr\/wp-content\/uploads\/2026\/03\/Zeytin-Yapragi-Cayi-scaled.jpg\",\"width\":1710,\"height\":2560},{\"@type\":\"BreadcrumbList\",\"@id\":\"https:\/\/butaassos.com.tr\/urun\/zeytin-yapragi-cayi\/#breadcrumb\",\"itemListElement\":[{\"@type\":\"ListItem\",\"position\":1,\"name\":\"Anasayfa\",\"item\":\"https:\/\/butaassos.com.tr\/\"},{\"@type\":\"ListItem\",\"position\":2,\"name\":\"Shop\",\"item\":\"https:\/\/butaassos.com.tr\/shop\/\"},{\"@type\":\"ListItem\",\"position\":3,\"name\":\"Zeytin Yapra\u011f\u0131 \u00c7ay\u0131\"}]},{\"@type\":\"WebSite\",\"@id\":\"https:\/\/butaassos.com.tr\/#website\",\"url\":\"https:\/\/butaassos.com.tr\/\",\"name\":\"Buta Assos\",\"description\":\"\",\"publisher\":{\"@id\":\"https:\/\/butaassos.com.tr\/#organization\"},\"potentialAction\":[{\"@type\":\"SearchAction\",\"target\":{\"@type\":\"EntryPoint\",\"urlTemplate\":\"https:\/\/butaassos.com.tr\/?s={search_term_string}\"},\"query-input\":{\"@type\":\"PropertyValueSpecification\",\"valueRequired\":true,\"valueName\":\"search_term_string\"}}],\"inLanguage\":\"ru-RU\"},{\"@type\":\"Organization\",\"@id\":\"https:\/\/butaassos.com.tr\/#organization\",\"name\":\"Buta Assos\",\"url\":\"https:\/\/butaassos.com.tr\/\",\"logo\":{\"@type\":\"ImageObject\",\"inLanguage\":\"ru-RU\",\"@id\":\"https:\/\/butaassos.com.tr\/#\/schema\/logo\/image\/\",\"url\":\"https:\/\/butaassos.com.tr\/wp-content\/uploads\/2024\/01\/butaassosicon.png\",\"contentUrl\":\"https:\/\/butaassos.com.tr\/wp-content\/uploads\/2024\/01\/butaassosicon.png\",\"width\":512,\"height\":512,\"caption\":\"Buta Assos\"},\"image\":{\"@id\":\"https:\/\/butaassos.com.tr\/#\/schema\/logo\/image\/\"}}]}<\/script>\n<!-- \/ Yoast SEO plugin. -->","yoast_head_json":{"title":"Zeytin Yapra\u011f\u0131 \u00c7ay\u0131 - Buta Assos","robots":{"index":"index","follow":"follow","max-snippet":"max-snippet:-1","max-image-preview":"max-image-preview:large","max-video-preview":"max-video-preview:-1"},"canonical":"https:\/\/butaassos.com.tr\/ru\/product\/zeytin-yapragi-cayi\/","og_locale":"ru_RU","og_type":"article","og_title":"Zeytin Yapra\u011f\u0131 \u00c7ay\u0131 - Buta Assos","og_description":"Zeytin a\u011fac\u0131n\u0131n as\u0131rlard\u0131r saklad\u0131\u011f\u0131 \u015fifa, \u015fimdi en saf haliyle fincan\u0131n\u0131za geliyor. Buta Assos zeytin yapra\u011f\u0131 \u00e7ay\u0131; Ege\u2019nin kadim zeytinliklerinden \u00f6zenle toplanan yapraklar\u0131n, do\u011fall\u0131\u011f\u0131n\u0131 ve g\u00fcc\u00fcn\u00fc koruyarak haz\u0131rlanmas\u0131yla hayat bulur. Y\u00fcksek antioksidan i\u00e7eri\u011fi, oleuropein ve polifenoller bak\u0131m\u0131ndan zengin yap\u0131s\u0131yla zeytin yapra\u011f\u0131, ba\u011f\u0131\u015f\u0131kl\u0131k sistemini destekleyen, bedeni ar\u0131nd\u0131ran ve i\u00e7sel dengeyi g\u00fc\u00e7lendiren do\u011fal bir rit\u00fcel sunar. Topra\u011f\u0131n bilgeli\u011fini...","og_url":"https:\/\/butaassos.com.tr\/ru\/product\/zeytin-yapragi-cayi\/","og_site_name":"Buta Assos","article_modified_time":"2026-03-23T07:52:12+00:00","og_image":[{"width":1710,"height":2560,"url":"https:\/\/butaassos.com.tr\/wp-content\/uploads\/2026\/03\/Zeytin-Yapragi-Cayi-scaled.jpg","type":"image\/jpeg"}],"twitter_card":"summary_large_image","twitter_misc":{"Est. reading time":"1 \u043c\u0438\u043d\u0443\u0442\u0430"},"schema":{"@context":"https:\/\/schema.org","@graph":[{"@type":"WebPage","@id":"https:\/\/butaassos.com.tr\/urun\/zeytin-yapragi-cayi\/","url":"https:\/\/butaassos.com.tr\/urun\/zeytin-yapragi-cayi\/","name":"Zeytin Yapra\u011f\u0131 \u00c7ay\u0131 - Buta Assos","isPartOf":{"@id":"https:\/\/butaassos.com.tr\/#website"},"primaryImageOfPage":{"@id":"https:\/\/butaassos.com.tr\/urun\/zeytin-yapragi-cayi\/#primaryimage"},"image":{"@id":"https:\/\/butaassos.com.tr\/urun\/zeytin-yapragi-cayi\/#primaryimage"},"thumbnailUrl":"https:\/\/butaassos.com.tr\/wp-content\/uploads\/2026\/03\/Zeytin-Yapragi-Cayi-scaled.jpg","datePublished":"2026-03-23T07:46:12+00:00","dateModified":"2026-03-23T07:52:12+00:00","breadcrumb":{"@id":"https:\/\/butaassos.com.tr\/urun\/zeytin-yapragi-cayi\/#breadcrumb"},"inLanguage":"ru-RU","potentialAction":[{"@type":"ReadAction","target":["https:\/\/butaassos.com.tr\/urun\/zeytin-yapragi-cayi\/"]}]},{"@type":"ImageObject","inLanguage":"ru-RU","@id":"https:\/\/butaassos.com.tr\/urun\/zeytin-yapragi-cayi\/#primaryimage","url":"https:\/\/butaassos.com.tr\/wp-content\/uploads\/2026\/03\/Zeytin-Yapragi-Cayi-scaled.jpg","contentUrl":"https:\/\/butaassos.com.tr\/wp-content\/uploads\/2026\/03\/Zeytin-Yapragi-Cayi-scaled.jpg","width":1710,"height":2560},{"@type":"BreadcrumbList","@id":"https:\/\/butaassos.com.tr\/urun\/zeytin-yapragi-cayi\/#breadcrumb","itemListElement":[{"@type":"ListItem","position":1,"name":"Anasayfa","item":"https:\/\/butaassos.com.tr\/"},{"@type":"ListItem","position":2,"name":"Shop","item":"https:\/\/butaassos.com.tr\/shop\/"},{"@type":"ListItem","position":3,"name":"Zeytin Yapra\u011f\u0131 \u00c7ay\u0131"}]},{"@type":"WebSite","@id":"https:\/\/butaassos.com.tr\/#website","url":"https:\/\/butaassos.com.tr\/","name":"Buta Assos","description":"","publisher":{"@id":"https:\/\/butaassos.com.tr\/#organization"},"potentialAction":[{"@type":"SearchAction","target":{"@type":"EntryPoint","urlTemplate":"https:\/\/butaassos.com.tr\/?s={search_term_string}"},"query-input":{"@type":"PropertyValueSpecification","valueRequired":true,"valueName":"search_term_string"}}],"inLanguage":"ru-RU"},{"@type":"Organization","@id":"https:\/\/butaassos.com.tr\/#organization","name":"Buta Assos","url":"https:\/\/butaassos.com.tr\/","logo":{"@type":"ImageObject","inLanguage":"ru-RU","@id":"https:\/\/butaassos.com.tr\/#\/schema\/logo\/image\/","url":"https:\/\/butaassos.com.tr\/wp-content\/uploads\/2024\/01\/butaassosicon.png","contentUrl":"https:\/\/butaassos.com.tr\/wp-content\/uploads\/2024\/01\/butaassosicon.png","width":512,"height":512,"caption":"Buta Assos"},"image":{"@id":"https:\/\/butaassos.com.tr\/#\/schema\/logo\/image\/"}}]}},"_links":{"self":[{"href":"https:\/\/butaassos.com.tr\/ru\/wp-json\/wp\/v2\/product\/4346","targetHints":{"allow":["GET"]}}],"collection":[{"href":"https:\/\/butaassos.com.tr\/ru\/wp-json\/wp\/v2\/product"}],"about":[{"href":"https:\/\/butaassos.com.tr\/ru\/wp-json\/wp\/v2\/types\/product"}],"replies":[{"embeddable":true,"href":"https:\/\/butaassos.com.tr\/ru\/wp-json\/wp\/v2\/comments?post=4346"}],"wp:featuredmedia":[{"embeddable":true,"href":"https:\/\/butaassos.com.tr\/ru\/wp-json\/wp\/v2\/media\/4347"}],"wp:attachment":[{"href":"https:\/\/butaassos.com.tr\/ru\/wp-json\/wp\/v2\/media?parent=4346"}],"wp:term":[{"taxonomy":"product_cat","embeddable":true,"href":"https:\/\/butaassos.com.tr\/ru\/wp-json\/wp\/v2\/product_cat?post=4346"},{"taxonomy":"product_tag","embeddable":true,"href":"https:\/\/butaassos.com.tr\/ru\/wp-json\/wp\/v2\/product_tag?post=4346"}],"curies":[{"name":"wp","href":"https:\/\/api.w.org\/{rel}","templated":true}]}}