{"id":4343,"date":"2026-03-23T10:42:25","date_gmt":"2026-03-23T07:42:25","guid":{"rendered":"https:\/\/butaassos.com.tr\/?post_type=product&#038;p=4343"},"modified":"2026-03-23T10:54:09","modified_gmt":"2026-03-23T07:54:09","slug":"sifa-serisi-kutu","status":"publish","type":"product","link":"https:\/\/butaassos.com.tr\/ru\/product\/sifa-serisi-kutu\/","title":{"rendered":"\u015eifa Serisi Kutu"},"content":{"rendered":"<p><span style=\"font-weight: 400;\">Osmanl\u0131 mutfa\u011f\u0131n\u0131n \u015fifa veren tariflerinin yeniden canlan\u0131\u015f\u0131n\u0131 deneyimleyin; k\u0131z\u0131l yakut, zerde\u00e7al, rezene, \u00e7\u00f6rekotu ve zeytinya\u011f\u0131n\u0131n e\u015fsiz bulu\u015fmas\u0131 bu \u00f6zel kutuda hayat buluyor. \u015eef Yunus Emre Akkor\u2019un de\u011ferli \u00e7al\u0131\u015fmalar\u0131yla yeniden yorumlanan bu kadim lezzetler, oleokantal, oleasin ve polifenoller a\u00e7\u0131s\u0131ndan zengin Buta Assos zeytinya\u011f\u0131 ile kusursuz bir uyum yakal\u0131yor.<\/span><\/p>\n<p><span style=\"font-weight: 400;\">Gelenek, sa\u011fl\u0131k ve ustal\u0131\u011f\u0131n bulu\u015ftu\u011fu bir noktada; k\u0131z\u0131l yakutun ar\u0131nd\u0131r\u0131c\u0131 g\u00fcc\u00fcnden, zerde\u00e7al\u0131n detoks etkisine, rezenenin sindirime katk\u0131s\u0131ndan \u00e7\u00f6rekotunun denge ve canl\u0131l\u0131k veren do\u011fas\u0131na uzanan bir \u015fifa yolculu\u011fu sunuyoruz.<\/span><\/p>\n<p><span style=\"font-weight: 400;\">Y\u00fcksek polifenol de\u011ferlerine sahip zeytinya\u011f\u0131n\u0131n koruyucu g\u00fcc\u00fcyle birle\u015fen bu se\u00e7ki, kadim bilgeli\u011fi modern ya\u015fam\u0131n zarafetiyle bulu\u015fturan bir \u015fifa serisine d\u00f6n\u00fc\u015f\u00fcyor.<\/span><\/p>\n<p><span style=\"font-weight: 400;\">Kadim bilgelik ile \u00e7a\u011fda\u015f m\u00fckemmelli\u011fin kesi\u015fti\u011fi yerde, do\u011fan\u0131n en saf arma\u011fanlar\u0131n\u0131 bir araya getirdik.<\/span><\/p>","protected":false},"excerpt":{"rendered":"<p>Osmanl\u0131 mutfa\u011f\u0131n\u0131n \u015fifa veren tariflerinin yeniden canlan\u0131\u015f\u0131n\u0131 deneyimleyin; k\u0131z\u0131l yakut, zerde\u00e7al, rezene, \u00e7\u00f6rekotu ve zeytinya\u011f\u0131n\u0131n e\u015fsiz bulu\u015fmas\u0131 bu \u00f6zel kutuda hayat buluyor. \u015eef Yunus Emre Akkor\u2019un de\u011ferli \u00e7al\u0131\u015fmalar\u0131yla yeniden yorumlanan bu kadim lezzetler, oleokantal, oleasin ve polifenoller a\u00e7\u0131s\u0131ndan zengin Buta Assos zeytinya\u011f\u0131 ile kusursuz bir uyum yakal\u0131yor. Gelenek, sa\u011fl\u0131k ve ustal\u0131\u011f\u0131n bulu\u015ftu\u011fu bir noktada; k\u0131z\u0131l&#8230;<\/p>","protected":false},"featured_media":4344,"comment_status":"open","ping_status":"closed","template":"","meta":[],"product_cat":[15,19],"product_tag":[],"class_list":{"0":"post-4343","1":"product","2":"type-product","3":"status-publish","4":"has-post-thumbnail","6":"product_cat-genel","7":"product_cat-naturel-sizma-zeytinyagi","9":"first","10":"instock","11":"taxable","12":"shipping-taxable","13":"purchasable","14":"product-type-simple"},"yoast_head":"<!-- This site is optimized with the Yoast SEO plugin v23.8 - https:\/\/yoast.com\/wordpress\/plugins\/seo\/ -->\n<title>\u015eifa Serisi Kutu - Buta Assos<\/title>\n<meta name=\"description\" content=\"Osmanl\u0131 mutfa\u011f\u0131n\u0131n \u015fifa veren tariflerinin yeniden canlan\u0131\u015f\u0131n\u0131 deneyimleyin; k\u0131z\u0131l yakut, zerde\u00e7al, rezene, \u00e7\u00f6rekotu ve zeytinya\u011f\u0131n\u0131n e\u015fsiz bulu\u015fmas\u0131 bu \u00f6zel kutuda hayat buluyor. \u015eef Yunus Emre Akkor\u2019un de\u011ferli \u00e7al\u0131\u015fmalar\u0131yla yeniden yorumlanan bu kadim lezzetler, oleokantal, oleasin ve polifenoller a\u00e7\u0131s\u0131ndan zengin Buta Assos zeytinya\u011f\u0131 ile kusursuz bir uyum yakal\u0131yor.\" \/>\n<meta name=\"robots\" content=\"index, follow, max-snippet:-1, max-image-preview:large, max-video-preview:-1\" \/>\n<link rel=\"canonical\" href=\"https:\/\/butaassos.com.tr\/ru\/product\/sifa-serisi-kutu\/\" \/>\n<meta property=\"og:locale\" content=\"ru_RU\" \/>\n<meta property=\"og:type\" content=\"article\" \/>\n<meta property=\"og:title\" content=\"\u015eifa Serisi Kutu - Buta Assos\" \/>\n<meta property=\"og:description\" content=\"Osmanl\u0131 mutfa\u011f\u0131n\u0131n \u015fifa veren tariflerinin yeniden canlan\u0131\u015f\u0131n\u0131 deneyimleyin; k\u0131z\u0131l yakut, zerde\u00e7al, rezene, \u00e7\u00f6rekotu ve zeytinya\u011f\u0131n\u0131n e\u015fsiz bulu\u015fmas\u0131 bu \u00f6zel kutuda hayat buluyor. \u015eef Yunus Emre Akkor\u2019un de\u011ferli \u00e7al\u0131\u015fmalar\u0131yla yeniden yorumlanan bu kadim lezzetler, oleokantal, oleasin ve polifenoller a\u00e7\u0131s\u0131ndan zengin Buta Assos zeytinya\u011f\u0131 ile kusursuz bir uyum yakal\u0131yor.\" \/>\n<meta property=\"og:url\" content=\"https:\/\/butaassos.com.tr\/ru\/product\/sifa-serisi-kutu\/\" \/>\n<meta property=\"og:site_name\" content=\"Buta Assos\" \/>\n<meta property=\"article:modified_time\" content=\"2026-03-23T07:54:09+00:00\" \/>\n<meta property=\"og:image\" content=\"https:\/\/butaassos.com.tr\/wp-content\/uploads\/2026\/03\/Sifa-Serisi-Kutu-scaled.jpg\" \/>\n\t<meta property=\"og:image:width\" content=\"1707\" \/>\n\t<meta property=\"og:image:height\" content=\"2560\" \/>\n\t<meta property=\"og:image:type\" content=\"image\/jpeg\" \/>\n<meta name=\"twitter:card\" content=\"summary_large_image\" \/>\n<meta name=\"twitter:label1\" content=\"Est. reading time\" \/>\n\t<meta name=\"twitter:data1\" content=\"1 \u043c\u0438\u043d\u0443\u0442\u0430\" \/>\n<script type=\"application\/ld+json\" class=\"yoast-schema-graph\">{\"@context\":\"https:\/\/schema.org\",\"@graph\":[{\"@type\":\"WebPage\",\"@id\":\"https:\/\/butaassos.com.tr\/urun\/sifa-serisi-kutu\/\",\"url\":\"https:\/\/butaassos.com.tr\/urun\/sifa-serisi-kutu\/\",\"name\":\"\u015eifa Serisi Kutu - Buta Assos\",\"isPartOf\":{\"@id\":\"https:\/\/butaassos.com.tr\/#website\"},\"primaryImageOfPage\":{\"@id\":\"https:\/\/butaassos.com.tr\/urun\/sifa-serisi-kutu\/#primaryimage\"},\"image\":{\"@id\":\"https:\/\/butaassos.com.tr\/urun\/sifa-serisi-kutu\/#primaryimage\"},\"thumbnailUrl\":\"https:\/\/butaassos.com.tr\/wp-content\/uploads\/2026\/03\/Sifa-Serisi-Kutu-scaled.jpg\",\"datePublished\":\"2026-03-23T07:42:25+00:00\",\"dateModified\":\"2026-03-23T07:54:09+00:00\",\"description\":\"Osmanl\u0131 mutfa\u011f\u0131n\u0131n \u015fifa veren tariflerinin yeniden canlan\u0131\u015f\u0131n\u0131 deneyimleyin; k\u0131z\u0131l yakut, zerde\u00e7al, rezene, \u00e7\u00f6rekotu ve zeytinya\u011f\u0131n\u0131n e\u015fsiz bulu\u015fmas\u0131 bu \u00f6zel kutuda hayat buluyor. \u015eef Yunus Emre Akkor\u2019un de\u011ferli \u00e7al\u0131\u015fmalar\u0131yla yeniden yorumlanan bu kadim lezzetler, oleokantal, oleasin ve polifenoller a\u00e7\u0131s\u0131ndan zengin Buta Assos zeytinya\u011f\u0131 ile kusursuz bir uyum yakal\u0131yor.\",\"breadcrumb\":{\"@id\":\"https:\/\/butaassos.com.tr\/urun\/sifa-serisi-kutu\/#breadcrumb\"},\"inLanguage\":\"ru-RU\",\"potentialAction\":[{\"@type\":\"ReadAction\",\"target\":[\"https:\/\/butaassos.com.tr\/urun\/sifa-serisi-kutu\/\"]}]},{\"@type\":\"ImageObject\",\"inLanguage\":\"ru-RU\",\"@id\":\"https:\/\/butaassos.com.tr\/urun\/sifa-serisi-kutu\/#primaryimage\",\"url\":\"https:\/\/butaassos.com.tr\/wp-content\/uploads\/2026\/03\/Sifa-Serisi-Kutu-scaled.jpg\",\"contentUrl\":\"https:\/\/butaassos.com.tr\/wp-content\/uploads\/2026\/03\/Sifa-Serisi-Kutu-scaled.jpg\",\"width\":1707,\"height\":2560},{\"@type\":\"BreadcrumbList\",\"@id\":\"https:\/\/butaassos.com.tr\/urun\/sifa-serisi-kutu\/#breadcrumb\",\"itemListElement\":[{\"@type\":\"ListItem\",\"position\":1,\"name\":\"Anasayfa\",\"item\":\"https:\/\/butaassos.com.tr\/\"},{\"@type\":\"ListItem\",\"position\":2,\"name\":\"Shop\",\"item\":\"https:\/\/butaassos.com.tr\/shop\/\"},{\"@type\":\"ListItem\",\"position\":3,\"name\":\"\u015eifa Serisi Kutu\"}]},{\"@type\":\"WebSite\",\"@id\":\"https:\/\/butaassos.com.tr\/#website\",\"url\":\"https:\/\/butaassos.com.tr\/\",\"name\":\"Buta Assos\",\"description\":\"\",\"publisher\":{\"@id\":\"https:\/\/butaassos.com.tr\/#organization\"},\"potentialAction\":[{\"@type\":\"SearchAction\",\"target\":{\"@type\":\"EntryPoint\",\"urlTemplate\":\"https:\/\/butaassos.com.tr\/?s={search_term_string}\"},\"query-input\":{\"@type\":\"PropertyValueSpecification\",\"valueRequired\":true,\"valueName\":\"search_term_string\"}}],\"inLanguage\":\"ru-RU\"},{\"@type\":\"Organization\",\"@id\":\"https:\/\/butaassos.com.tr\/#organization\",\"name\":\"Buta Assos\",\"url\":\"https:\/\/butaassos.com.tr\/\",\"logo\":{\"@type\":\"ImageObject\",\"inLanguage\":\"ru-RU\",\"@id\":\"https:\/\/butaassos.com.tr\/#\/schema\/logo\/image\/\",\"url\":\"https:\/\/butaassos.com.tr\/wp-content\/uploads\/2024\/01\/butaassosicon.png\",\"contentUrl\":\"https:\/\/butaassos.com.tr\/wp-content\/uploads\/2024\/01\/butaassosicon.png\",\"width\":512,\"height\":512,\"caption\":\"Buta Assos\"},\"image\":{\"@id\":\"https:\/\/butaassos.com.tr\/#\/schema\/logo\/image\/\"}}]}<\/script>\n<!-- \/ Yoast SEO plugin. -->","yoast_head_json":{"title":"\u015eifa Serisi Kutu - Buta Assos","description":"Osmanl\u0131 mutfa\u011f\u0131n\u0131n \u015fifa veren tariflerinin yeniden canlan\u0131\u015f\u0131n\u0131 deneyimleyin; k\u0131z\u0131l yakut, zerde\u00e7al, rezene, \u00e7\u00f6rekotu ve zeytinya\u011f\u0131n\u0131n e\u015fsiz bulu\u015fmas\u0131 bu \u00f6zel kutuda hayat buluyor. \u015eef Yunus Emre Akkor\u2019un de\u011ferli \u00e7al\u0131\u015fmalar\u0131yla yeniden yorumlanan bu kadim lezzetler, oleokantal, oleasin ve polifenoller a\u00e7\u0131s\u0131ndan zengin Buta Assos zeytinya\u011f\u0131 ile kusursuz bir uyum yakal\u0131yor.","robots":{"index":"index","follow":"follow","max-snippet":"max-snippet:-1","max-image-preview":"max-image-preview:large","max-video-preview":"max-video-preview:-1"},"canonical":"https:\/\/butaassos.com.tr\/ru\/product\/sifa-serisi-kutu\/","og_locale":"ru_RU","og_type":"article","og_title":"\u015eifa Serisi Kutu - Buta Assos","og_description":"Osmanl\u0131 mutfa\u011f\u0131n\u0131n \u015fifa veren tariflerinin yeniden canlan\u0131\u015f\u0131n\u0131 deneyimleyin; k\u0131z\u0131l yakut, zerde\u00e7al, rezene, \u00e7\u00f6rekotu ve zeytinya\u011f\u0131n\u0131n e\u015fsiz bulu\u015fmas\u0131 bu \u00f6zel kutuda hayat buluyor. \u015eef Yunus Emre Akkor\u2019un de\u011ferli \u00e7al\u0131\u015fmalar\u0131yla yeniden yorumlanan bu kadim lezzetler, oleokantal, oleasin ve polifenoller a\u00e7\u0131s\u0131ndan zengin Buta Assos zeytinya\u011f\u0131 ile kusursuz bir uyum yakal\u0131yor.","og_url":"https:\/\/butaassos.com.tr\/ru\/product\/sifa-serisi-kutu\/","og_site_name":"Buta Assos","article_modified_time":"2026-03-23T07:54:09+00:00","og_image":[{"width":1707,"height":2560,"url":"https:\/\/butaassos.com.tr\/wp-content\/uploads\/2026\/03\/Sifa-Serisi-Kutu-scaled.jpg","type":"image\/jpeg"}],"twitter_card":"summary_large_image","twitter_misc":{"Est. reading time":"1 \u043c\u0438\u043d\u0443\u0442\u0430"},"schema":{"@context":"https:\/\/schema.org","@graph":[{"@type":"WebPage","@id":"https:\/\/butaassos.com.tr\/urun\/sifa-serisi-kutu\/","url":"https:\/\/butaassos.com.tr\/urun\/sifa-serisi-kutu\/","name":"\u015eifa Serisi Kutu - Buta Assos","isPartOf":{"@id":"https:\/\/butaassos.com.tr\/#website"},"primaryImageOfPage":{"@id":"https:\/\/butaassos.com.tr\/urun\/sifa-serisi-kutu\/#primaryimage"},"image":{"@id":"https:\/\/butaassos.com.tr\/urun\/sifa-serisi-kutu\/#primaryimage"},"thumbnailUrl":"https:\/\/butaassos.com.tr\/wp-content\/uploads\/2026\/03\/Sifa-Serisi-Kutu-scaled.jpg","datePublished":"2026-03-23T07:42:25+00:00","dateModified":"2026-03-23T07:54:09+00:00","description":"Osmanl\u0131 mutfa\u011f\u0131n\u0131n \u015fifa veren tariflerinin yeniden canlan\u0131\u015f\u0131n\u0131 deneyimleyin; k\u0131z\u0131l yakut, zerde\u00e7al, rezene, \u00e7\u00f6rekotu ve zeytinya\u011f\u0131n\u0131n e\u015fsiz bulu\u015fmas\u0131 bu \u00f6zel kutuda hayat buluyor. \u015eef Yunus Emre Akkor\u2019un de\u011ferli \u00e7al\u0131\u015fmalar\u0131yla yeniden yorumlanan bu kadim lezzetler, oleokantal, oleasin ve polifenoller a\u00e7\u0131s\u0131ndan zengin Buta Assos zeytinya\u011f\u0131 ile kusursuz bir uyum yakal\u0131yor.","breadcrumb":{"@id":"https:\/\/butaassos.com.tr\/urun\/sifa-serisi-kutu\/#breadcrumb"},"inLanguage":"ru-RU","potentialAction":[{"@type":"ReadAction","target":["https:\/\/butaassos.com.tr\/urun\/sifa-serisi-kutu\/"]}]},{"@type":"ImageObject","inLanguage":"ru-RU","@id":"https:\/\/butaassos.com.tr\/urun\/sifa-serisi-kutu\/#primaryimage","url":"https:\/\/butaassos.com.tr\/wp-content\/uploads\/2026\/03\/Sifa-Serisi-Kutu-scaled.jpg","contentUrl":"https:\/\/butaassos.com.tr\/wp-content\/uploads\/2026\/03\/Sifa-Serisi-Kutu-scaled.jpg","width":1707,"height":2560},{"@type":"BreadcrumbList","@id":"https:\/\/butaassos.com.tr\/urun\/sifa-serisi-kutu\/#breadcrumb","itemListElement":[{"@type":"ListItem","position":1,"name":"Anasayfa","item":"https:\/\/butaassos.com.tr\/"},{"@type":"ListItem","position":2,"name":"Shop","item":"https:\/\/butaassos.com.tr\/shop\/"},{"@type":"ListItem","position":3,"name":"\u015eifa Serisi Kutu"}]},{"@type":"WebSite","@id":"https:\/\/butaassos.com.tr\/#website","url":"https:\/\/butaassos.com.tr\/","name":"Buta Assos","description":"","publisher":{"@id":"https:\/\/butaassos.com.tr\/#organization"},"potentialAction":[{"@type":"SearchAction","target":{"@type":"EntryPoint","urlTemplate":"https:\/\/butaassos.com.tr\/?s={search_term_string}"},"query-input":{"@type":"PropertyValueSpecification","valueRequired":true,"valueName":"search_term_string"}}],"inLanguage":"ru-RU"},{"@type":"Organization","@id":"https:\/\/butaassos.com.tr\/#organization","name":"Buta Assos","url":"https:\/\/butaassos.com.tr\/","logo":{"@type":"ImageObject","inLanguage":"ru-RU","@id":"https:\/\/butaassos.com.tr\/#\/schema\/logo\/image\/","url":"https:\/\/butaassos.com.tr\/wp-content\/uploads\/2024\/01\/butaassosicon.png","contentUrl":"https:\/\/butaassos.com.tr\/wp-content\/uploads\/2024\/01\/butaassosicon.png","width":512,"height":512,"caption":"Buta Assos"},"image":{"@id":"https:\/\/butaassos.com.tr\/#\/schema\/logo\/image\/"}}]}},"_links":{"self":[{"href":"https:\/\/butaassos.com.tr\/ru\/wp-json\/wp\/v2\/product\/4343","targetHints":{"allow":["GET"]}}],"collection":[{"href":"https:\/\/butaassos.com.tr\/ru\/wp-json\/wp\/v2\/product"}],"about":[{"href":"https:\/\/butaassos.com.tr\/ru\/wp-json\/wp\/v2\/types\/product"}],"replies":[{"embeddable":true,"href":"https:\/\/butaassos.com.tr\/ru\/wp-json\/wp\/v2\/comments?post=4343"}],"wp:featuredmedia":[{"embeddable":true,"href":"https:\/\/butaassos.com.tr\/ru\/wp-json\/wp\/v2\/media\/4344"}],"wp:attachment":[{"href":"https:\/\/butaassos.com.tr\/ru\/wp-json\/wp\/v2\/media?parent=4343"}],"wp:term":[{"taxonomy":"product_cat","embeddable":true,"href":"https:\/\/butaassos.com.tr\/ru\/wp-json\/wp\/v2\/product_cat?post=4343"},{"taxonomy":"product_tag","embeddable":true,"href":"https:\/\/butaassos.com.tr\/ru\/wp-json\/wp\/v2\/product_tag?post=4343"}],"curies":[{"name":"wp","href":"https:\/\/api.w.org\/{rel}","templated":true}]}}