{"id":4023,"date":"2026-01-30T12:23:00","date_gmt":"2026-01-30T09:23:00","guid":{"rendered":"https:\/\/butaassos.com.tr\/?post_type=product&#038;p=4023"},"modified":"2026-04-17T14:20:15","modified_gmt":"2026-04-17T11:20:15","slug":"idun-sonsuz-bahar-yeni-sezon-2025-26-500ml-kopya","status":"publish","type":"product","link":"https:\/\/butaassos.com.tr\/ru\/product\/idun-sonsuz-bahar-yeni-sezon-2025-26-500ml-kopya\/","title":{"rendered":"Idun Sonsuz Bahar (\u0412\u0435\u0447\u043d\u0430\u044f \u0412\u0435\u0441\u043d\u0430) <br> \u041d\u041e\u0412\u042b\u0419 \u0421\u0415\u0417\u041e\u041d 2025-26, 500 \u043c\u043b"},"content":{"rendered":"<div class=\"product-badges-single\" style=\"display: flex; flex-direction: row; position: absolute; margin-top: -70px;\"><\/div>\n<section class=\"urun-tabs\">\n<div class=\"container\">\n<div class=\"tabs\">\n<div class=\"tab-panel tab-active\">\n<p>\u0421\u0438\u043c\u0432\u043e\u043b \u0432\u0435\u0447\u043d\u043e\u0439<br \/>\n\u043c\u043e\u043b\u043e\u0434\u043e\u0441\u0442\u0438 \u0438 \u043a\u0440\u0430\u0441\u043e\u0442\u044b<br \/>\n\u0418\u0434\u0443\u043d \u0431\u044b\u043b\u0430 \u0432\u043e\u043f\u043b\u043e\u0449\u0435\u043d\u0438\u0435\u043c \u0432\u0435\u0441\u043d\u044b \u0438 \u0431\u0435\u0441\u0441\u043c\u0435\u0440\u0442\u043d\u043e\u0439 \u044e\u043d\u043e\u0441\u0442\u0438. \u0421\u043e\u0433\u043b\u0430\u0441\u043d\u043e \u043c\u0438\u0444\u0430\u043c, \u043e\u043d\u0430 - \u0441\u0443\u0449\u0435\u0441\u0442\u0432\u043e, \u043d\u0435 \u0437\u043d\u0430\u0432\u0448\u0435\u0435 \u0440\u043e\u0436\u0434\u0435\u043d\u0438\u044f \u0438 \u0441\u043c\u0435\u0440\u0442\u0438. \u041a\u043e\u0433\u0434\u0430 \u0418\u0434\u0443\u043d \u0432\u043f\u0435\u0440\u0432\u044b\u0435 \u044f\u0432\u0438\u043b\u0430\u0441\u044c \u0432 \u0410\u0441\u0433\u0430\u0440\u0434 \u0432\u043c\u0435\u0441\u0442\u0435 \u0441 \u0431\u043e\u0433\u043e\u043c \u043c\u0443\u0434\u0440\u043e\u0441\u0442\u0438 \u0411\u0440\u0430\u0433\u0438, \u0431\u043e\u0433\u0438 \u0432\u0441\u0442\u0440\u0435\u0442\u0438\u043b\u0438 \u0435\u0451 \u0441 \u0432\u0435\u043b\u0438\u043a\u043e\u0439 \u0440\u0430\u0434\u043e\u0441\u0442\u044c\u044e. \u0427\u0442\u043e\u0431\u044b \u0437\u0430\u0432\u043e\u0435\u0432\u0430\u0442\u044c \u0438\u0445 \u043b\u044e\u0431\u043e\u0432\u044c \u0438 \u043f\u0440\u0435\u0434\u0430\u043d\u043d\u043e\u0441\u0442\u044c, \u043e\u043d\u0430 \u043f\u043e\u043e\u0431\u0435\u0449\u0430\u043b\u0430 \u043a\u0430\u0436\u0434\u044b\u0439 \u0434\u0435\u043d\u044c \u0443\u0433\u043e\u0449\u0430\u0442\u044c \u0438\u0445 \u0447\u0443\u0434\u0435\u0441\u043d\u044b\u043c\u0438 \u044f\u0431\u043b\u043e\u043a\u0430\u043c\u0438, \u043a\u043e\u0442\u043e\u0440\u044b\u0435 \u0445\u0440\u0430\u043d\u0438\u043b\u0430 \u0432 \u0441\u0432\u043e\u0435\u043c \u0437\u0430\u0432\u0435\u0442\u043d\u043e\u043c \u043b\u0430\u0440\u0446\u0435. \u042d\u0442\u0438 \u044f\u0431\u043b\u043e\u043a\u0438 \u0431\u044b\u043b\u0438 \u0441\u0432\u044f\u0449\u0435\u043d\u043d\u044b\u043c \u0438\u0441\u0442\u043e\u0447\u043d\u0438\u043a\u043e\u043c \u0441\u0438\u043b\u044b: \u043a\u0430\u0436\u0434\u044b\u0439, \u043a\u0442\u043e \u0432\u043a\u0443\u0448\u0430\u043b \u0438\u0445, \u043e\u0431\u0440\u0435\u0442\u0430\u043b \u0432\u0435\u0447\u043d\u0443\u044e \u043c\u043e\u043b\u043e\u0434\u043e\u0441\u0442\u044c, \u043a\u0440\u0430\u0441\u043e\u0442\u0443 \u0438 \u043d\u0435\u0438\u0441\u0441\u044f\u043a\u0430\u0435\u043c\u0443\u044e \u0436\u0438\u0437\u043d\u0435\u043d\u043d\u0443\u044e \u044d\u043d\u0435\u0440\u0433\u0438\u044e. \u0412\u0434\u043e\u0445\u043d\u043e\u0432\u0438\u0432\u0448\u0438\u0441\u044c \u044d\u0442\u043e\u0439 \u043b\u0435\u0433\u0435\u043d\u0434\u043e\u0439, \u043c\u044b \u0441\u043e\u0437\u0434\u0430\u043b\u0438 \u043c\u0430\u0441\u043b\u043e Idun. \u041e\u043d\u043e \u0432\u043e\u0431\u0440\u0430\u043b\u043e \u0432 \u0441\u0435\u0431\u044f \u0436\u0438\u0432\u0443\u044e \u044d\u043d\u0435\u0440\u0433\u0438\u044e \u0437\u0435\u043c\u043b\u0438 \u0438 \u0441\u0432\u0435\u0436\u0435\u0441\u0442\u044c \u0440\u0430\u043d\u043d\u0435\u0433\u043e \u0443\u0440\u043e\u0436\u0430\u044f. \u0411\u043b\u0430\u0433\u043e\u0434\u0430\u0440\u044f \u0432\u044b\u0441\u043e\u043a\u043e\u043c\u0443 \u0441\u043e\u0434\u0435\u0440\u0436\u0430\u043d\u0438\u044e \u043f\u043e\u043b\u0438\u0444\u0435\u043d\u043e\u043b\u043e\u0432, \u043e\u043d\u043e \u0437\u0430\u0449\u0438\u0449\u0430\u0435\u0442 \u043a\u043b\u0435\u0442\u043a\u0438 \u043e\u0442 \u043e\u043a\u0438\u0441\u043b\u0435\u043d\u0438\u044f \u0438 \u0437\u0430\u043c\u0435\u0434\u043b\u044f\u0435\u0442 \u043f\u0440\u043e\u0446\u0435\u0441\u0441\u044b \u0441\u0442\u0430\u0440\u0435\u043d\u0438\u044f. \u041a\u0430\u043a \u044f\u0431\u043b\u043e\u043a\u0438 \u0418\u0434\u0443\u043d \u0434\u0430\u0440\u0438\u043b\u0438 \u0431\u043e\u0433\u0430\u043c \u0432\u0435\u0447\u043d\u0443\u044e \u0432\u0435\u0441\u043d\u0443, \u0442\u0430\u043a \u0438 \u044d\u0442\u043e \u043c\u0430\u0441\u043b\u043e \u043f\u0440\u0438\u043d\u043e\u0441\u0438\u0442 \u043d\u0430 \u0432\u0430\u0448 \u0441\u0442\u043e\u043b \u0435\u0441\u0442\u0435\u0441\u0442\u0432\u0435\u043d\u043d\u0443\u044e \u043c\u043e\u043b\u043e\u0434\u043e\u0441\u0442\u044c, \u0431\u0430\u043b\u0430\u043d\u0441 \u0438 \u0436\u0438\u0437\u043d\u0435\u043d\u043d\u0443\u044e \u0441\u0438\u043b\u0443.<\/p>\n<\/div>\n<\/div>\n<\/div>\n<\/section>","protected":false},"excerpt":{"rendered":"<p>IDUN \u00d6L\u00dcMS\u00dcZ BAHAR \u0130dun, bahar\u0131n ve \u00f6l\u00fcms\u00fcz gen\u00e7li\u011fin temsiliydi. Baz\u0131 mitolojik anlat\u0131lara g\u00f6re do\u011fmam\u0131\u015f ve asla \u00f6l\u00fcm\u00fc tatmayacak bir varl\u0131k olarak, Asgard\u2019da, bilgeli\u011fin temsilcisi Bragi ile birlikte ortaya \u00e7\u0131kt\u0131\u011f\u0131nda, tanr\u0131lar taraf\u0131ndan s\u0131cak bir \u015fekilde kar\u015f\u0131lanm\u0131\u015ft\u0131. Tanr\u0131lar\u0131n sevgisini daha da kazanmak i\u00e7in yan\u0131nda ta\u015f\u0131d\u0131\u011f\u0131 ve sand\u0131\u011f\u0131nda saklad\u0131\u011f\u0131 harikulade elmalar\u0131ndan her g\u00fcn bir tad\u0131m sunmay\u0131 vaat etmi\u015fti&#8230;.<\/p>","protected":false},"featured_media":4024,"comment_status":"open","ping_status":"closed","template":"","meta":[],"product_cat":[15,19],"product_tag":[],"class_list":{"0":"post-4023","1":"product","2":"type-product","3":"status-publish","4":"has-post-thumbnail","6":"product_cat-genel","7":"product_cat-naturel-sizma-zeytinyagi","9":"first","10":"instock","11":"taxable","12":"shipping-taxable","13":"purchasable","14":"product-type-simple"},"yoast_head":"<!-- This site is optimized with the Yoast SEO plugin v23.8 - https:\/\/yoast.com\/wordpress\/plugins\/seo\/ -->\n<title>Idun Sonsuz Bahar  YEN\u0130 SEZON 2025-26 500ml - Buta Assos<\/title>\n<meta name=\"description\" content=\"\u0130dun, bahar\u0131n ve \u00f6l\u00fcms\u00fcz gen\u00e7li\u011fin temsiliydi. Baz\u0131 mitolojik anlat\u0131lara g\u00f6re do\u011fmam\u0131\u015f ve asla \u00f6l\u00fcm\u00fc tatmayacak bir varl\u0131k olarak, Asgard\u2019da, bilgeli\u011fin temsilcisi Bragi ile birlikte ortaya \u00e7\u0131kt\u0131\u011f\u0131nda, tanr\u0131lar taraf\u0131ndan s\u0131cak bir \u015fekilde kar\u015f\u0131lanm\u0131\u015ft\u0131.\" \/>\n<meta name=\"robots\" content=\"index, follow, max-snippet:-1, max-image-preview:large, max-video-preview:-1\" \/>\n<link rel=\"canonical\" href=\"https:\/\/butaassos.com.tr\/ru\/product\/idun-sonsuz-bahar-yeni-sezon-2025-26-500ml-kopya\/\" \/>\n<meta property=\"og:locale\" content=\"ru_RU\" \/>\n<meta property=\"og:type\" content=\"article\" \/>\n<meta property=\"og:title\" content=\"Idun Sonsuz Bahar  YEN\u0130 SEZON 2025-26 500ml - Buta Assos\" \/>\n<meta property=\"og:description\" content=\"\u0130dun, bahar\u0131n ve \u00f6l\u00fcms\u00fcz gen\u00e7li\u011fin temsiliydi. Baz\u0131 mitolojik anlat\u0131lara g\u00f6re do\u011fmam\u0131\u015f ve asla \u00f6l\u00fcm\u00fc tatmayacak bir varl\u0131k olarak, Asgard\u2019da, bilgeli\u011fin temsilcisi Bragi ile birlikte ortaya \u00e7\u0131kt\u0131\u011f\u0131nda, tanr\u0131lar taraf\u0131ndan s\u0131cak bir \u015fekilde kar\u015f\u0131lanm\u0131\u015ft\u0131.\" \/>\n<meta property=\"og:url\" content=\"https:\/\/butaassos.com.tr\/ru\/product\/idun-sonsuz-bahar-yeni-sezon-2025-26-500ml-kopya\/\" \/>\n<meta property=\"og:site_name\" content=\"Buta Assos\" \/>\n<meta property=\"article:modified_time\" content=\"2026-04-17T11:20:15+00:00\" \/>\n<meta property=\"og:image\" content=\"https:\/\/butaassos.com.tr\/wp-content\/uploads\/2026\/01\/IDUN-copy-scaled.jpg\" \/>\n\t<meta property=\"og:image:width\" content=\"2560\" \/>\n\t<meta property=\"og:image:height\" content=\"2560\" \/>\n\t<meta property=\"og:image:type\" content=\"image\/jpeg\" \/>\n<meta name=\"twitter:card\" content=\"summary_large_image\" \/>\n<meta name=\"twitter:label1\" content=\"Est. reading time\" \/>\n\t<meta name=\"twitter:data1\" content=\"1 \u043c\u0438\u043d\u0443\u0442\u0430\" \/>\n<script type=\"application\/ld+json\" class=\"yoast-schema-graph\">{\"@context\":\"https:\/\/schema.org\",\"@graph\":[{\"@type\":\"WebPage\",\"@id\":\"https:\/\/butaassos.com.tr\/urun\/idun-sonsuz-bahar-yeni-sezon-2025-26-500ml-kopya\/\",\"url\":\"https:\/\/butaassos.com.tr\/urun\/idun-sonsuz-bahar-yeni-sezon-2025-26-500ml-kopya\/\",\"name\":\"Idun Sonsuz Bahar YEN\u0130 SEZON 2025-26 500ml - Buta Assos\",\"isPartOf\":{\"@id\":\"https:\/\/butaassos.com.tr\/#website\"},\"primaryImageOfPage\":{\"@id\":\"https:\/\/butaassos.com.tr\/urun\/idun-sonsuz-bahar-yeni-sezon-2025-26-500ml-kopya\/#primaryimage\"},\"image\":{\"@id\":\"https:\/\/butaassos.com.tr\/urun\/idun-sonsuz-bahar-yeni-sezon-2025-26-500ml-kopya\/#primaryimage\"},\"thumbnailUrl\":\"https:\/\/butaassos.com.tr\/wp-content\/uploads\/2026\/01\/IDUN-copy-scaled.jpg\",\"datePublished\":\"2026-01-30T09:23:00+00:00\",\"dateModified\":\"2026-04-17T11:20:15+00:00\",\"description\":\"\u0130dun, bahar\u0131n ve \u00f6l\u00fcms\u00fcz gen\u00e7li\u011fin temsiliydi. Baz\u0131 mitolojik anlat\u0131lara g\u00f6re do\u011fmam\u0131\u015f ve asla \u00f6l\u00fcm\u00fc tatmayacak bir varl\u0131k olarak, Asgard\u2019da, bilgeli\u011fin temsilcisi Bragi ile birlikte ortaya \u00e7\u0131kt\u0131\u011f\u0131nda, tanr\u0131lar taraf\u0131ndan s\u0131cak bir \u015fekilde kar\u015f\u0131lanm\u0131\u015ft\u0131.\",\"breadcrumb\":{\"@id\":\"https:\/\/butaassos.com.tr\/urun\/idun-sonsuz-bahar-yeni-sezon-2025-26-500ml-kopya\/#breadcrumb\"},\"inLanguage\":\"ru-RU\",\"potentialAction\":[{\"@type\":\"ReadAction\",\"target\":[\"https:\/\/butaassos.com.tr\/urun\/idun-sonsuz-bahar-yeni-sezon-2025-26-500ml-kopya\/\"]}]},{\"@type\":\"ImageObject\",\"inLanguage\":\"ru-RU\",\"@id\":\"https:\/\/butaassos.com.tr\/urun\/idun-sonsuz-bahar-yeni-sezon-2025-26-500ml-kopya\/#primaryimage\",\"url\":\"https:\/\/butaassos.com.tr\/wp-content\/uploads\/2026\/01\/IDUN-copy-scaled.jpg\",\"contentUrl\":\"https:\/\/butaassos.com.tr\/wp-content\/uploads\/2026\/01\/IDUN-copy-scaled.jpg\",\"width\":2560,\"height\":2560},{\"@type\":\"BreadcrumbList\",\"@id\":\"https:\/\/butaassos.com.tr\/urun\/idun-sonsuz-bahar-yeni-sezon-2025-26-500ml-kopya\/#breadcrumb\",\"itemListElement\":[{\"@type\":\"ListItem\",\"position\":1,\"name\":\"Anasayfa\",\"item\":\"https:\/\/butaassos.com.tr\/\"},{\"@type\":\"ListItem\",\"position\":2,\"name\":\"Shop\",\"item\":\"https:\/\/butaassos.com.tr\/shop\/\"},{\"@type\":\"ListItem\",\"position\":3,\"name\":\"Idun Sonsuz Bahar YEN\u0130 SEZON 2025-26 500ml\"}]},{\"@type\":\"WebSite\",\"@id\":\"https:\/\/butaassos.com.tr\/#website\",\"url\":\"https:\/\/butaassos.com.tr\/\",\"name\":\"Buta Assos\",\"description\":\"\",\"publisher\":{\"@id\":\"https:\/\/butaassos.com.tr\/#organization\"},\"potentialAction\":[{\"@type\":\"SearchAction\",\"target\":{\"@type\":\"EntryPoint\",\"urlTemplate\":\"https:\/\/butaassos.com.tr\/?s={search_term_string}\"},\"query-input\":{\"@type\":\"PropertyValueSpecification\",\"valueRequired\":true,\"valueName\":\"search_term_string\"}}],\"inLanguage\":\"ru-RU\"},{\"@type\":\"Organization\",\"@id\":\"https:\/\/butaassos.com.tr\/#organization\",\"name\":\"Buta Assos\",\"url\":\"https:\/\/butaassos.com.tr\/\",\"logo\":{\"@type\":\"ImageObject\",\"inLanguage\":\"ru-RU\",\"@id\":\"https:\/\/butaassos.com.tr\/#\/schema\/logo\/image\/\",\"url\":\"https:\/\/butaassos.com.tr\/wp-content\/uploads\/2024\/01\/butaassosicon.png\",\"contentUrl\":\"https:\/\/butaassos.com.tr\/wp-content\/uploads\/2024\/01\/butaassosicon.png\",\"width\":512,\"height\":512,\"caption\":\"Buta Assos\"},\"image\":{\"@id\":\"https:\/\/butaassos.com.tr\/#\/schema\/logo\/image\/\"}}]}<\/script>\n<!-- \/ Yoast SEO plugin. -->","yoast_head_json":{"title":"Idun Sonsuz Bahar  YEN\u0130 SEZON 2025-26 500ml - Buta Assos","description":"\u0130dun, bahar\u0131n ve \u00f6l\u00fcms\u00fcz gen\u00e7li\u011fin temsiliydi. Baz\u0131 mitolojik anlat\u0131lara g\u00f6re do\u011fmam\u0131\u015f ve asla \u00f6l\u00fcm\u00fc tatmayacak bir varl\u0131k olarak, Asgard\u2019da, bilgeli\u011fin temsilcisi Bragi ile birlikte ortaya \u00e7\u0131kt\u0131\u011f\u0131nda, tanr\u0131lar taraf\u0131ndan s\u0131cak bir \u015fekilde kar\u015f\u0131lanm\u0131\u015ft\u0131.","robots":{"index":"index","follow":"follow","max-snippet":"max-snippet:-1","max-image-preview":"max-image-preview:large","max-video-preview":"max-video-preview:-1"},"canonical":"https:\/\/butaassos.com.tr\/ru\/product\/idun-sonsuz-bahar-yeni-sezon-2025-26-500ml-kopya\/","og_locale":"ru_RU","og_type":"article","og_title":"Idun Sonsuz Bahar  YEN\u0130 SEZON 2025-26 500ml - Buta Assos","og_description":"\u0130dun, bahar\u0131n ve \u00f6l\u00fcms\u00fcz gen\u00e7li\u011fin temsiliydi. Baz\u0131 mitolojik anlat\u0131lara g\u00f6re do\u011fmam\u0131\u015f ve asla \u00f6l\u00fcm\u00fc tatmayacak bir varl\u0131k olarak, Asgard\u2019da, bilgeli\u011fin temsilcisi Bragi ile birlikte ortaya \u00e7\u0131kt\u0131\u011f\u0131nda, tanr\u0131lar taraf\u0131ndan s\u0131cak bir \u015fekilde kar\u015f\u0131lanm\u0131\u015ft\u0131.","og_url":"https:\/\/butaassos.com.tr\/ru\/product\/idun-sonsuz-bahar-yeni-sezon-2025-26-500ml-kopya\/","og_site_name":"Buta Assos","article_modified_time":"2026-04-17T11:20:15+00:00","og_image":[{"width":2560,"height":2560,"url":"https:\/\/butaassos.com.tr\/wp-content\/uploads\/2026\/01\/IDUN-copy-scaled.jpg","type":"image\/jpeg"}],"twitter_card":"summary_large_image","twitter_misc":{"Est. reading time":"1 \u043c\u0438\u043d\u0443\u0442\u0430"},"schema":{"@context":"https:\/\/schema.org","@graph":[{"@type":"WebPage","@id":"https:\/\/butaassos.com.tr\/urun\/idun-sonsuz-bahar-yeni-sezon-2025-26-500ml-kopya\/","url":"https:\/\/butaassos.com.tr\/urun\/idun-sonsuz-bahar-yeni-sezon-2025-26-500ml-kopya\/","name":"Idun Sonsuz Bahar YEN\u0130 SEZON 2025-26 500ml - Buta Assos","isPartOf":{"@id":"https:\/\/butaassos.com.tr\/#website"},"primaryImageOfPage":{"@id":"https:\/\/butaassos.com.tr\/urun\/idun-sonsuz-bahar-yeni-sezon-2025-26-500ml-kopya\/#primaryimage"},"image":{"@id":"https:\/\/butaassos.com.tr\/urun\/idun-sonsuz-bahar-yeni-sezon-2025-26-500ml-kopya\/#primaryimage"},"thumbnailUrl":"https:\/\/butaassos.com.tr\/wp-content\/uploads\/2026\/01\/IDUN-copy-scaled.jpg","datePublished":"2026-01-30T09:23:00+00:00","dateModified":"2026-04-17T11:20:15+00:00","description":"\u0130dun, bahar\u0131n ve \u00f6l\u00fcms\u00fcz gen\u00e7li\u011fin temsiliydi. Baz\u0131 mitolojik anlat\u0131lara g\u00f6re do\u011fmam\u0131\u015f ve asla \u00f6l\u00fcm\u00fc tatmayacak bir varl\u0131k olarak, Asgard\u2019da, bilgeli\u011fin temsilcisi Bragi ile birlikte ortaya \u00e7\u0131kt\u0131\u011f\u0131nda, tanr\u0131lar taraf\u0131ndan s\u0131cak bir \u015fekilde kar\u015f\u0131lanm\u0131\u015ft\u0131.","breadcrumb":{"@id":"https:\/\/butaassos.com.tr\/urun\/idun-sonsuz-bahar-yeni-sezon-2025-26-500ml-kopya\/#breadcrumb"},"inLanguage":"ru-RU","potentialAction":[{"@type":"ReadAction","target":["https:\/\/butaassos.com.tr\/urun\/idun-sonsuz-bahar-yeni-sezon-2025-26-500ml-kopya\/"]}]},{"@type":"ImageObject","inLanguage":"ru-RU","@id":"https:\/\/butaassos.com.tr\/urun\/idun-sonsuz-bahar-yeni-sezon-2025-26-500ml-kopya\/#primaryimage","url":"https:\/\/butaassos.com.tr\/wp-content\/uploads\/2026\/01\/IDUN-copy-scaled.jpg","contentUrl":"https:\/\/butaassos.com.tr\/wp-content\/uploads\/2026\/01\/IDUN-copy-scaled.jpg","width":2560,"height":2560},{"@type":"BreadcrumbList","@id":"https:\/\/butaassos.com.tr\/urun\/idun-sonsuz-bahar-yeni-sezon-2025-26-500ml-kopya\/#breadcrumb","itemListElement":[{"@type":"ListItem","position":1,"name":"Anasayfa","item":"https:\/\/butaassos.com.tr\/"},{"@type":"ListItem","position":2,"name":"Shop","item":"https:\/\/butaassos.com.tr\/shop\/"},{"@type":"ListItem","position":3,"name":"Idun Sonsuz Bahar YEN\u0130 SEZON 2025-26 500ml"}]},{"@type":"WebSite","@id":"https:\/\/butaassos.com.tr\/#website","url":"https:\/\/butaassos.com.tr\/","name":"Buta Assos","description":"","publisher":{"@id":"https:\/\/butaassos.com.tr\/#organization"},"potentialAction":[{"@type":"SearchAction","target":{"@type":"EntryPoint","urlTemplate":"https:\/\/butaassos.com.tr\/?s={search_term_string}"},"query-input":{"@type":"PropertyValueSpecification","valueRequired":true,"valueName":"search_term_string"}}],"inLanguage":"ru-RU"},{"@type":"Organization","@id":"https:\/\/butaassos.com.tr\/#organization","name":"Buta Assos","url":"https:\/\/butaassos.com.tr\/","logo":{"@type":"ImageObject","inLanguage":"ru-RU","@id":"https:\/\/butaassos.com.tr\/#\/schema\/logo\/image\/","url":"https:\/\/butaassos.com.tr\/wp-content\/uploads\/2024\/01\/butaassosicon.png","contentUrl":"https:\/\/butaassos.com.tr\/wp-content\/uploads\/2024\/01\/butaassosicon.png","width":512,"height":512,"caption":"Buta Assos"},"image":{"@id":"https:\/\/butaassos.com.tr\/#\/schema\/logo\/image\/"}}]}},"_links":{"self":[{"href":"https:\/\/butaassos.com.tr\/ru\/wp-json\/wp\/v2\/product\/4023","targetHints":{"allow":["GET"]}}],"collection":[{"href":"https:\/\/butaassos.com.tr\/ru\/wp-json\/wp\/v2\/product"}],"about":[{"href":"https:\/\/butaassos.com.tr\/ru\/wp-json\/wp\/v2\/types\/product"}],"replies":[{"embeddable":true,"href":"https:\/\/butaassos.com.tr\/ru\/wp-json\/wp\/v2\/comments?post=4023"}],"wp:featuredmedia":[{"embeddable":true,"href":"https:\/\/butaassos.com.tr\/ru\/wp-json\/wp\/v2\/media\/4024"}],"wp:attachment":[{"href":"https:\/\/butaassos.com.tr\/ru\/wp-json\/wp\/v2\/media?parent=4023"}],"wp:term":[{"taxonomy":"product_cat","embeddable":true,"href":"https:\/\/butaassos.com.tr\/ru\/wp-json\/wp\/v2\/product_cat?post=4023"},{"taxonomy":"product_tag","embeddable":true,"href":"https:\/\/butaassos.com.tr\/ru\/wp-json\/wp\/v2\/product_tag?post=4023"}],"curies":[{"name":"wp","href":"https:\/\/api.w.org\/{rel}","templated":true}]}}