{"id":3593,"date":"2025-09-30T09:20:14","date_gmt":"2025-09-30T06:20:14","guid":{"rendered":"https:\/\/butaassos.com.tr\/?post_type=product&#038;p=3593"},"modified":"2025-11-15T16:25:46","modified_gmt":"2025-11-15T13:25:46","slug":"sifa-serisi-zerdecal-zeytinyagi-250ml","status":"publish","type":"product","link":"https:\/\/butaassos.com.tr\/ru\/product\/sifa-serisi-zerdecal-zeytinyagi-250ml\/","title":{"rendered":"\u0426\u0435\u043b\u0435\u0431\u043d\u0430\u044f \u0441\u0435\u0440\u0438\u044f: \u041e\u043b\u0438\u0432\u043a\u043e\u0432\u043e\u0435 \u043c\u0430\u0441\u043b\u043e<br> \u0441 \u043a\u0443\u0440\u043a\u0443\u043c\u043e\u0439 \u0438 \u0447\u0435\u0440\u043d\u044b\u043c \u043f\u0435\u0440\u0446\u0435\u043c, 250 \u043c\u043b"},"content":{"rendered":"<p>Alt\u0131n Baharat\u0131n Gu\u0308cu\u0308:<br \/>\n\u0421\u0438\u043b\u0430 \u00ab\u0417\u043e\u043b\u043e\u0442\u043e\u0439 \u0441\u043f\u0435\u0446\u0438\u0438\u00bb: \u0414\u0443\u044d\u0442 \u043a\u0443\u0440\u043a\u0443\u043c\u044b \u0438 \u0447\u0435\u0440\u043d\u043e\u0433\u043e \u043f\u0435\u0440\u0446\u0430. \u0421\u0438\u043d\u0435\u0440\u0433\u0438\u044f \u0437\u0434\u043e\u0440\u043e\u0432\u044c\u044f \u0432 \u043a\u0430\u0436\u0434\u043e\u0439 \u043a\u0430\u043f\u043b\u0435! \u041a\u0443\u0440\u043a\u0443\u043c\u0430 (Curcuma longa) - \u044d\u0442\u043e \u043d\u0430\u0441\u0442\u043e\u044f\u0449\u0438\u0439 \u0434\u0430\u0440 \u043f\u0440\u0438\u0440\u043e\u0434\u044b, \u00ab\u0437\u043e\u043b\u043e\u0442\u0430\u044f \u0441\u043f\u0435\u0446\u0438\u044f\u00bb, \u0438\u0437\u0432\u0435\u0441\u0442\u043d\u0430\u044f \u0441\u0432\u043e\u0438\u043c\u0438 \u043c\u043e\u0449\u043d\u044b\u043c\u0438 \u0430\u043d\u0442\u0438\u043e\u043a\u0441\u0438\u0434\u0430\u043d\u0442\u043d\u044b\u043c\u0438 \u0438 \u043f\u0440\u043e\u0442\u0438\u0432\u043e\u0432\u043e\u0441\u043f\u0430\u043b\u0438\u0442\u0435\u043b\u044c\u043d\u044b\u043c\u0438 \u0441\u0432\u043e\u0439\u0441\u0442\u0432\u0430\u043c\u0438.<br \/>\n\u0415\u0451 \u0433\u043b\u0430\u0432\u043d\u044b\u0439 \u0430\u043a\u0442\u0438\u0432\u043d\u044b\u0439 \u043a\u043e\u043c\u043f\u043e\u043d\u0435\u043d\u0442 - \u043a\u0443\u0440\u043a\u0443\u043c\u0438\u043d-  \u0443\u0441\u043a\u043e\u0440\u044f\u0435\u0442 \u0440\u0435\u0433\u0435\u043d\u0435\u0440\u0430\u0446\u0438\u044e \u043a\u043b\u0435\u0442\u043e\u043a \u0438 \u044d\u0444\u0444\u0435\u043a\u0442\u0438\u0432\u043d\u043e \u0431\u043e\u0440\u0435\u0442\u0441\u044f \u0441 \u0432\u043d\u0443\u0442\u0440\u0435\u043d\u043d\u0438\u043c\u0438 \u0432\u043e\u0441\u043f\u0430\u043b\u0435\u043d\u0438\u044f\u043c\u0438. \u041e\u0434\u043d\u0430\u043a\u043e \u0443 \u043a\u0443\u0440\u043a\u0443\u043c\u0438\u043d\u0430 \u0435\u0441\u0442\u044c \u0441\u0435\u043a\u0440\u0435\u0442: \u0432 \u0447\u0438\u0441\u0442\u043e\u043c \u0432\u0438\u0434\u0435 \u043e\u043d \u043f\u043e\u0447\u0442\u0438 \u043d\u0435 \u0443\u0441\u0432\u0430\u0438\u0432\u0430\u0435\u0442\u0441\u044f \u043e\u0440\u0433\u0430\u043d\u0438\u0437\u043c\u043e\u043c. \u0418 \u0438\u043c\u0435\u043d\u043d\u043e \u0437\u0434\u0435\u0441\u044c \u043d\u0430 \u043f\u043e\u043c\u043e\u0449\u044c \u043f\u0440\u0438\u0445\u043e\u0434\u0438\u0442 \u0447\u0435\u0440\u043d\u044b\u0439 \u043f\u0435\u0440\u0435\u0446!<\/p>\n<div title=\"Page 3\">\n<div>\n<div>\n<p class=\" translation-block\">\u0421\u043e\u0434\u0435\u0440\u0436\u0430\u0449\u0438\u0439\u0441\u044f \u0432 \u043d\u0435\u043c \u043f\u0438\u043f\u0435\u0440\u0438\u043d \u0443\u0432\u0435\u043b\u0438\u0447\u0438\u0432\u0430\u0435\u0442 \u0443\u0441\u0432\u043e\u044f\u0435\u043c\u043e\u0441\u0442\u044c \u043a\u0443\u0440\u043a\u0443\u043c\u0438\u043d\u0430 \u043d\u0430 \u043d\u0435\u0432\u0435\u0440\u043e\u044f\u0442\u043d\u044b\u0435 2000%. \u042d\u0442\u043e\u0442 \u0443\u043d\u0438\u043a\u0430\u043b\u044c\u043d\u044b\u0439 \u0434\u0443\u044d\u0442 \u0437\u0430\u043f\u0443\u0441\u043a\u0430\u0435\u0442 \u0432 \u043e\u0440\u0433\u0430\u043d\u0438\u0437\u043c\u0435 \u043f\u0440\u043e\u0446\u0435\u0441\u0441 \u0435\u0441\u0442\u0435\u0441\u0442\u0432\u0435\u043d\u043d\u043e\u0433\u043e \u0434\u0435\u0442\u043e\u043a\u0441\u0430. \u041e\u043d \u0441\u0442\u0430\u043d\u0435\u0442 \u0432\u0430\u0448\u0435\u0439 \u0432\u0435\u0440\u043d\u043e\u0439 \u043f\u043e\u0434\u0434\u0435\u0440\u0436\u043a\u043e\u0439 \u0432 \u0441\u0430\u043c\u044b\u0445 \u0440\u0430\u0437\u043d\u044b\u0445 \u0441\u0438\u0442\u0443\u0430\u0446\u0438\u044f\u0445: \u043e\u0442 \u0443\u043c\u0435\u043d\u044c\u0448\u0435\u043d\u0438\u044f \u0431\u043e\u043b\u0435\u0439 \u0432 \u0441\u0443\u0441\u0442\u0430\u0432\u0430\u0445 \u0438 \u0443\u043b\u0443\u0447\u0448\u0435\u043d\u0438\u044f \u043f\u0438\u0449\u0435\u0432\u0430\u0440\u0435\u043d\u0438\u044f \u0434\u043e \u0443\u043a\u0440\u0435\u043f\u043b\u0435\u043d\u0438\u044f \u0438\u043c\u043c\u0443\u043d\u0438\u0442\u0435\u0442\u0430 \u0438 \u0431\u043e\u0440\u044c\u0431\u044b \u0441 \u043e\u0431\u0449\u0435\u0439 \u0443\u0441\u0442\u0430\u043b\u043e\u0441\u0442\u044c\u044e. \u041c\u044b \u0441\u043e\u0435\u0434\u0438\u043d\u0438\u043b\u0438 \u043f\u043e\u043b\u044c\u0437\u0443 \u00ab\u0437\u043e\u043b\u043e\u0442\u043e\u0433\u043e \u0434\u0443\u044d\u0442\u0430\u00bb \u0441 \u0441\u0438\u043b\u043e\u0439 \u043d\u0430\u0448\u0435\u0433\u043e \u043e\u043b\u0438\u0432\u043a\u043e\u0432\u043e\u0433\u043e \u043c\u0430\u0441\u043b\u0430. \u0414\u043b\u044f \u044d\u0442\u043e\u0439 \u0441\u0435\u0440\u0438\u0438 \u043e\u0442\u043e\u0431\u0440\u0430\u043d\u043e \u043c\u0430\u0441\u043b\u043e \u0441 \u043c\u0430\u043a\u0441\u0438\u043c\u0430\u043b\u044c\u043d\u043e \u0432\u044b\u0441\u043e\u043a\u0438\u043c \u0441\u043e\u0434\u0435\u0440\u0436\u0430\u043d\u0438\u0435\u043c \u043e\u043b\u0435\u043e\u043a\u0430\u043d\u0442\u0430\u043b\u0430, \u043e\u043b\u0435\u0430\u0446\u0438\u043d\u0430 \u0438 \u043f\u043e\u043b\u0438\u0444\u0435\u043d\u043e\u043b\u043e\u0432, \u0447\u0442\u043e \u0432\u044b\u0432\u043e\u0434\u0438\u0442 \u0435\u0433\u043e \u043e\u0437\u0434\u043e\u0440\u043e\u0432\u0438\u0442\u0435\u043b\u044c\u043d\u044b\u0439 \u044d\u0444\u0444\u0435\u043a\u0442 \u043d\u0430 \u043d\u043e\u0432\u044b\u0439 \u0443\u0440\u043e\u0432\u0435\u043d\u044c. \u0417\u0430\u0449\u0438\u0442\u0438\u0442\u0435 \u0441\u0432\u043e\u0435 \u0437\u0434\u043e\u0440\u043e\u0432\u044c\u0435, \u0443\u043a\u0440\u0435\u043f\u0438\u0442\u0435 \u0437\u0430\u0449\u0438\u0442\u043d\u044b\u0435 \u0441\u0438\u043b\u044b \u043e\u0440\u0433\u0430\u043d\u0438\u0437\u043c\u0430 \u0438 \u043d\u0430\u043f\u043e\u043b\u043d\u0438\u0442\u0435 \u043a\u0430\u0436\u0434\u044b\u0439 \u0434\u0435\u043d\u044c \u044d\u043d\u0435\u0440\u0433\u0438\u0435\u0439! \u041f\u043e\u043f\u0440\u043e\u0431\u0443\u0439\u0442\u0435 \u044d\u0442\u043e \u043f\u0440\u0438\u0440\u043e\u0434\u043d\u043e\u0435 \u0447\u0443\u0434\u043e \u0438 \u043f\u043e\u0447\u0443\u0432\u0441\u0442\u0432\u0443\u0439\u0442\u0435 \u0440\u0430\u0437\u043d\u0438\u0446\u0443.<\/p>\n<p>\u041f\u0440\u0438\u043a\u043e\u0441\u043d\u0438\u0442\u0435\u0441\u044c \u043a \u044d\u0442\u043e\u043c\u0443 \u0438\u0441\u0442\u0438\u043d\u043d\u043e\u043c\u0443 \u0447\u0443\u0434\u0443 \u0438 \u043f\u043e\u0447\u0443\u0432\u0441\u0442\u0432\u0443\u0439\u0442\u0435 \u0440\u0430\u0437\u043d\u0438\u0446\u0443 \u0432 \u043a\u0430\u0436\u0434\u043e\u043c \u043c\u0433\u043d\u043e\u0432\u0435\u043d\u0438\u0438.<\/p>\n<p>\u0435\u0440\u0435\u0434 \u0443\u043f\u043e\u0442\u0440\u0435\u0431\u043b\u0435\u043d\u0438\u0435\u043c \u043e\u0431\u044f\u0437\u0430\u0442\u0435\u043b\u044c\u043d\u043e \u0432\u0441\u0442\u0440\u044f\u0445\u043d\u0438\u0442\u0435 \u0431\u0443\u0442\u044b\u043b\u043a\u0443!<\/p>\n<\/div>\n<\/div>\n<\/div>","protected":false},"excerpt":{"rendered":"<p>Alt\u0131n Baharat\u0131n Gu\u0308cu\u0308: Zerdec\u0327al &amp; Karabiber I\u0307kilisi\u00a0Zerdec\u0327al (Curcuma longa), gu\u0308c\u0327lu\u0308 antioksidan ve antienflamatuar etkileriyle bag\u0306\u0131s\u0327\u0131kl\u0131k sistemini destekleyen dog\u0306an\u0131n alt\u0131n baharat\u0131d\u0131r. I\u0307c\u0327erig\u0306indeki kurkumin maddesi, hu\u0308cre yenilenmesini h\u0131zland\u0131r\u0131r ve iltihaplanmay\u0131 azalt\u0131r. Ancak tek bas\u0327\u0131na emilimi s\u0131n\u0131rl\u0131d\u0131r. I\u0307s\u0327te tam da bu noktada karabiber devreye girer! Karabiberdeki piperin, zerdec\u0327al\u0131n kurkumin emilimini tam %2000\u2019e kadar art\u0131r\u0131r. Bu es\u0327siz ikili, birlikte&#8230;<\/p>","protected":false},"featured_media":3789,"comment_status":"open","ping_status":"closed","template":"","meta":[],"product_cat":[15,19],"product_tag":[],"class_list":{"0":"post-3593","1":"product","2":"type-product","3":"status-publish","4":"has-post-thumbnail","6":"product_cat-genel","7":"product_cat-naturel-sizma-zeytinyagi","9":"first","10":"instock","11":"taxable","12":"shipping-taxable","13":"purchasable","14":"product-type-simple"},"yoast_head":"<!-- This site is optimized with the Yoast SEO plugin v23.8 - https:\/\/yoast.com\/wordpress\/plugins\/seo\/ -->\n<title>\u015eifa Serisi Zerde\u00e7al Zeytinya\u011f\u0131 250ml - Buta Assos<\/title>\n<meta name=\"robots\" content=\"index, follow, max-snippet:-1, max-image-preview:large, max-video-preview:-1\" \/>\n<link rel=\"canonical\" href=\"https:\/\/butaassos.com.tr\/ru\/product\/sifa-serisi-zerdecal-zeytinyagi-250ml\/\" \/>\n<meta property=\"og:locale\" content=\"ru_RU\" \/>\n<meta property=\"og:type\" content=\"article\" \/>\n<meta property=\"og:title\" content=\"\u015eifa Serisi Zerde\u00e7al Zeytinya\u011f\u0131 250ml - Buta Assos\" \/>\n<meta property=\"og:description\" content=\"Alt\u0131n Baharat\u0131n Gu\u0308cu\u0308: Zerdec\u0327al &amp; Karabiber I\u0307kilisi\u00a0Zerdec\u0327al (Curcuma longa), gu\u0308c\u0327lu\u0308 antioksidan ve antienflamatuar etkileriyle bag\u0306\u0131s\u0327\u0131kl\u0131k sistemini destekleyen dog\u0306an\u0131n alt\u0131n baharat\u0131d\u0131r. I\u0307c\u0327erig\u0306indeki kurkumin maddesi, hu\u0308cre yenilenmesini h\u0131zland\u0131r\u0131r ve iltihaplanmay\u0131 azalt\u0131r. Ancak tek bas\u0327\u0131na emilimi s\u0131n\u0131rl\u0131d\u0131r. I\u0307s\u0327te tam da bu noktada karabiber devreye girer! Karabiberdeki piperin, zerdec\u0327al\u0131n kurkumin emilimini tam %2000\u2019e kadar art\u0131r\u0131r. Bu es\u0327siz ikili, birlikte...\" \/>\n<meta property=\"og:url\" content=\"https:\/\/butaassos.com.tr\/ru\/product\/sifa-serisi-zerdecal-zeytinyagi-250ml\/\" \/>\n<meta property=\"og:site_name\" content=\"Buta Assos\" \/>\n<meta property=\"article:modified_time\" content=\"2025-11-15T13:25:46+00:00\" \/>\n<meta property=\"og:image\" content=\"https:\/\/butaassos.com.tr\/wp-content\/uploads\/2025\/09\/Sifa-Serisi-Zerdecal-scaled.jpg\" \/>\n\t<meta property=\"og:image:width\" content=\"1710\" \/>\n\t<meta property=\"og:image:height\" content=\"2560\" \/>\n\t<meta property=\"og:image:type\" content=\"image\/jpeg\" \/>\n<meta name=\"twitter:card\" content=\"summary_large_image\" \/>\n<meta name=\"twitter:label1\" content=\"Est. reading time\" \/>\n\t<meta name=\"twitter:data1\" content=\"1 \u043c\u0438\u043d\u0443\u0442\u0430\" \/>\n<script type=\"application\/ld+json\" class=\"yoast-schema-graph\">{\"@context\":\"https:\/\/schema.org\",\"@graph\":[{\"@type\":\"WebPage\",\"@id\":\"https:\/\/butaassos.com.tr\/urun\/sifa-serisi-zerdecal-zeytinyagi-250ml\/\",\"url\":\"https:\/\/butaassos.com.tr\/urun\/sifa-serisi-zerdecal-zeytinyagi-250ml\/\",\"name\":\"\u015eifa Serisi Zerde\u00e7al Zeytinya\u011f\u0131 250ml - Buta Assos\",\"isPartOf\":{\"@id\":\"https:\/\/butaassos.com.tr\/#website\"},\"primaryImageOfPage\":{\"@id\":\"https:\/\/butaassos.com.tr\/urun\/sifa-serisi-zerdecal-zeytinyagi-250ml\/#primaryimage\"},\"image\":{\"@id\":\"https:\/\/butaassos.com.tr\/urun\/sifa-serisi-zerdecal-zeytinyagi-250ml\/#primaryimage\"},\"thumbnailUrl\":\"https:\/\/butaassos.com.tr\/wp-content\/uploads\/2025\/09\/Sifa-Serisi-Zerdecal-scaled.jpg\",\"datePublished\":\"2025-09-30T06:20:14+00:00\",\"dateModified\":\"2025-11-15T13:25:46+00:00\",\"breadcrumb\":{\"@id\":\"https:\/\/butaassos.com.tr\/urun\/sifa-serisi-zerdecal-zeytinyagi-250ml\/#breadcrumb\"},\"inLanguage\":\"ru-RU\",\"potentialAction\":[{\"@type\":\"ReadAction\",\"target\":[\"https:\/\/butaassos.com.tr\/urun\/sifa-serisi-zerdecal-zeytinyagi-250ml\/\"]}]},{\"@type\":\"ImageObject\",\"inLanguage\":\"ru-RU\",\"@id\":\"https:\/\/butaassos.com.tr\/urun\/sifa-serisi-zerdecal-zeytinyagi-250ml\/#primaryimage\",\"url\":\"https:\/\/butaassos.com.tr\/wp-content\/uploads\/2025\/09\/Sifa-Serisi-Zerdecal-scaled.jpg\",\"contentUrl\":\"https:\/\/butaassos.com.tr\/wp-content\/uploads\/2025\/09\/Sifa-Serisi-Zerdecal-scaled.jpg\",\"width\":1710,\"height\":2560},{\"@type\":\"BreadcrumbList\",\"@id\":\"https:\/\/butaassos.com.tr\/urun\/sifa-serisi-zerdecal-zeytinyagi-250ml\/#breadcrumb\",\"itemListElement\":[{\"@type\":\"ListItem\",\"position\":1,\"name\":\"Anasayfa\",\"item\":\"https:\/\/butaassos.com.tr\/\"},{\"@type\":\"ListItem\",\"position\":2,\"name\":\"Shop\",\"item\":\"https:\/\/butaassos.com.tr\/shop\/\"},{\"@type\":\"ListItem\",\"position\":3,\"name\":\"\u015eifa Serisi Zerde\u00e7al Zeytinya\u011f\u0131 250ml\"}]},{\"@type\":\"WebSite\",\"@id\":\"https:\/\/butaassos.com.tr\/#website\",\"url\":\"https:\/\/butaassos.com.tr\/\",\"name\":\"Buta Assos\",\"description\":\"\",\"publisher\":{\"@id\":\"https:\/\/butaassos.com.tr\/#organization\"},\"potentialAction\":[{\"@type\":\"SearchAction\",\"target\":{\"@type\":\"EntryPoint\",\"urlTemplate\":\"https:\/\/butaassos.com.tr\/?s={search_term_string}\"},\"query-input\":{\"@type\":\"PropertyValueSpecification\",\"valueRequired\":true,\"valueName\":\"search_term_string\"}}],\"inLanguage\":\"ru-RU\"},{\"@type\":\"Organization\",\"@id\":\"https:\/\/butaassos.com.tr\/#organization\",\"name\":\"Buta Assos\",\"url\":\"https:\/\/butaassos.com.tr\/\",\"logo\":{\"@type\":\"ImageObject\",\"inLanguage\":\"ru-RU\",\"@id\":\"https:\/\/butaassos.com.tr\/#\/schema\/logo\/image\/\",\"url\":\"https:\/\/butaassos.com.tr\/wp-content\/uploads\/2024\/01\/butaassosicon.png\",\"contentUrl\":\"https:\/\/butaassos.com.tr\/wp-content\/uploads\/2024\/01\/butaassosicon.png\",\"width\":512,\"height\":512,\"caption\":\"Buta Assos\"},\"image\":{\"@id\":\"https:\/\/butaassos.com.tr\/#\/schema\/logo\/image\/\"}}]}<\/script>\n<!-- \/ Yoast SEO plugin. -->","yoast_head_json":{"title":"\u015eifa Serisi Zerde\u00e7al Zeytinya\u011f\u0131 250ml - Buta Assos","robots":{"index":"index","follow":"follow","max-snippet":"max-snippet:-1","max-image-preview":"max-image-preview:large","max-video-preview":"max-video-preview:-1"},"canonical":"https:\/\/butaassos.com.tr\/ru\/product\/sifa-serisi-zerdecal-zeytinyagi-250ml\/","og_locale":"ru_RU","og_type":"article","og_title":"\u015eifa Serisi Zerde\u00e7al Zeytinya\u011f\u0131 250ml - Buta Assos","og_description":"Alt\u0131n Baharat\u0131n Gu\u0308cu\u0308: Zerdec\u0327al &amp; Karabiber I\u0307kilisi\u00a0Zerdec\u0327al (Curcuma longa), gu\u0308c\u0327lu\u0308 antioksidan ve antienflamatuar etkileriyle bag\u0306\u0131s\u0327\u0131kl\u0131k sistemini destekleyen dog\u0306an\u0131n alt\u0131n baharat\u0131d\u0131r. I\u0307c\u0327erig\u0306indeki kurkumin maddesi, hu\u0308cre yenilenmesini h\u0131zland\u0131r\u0131r ve iltihaplanmay\u0131 azalt\u0131r. Ancak tek bas\u0327\u0131na emilimi s\u0131n\u0131rl\u0131d\u0131r. I\u0307s\u0327te tam da bu noktada karabiber devreye girer! Karabiberdeki piperin, zerdec\u0327al\u0131n kurkumin emilimini tam %2000\u2019e kadar art\u0131r\u0131r. Bu es\u0327siz ikili, birlikte...","og_url":"https:\/\/butaassos.com.tr\/ru\/product\/sifa-serisi-zerdecal-zeytinyagi-250ml\/","og_site_name":"Buta Assos","article_modified_time":"2025-11-15T13:25:46+00:00","og_image":[{"width":1710,"height":2560,"url":"https:\/\/butaassos.com.tr\/wp-content\/uploads\/2025\/09\/Sifa-Serisi-Zerdecal-scaled.jpg","type":"image\/jpeg"}],"twitter_card":"summary_large_image","twitter_misc":{"Est. reading time":"1 \u043c\u0438\u043d\u0443\u0442\u0430"},"schema":{"@context":"https:\/\/schema.org","@graph":[{"@type":"WebPage","@id":"https:\/\/butaassos.com.tr\/urun\/sifa-serisi-zerdecal-zeytinyagi-250ml\/","url":"https:\/\/butaassos.com.tr\/urun\/sifa-serisi-zerdecal-zeytinyagi-250ml\/","name":"\u015eifa Serisi Zerde\u00e7al Zeytinya\u011f\u0131 250ml - Buta Assos","isPartOf":{"@id":"https:\/\/butaassos.com.tr\/#website"},"primaryImageOfPage":{"@id":"https:\/\/butaassos.com.tr\/urun\/sifa-serisi-zerdecal-zeytinyagi-250ml\/#primaryimage"},"image":{"@id":"https:\/\/butaassos.com.tr\/urun\/sifa-serisi-zerdecal-zeytinyagi-250ml\/#primaryimage"},"thumbnailUrl":"https:\/\/butaassos.com.tr\/wp-content\/uploads\/2025\/09\/Sifa-Serisi-Zerdecal-scaled.jpg","datePublished":"2025-09-30T06:20:14+00:00","dateModified":"2025-11-15T13:25:46+00:00","breadcrumb":{"@id":"https:\/\/butaassos.com.tr\/urun\/sifa-serisi-zerdecal-zeytinyagi-250ml\/#breadcrumb"},"inLanguage":"ru-RU","potentialAction":[{"@type":"ReadAction","target":["https:\/\/butaassos.com.tr\/urun\/sifa-serisi-zerdecal-zeytinyagi-250ml\/"]}]},{"@type":"ImageObject","inLanguage":"ru-RU","@id":"https:\/\/butaassos.com.tr\/urun\/sifa-serisi-zerdecal-zeytinyagi-250ml\/#primaryimage","url":"https:\/\/butaassos.com.tr\/wp-content\/uploads\/2025\/09\/Sifa-Serisi-Zerdecal-scaled.jpg","contentUrl":"https:\/\/butaassos.com.tr\/wp-content\/uploads\/2025\/09\/Sifa-Serisi-Zerdecal-scaled.jpg","width":1710,"height":2560},{"@type":"BreadcrumbList","@id":"https:\/\/butaassos.com.tr\/urun\/sifa-serisi-zerdecal-zeytinyagi-250ml\/#breadcrumb","itemListElement":[{"@type":"ListItem","position":1,"name":"Anasayfa","item":"https:\/\/butaassos.com.tr\/"},{"@type":"ListItem","position":2,"name":"Shop","item":"https:\/\/butaassos.com.tr\/shop\/"},{"@type":"ListItem","position":3,"name":"\u015eifa Serisi Zerde\u00e7al Zeytinya\u011f\u0131 250ml"}]},{"@type":"WebSite","@id":"https:\/\/butaassos.com.tr\/#website","url":"https:\/\/butaassos.com.tr\/","name":"Buta Assos","description":"","publisher":{"@id":"https:\/\/butaassos.com.tr\/#organization"},"potentialAction":[{"@type":"SearchAction","target":{"@type":"EntryPoint","urlTemplate":"https:\/\/butaassos.com.tr\/?s={search_term_string}"},"query-input":{"@type":"PropertyValueSpecification","valueRequired":true,"valueName":"search_term_string"}}],"inLanguage":"ru-RU"},{"@type":"Organization","@id":"https:\/\/butaassos.com.tr\/#organization","name":"Buta Assos","url":"https:\/\/butaassos.com.tr\/","logo":{"@type":"ImageObject","inLanguage":"ru-RU","@id":"https:\/\/butaassos.com.tr\/#\/schema\/logo\/image\/","url":"https:\/\/butaassos.com.tr\/wp-content\/uploads\/2024\/01\/butaassosicon.png","contentUrl":"https:\/\/butaassos.com.tr\/wp-content\/uploads\/2024\/01\/butaassosicon.png","width":512,"height":512,"caption":"Buta Assos"},"image":{"@id":"https:\/\/butaassos.com.tr\/#\/schema\/logo\/image\/"}}]}},"_links":{"self":[{"href":"https:\/\/butaassos.com.tr\/ru\/wp-json\/wp\/v2\/product\/3593","targetHints":{"allow":["GET"]}}],"collection":[{"href":"https:\/\/butaassos.com.tr\/ru\/wp-json\/wp\/v2\/product"}],"about":[{"href":"https:\/\/butaassos.com.tr\/ru\/wp-json\/wp\/v2\/types\/product"}],"replies":[{"embeddable":true,"href":"https:\/\/butaassos.com.tr\/ru\/wp-json\/wp\/v2\/comments?post=3593"}],"wp:featuredmedia":[{"embeddable":true,"href":"https:\/\/butaassos.com.tr\/ru\/wp-json\/wp\/v2\/media\/3789"}],"wp:attachment":[{"href":"https:\/\/butaassos.com.tr\/ru\/wp-json\/wp\/v2\/media?parent=3593"}],"wp:term":[{"taxonomy":"product_cat","embeddable":true,"href":"https:\/\/butaassos.com.tr\/ru\/wp-json\/wp\/v2\/product_cat?post=3593"},{"taxonomy":"product_tag","embeddable":true,"href":"https:\/\/butaassos.com.tr\/ru\/wp-json\/wp\/v2\/product_tag?post=3593"}],"curies":[{"name":"wp","href":"https:\/\/api.w.org\/{rel}","templated":true}]}}