{"id":3444,"date":"2025-08-15T11:51:27","date_gmt":"2025-08-15T08:51:27","guid":{"rendered":"https:\/\/butaassos.com.tr\/?post_type=product&#038;p=3444"},"modified":"2025-12-30T10:07:17","modified_gmt":"2025-12-30T07:07:17","slug":"sifa-serisi-yakut-tozlu-zeytinyagi-250ml","status":"publish","type":"product","link":"https:\/\/butaassos.com.tr\/ru\/product\/sifa-serisi-yakut-tozlu-zeytinyagi-250ml\/","title":{"rendered":"\u0426\u0435\u043b\u0435\u0431\u043d\u0430\u044f \u0441\u0435\u0440\u0438\u044f: \u041e\u043b\u0438\u0432\u043a\u043e\u0432\u043e\u0435 \u043c\u0430\u0441\u043b\u043e<br> \u0441 \u0440\u0443\u0431\u0438\u043d\u043e\u0432\u043e\u0439 \u043f\u0443\u0434\u0440\u043e\u0439, 250 \u043c\u043b"},"content":{"rendered":"<p class=\" translation-block\">\u041e\u0442\u043a\u0440\u043e\u0439\u0442\u0435 \u0434\u043b\u044f \u0441\u0435\u0431\u044f \u0438\u0441\u0446\u0435\u043b\u044f\u044e\u0449\u0443\u044e \u0441\u0438\u043b\u0443 \u041a\u0440\u0430\u0441\u043d\u043e\u0433\u043e \u0420\u0443\u0431\u0438\u043d\u0430! \u0421 \u0433\u043b\u0443\u0431\u043e\u043a\u043e\u0439 \u0434\u0440\u0435\u0432\u043d\u043e\u0441\u0442\u0438 \u0440\u0443\u0431\u0438\u043d \u043f\u043e\u0447\u0438\u0442\u0430\u043b\u0441\u044f \u043d\u0435 \u0442\u043e\u043b\u044c\u043a\u043e \u043a\u0430\u043a \u0434\u0440\u0430\u0433\u043e\u0446\u0435\u043d\u043d\u044b\u0439 \u043a\u0430\u043c\u0435\u043d\u044c, \u043d\u043e \u0438 \u043a\u0430\u043a \u0438\u0441\u0442\u043e\u0447\u043d\u0438\u043a \u0436\u0438\u0437\u043d\u0435\u043d\u043d\u043e\u0439 \u0441\u0438\u043b\u044b. \u0412 \u044d\u043f\u043e\u0445\u0443 \u041e\u0441\u043c\u0430\u043d\u0441\u043a\u043e\u0439 \u0438\u043c\u043f\u0435\u0440\u0438\u0438 \u0434\u043b\u044f \u043f\u0430\u0434\u0438\u0448\u0430\u0445\u043e\u0432 \u0433\u043e\u0442\u043e\u0432\u0438\u043b\u0438 \u043e\u0441\u043e\u0431\u044b\u0435 \u0443\u043a\u0440\u0435\u043f\u043b\u044f\u044e\u0449\u0438\u0435 \u0441\u043d\u0430\u0434\u043e\u0431\u044c\u044f \u0441 \u0440\u0443\u0431\u0438\u043d\u043e\u0432\u043e\u0439 \u043f\u0443\u0434\u0440\u043e\u0439, \u0430 \u0435\u0432\u0440\u043e\u043f\u0435\u0439\u0441\u043a\u0430\u044f \u0437\u043d\u0430\u0442\u044c \u0438\u0441\u043f\u043e\u043b\u044c\u0437\u043e\u0432\u0430\u043b\u0430 \u0435\u0451 \u043a\u0430\u043a \u043c\u043e\u0449\u043d\u043e\u0435 \u0441\u0440\u0435\u0434\u0441\u0442\u0432\u043e \u0437\u0430\u0449\u0438\u0442\u044b \u043e\u0440\u0433\u0430\u043d\u0438\u0437\u043c\u0430 \u0432 \u043f\u0435\u0440\u0438\u043e\u0434\u044b \u044d\u043f\u0438\u0434\u0435\u043c\u0438\u0439. \u0421\u0447\u0438\u0442\u0430\u0435\u0442\u0441\u044f, \u0447\u0442\u043e \u044d\u0442\u043e\u0442 \u0431\u043b\u0430\u0433\u043e\u0440\u043e\u0434\u043d\u044b\u0439 \u043a\u0430\u043c\u0435\u043d\u044c \u043f\u043e\u043c\u043e\u0433\u0430\u0435\u0442 \u0441\u043f\u0440\u0430\u0432\u0438\u0442\u044c\u0441\u044f \u0441 \u043f\u0435\u0447\u0430\u043b\u044c\u044e \u0438 \u0442\u0440\u0435\u0432\u043e\u0433\u0430\u043c\u0438, \u0434\u0430\u0440\u0443\u044f \u0432\u043d\u0443\u0442\u0440\u0435\u043d\u043d\u0438\u0439 \u043f\u043e\u043a\u043e\u0439. \u0412 \u0438\u0441\u0442\u043e\u0440\u0438\u0438 \u0441\u043e\u0445\u0440\u0430\u043d\u0438\u043b\u0438\u0441\u044c \u0443\u043f\u043e\u043c\u0438\u043d\u0430\u043d\u0438\u044f \u043e\u0431 \u0438\u0437\u044b\u0441\u043a\u0430\u043d\u043d\u043e\u043c \u043d\u0430\u043f\u0438\u0442\u043a\u0435 \u00ab\u042f\u043a\u0443\u0442-\u0438 \u041c\u044e\u0444\u0435\u0440\u0440\u0438\u00bb (\u0420\u0430\u0434\u043e\u0441\u0442\u044c \u0420\u0443\u0431\u0438\u043d\u0430) - \u0434\u0440\u0430\u0433\u043e\u0446\u0435\u043d\u043d\u043e\u043c \u0449\u0435\u0440\u0431\u0435\u0442\u0435, \u043a\u043e\u0442\u043e\u0440\u044b\u0439 \u0434\u0430\u0440\u0438\u043b \u0441\u0435\u0440\u0434\u0446\u0443 \u043b\u0435\u0433\u043a\u043e\u0441\u0442\u044c, \u0443\u0442\u043e\u043b\u044f\u043b \u0436\u0430\u0436\u0434\u0443, \u043d\u0430\u043f\u043e\u043b\u043d\u044f\u043b \u0442\u0435\u043b\u043e\u043c \u044d\u043d\u0435\u0440\u0433\u0438\u0435\u0439 \u0438 \u043e\u0447\u0438\u0449\u0430\u043b \u043a\u0440\u043e\u0432\u044c.  \u041f\u043e\u043b\u044c\u0437\u0430 \u043a\u0440\u0430\u0441\u043d\u043e\u0433\u043e \u0440\u0443\u0431\u0438\u043d\u0430 \u043f\u043e\u0438\u0441\u0442\u0438\u043d\u0435 \u043c\u043d\u043e\u0433\u043e\u0433\u0440\u0430\u043d\u043d\u0430: \u043e\u043d \u0441\u043f\u043e\u0441\u043e\u0431\u0441\u0442\u0432\u0443\u0435\u0442 \u0432\u044b\u0432\u0435\u0434\u0435\u043d\u0438\u044e \u0442\u043e\u043a\u0441\u0438\u043d\u043e\u0432, \u0431\u043b\u0430\u0433\u043e\u0442\u0432\u043e\u0440\u043d\u043e \u0432\u043b\u0438\u044f\u0435\u0442 \u043d\u0430 \u0437\u0440\u0435\u043d\u0438\u0435, \u0443\u043a\u0440\u0435\u043f\u043b\u044f\u0435\u0442 \u0441\u043e\u0441\u0443\u0434\u044b \u0438 \u043f\u043e\u0434\u0434\u0435\u0440\u0436\u0438\u0432\u0430\u0435\u0442 \u0438\u043c\u043c\u0443\u043d\u043d\u0443\u044e \u0441\u0438\u0441\u0442\u0435\u043c\u0443. \u041c\u044b \u043e\u0431\u044a\u0435\u0434\u0438\u043d\u0438\u043b\u0438 \u0434\u0440\u0435\u0432\u043d\u0438\u0435 \u0442\u0440\u0430\u0434\u0438\u0446\u0438\u0438 \u0441 \u0441\u0438\u043b\u043e\u0439 \u043d\u0430\u0448\u0435\u0433\u043e \u043e\u043b\u0438\u0432\u043a\u043e\u0432\u043e\u0433\u043e \u043c\u0430\u0441\u043b\u0430. \u0414\u043b\u044f \u044d\u0442\u043e\u0439 \u0441\u0435\u0440\u0438\u0438 \u043c\u044b \u043e\u0442\u043e\u0431\u0440\u0430\u043b\u0438 \u043c\u0430\u0441\u043b\u043e \u0441 \u043c\u0430\u043a\u0441\u0438\u043c\u0430\u043b\u044c\u043d\u043e \u0432\u044b\u0441\u043e\u043a\u0438\u043c \u0441\u043e\u0434\u0435\u0440\u0436\u0430\u043d\u0438\u0435\u043c \u043e\u043b\u0435\u043e\u043a\u0430\u043d\u0442\u0430\u043b\u0430, \u043e\u043b\u0435\u0430\u0446\u0438\u043d\u0430 \u0438 \u043f\u043e\u043b\u0438\u0444\u0435\u043d\u043e\u043b\u043e\u0432, \u0434\u043e\u043f\u043e\u043b\u043d\u0438\u0432 \u0435\u0433\u043e \u0447\u0438\u0441\u0442\u0435\u0439\u0448\u0435\u0439 \u0440\u0443\u0431\u0438\u043d\u043e\u0432\u043e\u0439 \u043f\u0443\u0434\u0440\u043e\u0439. \u042d\u0442\u043e \u0441\u043e\u0447\u0435\u0442\u0430\u043d\u0438\u0435 \u0432\u044b\u0432\u043e\u0434\u0438\u0442 \u043f\u043e\u043d\u044f\u0442\u0438\u0435 \u00ab\u043f\u043e\u043b\u0435\u0437\u043d\u044b\u0439 \u043f\u0440\u043e\u0434\u0443\u043a\u0442\u00bb \u043d\u0430 \u043d\u043e\u0432\u044b\u0439 \u0443\u0440\u043e\u0432\u0435\u043d\u044c. \u0417\u0430\u0449\u0438\u0442\u0438\u0442\u0435 \u0441\u0432\u043e\u0435 \u0437\u0434\u043e\u0440\u043e\u0432\u044c\u0435, \u0443\u043a\u0440\u0435\u043f\u0438\u0442\u0435 \u0432\u043d\u0443\u0442\u0440\u0435\u043d\u043d\u0438\u0435 \u0441\u0438\u043b\u044b \u0438 \u043d\u0430\u043f\u043e\u043b\u043d\u0438\u0442\u0435 \u0436\u0438\u0437\u043d\u044c \u044d\u043d\u0435\u0440\u0433\u0438\u0435\u0439!<\/p>\n<p>\u041f\u0440\u0438\u043a\u043e\u0441\u043d\u0438\u0442\u0435\u0441\u044c \u043a \u044d\u0442\u043e\u043c\u0443 \u0438\u0441\u0442\u0438\u043d\u043d\u043e\u043c\u0443 \u0447\u0443\u0434\u0443 \u0438 \u043f\u043e\u0447\u0443\u0432\u0441\u0442\u0432\u0443\u0439\u0442\u0435 \u0440\u0430\u0437\u043d\u0438\u0446\u0443 \u0432 \u043a\u0430\u0436\u0434\u043e\u043c \u043c\u0433\u043d\u043e\u0432\u0435\u043d\u0438\u0438.<\/p>","protected":false},"excerpt":{"rendered":"<p>K\u0131z\u0131l Yakutun \u015eifal\u0131 G\u00fcc\u00fc ile Tan\u0131\u015f\u0131n! Osmanl\u0131 d\u00f6neminde padi\u015fahlar i\u00e7in yakut tozu i\u00e7eren macunlar haz\u0131rlanm\u0131\u015f, Avrupa\u2019daki zenginler ve ekabirler ise salg\u0131n hastal\u0131klara kar\u015f\u0131 hayatta kalmak i\u00e7in yakut tozunu t\u00fcketmi\u015flerdir. Bu de\u011ferli ta\u015f\u0131n, kederi ve s\u0131k\u0131nt\u0131y\u0131 giderdi\u011fi de bilinmektedir. Tarihte yakut, y\u00fcre\u011fe ferahl\u0131k verdi\u011fi i\u00e7in \u201cYakut-\u0131 M\u00fcferri\u201d ad\u0131nda pahal\u0131 bir \u015ferbetin yap\u0131m\u0131nda kullan\u0131lm\u0131\u015ft\u0131r. Ayr\u0131ca susuzlu\u011fu giderir,&#8230;<\/p>","protected":false},"featured_media":3790,"comment_status":"open","ping_status":"closed","template":"","meta":[],"product_cat":[15,19],"product_tag":[],"class_list":{"0":"post-3444","1":"product","2":"type-product","3":"status-publish","4":"has-post-thumbnail","6":"product_cat-genel","7":"product_cat-naturel-sizma-zeytinyagi","9":"first","10":"instock","11":"taxable","12":"shipping-taxable","13":"purchasable","14":"product-type-simple"},"yoast_head":"<!-- This site is optimized with the Yoast SEO plugin v23.8 - https:\/\/yoast.com\/wordpress\/plugins\/seo\/ -->\n<title>\u015eifa Serisi Yakut Tozlu Zeytinya\u011f\u0131 250ml - Buta Assos<\/title>\n<meta name=\"robots\" content=\"index, follow, max-snippet:-1, max-image-preview:large, max-video-preview:-1\" \/>\n<link rel=\"canonical\" href=\"https:\/\/butaassos.com.tr\/ru\/product\/sifa-serisi-yakut-tozlu-zeytinyagi-250ml\/\" \/>\n<meta property=\"og:locale\" content=\"ru_RU\" \/>\n<meta property=\"og:type\" content=\"article\" \/>\n<meta property=\"og:title\" content=\"\u015eifa Serisi Yakut Tozlu Zeytinya\u011f\u0131 250ml - Buta Assos\" \/>\n<meta property=\"og:description\" content=\"K\u0131z\u0131l Yakutun \u015eifal\u0131 G\u00fcc\u00fc ile Tan\u0131\u015f\u0131n! Osmanl\u0131 d\u00f6neminde padi\u015fahlar i\u00e7in yakut tozu i\u00e7eren macunlar haz\u0131rlanm\u0131\u015f, Avrupa\u2019daki zenginler ve ekabirler ise salg\u0131n hastal\u0131klara kar\u015f\u0131 hayatta kalmak i\u00e7in yakut tozunu t\u00fcketmi\u015flerdir. Bu de\u011ferli ta\u015f\u0131n, kederi ve s\u0131k\u0131nt\u0131y\u0131 giderdi\u011fi de bilinmektedir. Tarihte yakut, y\u00fcre\u011fe ferahl\u0131k verdi\u011fi i\u00e7in \u201cYakut-\u0131 M\u00fcferri\u201d ad\u0131nda pahal\u0131 bir \u015ferbetin yap\u0131m\u0131nda kullan\u0131lm\u0131\u015ft\u0131r. Ayr\u0131ca susuzlu\u011fu giderir,...\" \/>\n<meta property=\"og:url\" content=\"https:\/\/butaassos.com.tr\/ru\/product\/sifa-serisi-yakut-tozlu-zeytinyagi-250ml\/\" \/>\n<meta property=\"og:site_name\" content=\"Buta Assos\" \/>\n<meta property=\"article:modified_time\" content=\"2025-12-30T07:07:17+00:00\" \/>\n<meta property=\"og:image\" content=\"https:\/\/butaassos.com.tr\/wp-content\/uploads\/2025\/08\/Sifa-Serisi-Kirmizi-Yakut-scaled.jpg\" \/>\n\t<meta property=\"og:image:width\" content=\"1678\" \/>\n\t<meta property=\"og:image:height\" content=\"2560\" \/>\n\t<meta property=\"og:image:type\" content=\"image\/jpeg\" \/>\n<meta name=\"twitter:card\" content=\"summary_large_image\" \/>\n<meta name=\"twitter:label1\" content=\"Est. reading time\" \/>\n\t<meta name=\"twitter:data1\" content=\"1 \u043c\u0438\u043d\u0443\u0442\u0430\" \/>\n<script type=\"application\/ld+json\" class=\"yoast-schema-graph\">{\"@context\":\"https:\/\/schema.org\",\"@graph\":[{\"@type\":\"WebPage\",\"@id\":\"https:\/\/butaassos.com.tr\/urun\/sifa-serisi-yakut-tozlu-zeytinyagi-250ml\/\",\"url\":\"https:\/\/butaassos.com.tr\/urun\/sifa-serisi-yakut-tozlu-zeytinyagi-250ml\/\",\"name\":\"\u015eifa Serisi Yakut Tozlu Zeytinya\u011f\u0131 250ml - Buta Assos\",\"isPartOf\":{\"@id\":\"https:\/\/butaassos.com.tr\/#website\"},\"primaryImageOfPage\":{\"@id\":\"https:\/\/butaassos.com.tr\/urun\/sifa-serisi-yakut-tozlu-zeytinyagi-250ml\/#primaryimage\"},\"image\":{\"@id\":\"https:\/\/butaassos.com.tr\/urun\/sifa-serisi-yakut-tozlu-zeytinyagi-250ml\/#primaryimage\"},\"thumbnailUrl\":\"https:\/\/butaassos.com.tr\/wp-content\/uploads\/2025\/08\/Sifa-Serisi-Kirmizi-Yakut-scaled.jpg\",\"datePublished\":\"2025-08-15T08:51:27+00:00\",\"dateModified\":\"2025-12-30T07:07:17+00:00\",\"breadcrumb\":{\"@id\":\"https:\/\/butaassos.com.tr\/urun\/sifa-serisi-yakut-tozlu-zeytinyagi-250ml\/#breadcrumb\"},\"inLanguage\":\"ru-RU\",\"potentialAction\":[{\"@type\":\"ReadAction\",\"target\":[\"https:\/\/butaassos.com.tr\/urun\/sifa-serisi-yakut-tozlu-zeytinyagi-250ml\/\"]}]},{\"@type\":\"ImageObject\",\"inLanguage\":\"ru-RU\",\"@id\":\"https:\/\/butaassos.com.tr\/urun\/sifa-serisi-yakut-tozlu-zeytinyagi-250ml\/#primaryimage\",\"url\":\"https:\/\/butaassos.com.tr\/wp-content\/uploads\/2025\/08\/Sifa-Serisi-Kirmizi-Yakut-scaled.jpg\",\"contentUrl\":\"https:\/\/butaassos.com.tr\/wp-content\/uploads\/2025\/08\/Sifa-Serisi-Kirmizi-Yakut-scaled.jpg\",\"width\":1678,\"height\":2560},{\"@type\":\"BreadcrumbList\",\"@id\":\"https:\/\/butaassos.com.tr\/urun\/sifa-serisi-yakut-tozlu-zeytinyagi-250ml\/#breadcrumb\",\"itemListElement\":[{\"@type\":\"ListItem\",\"position\":1,\"name\":\"Anasayfa\",\"item\":\"https:\/\/butaassos.com.tr\/\"},{\"@type\":\"ListItem\",\"position\":2,\"name\":\"Shop\",\"item\":\"https:\/\/butaassos.com.tr\/shop\/\"},{\"@type\":\"ListItem\",\"position\":3,\"name\":\"\u015eifa Serisi Yakut Tozlu Zeytinya\u011f\u0131 250ml\"}]},{\"@type\":\"WebSite\",\"@id\":\"https:\/\/butaassos.com.tr\/#website\",\"url\":\"https:\/\/butaassos.com.tr\/\",\"name\":\"Buta Assos\",\"description\":\"\",\"publisher\":{\"@id\":\"https:\/\/butaassos.com.tr\/#organization\"},\"potentialAction\":[{\"@type\":\"SearchAction\",\"target\":{\"@type\":\"EntryPoint\",\"urlTemplate\":\"https:\/\/butaassos.com.tr\/?s={search_term_string}\"},\"query-input\":{\"@type\":\"PropertyValueSpecification\",\"valueRequired\":true,\"valueName\":\"search_term_string\"}}],\"inLanguage\":\"ru-RU\"},{\"@type\":\"Organization\",\"@id\":\"https:\/\/butaassos.com.tr\/#organization\",\"name\":\"Buta Assos\",\"url\":\"https:\/\/butaassos.com.tr\/\",\"logo\":{\"@type\":\"ImageObject\",\"inLanguage\":\"ru-RU\",\"@id\":\"https:\/\/butaassos.com.tr\/#\/schema\/logo\/image\/\",\"url\":\"https:\/\/butaassos.com.tr\/wp-content\/uploads\/2024\/01\/butaassosicon.png\",\"contentUrl\":\"https:\/\/butaassos.com.tr\/wp-content\/uploads\/2024\/01\/butaassosicon.png\",\"width\":512,\"height\":512,\"caption\":\"Buta Assos\"},\"image\":{\"@id\":\"https:\/\/butaassos.com.tr\/#\/schema\/logo\/image\/\"}}]}<\/script>\n<!-- \/ Yoast SEO plugin. -->","yoast_head_json":{"title":"\u015eifa Serisi Yakut Tozlu Zeytinya\u011f\u0131 250ml - Buta Assos","robots":{"index":"index","follow":"follow","max-snippet":"max-snippet:-1","max-image-preview":"max-image-preview:large","max-video-preview":"max-video-preview:-1"},"canonical":"https:\/\/butaassos.com.tr\/ru\/product\/sifa-serisi-yakut-tozlu-zeytinyagi-250ml\/","og_locale":"ru_RU","og_type":"article","og_title":"\u015eifa Serisi Yakut Tozlu Zeytinya\u011f\u0131 250ml - Buta Assos","og_description":"K\u0131z\u0131l Yakutun \u015eifal\u0131 G\u00fcc\u00fc ile Tan\u0131\u015f\u0131n! Osmanl\u0131 d\u00f6neminde padi\u015fahlar i\u00e7in yakut tozu i\u00e7eren macunlar haz\u0131rlanm\u0131\u015f, Avrupa\u2019daki zenginler ve ekabirler ise salg\u0131n hastal\u0131klara kar\u015f\u0131 hayatta kalmak i\u00e7in yakut tozunu t\u00fcketmi\u015flerdir. Bu de\u011ferli ta\u015f\u0131n, kederi ve s\u0131k\u0131nt\u0131y\u0131 giderdi\u011fi de bilinmektedir. Tarihte yakut, y\u00fcre\u011fe ferahl\u0131k verdi\u011fi i\u00e7in \u201cYakut-\u0131 M\u00fcferri\u201d ad\u0131nda pahal\u0131 bir \u015ferbetin yap\u0131m\u0131nda kullan\u0131lm\u0131\u015ft\u0131r. Ayr\u0131ca susuzlu\u011fu giderir,...","og_url":"https:\/\/butaassos.com.tr\/ru\/product\/sifa-serisi-yakut-tozlu-zeytinyagi-250ml\/","og_site_name":"Buta Assos","article_modified_time":"2025-12-30T07:07:17+00:00","og_image":[{"width":1678,"height":2560,"url":"https:\/\/butaassos.com.tr\/wp-content\/uploads\/2025\/08\/Sifa-Serisi-Kirmizi-Yakut-scaled.jpg","type":"image\/jpeg"}],"twitter_card":"summary_large_image","twitter_misc":{"Est. reading time":"1 \u043c\u0438\u043d\u0443\u0442\u0430"},"schema":{"@context":"https:\/\/schema.org","@graph":[{"@type":"WebPage","@id":"https:\/\/butaassos.com.tr\/urun\/sifa-serisi-yakut-tozlu-zeytinyagi-250ml\/","url":"https:\/\/butaassos.com.tr\/urun\/sifa-serisi-yakut-tozlu-zeytinyagi-250ml\/","name":"\u015eifa Serisi Yakut Tozlu Zeytinya\u011f\u0131 250ml - Buta Assos","isPartOf":{"@id":"https:\/\/butaassos.com.tr\/#website"},"primaryImageOfPage":{"@id":"https:\/\/butaassos.com.tr\/urun\/sifa-serisi-yakut-tozlu-zeytinyagi-250ml\/#primaryimage"},"image":{"@id":"https:\/\/butaassos.com.tr\/urun\/sifa-serisi-yakut-tozlu-zeytinyagi-250ml\/#primaryimage"},"thumbnailUrl":"https:\/\/butaassos.com.tr\/wp-content\/uploads\/2025\/08\/Sifa-Serisi-Kirmizi-Yakut-scaled.jpg","datePublished":"2025-08-15T08:51:27+00:00","dateModified":"2025-12-30T07:07:17+00:00","breadcrumb":{"@id":"https:\/\/butaassos.com.tr\/urun\/sifa-serisi-yakut-tozlu-zeytinyagi-250ml\/#breadcrumb"},"inLanguage":"ru-RU","potentialAction":[{"@type":"ReadAction","target":["https:\/\/butaassos.com.tr\/urun\/sifa-serisi-yakut-tozlu-zeytinyagi-250ml\/"]}]},{"@type":"ImageObject","inLanguage":"ru-RU","@id":"https:\/\/butaassos.com.tr\/urun\/sifa-serisi-yakut-tozlu-zeytinyagi-250ml\/#primaryimage","url":"https:\/\/butaassos.com.tr\/wp-content\/uploads\/2025\/08\/Sifa-Serisi-Kirmizi-Yakut-scaled.jpg","contentUrl":"https:\/\/butaassos.com.tr\/wp-content\/uploads\/2025\/08\/Sifa-Serisi-Kirmizi-Yakut-scaled.jpg","width":1678,"height":2560},{"@type":"BreadcrumbList","@id":"https:\/\/butaassos.com.tr\/urun\/sifa-serisi-yakut-tozlu-zeytinyagi-250ml\/#breadcrumb","itemListElement":[{"@type":"ListItem","position":1,"name":"Anasayfa","item":"https:\/\/butaassos.com.tr\/"},{"@type":"ListItem","position":2,"name":"Shop","item":"https:\/\/butaassos.com.tr\/shop\/"},{"@type":"ListItem","position":3,"name":"\u015eifa Serisi Yakut Tozlu Zeytinya\u011f\u0131 250ml"}]},{"@type":"WebSite","@id":"https:\/\/butaassos.com.tr\/#website","url":"https:\/\/butaassos.com.tr\/","name":"Buta Assos","description":"","publisher":{"@id":"https:\/\/butaassos.com.tr\/#organization"},"potentialAction":[{"@type":"SearchAction","target":{"@type":"EntryPoint","urlTemplate":"https:\/\/butaassos.com.tr\/?s={search_term_string}"},"query-input":{"@type":"PropertyValueSpecification","valueRequired":true,"valueName":"search_term_string"}}],"inLanguage":"ru-RU"},{"@type":"Organization","@id":"https:\/\/butaassos.com.tr\/#organization","name":"Buta Assos","url":"https:\/\/butaassos.com.tr\/","logo":{"@type":"ImageObject","inLanguage":"ru-RU","@id":"https:\/\/butaassos.com.tr\/#\/schema\/logo\/image\/","url":"https:\/\/butaassos.com.tr\/wp-content\/uploads\/2024\/01\/butaassosicon.png","contentUrl":"https:\/\/butaassos.com.tr\/wp-content\/uploads\/2024\/01\/butaassosicon.png","width":512,"height":512,"caption":"Buta Assos"},"image":{"@id":"https:\/\/butaassos.com.tr\/#\/schema\/logo\/image\/"}}]}},"_links":{"self":[{"href":"https:\/\/butaassos.com.tr\/ru\/wp-json\/wp\/v2\/product\/3444","targetHints":{"allow":["GET"]}}],"collection":[{"href":"https:\/\/butaassos.com.tr\/ru\/wp-json\/wp\/v2\/product"}],"about":[{"href":"https:\/\/butaassos.com.tr\/ru\/wp-json\/wp\/v2\/types\/product"}],"replies":[{"embeddable":true,"href":"https:\/\/butaassos.com.tr\/ru\/wp-json\/wp\/v2\/comments?post=3444"}],"wp:featuredmedia":[{"embeddable":true,"href":"https:\/\/butaassos.com.tr\/ru\/wp-json\/wp\/v2\/media\/3790"}],"wp:attachment":[{"href":"https:\/\/butaassos.com.tr\/ru\/wp-json\/wp\/v2\/media?parent=3444"}],"wp:term":[{"taxonomy":"product_cat","embeddable":true,"href":"https:\/\/butaassos.com.tr\/ru\/wp-json\/wp\/v2\/product_cat?post=3444"},{"taxonomy":"product_tag","embeddable":true,"href":"https:\/\/butaassos.com.tr\/ru\/wp-json\/wp\/v2\/product_tag?post=3444"}],"curies":[{"name":"wp","href":"https:\/\/api.w.org\/{rel}","templated":true}]}}