{"id":281,"date":"2023-12-27T15:24:15","date_gmt":"2023-12-27T12:24:15","guid":{"rendered":"https:\/\/butaassos.com\/?post_type=product&#038;p=281"},"modified":"2026-04-17T14:28:22","modified_gmt":"2026-04-17T11:28:22","slug":"assos-polifenol-premium-250ml","status":"publish","type":"product","link":"https:\/\/butaassos.com.tr\/ru\/product\/assos-polifenol-premium-250ml\/","title":{"rendered":"Assos Polifenol Premium <br> \u041d\u041e\u0412\u042b\u0419 \u0421\u0415\u0417\u041e\u041d 2025-26, 250 \u043c\u043b"},"content":{"rendered":"<div class=\"product-description-container\" style=\"display: flex; gap: 10px; justify-content: space-between;\">\n<div>\n<p><strong>\u0412\u0430\u0448\u0430 \u043f\u0440\u0438\u0440\u043e\u0434\u043d\u0430\u044f \u0437\u0430\u0449\u0438\u0442\u0430!<\/strong><br \/>\n<strong>\u041f\u043e\u0447\u0435\u043c\u0443 \u0441\u0442\u043e\u0438\u0442 \u0432\u044b\u0431\u0440\u0430\u0442\u044c \u043e\u043b\u0438\u0432\u043a\u043e\u0432\u043e\u0435 \u043c\u0430\u0441\u043b\u043e Buta Assos Premium Polifenol? <\/strong><\/p>\n<p>\u041e\u043b\u0438\u0432\u0430 - \u043e\u0434\u043d\u043e \u0438\u0437 \u0441\u0430\u043c\u044b\u0445 \u0434\u0440\u0430\u0433\u043e\u0446\u0435\u043d\u043d\u044b\u0445 \u0441\u043e\u043a\u0440\u043e\u0432\u0438\u0449, \u043f\u043e\u0434\u0430\u0440\u0435\u043d\u043d\u044b\u0445 \u043d\u0430\u043c \u043f\u0440\u0438\u0440\u043e\u0434\u043e\u0439. \u0411\u043b\u0430\u0433\u043e\u0434\u0430\u0440\u044f \u0432\u044b\u0441\u043e\u043a\u043e\u043c\u0443 \u0441\u043e\u0434\u0435\u0440\u0436\u0430\u043d\u0438\u044e \u043f\u043e\u043b\u0438\u0444\u0435\u043d\u043e\u043b\u043e\u0432, \u043d\u0430\u0448\u0435 \u043c\u0430\u0441\u043b\u043e - \u044d\u0442\u043e \u043d\u0435 \u043f\u0440\u043e\u0441\u0442\u043e \u043f\u0440\u043e\u0434\u0443\u043a\u0442 \u043f\u0438\u0442\u0430\u043d\u0438\u044f, \u0430 \u043d\u0430\u0441\u0442\u043e\u044f\u0449\u0438\u0439 \u044d\u043b\u0438\u043a\u0441\u0438\u0440 \u0437\u0434\u043e\u0440\u043e\u0432\u044c\u044f.<\/p>\n<p><strong>\u041c\u044b \u0432\u043e\u043f\u043b\u043e\u0442\u0438\u043b\u0438 \u0438\u0441\u0446\u0435\u043b\u044f\u044e\u0449\u0443\u044e \u0441\u0438\u043b\u0443 \u043f\u0440\u0438\u0440\u043e\u0434\u044b \u0432 \u043a\u0430\u0436\u0434\u043e\u0439 \u0435\u0433\u043e \u043a\u0430\u043f\u043b\u0435.<\/strong><\/p>\n<p><strong>\u0427\u0442\u043e \u0442\u0430\u043a\u043e\u0435 \u043f\u043e\u043b\u0438\u0444\u0435\u043d\u043e\u043b\u044b \u0438 \u043f\u043e\u0447\u0435\u043c\u0443 \u043e\u043d\u0438 \u0432\u0430\u0436\u043d\u044b?<\/strong><\/p>\n<p>\u041f\u043e\u043b\u0438\u0444\u0435\u043d\u043e\u043b\u044b - \u044d\u0442\u043e \u0435\u0441\u0442\u0435\u0441\u0442\u0432\u0435\u043d\u043d\u044b\u0439 \u043c\u0435\u0445\u0430\u043d\u0438\u0437\u043c \u0437\u0430\u0449\u0438\u0442\u044b \u0440\u0430\u0441\u0442\u0435\u043d\u0438\u0439, \u043a\u043e\u0442\u043e\u0440\u044b\u0439 \u043f\u0440\u0438\u043d\u043e\u0441\u0438\u0442 \u043d\u0435\u043e\u0446\u0435\u043d\u0438\u043c\u0443\u044e \u043f\u043e\u043b\u044c\u0437\u0443 \u0447\u0435\u043b\u043e\u0432\u0435\u0447\u0435\u0441\u043a\u043e\u043c\u0443 \u043e\u0440\u0433\u0430\u043d\u0438\u0437\u043c\u0443. \u0412 \u043f\u043b\u043e\u0434\u0430\u0445 \u00ab\u0431\u0435\u0441\u0441\u043c\u0435\u0440\u0442\u043d\u043e\u0433\u043e \u0434\u0435\u0440\u0435\u0432\u0430\u00bb \u0443\u0440\u043e\u0432\u0435\u043d\u044c \u043f\u043e\u043b\u0438\u0444\u0435\u043d\u043e\u043b\u043e\u0432 \u0434\u043e\u0441\u0442\u0438\u0433\u0430\u0435\u0442 \u0441\u0432\u043e\u0435\u0433\u043e \u043f\u0438\u043a\u0430 \u0438\u043c\u0435\u043d\u043d\u043e \u0432 \u043f\u0435\u0440\u0438\u043e\u0434 \u0441\u043e\u0437\u0440\u0435\u0432\u0430\u043d\u0438\u044f, \u043a\u043e\u0433\u0434\u0430 \u043e\u043b\u0438\u0432\u0430 \u043d\u0430\u0447\u0438\u043d\u0430\u0435\u0442 \u043c\u0435\u043d\u044f\u0442\u044c \u0446\u0432\u0435\u0442.<\/p>\n<p><strong>\uf0b7 H\u00fccrelerinizi yeniler:<\/strong> \u0430\u043a\u0442\u0438\u0432\u043d\u0430\u044f \u0431\u043e\u0440\u044c\u0431\u0430 \u0441\u043e \u0441\u0432\u043e\u0431\u043e\u0434\u043d\u044b\u043c\u0438 \u0440\u0430\u0434\u0438\u043a\u0430\u043b\u0430\u043c\u0438.<br \/>\n<strong>\uf0b7 V\u00fccudu rahatlat\u0131r<\/strong>\u0441\u043d\u0438\u0436\u0435\u043d\u0438\u0435 \u0432\u043e\u0441\u043f\u0430\u043b\u0438\u0442\u0435\u043b\u044c\u043d\u044b\u0445 \u043f\u0440\u043e\u0446\u0435\u0441\u0441\u043e\u0432 \u0438 \u0433\u0430\u0440\u043c\u043e\u043d\u0438\u0437\u0430\u0446\u0438\u044f \u0444\u0443\u043d\u043a\u0446\u0438\u0439 \u043e\u0440\u0433\u0430\u043d\u0438\u0437\u043c\u0430.<br \/>\n<strong>\uf0b7 Gen\u00e7li\u011fi korur:<\/strong> \u0437\u0430\u043c\u0435\u0434\u043b\u0435\u043d\u0438\u0435 \u043f\u0440\u043e\u0446\u0435\u0441\u0441\u043e\u0432 \u0441\u0442\u0430\u0440\u0435\u043d\u0438\u044f \u0438 \u043f\u0440\u0438\u043b\u0438\u0432 \u0436\u0438\u0437\u043d\u0435\u043d\u043d\u044b\u0445 \u0441\u0438\u043b.<br \/>\n<strong>\uf0b7 Kalbinize dosttur:<\/strong> \u0437\u0430\u0449\u0438\u0442\u0430 \u0441\u043e\u0441\u0443\u0434\u043e\u0432 \u0438 \u043f\u043e\u0434\u0434\u0435\u0440\u0436\u0430\u043d\u0438\u0435 \u0437\u0434\u043e\u0440\u043e\u0432\u043e\u0433\u043e \u0441\u0435\u0440\u0434\u0435\u0447\u043d\u043e\u0433\u043e \u0440\u0438\u0442\u043c\u0430.<\/p>\n<p><strong>\u00ab\u0412 \u043a\u0430\u0436\u0434\u043e\u0439 \u043a\u0430\u043f\u043b\u0435 - \u0438\u0441\u043a\u0440\u0435\u043d\u043d\u044f\u044f \u0437\u0430\u0431\u043e\u0442\u0430 \u043e \u0432\u0430\u0448\u0435\u043c \u0437\u0434\u043e\u0440\u043e\u0432\u044c\u0435!\u00bb<\/strong><\/p>\n<p><strong>\u041f\u043e\u043b\u044c\u0437\u0430 Assos Polifenol Premium \u0434\u043b\u044f \u0432\u0430\u0448\u0435\u0433\u043e \u043e\u0440\u0433\u0430\u043d\u0438\u0437\u043c\u0430:<\/strong><br \/>\n\u0412\u044b\u0441\u043e\u043a\u0430\u044f \u043a\u043e\u043d\u0446\u0435\u043d\u0442\u0440\u0430\u0446\u0438\u044f \u043f\u043e\u043b\u0438\u0444\u0435\u043d\u043e\u043b\u043e\u0432 \u043f\u0440\u0435\u0432\u0440\u0430\u0449\u0430\u0435\u0442 \u044d\u0442\u043e \u043c\u0430\u0441\u043b\u043e \u0432 \u043c\u043e\u0449\u043d\u043e\u0435 <strong>\u0441\u0440\u0435\u0434\u0441\u0442\u0432\u043e \u043f\u043e\u0434\u0434\u0435\u0440\u0436\u043a\u0438:<\/strong><br \/>\n<strong>\u2714 \u0417\u0434\u043e\u0440\u043e\u0432\u044c\u0435 \u0441\u0435\u0440\u0434\u0446\u0430:<\/strong>\u043f\u043e\u043c\u043e\u0433\u0430\u0435\u0442 \u0441\u0431\u0430\u043b\u0430\u043d\u0441\u0438\u0440\u043e\u0432\u0430\u0442\u044c \u0443\u0440\u043e\u0432\u0435\u043d\u044c \u0445\u043e\u043b\u0435\u0441\u0442\u0435\u0440\u0438\u043d\u0430 \u0438 \u0443\u043a\u0440\u0435\u043f\u0438\u0442\u044c \u0441\u0442\u0435\u043d\u043a\u0438 \u0441\u043e\u0441\u0443\u0434\u043e\u0432.<br \/>\n<strong>\u2714 \u041f\u043e\u0434\u0432\u0438\u0436\u043d\u043e\u0441\u0442\u044c \u0441\u0443\u0441\u0442\u0430\u0432\u043e\u0432:<\/strong> \u043f\u043e\u0434\u0434\u0435\u0440\u0436\u0438\u0432\u0430\u0435\u0442 \u0441\u0432\u043e\u0431\u043e\u0434\u0443 \u0434\u0432\u0438\u0436\u0435\u043d\u0438\u0439 \u0438 \u0437\u0434\u043e\u0440\u043e\u0432\u044c\u0435 \u0442\u043a\u0430\u043d\u0435\u0439.<br \/>\n<strong>\u2714 \u041b\u0435\u0433\u043a\u043e\u0435 \u043f\u0438\u0449\u0435\u0432\u0430\u0440\u0435\u043d\u0438\u0435:<\/strong> \u0434\u0430\u0440\u0438\u0442 \u043e\u0449\u0443\u0449\u0435\u043d\u0438\u0435 \u043b\u0435\u0433\u043a\u043e\u0441\u0442\u0438 \u0438 \u043a\u043e\u043c\u0444\u043e\u0440\u0442\u0430 \u043d\u0430 \u0432\u0435\u0441\u044c \u0434\u0435\u043d\u044c.<br \/>\n<strong>\u2714 \u041a\u0440\u0430\u0441\u043e\u0442\u0430 \u0438\u0437\u043d\u0443\u0442\u0440\u0438:<\/strong> \u0436\u0438\u0432\u0430\u044f \u044d\u043d\u0435\u0440\u0433\u0438\u044f \u0434\u043b\u044f \u0441\u0438\u044f\u044e\u0449\u0435\u0439 \u043a\u043e\u0436\u0438, \u043a\u0440\u0435\u043f\u043a\u0438\u0445 \u043d\u043e\u0433\u0442\u0435\u0439 \u0438 \u0437\u0434\u043e\u0440\u043e\u0432\u044b\u0445 \u0432\u043e\u043b\u043e\u0441.<br \/>\n<strong>\u2714 \u042f\u0441\u043d\u043e\u0441\u0442\u044c \u0443\u043c\u0430:<\/strong> \u0437\u0430\u0449\u0438\u0449\u0430\u0435\u0442 \u043f\u0430\u043c\u044f\u0442\u044c \u0438 \u043f\u043e\u0434\u0434\u0435\u0440\u0436\u0438\u0432\u0430\u0435\u0442 \u043a\u043e\u0433\u043d\u0438\u0442\u0438\u0432\u043d\u044b\u0435 \u0444\u0443\u043d\u043a\u0446\u0438\u0438 \u043c\u043e\u0437\u0433\u0430.<\/p>\n<p><strong>\u041d\u0430\u0447\u043d\u0438\u0442\u0435 \u0434\u0435\u043d\u044c \u0441 \u044d\u043d\u0435\u0440\u0433\u0438\u0438!<\/strong><br \/>\n\u0412\u0441\u0435\u0433\u043e \u043e\u0434\u043d\u0430 \u0441\u0442\u043e\u043b\u043e\u0432\u0430\u044f \u043b\u043e\u0436\u043a\u0430 Assos Polifenol Premium \u043a\u0430\u0436\u0434\u043e\u0435 \u0443\u0442\u0440\u043e \u043d\u0430\u043f\u043e\u043b\u043d\u0438\u0442 \u0432\u0430\u0448\u0435 \u0442\u0435\u043b\u043e \u0441\u0438\u043b\u043e\u0439 \u043f\u0440\u0438\u0440\u043e\u0434\u044b. \u041d\u0430\u0448\u0435 \u043c\u0430\u0441\u043b\u043e \u043f\u0440\u0435\u043e\u0431\u0440\u0430\u0437\u0438\u0442 \u0432\u0430\u0448\u0438 \u0431\u043b\u044e\u0434\u0430 \u0441\u0432\u043e\u0438\u043c \u0432\u043a\u0443\u0441\u043e\u043c \u0438 \u0438\u0437\u043c\u0435\u043d\u0438\u0442 \u0432\u0430\u0448\u0443 \u0436\u0438\u0437\u043d\u044c \u0441\u0432\u043e\u0435\u0439 \u043f\u043e\u043b\u044c\u0437\u043e\u0439.<br \/>\n<strong>\u0421\u0434\u0435\u043b\u0430\u0439\u0442\u0435 \u043f\u0435\u0440\u0432\u044b\u0439 \u0448\u0430\u0433 \u043a \u0437\u0434\u043e\u0440\u043e\u0432\u043e\u0439 \u0436\u0438\u0437\u043d\u0438 \u0432\u043c\u0435\u0441\u0442\u0435 \u0441 Assos Polifenol Premium.<\/strong><\/p>\n<p>&nbsp;<\/p>\n<\/div>\n<div style=\"display: flex; flex-direction: column; gap: 10px; align-items: center; justify-content: center;\">\n<p>&nbsp;<\/p>\n<\/div>\n<\/div>\n<div>\n<p>&nbsp;<\/p>\n<\/div>","protected":false},"excerpt":{"rendered":"<p>Sa\u011fl\u0131\u011f\u0131n\u0131z\u0131 Do\u011fan\u0131n G\u00fcc\u00fcyle Koruyun! Neden Buta Assos Premium Polifenol Nat\u00fcrel S\u0131zma Zeytinya\u011f\u0131? Zeytin, do\u011fan\u0131n sundu\u011fu en de\u011ferli hazinelerden biridir. Assos Polifenol Premium, \u00f6zenle se\u00e7ilen zeytinlerden elde edilen y\u00fcksek polifenol i\u00e7eri\u011fiyle s\u0131radan zeytinya\u011flar\u0131ndan \u00e7ok daha fazlas\u0131n\u0131 sunar. Sa\u011fl\u0131\u011f\u0131n\u0131z\u0131 koruyacak, v\u00fccudunuza iyi gelecek bir sa\u011fl\u0131k iksiri! \u201cDo\u011fan\u0131n \u015fifas\u0131n\u0131 damlalara s\u0131\u011fd\u0131rd\u0131k!\u201d Polifenoller nedir ve neden \u00f6nemlidir? Polifenoller, bitkilerin&#8230;<\/p>","protected":false},"featured_media":3058,"comment_status":"open","ping_status":"closed","template":"","meta":[],"product_cat":[15,19],"product_tag":[],"class_list":{"0":"post-281","1":"product","2":"type-product","3":"status-publish","4":"has-post-thumbnail","6":"product_cat-genel","7":"product_cat-naturel-sizma-zeytinyagi","9":"first","10":"instock","11":"taxable","12":"shipping-taxable","13":"purchasable","14":"product-type-simple"},"yoast_head":"<!-- This site is optimized with the Yoast SEO plugin v23.8 - https:\/\/yoast.com\/wordpress\/plugins\/seo\/ -->\n<title>Assos Polifenol Premium  YEN\u0130 SEZON 2025-26 250ml - Buta Assos<\/title>\n<meta name=\"description\" content=\"Prof.Dr M\u00fccahit Taha \u00d6zkaya\u2019n\u0131n b\u00fcy\u00fck bir \u00f6zen ve titizlikle erken hasat so\u011fuk s\u0131k\u0131m zeytinya\u011f\u0131 rezervlerinden elde edilen Assos Polifenol Premium...\" \/>\n<meta name=\"robots\" content=\"index, follow, max-snippet:-1, max-image-preview:large, max-video-preview:-1\" \/>\n<link rel=\"canonical\" href=\"https:\/\/butaassos.com.tr\/ru\/product\/assos-polifenol-premium-250ml\/\" \/>\n<meta property=\"og:locale\" content=\"ru_RU\" \/>\n<meta property=\"og:type\" content=\"article\" \/>\n<meta property=\"og:title\" content=\"Assos Polifenol Premium  YEN\u0130 SEZON 2025-26 250ml - Buta Assos\" \/>\n<meta property=\"og:description\" content=\"Prof.Dr M\u00fccahit Taha \u00d6zkaya\u2019n\u0131n b\u00fcy\u00fck bir \u00f6zen ve titizlikle erken hasat so\u011fuk s\u0131k\u0131m zeytinya\u011f\u0131 rezervlerinden elde edilen Assos Polifenol Premium...\" \/>\n<meta property=\"og:url\" content=\"https:\/\/butaassos.com.tr\/ru\/product\/assos-polifenol-premium-250ml\/\" \/>\n<meta property=\"og:site_name\" content=\"Buta Assos\" \/>\n<meta property=\"article:modified_time\" content=\"2026-04-17T11:28:22+00:00\" \/>\n<meta property=\"og:image\" content=\"https:\/\/butaassos.com.tr\/wp-content\/uploads\/2023\/12\/Assos-Polifenol-Premium-250ml.jpg\" \/>\n\t<meta property=\"og:image:width\" content=\"2000\" \/>\n\t<meta property=\"og:image:height\" content=\"2000\" \/>\n\t<meta property=\"og:image:type\" content=\"image\/jpeg\" \/>\n<meta name=\"twitter:card\" content=\"summary_large_image\" \/>\n<meta name=\"twitter:label1\" content=\"Est. reading time\" \/>\n\t<meta name=\"twitter:data1\" content=\"2 \u043c\u0438\u043d\u0443\u0442\u044b\" \/>\n<script type=\"application\/ld+json\" class=\"yoast-schema-graph\">{\"@context\":\"https:\/\/schema.org\",\"@graph\":[{\"@type\":\"WebPage\",\"@id\":\"https:\/\/butaassos.com.tr\/urun\/assos-polifenol-premium-250ml\/\",\"url\":\"https:\/\/butaassos.com.tr\/urun\/assos-polifenol-premium-250ml\/\",\"name\":\"Assos Polifenol Premium YEN\u0130 SEZON 2025-26 250ml - Buta Assos\",\"isPartOf\":{\"@id\":\"https:\/\/butaassos.com.tr\/#website\"},\"primaryImageOfPage\":{\"@id\":\"https:\/\/butaassos.com.tr\/urun\/assos-polifenol-premium-250ml\/#primaryimage\"},\"image\":{\"@id\":\"https:\/\/butaassos.com.tr\/urun\/assos-polifenol-premium-250ml\/#primaryimage\"},\"thumbnailUrl\":\"https:\/\/butaassos.com.tr\/wp-content\/uploads\/2023\/12\/Assos-Polifenol-Premium-250ml.jpg\",\"datePublished\":\"2023-12-27T12:24:15+00:00\",\"dateModified\":\"2026-04-17T11:28:22+00:00\",\"description\":\"Prof.Dr M\u00fccahit Taha \u00d6zkaya\u2019n\u0131n b\u00fcy\u00fck bir \u00f6zen ve titizlikle erken hasat so\u011fuk s\u0131k\u0131m zeytinya\u011f\u0131 rezervlerinden elde edilen Assos Polifenol Premium...\",\"breadcrumb\":{\"@id\":\"https:\/\/butaassos.com.tr\/urun\/assos-polifenol-premium-250ml\/#breadcrumb\"},\"inLanguage\":\"ru-RU\",\"potentialAction\":[{\"@type\":\"ReadAction\",\"target\":[\"https:\/\/butaassos.com.tr\/urun\/assos-polifenol-premium-250ml\/\"]}]},{\"@type\":\"ImageObject\",\"inLanguage\":\"ru-RU\",\"@id\":\"https:\/\/butaassos.com.tr\/urun\/assos-polifenol-premium-250ml\/#primaryimage\",\"url\":\"https:\/\/butaassos.com.tr\/wp-content\/uploads\/2023\/12\/Assos-Polifenol-Premium-250ml.jpg\",\"contentUrl\":\"https:\/\/butaassos.com.tr\/wp-content\/uploads\/2023\/12\/Assos-Polifenol-Premium-250ml.jpg\",\"width\":2000,\"height\":2000},{\"@type\":\"BreadcrumbList\",\"@id\":\"https:\/\/butaassos.com.tr\/urun\/assos-polifenol-premium-250ml\/#breadcrumb\",\"itemListElement\":[{\"@type\":\"ListItem\",\"position\":1,\"name\":\"Anasayfa\",\"item\":\"https:\/\/butaassos.com.tr\/\"},{\"@type\":\"ListItem\",\"position\":2,\"name\":\"Shop\",\"item\":\"https:\/\/butaassos.com.tr\/shop\/\"},{\"@type\":\"ListItem\",\"position\":3,\"name\":\"Assos Polifenol Premium YEN\u0130 SEZON 2025-26 250ml\"}]},{\"@type\":\"WebSite\",\"@id\":\"https:\/\/butaassos.com.tr\/#website\",\"url\":\"https:\/\/butaassos.com.tr\/\",\"name\":\"Buta Assos\",\"description\":\"\",\"publisher\":{\"@id\":\"https:\/\/butaassos.com.tr\/#organization\"},\"potentialAction\":[{\"@type\":\"SearchAction\",\"target\":{\"@type\":\"EntryPoint\",\"urlTemplate\":\"https:\/\/butaassos.com.tr\/?s={search_term_string}\"},\"query-input\":{\"@type\":\"PropertyValueSpecification\",\"valueRequired\":true,\"valueName\":\"search_term_string\"}}],\"inLanguage\":\"ru-RU\"},{\"@type\":\"Organization\",\"@id\":\"https:\/\/butaassos.com.tr\/#organization\",\"name\":\"Buta Assos\",\"url\":\"https:\/\/butaassos.com.tr\/\",\"logo\":{\"@type\":\"ImageObject\",\"inLanguage\":\"ru-RU\",\"@id\":\"https:\/\/butaassos.com.tr\/#\/schema\/logo\/image\/\",\"url\":\"https:\/\/butaassos.com.tr\/wp-content\/uploads\/2024\/01\/butaassosicon.png\",\"contentUrl\":\"https:\/\/butaassos.com.tr\/wp-content\/uploads\/2024\/01\/butaassosicon.png\",\"width\":512,\"height\":512,\"caption\":\"Buta Assos\"},\"image\":{\"@id\":\"https:\/\/butaassos.com.tr\/#\/schema\/logo\/image\/\"}}]}<\/script>\n<!-- \/ Yoast SEO plugin. -->","yoast_head_json":{"title":"Assos Polifenol Premium  YEN\u0130 SEZON 2025-26 250ml - Buta Assos","description":"Prof.Dr M\u00fccahit Taha \u00d6zkaya\u2019n\u0131n b\u00fcy\u00fck bir \u00f6zen ve titizlikle erken hasat so\u011fuk s\u0131k\u0131m zeytinya\u011f\u0131 rezervlerinden elde edilen Assos Polifenol Premium...","robots":{"index":"index","follow":"follow","max-snippet":"max-snippet:-1","max-image-preview":"max-image-preview:large","max-video-preview":"max-video-preview:-1"},"canonical":"https:\/\/butaassos.com.tr\/ru\/product\/assos-polifenol-premium-250ml\/","og_locale":"ru_RU","og_type":"article","og_title":"Assos Polifenol Premium  YEN\u0130 SEZON 2025-26 250ml - Buta Assos","og_description":"Prof.Dr M\u00fccahit Taha \u00d6zkaya\u2019n\u0131n b\u00fcy\u00fck bir \u00f6zen ve titizlikle erken hasat so\u011fuk s\u0131k\u0131m zeytinya\u011f\u0131 rezervlerinden elde edilen Assos Polifenol Premium...","og_url":"https:\/\/butaassos.com.tr\/ru\/product\/assos-polifenol-premium-250ml\/","og_site_name":"Buta Assos","article_modified_time":"2026-04-17T11:28:22+00:00","og_image":[{"width":2000,"height":2000,"url":"https:\/\/butaassos.com.tr\/wp-content\/uploads\/2023\/12\/Assos-Polifenol-Premium-250ml.jpg","type":"image\/jpeg"}],"twitter_card":"summary_large_image","twitter_misc":{"Est. reading time":"2 \u043c\u0438\u043d\u0443\u0442\u044b"},"schema":{"@context":"https:\/\/schema.org","@graph":[{"@type":"WebPage","@id":"https:\/\/butaassos.com.tr\/urun\/assos-polifenol-premium-250ml\/","url":"https:\/\/butaassos.com.tr\/urun\/assos-polifenol-premium-250ml\/","name":"Assos Polifenol Premium YEN\u0130 SEZON 2025-26 250ml - Buta Assos","isPartOf":{"@id":"https:\/\/butaassos.com.tr\/#website"},"primaryImageOfPage":{"@id":"https:\/\/butaassos.com.tr\/urun\/assos-polifenol-premium-250ml\/#primaryimage"},"image":{"@id":"https:\/\/butaassos.com.tr\/urun\/assos-polifenol-premium-250ml\/#primaryimage"},"thumbnailUrl":"https:\/\/butaassos.com.tr\/wp-content\/uploads\/2023\/12\/Assos-Polifenol-Premium-250ml.jpg","datePublished":"2023-12-27T12:24:15+00:00","dateModified":"2026-04-17T11:28:22+00:00","description":"Prof.Dr M\u00fccahit Taha \u00d6zkaya\u2019n\u0131n b\u00fcy\u00fck bir \u00f6zen ve titizlikle erken hasat so\u011fuk s\u0131k\u0131m zeytinya\u011f\u0131 rezervlerinden elde edilen Assos Polifenol Premium...","breadcrumb":{"@id":"https:\/\/butaassos.com.tr\/urun\/assos-polifenol-premium-250ml\/#breadcrumb"},"inLanguage":"ru-RU","potentialAction":[{"@type":"ReadAction","target":["https:\/\/butaassos.com.tr\/urun\/assos-polifenol-premium-250ml\/"]}]},{"@type":"ImageObject","inLanguage":"ru-RU","@id":"https:\/\/butaassos.com.tr\/urun\/assos-polifenol-premium-250ml\/#primaryimage","url":"https:\/\/butaassos.com.tr\/wp-content\/uploads\/2023\/12\/Assos-Polifenol-Premium-250ml.jpg","contentUrl":"https:\/\/butaassos.com.tr\/wp-content\/uploads\/2023\/12\/Assos-Polifenol-Premium-250ml.jpg","width":2000,"height":2000},{"@type":"BreadcrumbList","@id":"https:\/\/butaassos.com.tr\/urun\/assos-polifenol-premium-250ml\/#breadcrumb","itemListElement":[{"@type":"ListItem","position":1,"name":"Anasayfa","item":"https:\/\/butaassos.com.tr\/"},{"@type":"ListItem","position":2,"name":"Shop","item":"https:\/\/butaassos.com.tr\/shop\/"},{"@type":"ListItem","position":3,"name":"Assos Polifenol Premium YEN\u0130 SEZON 2025-26 250ml"}]},{"@type":"WebSite","@id":"https:\/\/butaassos.com.tr\/#website","url":"https:\/\/butaassos.com.tr\/","name":"Buta Assos","description":"","publisher":{"@id":"https:\/\/butaassos.com.tr\/#organization"},"potentialAction":[{"@type":"SearchAction","target":{"@type":"EntryPoint","urlTemplate":"https:\/\/butaassos.com.tr\/?s={search_term_string}"},"query-input":{"@type":"PropertyValueSpecification","valueRequired":true,"valueName":"search_term_string"}}],"inLanguage":"ru-RU"},{"@type":"Organization","@id":"https:\/\/butaassos.com.tr\/#organization","name":"Buta Assos","url":"https:\/\/butaassos.com.tr\/","logo":{"@type":"ImageObject","inLanguage":"ru-RU","@id":"https:\/\/butaassos.com.tr\/#\/schema\/logo\/image\/","url":"https:\/\/butaassos.com.tr\/wp-content\/uploads\/2024\/01\/butaassosicon.png","contentUrl":"https:\/\/butaassos.com.tr\/wp-content\/uploads\/2024\/01\/butaassosicon.png","width":512,"height":512,"caption":"Buta Assos"},"image":{"@id":"https:\/\/butaassos.com.tr\/#\/schema\/logo\/image\/"}}]}},"_links":{"self":[{"href":"https:\/\/butaassos.com.tr\/ru\/wp-json\/wp\/v2\/product\/281","targetHints":{"allow":["GET"]}}],"collection":[{"href":"https:\/\/butaassos.com.tr\/ru\/wp-json\/wp\/v2\/product"}],"about":[{"href":"https:\/\/butaassos.com.tr\/ru\/wp-json\/wp\/v2\/types\/product"}],"replies":[{"embeddable":true,"href":"https:\/\/butaassos.com.tr\/ru\/wp-json\/wp\/v2\/comments?post=281"}],"wp:featuredmedia":[{"embeddable":true,"href":"https:\/\/butaassos.com.tr\/ru\/wp-json\/wp\/v2\/media\/3058"}],"wp:attachment":[{"href":"https:\/\/butaassos.com.tr\/ru\/wp-json\/wp\/v2\/media?parent=281"}],"wp:term":[{"taxonomy":"product_cat","embeddable":true,"href":"https:\/\/butaassos.com.tr\/ru\/wp-json\/wp\/v2\/product_cat?post=281"},{"taxonomy":"product_tag","embeddable":true,"href":"https:\/\/butaassos.com.tr\/ru\/wp-json\/wp\/v2\/product_tag?post=281"}],"curies":[{"name":"wp","href":"https:\/\/api.w.org\/{rel}","templated":true}]}}