{"id":275,"date":"2023-12-27T15:20:08","date_gmt":"2023-12-27T12:20:08","guid":{"rendered":"https:\/\/butaassos.com\/?post_type=product&#038;p=275"},"modified":"2025-10-24T16:59:13","modified_gmt":"2025-10-24T13:59:13","slug":"assos-premium-gurme-500ml","status":"publish","type":"product","link":"https:\/\/butaassos.com.tr\/ru\/product\/assos-premium-gurme-500ml\/","title":{"rendered":"Assos Premium Gurme  <br> YEN\u0130 SEZON 2025-26  500ml"},"content":{"rendered":"<div class=\"product-badges\" style=\"display: flex; flex-direction: row; position: absolute;\"><\/div>\n<p>\u041e\u043b\u0438\u0432\u043a\u043e\u0432\u043e\u0435 \u043c\u0430\u0441\u043b\u043e Assos Premium Gourmet \u043f\u0440\u043e\u0438\u0437\u0432\u043e\u0434\u0438\u0442\u0441\u044f \u0438\u0437 \u043e\u043b\u0438\u0432\u043e\u043a, \u0432\u044b\u0440\u0430\u0449\u0435\u043d\u043d\u044b\u0445 \u043d\u0430 \u0431\u043e\u0433\u0430\u0442\u043e\u0439 \u0438 \u043f\u043b\u043e\u0434\u043e\u0440\u043e\u0434\u043d\u043e\u0439 \u043f\u043e\u0447\u0432\u0435 \u0410\u0441\u0441\u043e\u0441\u0430, \u0432 \u0441\u0443\u0440\u043e\u0432\u043e\u043c \u043a\u043b\u0438\u043c\u0430\u0442\u0435, \u0437\u0430\u0449\u0438\u0449\u0435\u043d\u043d\u043e\u043c \u043e\u0442 \u043d\u0435\u0431\u043b\u0430\u0433\u043e\u043f\u0440\u0438\u044f\u0442\u043d\u044b\u0445 \u0432\u043d\u0435\u0448\u043d\u0438\u0445 \u0444\u0430\u043a\u0442\u043e\u0440\u043e\u0432. \u041e\u043b\u0438\u0432\u043a\u0438 \u0441\u043e\u0431\u0438\u0440\u0430\u044e\u0442 \u0440\u0430\u043d\u043e \u0438 \u043e\u0431\u0440\u0430\u0431\u0430\u0442\u044b\u0432\u0430\u044e\u0442 \u043c\u0435\u0442\u043e\u0434\u043e\u043c \u0445\u043e\u043b\u043e\u0434\u043d\u043e\u0433\u043e \u043e\u0442\u0436\u0438\u043c\u0430 Mori-Tem, \u043e\u0434\u043d\u043e\u0439 \u0438\u0437 \u0441\u0430\u043c\u044b\u0445 \u043f\u0435\u0440\u0435\u0434\u043e\u0432\u044b\u0445 \u0442\u0435\u0445\u043d\u043e\u043b\u043e\u0433\u0438\u0439.<\/p>\n<p class=\" translation-block\">\u041e\u043b\u0438\u0432\u043a\u043e\u0432\u043e\u0435 \u043c\u0430\u0441\u043b\u043e Buta Assos Premium Gourmet, \u043f\u043e\u043b\u0443\u0447\u0435\u043d\u043d\u043e\u0435 \u043c\u0435\u0442\u043e\u0434\u043e\u043c \u0445\u043e\u043b\u043e\u0434\u043d\u043e\u0433\u043e \u043e\u0442\u0436\u0438\u043c\u0430, \u0443\u043d\u0438\u043a\u0430\u043b\u044c\u043d\u044b\u043c \u0434\u043b\u044f Assos, \u043e\u0431\u043b\u0430\u0434\u0430\u0435\u0442 \u0431\u043e\u0433\u0430\u0442\u044b\u043c, \u0447\u0443\u0432\u0441\u0442\u0432\u0435\u043d\u043d\u044b\u043c \u0444\u0440\u0443\u043a\u0442\u043e\u0432\u044b\u043c \u0430\u0440\u043e\u043c\u0430\u0442\u043e\u043c. \u0426\u0435\u043d\u0438\u0442\u0435\u043b\u0438 \u0438\u0437\u044b\u0441\u043a\u0430\u043d\u043d\u043e\u0433\u043e \u0432\u043a\u0443\u0441\u0430 \u043e\u0446\u0435\u043d\u044f\u0442 Assos Premium Gourmet, \u043f\u043e\u0437\u0432\u043e\u043b\u044f\u044e\u0449\u0435\u0435 \u0434\u043e\u0431\u0430\u0432\u0438\u0442\u044c \u0432 \u0431\u043b\u044e\u0434\u0430 \u0441\u0432\u043e\u044e \u0438\u043d\u0434\u0438\u0432\u0438\u0434\u0443\u0430\u043b\u044c\u043d\u043e\u0441\u0442\u044c.<\/p>\n<p>\u041e\u043b\u0438\u0432\u043a\u043e\u0432\u043e\u0435 \u043c\u0430\u0441\u043b\u043e Assos Premium Gourmet \u043f\u0440\u043e\u0438\u0437\u0432\u043e\u0434\u0438\u0442\u0441\u044f \u0438\u0437 \u043e\u043b\u0438\u0432\u043e\u043a \u0441\u043e\u0440\u0442\u0430 \u0410\u0439\u0432\u0430\u043b\u044b\u043a. \u041e\u043b\u0438\u0432\u043a\u0438 \u043e\u0442\u0436\u0438\u043c\u0430\u044e\u0442\u0441\u044f \u0432 \u0434\u0435\u043d\u044c \u0441\u0431\u043e\u0440\u0430 \u0443\u0440\u043e\u0436\u0430\u044f, \u043d\u0435 \u043a\u0430\u0441\u0430\u044f\u0441\u044c \u0437\u0435\u043c\u043b\u0438, \u0438 \u0445\u0440\u0430\u043d\u044f\u0442\u0441\u044f \u0432 \u0441\u0442\u0435\u0440\u0438\u043b\u044c\u043d\u044b\u0445 \u0443\u0441\u043b\u043e\u0432\u0438\u044f\u0445. \u041c\u0430\u0441\u043b\u043e \u0440\u0430\u0437\u043b\u0438\u0432\u0430\u0435\u0442\u0441\u044f \u0432 \u0431\u0443\u0442\u044b\u043b\u043a\u0438 \u0441\u043f\u0435\u0446\u0438\u0430\u043b\u044c\u043d\u043e \u0434\u043b\u044f \u0432\u0430\u0441 \u043f\u043e \u0432\u0430\u0448\u0435\u043c\u0443 \u0437\u0430\u043a\u0430\u0437\u0443.<\/p>","protected":false},"excerpt":{"rendered":"<p>Assos Premium Gurme Zeytinya\u011f\u0131, Assos&#8217;un zengin ve bereketli topraklar\u0131nda, olumsuz d\u0131\u015f etkenlerden uzak, sert iklimde yeti\u015fen zeytinler erken d\u00f6nemde hasat edilerek, en ileri teknolojilerden olan Mori-Tem so\u011fuk s\u0131k\u0131m y\u00f6ntemiyle i\u015flenmi\u015ftir. Buta Assos&#8217;a \u00f6zel so\u011fuk s\u0131k\u0131m teknikleriyle elde edilen Assos Premium Gurme zeytinya\u011f\u0131, duyusal olarak zengin meyve aromas\u0131n\u0131 i\u00e7inde bar\u0131nd\u0131r\u0131r. Rafine zevklere sahip olan ki\u015filerin be\u011feniyle&#8230;<\/p>","protected":false},"featured_media":2742,"comment_status":"open","ping_status":"closed","template":"","meta":[],"product_cat":[15,19],"product_tag":[],"class_list":{"0":"post-275","1":"product","2":"type-product","3":"status-publish","4":"has-post-thumbnail","6":"product_cat-genel","7":"product_cat-naturel-sizma-zeytinyagi","9":"first","10":"instock","11":"taxable","12":"shipping-taxable","13":"purchasable","14":"product-type-simple"},"yoast_head":"<!-- This site is optimized with the Yoast SEO plugin v23.8 - https:\/\/yoast.com\/wordpress\/plugins\/seo\/ -->\n<title>Assos Premium Gurme  YEN\u0130 SEZON 2025-26 500ml - Buta Assos<\/title>\n<meta name=\"description\" content=\"Assos Premium Gurme: Assos&#039;un zengin ve bereketli topraklar\u0131nda, olumsuz d\u0131\u015f etkenlerden uzak, sert iklimde yeti\u015fen zeytinler erken d\u00f6nemde hasat edilerek..\" \/>\n<meta name=\"robots\" content=\"index, follow, max-snippet:-1, max-image-preview:large, max-video-preview:-1\" \/>\n<link rel=\"canonical\" href=\"https:\/\/butaassos.com.tr\/ru\/product\/assos-premium-gurme-500ml\/\" \/>\n<meta property=\"og:locale\" content=\"ru_RU\" \/>\n<meta property=\"og:type\" content=\"article\" \/>\n<meta property=\"og:title\" content=\"Assos Premium Gurme  YEN\u0130 SEZON 2025-26 500ml - Buta Assos\" \/>\n<meta property=\"og:description\" content=\"Assos Premium Gurme: Assos&#039;un zengin ve bereketli topraklar\u0131nda, olumsuz d\u0131\u015f etkenlerden uzak, sert iklimde yeti\u015fen zeytinler erken d\u00f6nemde hasat edilerek..\" \/>\n<meta property=\"og:url\" content=\"https:\/\/butaassos.com.tr\/ru\/product\/assos-premium-gurme-500ml\/\" \/>\n<meta property=\"og:site_name\" content=\"Buta Assos\" \/>\n<meta property=\"article:modified_time\" content=\"2025-10-24T13:59:13+00:00\" \/>\n<meta property=\"og:image\" content=\"https:\/\/butaassos.com.tr\/wp-content\/uploads\/2023\/12\/GURME-copy.jpg\" \/>\n\t<meta property=\"og:image:width\" content=\"2000\" \/>\n\t<meta property=\"og:image:height\" content=\"2000\" \/>\n\t<meta property=\"og:image:type\" content=\"image\/jpeg\" \/>\n<meta name=\"twitter:card\" content=\"summary_large_image\" \/>\n<meta name=\"twitter:label1\" content=\"Est. reading time\" \/>\n\t<meta name=\"twitter:data1\" content=\"1 \u043c\u0438\u043d\u0443\u0442\u0430\" \/>\n<script type=\"application\/ld+json\" class=\"yoast-schema-graph\">{\"@context\":\"https:\/\/schema.org\",\"@graph\":[{\"@type\":\"WebPage\",\"@id\":\"https:\/\/butaassos.com.tr\/urun\/assos-premium-gurme-500ml\/\",\"url\":\"https:\/\/butaassos.com.tr\/urun\/assos-premium-gurme-500ml\/\",\"name\":\"Assos Premium Gurme YEN\u0130 SEZON 2025-26 500ml - Buta Assos\",\"isPartOf\":{\"@id\":\"https:\/\/butaassos.com.tr\/#website\"},\"primaryImageOfPage\":{\"@id\":\"https:\/\/butaassos.com.tr\/urun\/assos-premium-gurme-500ml\/#primaryimage\"},\"image\":{\"@id\":\"https:\/\/butaassos.com.tr\/urun\/assos-premium-gurme-500ml\/#primaryimage\"},\"thumbnailUrl\":\"https:\/\/butaassos.com.tr\/wp-content\/uploads\/2023\/12\/GURME-copy.jpg\",\"datePublished\":\"2023-12-27T12:20:08+00:00\",\"dateModified\":\"2025-10-24T13:59:13+00:00\",\"description\":\"Assos Premium Gurme: Assos'un zengin ve bereketli topraklar\u0131nda, olumsuz d\u0131\u015f etkenlerden uzak, sert iklimde yeti\u015fen zeytinler erken d\u00f6nemde hasat edilerek..\",\"breadcrumb\":{\"@id\":\"https:\/\/butaassos.com.tr\/urun\/assos-premium-gurme-500ml\/#breadcrumb\"},\"inLanguage\":\"ru-RU\",\"potentialAction\":[{\"@type\":\"ReadAction\",\"target\":[\"https:\/\/butaassos.com.tr\/urun\/assos-premium-gurme-500ml\/\"]}]},{\"@type\":\"ImageObject\",\"inLanguage\":\"ru-RU\",\"@id\":\"https:\/\/butaassos.com.tr\/urun\/assos-premium-gurme-500ml\/#primaryimage\",\"url\":\"https:\/\/butaassos.com.tr\/wp-content\/uploads\/2023\/12\/GURME-copy.jpg\",\"contentUrl\":\"https:\/\/butaassos.com.tr\/wp-content\/uploads\/2023\/12\/GURME-copy.jpg\",\"width\":2000,\"height\":2000},{\"@type\":\"BreadcrumbList\",\"@id\":\"https:\/\/butaassos.com.tr\/urun\/assos-premium-gurme-500ml\/#breadcrumb\",\"itemListElement\":[{\"@type\":\"ListItem\",\"position\":1,\"name\":\"Anasayfa\",\"item\":\"https:\/\/butaassos.com.tr\/\"},{\"@type\":\"ListItem\",\"position\":2,\"name\":\"Shop\",\"item\":\"https:\/\/butaassos.com.tr\/shop\/\"},{\"@type\":\"ListItem\",\"position\":3,\"name\":\"Assos Premium Gurme YEN\u0130 SEZON 2025-26 500ml\"}]},{\"@type\":\"WebSite\",\"@id\":\"https:\/\/butaassos.com.tr\/#website\",\"url\":\"https:\/\/butaassos.com.tr\/\",\"name\":\"Buta Assos\",\"description\":\"\",\"publisher\":{\"@id\":\"https:\/\/butaassos.com.tr\/#organization\"},\"potentialAction\":[{\"@type\":\"SearchAction\",\"target\":{\"@type\":\"EntryPoint\",\"urlTemplate\":\"https:\/\/butaassos.com.tr\/?s={search_term_string}\"},\"query-input\":{\"@type\":\"PropertyValueSpecification\",\"valueRequired\":true,\"valueName\":\"search_term_string\"}}],\"inLanguage\":\"ru-RU\"},{\"@type\":\"Organization\",\"@id\":\"https:\/\/butaassos.com.tr\/#organization\",\"name\":\"Buta Assos\",\"url\":\"https:\/\/butaassos.com.tr\/\",\"logo\":{\"@type\":\"ImageObject\",\"inLanguage\":\"ru-RU\",\"@id\":\"https:\/\/butaassos.com.tr\/#\/schema\/logo\/image\/\",\"url\":\"https:\/\/butaassos.com.tr\/wp-content\/uploads\/2024\/01\/butaassosicon.png\",\"contentUrl\":\"https:\/\/butaassos.com.tr\/wp-content\/uploads\/2024\/01\/butaassosicon.png\",\"width\":512,\"height\":512,\"caption\":\"Buta Assos\"},\"image\":{\"@id\":\"https:\/\/butaassos.com.tr\/#\/schema\/logo\/image\/\"}}]}<\/script>\n<!-- \/ Yoast SEO plugin. -->","yoast_head_json":{"title":"Assos Premium Gurme  YEN\u0130 SEZON 2025-26 500ml - Buta Assos","description":"Assos Premium Gurme: Assos'un zengin ve bereketli topraklar\u0131nda, olumsuz d\u0131\u015f etkenlerden uzak, sert iklimde yeti\u015fen zeytinler erken d\u00f6nemde hasat edilerek..","robots":{"index":"index","follow":"follow","max-snippet":"max-snippet:-1","max-image-preview":"max-image-preview:large","max-video-preview":"max-video-preview:-1"},"canonical":"https:\/\/butaassos.com.tr\/ru\/product\/assos-premium-gurme-500ml\/","og_locale":"ru_RU","og_type":"article","og_title":"Assos Premium Gurme  YEN\u0130 SEZON 2025-26 500ml - Buta Assos","og_description":"Assos Premium Gurme: Assos'un zengin ve bereketli topraklar\u0131nda, olumsuz d\u0131\u015f etkenlerden uzak, sert iklimde yeti\u015fen zeytinler erken d\u00f6nemde hasat edilerek..","og_url":"https:\/\/butaassos.com.tr\/ru\/product\/assos-premium-gurme-500ml\/","og_site_name":"Buta Assos","article_modified_time":"2025-10-24T13:59:13+00:00","og_image":[{"width":2000,"height":2000,"url":"https:\/\/butaassos.com.tr\/wp-content\/uploads\/2023\/12\/GURME-copy.jpg","type":"image\/jpeg"}],"twitter_card":"summary_large_image","twitter_misc":{"Est. reading time":"1 \u043c\u0438\u043d\u0443\u0442\u0430"},"schema":{"@context":"https:\/\/schema.org","@graph":[{"@type":"WebPage","@id":"https:\/\/butaassos.com.tr\/urun\/assos-premium-gurme-500ml\/","url":"https:\/\/butaassos.com.tr\/urun\/assos-premium-gurme-500ml\/","name":"Assos Premium Gurme YEN\u0130 SEZON 2025-26 500ml - Buta Assos","isPartOf":{"@id":"https:\/\/butaassos.com.tr\/#website"},"primaryImageOfPage":{"@id":"https:\/\/butaassos.com.tr\/urun\/assos-premium-gurme-500ml\/#primaryimage"},"image":{"@id":"https:\/\/butaassos.com.tr\/urun\/assos-premium-gurme-500ml\/#primaryimage"},"thumbnailUrl":"https:\/\/butaassos.com.tr\/wp-content\/uploads\/2023\/12\/GURME-copy.jpg","datePublished":"2023-12-27T12:20:08+00:00","dateModified":"2025-10-24T13:59:13+00:00","description":"Assos Premium Gurme: Assos'un zengin ve bereketli topraklar\u0131nda, olumsuz d\u0131\u015f etkenlerden uzak, sert iklimde yeti\u015fen zeytinler erken d\u00f6nemde hasat edilerek..","breadcrumb":{"@id":"https:\/\/butaassos.com.tr\/urun\/assos-premium-gurme-500ml\/#breadcrumb"},"inLanguage":"ru-RU","potentialAction":[{"@type":"ReadAction","target":["https:\/\/butaassos.com.tr\/urun\/assos-premium-gurme-500ml\/"]}]},{"@type":"ImageObject","inLanguage":"ru-RU","@id":"https:\/\/butaassos.com.tr\/urun\/assos-premium-gurme-500ml\/#primaryimage","url":"https:\/\/butaassos.com.tr\/wp-content\/uploads\/2023\/12\/GURME-copy.jpg","contentUrl":"https:\/\/butaassos.com.tr\/wp-content\/uploads\/2023\/12\/GURME-copy.jpg","width":2000,"height":2000},{"@type":"BreadcrumbList","@id":"https:\/\/butaassos.com.tr\/urun\/assos-premium-gurme-500ml\/#breadcrumb","itemListElement":[{"@type":"ListItem","position":1,"name":"Anasayfa","item":"https:\/\/butaassos.com.tr\/"},{"@type":"ListItem","position":2,"name":"Shop","item":"https:\/\/butaassos.com.tr\/shop\/"},{"@type":"ListItem","position":3,"name":"Assos Premium Gurme YEN\u0130 SEZON 2025-26 500ml"}]},{"@type":"WebSite","@id":"https:\/\/butaassos.com.tr\/#website","url":"https:\/\/butaassos.com.tr\/","name":"Buta Assos","description":"","publisher":{"@id":"https:\/\/butaassos.com.tr\/#organization"},"potentialAction":[{"@type":"SearchAction","target":{"@type":"EntryPoint","urlTemplate":"https:\/\/butaassos.com.tr\/?s={search_term_string}"},"query-input":{"@type":"PropertyValueSpecification","valueRequired":true,"valueName":"search_term_string"}}],"inLanguage":"ru-RU"},{"@type":"Organization","@id":"https:\/\/butaassos.com.tr\/#organization","name":"Buta Assos","url":"https:\/\/butaassos.com.tr\/","logo":{"@type":"ImageObject","inLanguage":"ru-RU","@id":"https:\/\/butaassos.com.tr\/#\/schema\/logo\/image\/","url":"https:\/\/butaassos.com.tr\/wp-content\/uploads\/2024\/01\/butaassosicon.png","contentUrl":"https:\/\/butaassos.com.tr\/wp-content\/uploads\/2024\/01\/butaassosicon.png","width":512,"height":512,"caption":"Buta Assos"},"image":{"@id":"https:\/\/butaassos.com.tr\/#\/schema\/logo\/image\/"}}]}},"_links":{"self":[{"href":"https:\/\/butaassos.com.tr\/ru\/wp-json\/wp\/v2\/product\/275","targetHints":{"allow":["GET"]}}],"collection":[{"href":"https:\/\/butaassos.com.tr\/ru\/wp-json\/wp\/v2\/product"}],"about":[{"href":"https:\/\/butaassos.com.tr\/ru\/wp-json\/wp\/v2\/types\/product"}],"replies":[{"embeddable":true,"href":"https:\/\/butaassos.com.tr\/ru\/wp-json\/wp\/v2\/comments?post=275"}],"wp:featuredmedia":[{"embeddable":true,"href":"https:\/\/butaassos.com.tr\/ru\/wp-json\/wp\/v2\/media\/2742"}],"wp:attachment":[{"href":"https:\/\/butaassos.com.tr\/ru\/wp-json\/wp\/v2\/media?parent=275"}],"wp:term":[{"taxonomy":"product_cat","embeddable":true,"href":"https:\/\/butaassos.com.tr\/ru\/wp-json\/wp\/v2\/product_cat?post=275"},{"taxonomy":"product_tag","embeddable":true,"href":"https:\/\/butaassos.com.tr\/ru\/wp-json\/wp\/v2\/product_tag?post=275"}],"curies":[{"name":"wp","href":"https:\/\/api.w.org\/{rel}","templated":true}]}}