{"id":2112,"date":"2025-01-16T10:20:08","date_gmt":"2025-01-16T07:20:08","guid":{"rendered":"https:\/\/butaassos.com.tr\/?post_type=product&#038;p=2112"},"modified":"2025-04-26T13:10:46","modified_gmt":"2025-04-26T10:10:46","slug":"golden-taste-blend-500ml","status":"publish","type":"product","link":"https:\/\/butaassos.com.tr\/ru\/product\/golden-taste-blend-500ml\/","title":{"rendered":"Golden Taste Blend 500 \u043c\u043b"},"content":{"rendered":"<p>Golden Taste Blend - \u0440\u0435\u0437\u0443\u043b\u044c\u0442\u0430\u0442 \u043a\u0440\u043e\u043f\u043e\u0442\u043b\u0438\u0432\u043e\u0433\u043e \u0442\u0440\u0443\u0434\u0430 \u0438 \u0442\u0449\u0430\u0442\u0435\u043b\u044c\u043d\u043e \u043e\u0442\u0440\u0430\u0431\u043e\u0442\u0430\u043d\u043d\u043e\u0433\u043e \u043d\u0430 \u043a\u0430\u0436\u0434\u043e\u043c \u044d\u0442\u0430\u043f\u0435 \u043f\u0440\u043e\u0446\u0435\u0441\u0441\u0430 \u043f\u0440\u043e\u0438\u0437\u0432\u043e\u0434\u0441\u0442\u0432\u0430. \u0420\u0430\u0431\u043e\u0442\u0430 \u043d\u0430\u0434 \u044d\u0442\u0438\u043c \u043c\u0430\u0441\u043b\u043e\u043c \u043d\u0430\u0447\u0438\u043d\u0430\u0435\u0442\u0441\u044f \u0435\u0449\u0435 \u0432 \u0430\u0432\u0433\u0443\u0441\u0442\u0435, \u0434\u043e \u043d\u0430\u0447\u0430\u043b\u0430 \u0442\u0440\u0430\u0434\u0438\u0446\u0438\u043e\u043d\u043d\u043e\u0433\u043e \u0440\u0430\u043d\u043d\u0435\u0433\u043e \u0441\u0431\u043e\u0440\u0430. \u0420\u0443\u0447\u043d\u043e\u0439 \u043e\u0442\u0431\u043e\u0440 \u0433\u0430\u0440\u0430\u043d\u0442\u0438\u0440\u0443\u0435\u0442, \u0447\u0442\u043e \u0432 \u043f\u0440\u043e\u0438\u0437\u0432\u043e\u0434\u0441\u0442\u0432\u043e \u043f\u043e\u043f\u0430\u0434\u0443\u0442 \u0442\u043e\u043b\u044c\u043a\u043e \u0431\u0435\u0437\u0443\u043f\u0440\u0435\u0447\u043d\u044b\u0435 \u043e\u043b\u0438\u0432\u043a\u0438 \u0432\u044b\u0441\u0448\u0435\u0433\u043e \u043a\u0430\u0447\u0435\u0441\u0442\u0432\u0430.<\/p>\n<p>\u0422\u0430\u043a\u0438\u043c \u043e\u0431\u0440\u0430\u0437\u043e\u043c Golden Taste Blend \u043e\u0431\u0440\u0435\u0442\u0430\u0435\u0442 \u0441\u0432\u043e\u0439 \u043d\u0435\u043f\u043e\u0432\u0442\u043e\u0440\u0438\u043c\u044b\u0439 \u0445\u0430\u0440\u0430\u043a\u0442\u0435\u0440: \u044f\u0440\u043a\u0438\u0435 \u043d\u043e\u0442\u044b \u0441\u0432\u0435\u0436\u0438\u0445 \u0437\u0435\u043b\u0435\u043d\u044b\u0445 \u0444\u0440\u0443\u043a\u0442\u043e\u0432, \u0432\u044b\u0441\u043e\u0447\u0430\u0439\u0448\u0443\u044e \u043a\u043e\u043d\u0446\u0435\u043d\u0442\u0440\u0430\u0446\u0438\u044e \u0430\u043d\u0442\u0438\u043e\u043a\u0441\u0438\u0434\u0430\u043d\u0442\u043e\u0432 \u0438 \u0431\u043b\u0430\u0433\u043e\u0440\u043e\u0434\u043d\u0443\u044e, \u0433\u0430\u0440\u043c\u043e\u043d\u0438\u0447\u043d\u0443\u044e \u0433\u043e\u0440\u0447\u0438\u043d\u043a\u0443.<\/p>\n<p>\u041e\u043b\u0438\u0432\u043a\u0438, \u0441\u043e\u0431\u0440\u0430\u043d\u043d\u044b\u0435 \u0432\u0440\u0443\u0447\u043d\u0443\u044e, \u043e\u0442\u043f\u0440\u0430\u0432\u043b\u044f\u044e\u0442\u0441\u044f \u043d\u0430 \u043e\u0442\u0436\u0438\u043c \u0432 \u043a\u0440\u0430\u0442\u0447\u0430\u0439\u0448\u0438\u0435 \u0441\u0440\u043e\u043a\u0438, \u0447\u0442\u043e \u043f\u043e\u0437\u0432\u043e\u043b\u044f\u0435\u0442 \u0437\u0430\u043f\u0435\u0447\u0430\u0442\u0430\u0442\u044c \u0432 \u043a\u0430\u0436\u0434\u043e\u0439 \u043a\u0430\u043f\u043b\u0435 \u043f\u0435\u0440\u0432\u043e\u0437\u0434\u0430\u043d\u043d\u044b\u0439 \u0430\u0440\u043e\u043c\u0430\u0442 \u0438 \u0432\u0441\u044e \u043f\u0440\u0438\u0440\u043e\u0434\u043d\u0443\u044e \u043f\u043e\u043b\u044c\u0437\u0443.<\/p>","protected":false},"excerpt":{"rendered":"<p>Golden Taste Blend, her a\u015famas\u0131 titizlikle y\u00fcr\u00fct\u00fclen \u00f6zel bir \u00fcretim s\u00fcrecinin sonucudur. Geleneksel erken hasat d\u00f6neminden bile \u00f6nce, A\u011fustos ay\u0131nda belirledi\u011fimiz en verimli a\u011fa\u00e7lar\u0131n \u00fczerinde tek tek se\u00e7ilen farkl\u0131 \u00e7e\u015fitlerdeki zeytinlerle \u00fcretilir. Bu se\u00e7ici hasat y\u00f6ntemi, yaln\u0131zca en kaliteli zeytinlerin kullan\u0131lmas\u0131n\u0131 sa\u011flar. B\u00f6ylece Golden Taste Blend, taptaze ye\u015fil meyvemsi notalar, y\u00fcksek antioksidan de\u011feri ve dengeli&#8230;<\/p>","protected":false},"featured_media":3054,"comment_status":"open","ping_status":"closed","template":"","meta":[],"product_cat":[15,19],"product_tag":[],"class_list":{"0":"post-2112","1":"product","2":"type-product","3":"status-publish","4":"has-post-thumbnail","6":"product_cat-genel","7":"product_cat-naturel-sizma-zeytinyagi","9":"first","10":"instock","11":"taxable","12":"shipping-taxable","13":"purchasable","14":"product-type-simple"},"yoast_head":"<!-- This site is optimized with the Yoast SEO plugin v23.8 - https:\/\/yoast.com\/wordpress\/plugins\/seo\/ -->\n<title>Golden Taste Blend 500ml - Buta Assos<\/title>\n<meta name=\"description\" content=\"Golden Taste Blend, Buta Assos&#039;un \u00f6zel \u00fcretim nat\u00fcrel s\u0131zma zeytinya\u011f\u0131d\u0131r. Y\u00fcksek polifenol oran\u0131 ve so\u011fuk s\u0131k\u0131m tekni\u011fiyle sofralar\u0131n\u0131za lezzet katar.\" \/>\n<meta name=\"robots\" content=\"index, follow, max-snippet:-1, max-image-preview:large, max-video-preview:-1\" \/>\n<link rel=\"canonical\" href=\"https:\/\/butaassos.com.tr\/ru\/product\/golden-taste-blend-500ml\/\" \/>\n<meta property=\"og:locale\" content=\"ru_RU\" \/>\n<meta property=\"og:type\" content=\"article\" \/>\n<meta property=\"og:title\" content=\"Golden Taste Blend 500ml - Buta Assos\" \/>\n<meta property=\"og:description\" content=\"Golden Taste Blend, Buta Assos&#039;un \u00f6zel \u00fcretim nat\u00fcrel s\u0131zma zeytinya\u011f\u0131d\u0131r. Y\u00fcksek polifenol oran\u0131 ve so\u011fuk s\u0131k\u0131m tekni\u011fiyle sofralar\u0131n\u0131za lezzet katar.\" \/>\n<meta property=\"og:url\" content=\"https:\/\/butaassos.com.tr\/ru\/product\/golden-taste-blend-500ml\/\" \/>\n<meta property=\"og:site_name\" content=\"Buta Assos\" \/>\n<meta property=\"article:modified_time\" content=\"2025-04-26T10:10:46+00:00\" \/>\n<meta property=\"og:image\" content=\"https:\/\/butaassos.com.tr\/wp-content\/uploads\/2025\/01\/Golden-Taste-Blend-.jpg\" \/>\n\t<meta property=\"og:image:width\" content=\"2000\" \/>\n\t<meta property=\"og:image:height\" content=\"2000\" \/>\n\t<meta property=\"og:image:type\" content=\"image\/jpeg\" \/>\n<meta name=\"twitter:card\" content=\"summary_large_image\" \/>\n<meta name=\"twitter:label1\" content=\"Est. reading time\" \/>\n\t<meta name=\"twitter:data1\" content=\"1 \u043c\u0438\u043d\u0443\u0442\u0430\" \/>\n<script type=\"application\/ld+json\" class=\"yoast-schema-graph\">{\"@context\":\"https:\/\/schema.org\",\"@graph\":[{\"@type\":\"WebPage\",\"@id\":\"https:\/\/butaassos.com.tr\/urun\/golden-taste-blend-500ml\/\",\"url\":\"https:\/\/butaassos.com.tr\/urun\/golden-taste-blend-500ml\/\",\"name\":\"Golden Taste Blend 500ml - Buta Assos\",\"isPartOf\":{\"@id\":\"https:\/\/butaassos.com.tr\/#website\"},\"primaryImageOfPage\":{\"@id\":\"https:\/\/butaassos.com.tr\/urun\/golden-taste-blend-500ml\/#primaryimage\"},\"image\":{\"@id\":\"https:\/\/butaassos.com.tr\/urun\/golden-taste-blend-500ml\/#primaryimage\"},\"thumbnailUrl\":\"https:\/\/butaassos.com.tr\/wp-content\/uploads\/2025\/01\/Golden-Taste-Blend-.jpg\",\"datePublished\":\"2025-01-16T07:20:08+00:00\",\"dateModified\":\"2025-04-26T10:10:46+00:00\",\"description\":\"Golden Taste Blend, Buta Assos'un \u00f6zel \u00fcretim nat\u00fcrel s\u0131zma zeytinya\u011f\u0131d\u0131r. Y\u00fcksek polifenol oran\u0131 ve so\u011fuk s\u0131k\u0131m tekni\u011fiyle sofralar\u0131n\u0131za lezzet katar.\",\"breadcrumb\":{\"@id\":\"https:\/\/butaassos.com.tr\/urun\/golden-taste-blend-500ml\/#breadcrumb\"},\"inLanguage\":\"ru-RU\",\"potentialAction\":[{\"@type\":\"ReadAction\",\"target\":[\"https:\/\/butaassos.com.tr\/urun\/golden-taste-blend-500ml\/\"]}]},{\"@type\":\"ImageObject\",\"inLanguage\":\"ru-RU\",\"@id\":\"https:\/\/butaassos.com.tr\/urun\/golden-taste-blend-500ml\/#primaryimage\",\"url\":\"https:\/\/butaassos.com.tr\/wp-content\/uploads\/2025\/01\/Golden-Taste-Blend-.jpg\",\"contentUrl\":\"https:\/\/butaassos.com.tr\/wp-content\/uploads\/2025\/01\/Golden-Taste-Blend-.jpg\",\"width\":2000,\"height\":2000},{\"@type\":\"BreadcrumbList\",\"@id\":\"https:\/\/butaassos.com.tr\/urun\/golden-taste-blend-500ml\/#breadcrumb\",\"itemListElement\":[{\"@type\":\"ListItem\",\"position\":1,\"name\":\"Anasayfa\",\"item\":\"https:\/\/butaassos.com.tr\/\"},{\"@type\":\"ListItem\",\"position\":2,\"name\":\"Shop\",\"item\":\"https:\/\/butaassos.com.tr\/shop\/\"},{\"@type\":\"ListItem\",\"position\":3,\"name\":\"Golden Taste Blend 500ml\"}]},{\"@type\":\"WebSite\",\"@id\":\"https:\/\/butaassos.com.tr\/#website\",\"url\":\"https:\/\/butaassos.com.tr\/\",\"name\":\"Buta Assos\",\"description\":\"\",\"publisher\":{\"@id\":\"https:\/\/butaassos.com.tr\/#organization\"},\"potentialAction\":[{\"@type\":\"SearchAction\",\"target\":{\"@type\":\"EntryPoint\",\"urlTemplate\":\"https:\/\/butaassos.com.tr\/?s={search_term_string}\"},\"query-input\":{\"@type\":\"PropertyValueSpecification\",\"valueRequired\":true,\"valueName\":\"search_term_string\"}}],\"inLanguage\":\"ru-RU\"},{\"@type\":\"Organization\",\"@id\":\"https:\/\/butaassos.com.tr\/#organization\",\"name\":\"Buta Assos\",\"url\":\"https:\/\/butaassos.com.tr\/\",\"logo\":{\"@type\":\"ImageObject\",\"inLanguage\":\"ru-RU\",\"@id\":\"https:\/\/butaassos.com.tr\/#\/schema\/logo\/image\/\",\"url\":\"https:\/\/butaassos.com.tr\/wp-content\/uploads\/2024\/01\/butaassosicon.png\",\"contentUrl\":\"https:\/\/butaassos.com.tr\/wp-content\/uploads\/2024\/01\/butaassosicon.png\",\"width\":512,\"height\":512,\"caption\":\"Buta Assos\"},\"image\":{\"@id\":\"https:\/\/butaassos.com.tr\/#\/schema\/logo\/image\/\"}}]}<\/script>\n<!-- \/ Yoast SEO plugin. -->","yoast_head_json":{"title":"Golden Taste Blend 500ml - Buta Assos","description":"Golden Taste Blend, Buta Assos'un \u00f6zel \u00fcretim nat\u00fcrel s\u0131zma zeytinya\u011f\u0131d\u0131r. Y\u00fcksek polifenol oran\u0131 ve so\u011fuk s\u0131k\u0131m tekni\u011fiyle sofralar\u0131n\u0131za lezzet katar.","robots":{"index":"index","follow":"follow","max-snippet":"max-snippet:-1","max-image-preview":"max-image-preview:large","max-video-preview":"max-video-preview:-1"},"canonical":"https:\/\/butaassos.com.tr\/ru\/product\/golden-taste-blend-500ml\/","og_locale":"ru_RU","og_type":"article","og_title":"Golden Taste Blend 500ml - Buta Assos","og_description":"Golden Taste Blend, Buta Assos'un \u00f6zel \u00fcretim nat\u00fcrel s\u0131zma zeytinya\u011f\u0131d\u0131r. Y\u00fcksek polifenol oran\u0131 ve so\u011fuk s\u0131k\u0131m tekni\u011fiyle sofralar\u0131n\u0131za lezzet katar.","og_url":"https:\/\/butaassos.com.tr\/ru\/product\/golden-taste-blend-500ml\/","og_site_name":"Buta Assos","article_modified_time":"2025-04-26T10:10:46+00:00","og_image":[{"width":2000,"height":2000,"url":"https:\/\/butaassos.com.tr\/wp-content\/uploads\/2025\/01\/Golden-Taste-Blend-.jpg","type":"image\/jpeg"}],"twitter_card":"summary_large_image","twitter_misc":{"Est. reading time":"1 \u043c\u0438\u043d\u0443\u0442\u0430"},"schema":{"@context":"https:\/\/schema.org","@graph":[{"@type":"WebPage","@id":"https:\/\/butaassos.com.tr\/urun\/golden-taste-blend-500ml\/","url":"https:\/\/butaassos.com.tr\/urun\/golden-taste-blend-500ml\/","name":"Golden Taste Blend 500ml - Buta Assos","isPartOf":{"@id":"https:\/\/butaassos.com.tr\/#website"},"primaryImageOfPage":{"@id":"https:\/\/butaassos.com.tr\/urun\/golden-taste-blend-500ml\/#primaryimage"},"image":{"@id":"https:\/\/butaassos.com.tr\/urun\/golden-taste-blend-500ml\/#primaryimage"},"thumbnailUrl":"https:\/\/butaassos.com.tr\/wp-content\/uploads\/2025\/01\/Golden-Taste-Blend-.jpg","datePublished":"2025-01-16T07:20:08+00:00","dateModified":"2025-04-26T10:10:46+00:00","description":"Golden Taste Blend, Buta Assos'un \u00f6zel \u00fcretim nat\u00fcrel s\u0131zma zeytinya\u011f\u0131d\u0131r. Y\u00fcksek polifenol oran\u0131 ve so\u011fuk s\u0131k\u0131m tekni\u011fiyle sofralar\u0131n\u0131za lezzet katar.","breadcrumb":{"@id":"https:\/\/butaassos.com.tr\/urun\/golden-taste-blend-500ml\/#breadcrumb"},"inLanguage":"ru-RU","potentialAction":[{"@type":"ReadAction","target":["https:\/\/butaassos.com.tr\/urun\/golden-taste-blend-500ml\/"]}]},{"@type":"ImageObject","inLanguage":"ru-RU","@id":"https:\/\/butaassos.com.tr\/urun\/golden-taste-blend-500ml\/#primaryimage","url":"https:\/\/butaassos.com.tr\/wp-content\/uploads\/2025\/01\/Golden-Taste-Blend-.jpg","contentUrl":"https:\/\/butaassos.com.tr\/wp-content\/uploads\/2025\/01\/Golden-Taste-Blend-.jpg","width":2000,"height":2000},{"@type":"BreadcrumbList","@id":"https:\/\/butaassos.com.tr\/urun\/golden-taste-blend-500ml\/#breadcrumb","itemListElement":[{"@type":"ListItem","position":1,"name":"Anasayfa","item":"https:\/\/butaassos.com.tr\/"},{"@type":"ListItem","position":2,"name":"Shop","item":"https:\/\/butaassos.com.tr\/shop\/"},{"@type":"ListItem","position":3,"name":"Golden Taste Blend 500ml"}]},{"@type":"WebSite","@id":"https:\/\/butaassos.com.tr\/#website","url":"https:\/\/butaassos.com.tr\/","name":"Buta Assos","description":"","publisher":{"@id":"https:\/\/butaassos.com.tr\/#organization"},"potentialAction":[{"@type":"SearchAction","target":{"@type":"EntryPoint","urlTemplate":"https:\/\/butaassos.com.tr\/?s={search_term_string}"},"query-input":{"@type":"PropertyValueSpecification","valueRequired":true,"valueName":"search_term_string"}}],"inLanguage":"ru-RU"},{"@type":"Organization","@id":"https:\/\/butaassos.com.tr\/#organization","name":"Buta Assos","url":"https:\/\/butaassos.com.tr\/","logo":{"@type":"ImageObject","inLanguage":"ru-RU","@id":"https:\/\/butaassos.com.tr\/#\/schema\/logo\/image\/","url":"https:\/\/butaassos.com.tr\/wp-content\/uploads\/2024\/01\/butaassosicon.png","contentUrl":"https:\/\/butaassos.com.tr\/wp-content\/uploads\/2024\/01\/butaassosicon.png","width":512,"height":512,"caption":"Buta Assos"},"image":{"@id":"https:\/\/butaassos.com.tr\/#\/schema\/logo\/image\/"}}]}},"_links":{"self":[{"href":"https:\/\/butaassos.com.tr\/ru\/wp-json\/wp\/v2\/product\/2112","targetHints":{"allow":["GET"]}}],"collection":[{"href":"https:\/\/butaassos.com.tr\/ru\/wp-json\/wp\/v2\/product"}],"about":[{"href":"https:\/\/butaassos.com.tr\/ru\/wp-json\/wp\/v2\/types\/product"}],"replies":[{"embeddable":true,"href":"https:\/\/butaassos.com.tr\/ru\/wp-json\/wp\/v2\/comments?post=2112"}],"wp:featuredmedia":[{"embeddable":true,"href":"https:\/\/butaassos.com.tr\/ru\/wp-json\/wp\/v2\/media\/3054"}],"wp:attachment":[{"href":"https:\/\/butaassos.com.tr\/ru\/wp-json\/wp\/v2\/media?parent=2112"}],"wp:term":[{"taxonomy":"product_cat","embeddable":true,"href":"https:\/\/butaassos.com.tr\/ru\/wp-json\/wp\/v2\/product_cat?post=2112"},{"taxonomy":"product_tag","embeddable":true,"href":"https:\/\/butaassos.com.tr\/ru\/wp-json\/wp\/v2\/product_tag?post=2112"}],"curies":[{"name":"wp","href":"https:\/\/api.w.org\/{rel}","templated":true}]}}