{"id":1871,"date":"2024-11-07T09:35:55","date_gmt":"2024-11-07T06:35:55","guid":{"rendered":"https:\/\/butaassos.com.tr\/?post_type=product&#038;p=1871"},"modified":"2026-03-04T14:00:15","modified_gmt":"2026-03-04T11:00:15","slug":"gurme-yesil-zeytin","status":"publish","type":"product","link":"https:\/\/butaassos.com.tr\/ru\/product\/gurme-yesil-zeytin\/","title":{"rendered":"\u0413\u0443\u0440\u043c\u044d \u0417\u0435\u043b\u0435\u043d\u044b\u0435 \u041e\u043b\u0438\u0432\u043a\u0438"},"content":{"rendered":"<p style=\"font-weight: 400;\" class=\" translation-block\">\u0421\u043e\u0441\u0442\u0430\u0432: \u041e\u043b\u0438\u0432\u043a\u0438, \u043f\u0438\u0442\u044c\u0435\u0432\u0430\u044f \u0432\u043e\u0434\u0430, \u043a\u0430\u043c\u0435\u043d\u043d\u0430\u044f \u0441\u043e\u043b\u044c, \u043b\u0438\u043c\u043e\u043d, \u043b\u0430\u0432\u0440\u043e\u0432\u044b\u0439 \u043b\u0438\u0441\u0442, \u043e\u043b\u0438\u0432\u043a\u043e\u0432\u043e\u0435 \u043c\u0430\u0441\u043b\u043e Buta Assos \u0445\u043e\u043b\u043e\u0434\u043d\u043e\u0433\u043e \u043e\u0442\u0436\u0438\u043c\u0430 (Extra Virgin). \u041d\u0435 \u0441\u043e\u0434\u0435\u0440\u0436\u0438\u0442 \u043a\u043e\u043d\u0441\u0435\u0440\u0432\u0430\u043d\u0442\u043e\u0432. \u041d\u0430\u0448 \u043f\u0440\u043e\u0434\u0443\u043a\u0442 \u043f\u043e\u043b\u043d\u043e\u0441\u0442\u044c\u044e \u043d\u0430\u0442\u0443\u0440\u0430\u043b\u044c\u043d\u044b\u0439 \u0438 \u0431\u0435\u0437 \u0434\u043e\u0431\u0430\u0432\u043e\u043a, \u043e\u0431\u0440\u0430\u0431\u043e\u0442\u0430\u043d \u0442\u0440\u0430\u0434\u0438\u0446\u0438\u043e\u043d\u043d\u044b\u043c\u0438 \u043c\u0435\u0442\u043e\u0434\u0430\u043c\u0438.<\/p>\n<p style=\"font-weight: 400;\">\u0411\u043b\u0430\u0433\u043e\u0434\u0430\u0440\u044f \u043f\u0440\u043e\u0438\u0437\u0432\u043e\u0434\u0441\u0442\u0432\u0435\u043d\u043d\u043e\u043c\u0443 \u043f\u0440\u043e\u0446\u0435\u0441\u0441\u0443, \u043d\u0430 \u043a\u0430\u0436\u0434\u043e\u043c \u044d\u0442\u0430\u043f\u0435 \u043a\u043e\u0442\u043e\u0440\u043e\u0433\u043e \u0441\u043e\u0431\u043b\u044e\u0434\u0430\u0435\u0442\u0441\u044f \u0438\u0441\u043a\u043b\u044e\u0447\u0438\u0442\u0435\u043b\u044c\u043d\u0430\u044f \u0442\u0449\u0430\u0442\u0435\u043b\u044c\u043d\u043e\u0441\u0442\u044c, \u043c\u044b \u043f\u0440\u0438\u043d\u043e\u0441\u0438\u043c \u043d\u0430 \u0432\u0430\u0448\u0438 \u0441\u0442\u043e\u043b\u044b \u0432\u043a\u0443\u0441 \u0438 \u0437\u0434\u043e\u0440\u043e\u0432\u044c\u0435.<\/p>\n<p style=\"font-weight: 400;\">\u041a\u0440\u0438\u0442\u0435\u0440\u0438\u0438 \u043a\u0430\u0447\u0435\u0441\u0442\u0432\u0430 \u0413\u0443\u0440\u043c\u044d \u0417\u0435\u043b\u0435\u043d\u044b\u0445 \u041e\u043b\u0438\u0432\u043e\u043a Buta Assos: \u0414\u043e \u0441\u0431\u043e\u0440\u0430 \u0443\u0440\u043e\u0436\u0430\u044f:  \u0422\u0449\u0430\u0442\u0435\u043b\u044c\u043d\u044b\u0439 \u043e\u0442\u0431\u043e\u0440 \u043f\u043b\u043e\u0434\u043e\u0432.<\/p>\n<ul style=\"font-weight: 400;\">\n<li>\u0412\u043e \u0432\u0440\u0435\u043c\u044f \u0441\u0431\u043e\u0440\u0430: \u041f\u0440\u0430\u0432\u0438\u043b\u044c\u043d\u044b\u0439 \u0432\u044b\u0431\u043e\u0440 \u0432\u0440\u0435\u043c\u0435\u043d\u0438, \u043f\u043e\u0434\u0445\u043e\u0434\u044f\u0449\u0438\u0439 \u043c\u0435\u0442\u043e\u0434 \u0441\u0431\u043e\u0440\u0430, \u0431\u0435\u0440\u0435\u0436\u043d\u0430\u044f \u0442\u0440\u0430\u043d\u0441\u043f\u043e\u0440\u0442\u0438\u0440\u043e\u0432\u043a\u0430 \u0438 \u0445\u0440\u0430\u043d\u0435\u043d\u0438\u0435.<\/li>\n<li>\u041f\u043e\u0441\u043b\u0435 \u0441\u0431\u043e\u0440\u0430: \u041f\u0440\u043e\u0446\u0435\u0441\u0441 \u0435\u0441\u0442\u0435\u0441\u0442\u0432\u0435\u043d\u043d\u043e\u0439 \u0444\u0435\u0440\u043c\u0435\u043d\u0442\u0430\u0446\u0438\u0438 \u043f\u043e\u0441\u043b\u0435 \u043a\u0430\u043b\u0438\u0431\u0440\u043e\u0432\u043a\u0438 \u0438 \u0441\u043e\u0440\u0442\u0438\u0440\u043e\u0432\u043a\u0438. \u041d\u0430\u0448 \u043f\u0440\u043e\u0434\u0443\u043a\u0442 \u0438\u0437\u0433\u043e\u0442\u043e\u0432\u043b\u0435\u043d \u0441 \u0438\u0441\u043f\u043e\u043b\u044c\u0437\u043e\u0432\u0430\u043d\u0438\u0435\u043c \u0442\u0435\u0445\u043d\u043e\u043b\u043e\u0433\u0438\u0439 \u043d\u0430\u0442\u0443\u0440\u0430\u043b\u044c\u043d\u043e\u0439 \u043e\u0431\u0440\u0430\u0431\u043e\u0442\u043a\u0438, \u0447\u0442\u043e \u043e\u0431\u0435\u0441\u043f\u0435\u0447\u0438\u0432\u0430\u0435\u0442 \u043c\u0430\u043a\u0441\u0438\u043c\u0430\u043b\u044c\u043d\u043e\u0435 \u0441\u043e\u0445\u0440\u0430\u043d\u0435\u043d\u0438\u0435 \u0444\u0435\u043d\u043e\u043b\u044c\u043d\u044b\u0445 \u0441\u043e\u0435\u0434\u0438\u043d\u0435\u043d\u0438\u0439 \u0432 \u043e\u043b\u0438\u0432\u043a\u0430\u0445. \u042d\u0442\u0438 \u0444\u0435\u043d\u043e\u043b\u044c\u043d\u044b\u0435 \u0432\u0435\u0449\u0435\u0441\u0442\u0432\u0430 \u043f\u043e\u043c\u043e\u0433\u0430\u044e\u0442 \u0437\u0430\u0449\u0438\u0442\u0438\u0442\u044c \u0432\u0430\u0448 \u043e\u0440\u0433\u0430\u043d\u0438\u0437\u043c, \u0431\u043e\u0440\u044f\u0441\u044c \u0441\u043e \u0441\u0432\u043e\u0431\u043e\u0434\u043d\u044b\u043c\u0438 \u0440\u0430\u0434\u0438\u043a\u0430\u043b\u0430\u043c\u0438, \u0438 \u0441\u043f\u043e\u0441\u043e\u0431\u0441\u0442\u0432\u0443\u044e\u0442 \u0437\u0430\u043c\u0435\u0434\u043b\u0435\u043d\u0438\u044e \u043f\u0440\u043e\u0446\u0435\u0441\u0441\u043e\u0432 \u0441\u0442\u0430\u0440\u0435\u043d\u0438\u044f.<\/li>\n<li>\u0420\u0435\u043a\u043e\u043c\u0435\u043d\u0434\u0430\u0446\u0438\u044f \u043f\u043e \u0443\u043f\u043e\u0442\u0440\u0435\u0431\u043b\u0435\u043d\u0438\u044e: \u041d\u0430\u0448\u0438 \u043e\u043b\u0438\u0432\u043a\u0438 \u0433\u043e\u0442\u043e\u0432\u044b \u043a \u0443\u043f\u043e\u0442\u0440\u0435\u0431\u043b\u0435\u043d\u0438\u044e.<\/li>\n<\/ul>\n<p style=\"font-weight: 400;\">\u041f\u043e \u0441\u0432\u043e\u0435\u043c\u0443 \u0432\u043a\u0443\u0441\u0443 \u0432\u044b \u043c\u043e\u0436\u0435\u0442\u0435 \u0441\u0431\u0440\u044b\u0437\u043d\u0443\u0442\u044c \u0438\u0445 \u043e\u043b\u0438\u0432\u043a\u043e\u0432\u044b\u043c \u043c\u0430\u0441\u043b\u043e\u043c Buta Assos Extra Virgin, \u0434\u043e\u0431\u0430\u0432\u0438\u0442\u044c \u0441\u043f\u0435\u0446\u0438\u0438 \u0438 \u0441\u0432\u0435\u0436\u0438\u0439 \u043b\u0438\u043c\u043e\u043d\u043d\u044b\u0439 \u0441\u043e\u043a, \u0447\u0442\u043e\u0431\u044b \u043f\u0440\u0438\u0434\u0430\u0442\u044c \u0432\u0430\u0448\u0435\u043c\u0443 \u0441\u0442\u043e\u043b\u0443 \u043d\u0435\u043f\u043e\u0432\u0442\u043e\u0440\u0438\u043c\u044b\u0439 \u0432\u043a\u0443\u0441.<\/p>\n<p style=\"font-weight: 400;\" class=\" translation-block\">.<\/p>\n<p style=\"font-weight: 400;\">\u041f\u0440\u0438\u044f\u0442\u043d\u043e\u0433\u043e \u0430\u043f\u043f\u0435\u0442\u0438\u0442\u0430!<\/p>\n<p><strong>\u0412\u0435\u0441 \u0431\u0440\u0443\u0442\u0442\u043e: 300 \u0433<\/strong><\/p>","protected":false},"excerpt":{"rendered":"<p>\u0130\u00e7indekiler:\u00a0Zeytin, i\u00e7me suyu, kaya tuzu, limon, defne yapra\u011f\u0131, Buta Assos nat\u00fcrel s\u0131zma zeytinya\u011f\u0131. Koruyucu madde i\u00e7ermez. Tamamen do\u011fal ve katk\u0131s\u0131z olan \u00fcr\u00fcn\u00fcm\u00fcz, geleneksel y\u00f6ntemlerle i\u015flenmi\u015ftir. Her a\u015famas\u0131 titizlikle y\u00fcr\u00fct\u00fclen \u00fcretim s\u00fcrecimiz sayesinde sofralar\u0131n\u0131za hem lezzet hem sa\u011fl\u0131k getiriyoruz. Buta Assos Gurme Ye\u015fil Zeytinin\u00a0kalite\u00a0kriterleri: Hasat \u00f6ncesi:\u00a0\u00d6zenli meyve se\u00e7imi Hasat s\u0131ras\u0131nda:\u00a0Do\u011fru zamanlama, uygun hasat y\u00f6ntemi, dikkatli ta\u015f\u0131ma&#8230;<\/p>","protected":false},"featured_media":2019,"comment_status":"open","ping_status":"closed","template":"","meta":[],"product_cat":[15,19],"product_tag":[],"class_list":{"0":"post-1871","1":"product","2":"type-product","3":"status-publish","4":"has-post-thumbnail","6":"product_cat-genel","7":"product_cat-naturel-sizma-zeytinyagi","9":"first","10":"outofstock","11":"taxable","12":"shipping-taxable","13":"purchasable","14":"product-type-simple"},"yoast_head":"<!-- This site is optimized with the Yoast SEO plugin v23.8 - https:\/\/yoast.com\/wordpress\/plugins\/seo\/ -->\n<title>Gurme Ye\u015fil Zeytin - Buta Assos<\/title>\n<meta name=\"description\" content=\"Buta Assos&#039;un Gurme Ye\u015fil Zeytinleri, \u00f6zenle toplan\u0131r ve do\u011fal fermente tekni\u011fiyle \u00fcretilerek tazeli\u011fi ve lezzeti korur. Gurme lezzetlerin adresi Buta Assos\" \/>\n<meta name=\"robots\" content=\"index, follow, max-snippet:-1, max-image-preview:large, max-video-preview:-1\" \/>\n<link rel=\"canonical\" href=\"https:\/\/butaassos.com.tr\/ru\/product\/gurme-yesil-zeytin\/\" \/>\n<meta property=\"og:locale\" content=\"ru_RU\" \/>\n<meta property=\"og:type\" content=\"article\" \/>\n<meta property=\"og:title\" content=\"Gurme Ye\u015fil Zeytin - Buta Assos\" \/>\n<meta property=\"og:description\" content=\"Buta Assos&#039;un Gurme Ye\u015fil Zeytinleri, \u00f6zenle toplan\u0131r ve do\u011fal fermente tekni\u011fiyle \u00fcretilerek tazeli\u011fi ve lezzeti korur. Gurme lezzetlerin adresi Buta Assos\" \/>\n<meta property=\"og:url\" content=\"https:\/\/butaassos.com.tr\/ru\/product\/gurme-yesil-zeytin\/\" \/>\n<meta property=\"og:site_name\" content=\"Buta Assos\" \/>\n<meta property=\"article:modified_time\" content=\"2026-03-04T11:00:15+00:00\" \/>\n<meta property=\"og:image\" content=\"https:\/\/butaassos.com.tr\/wp-content\/uploads\/2024\/11\/zeytin.jpg\" \/>\n\t<meta property=\"og:image:width\" content=\"2000\" \/>\n\t<meta property=\"og:image:height\" content=\"2000\" \/>\n\t<meta property=\"og:image:type\" content=\"image\/jpeg\" \/>\n<meta name=\"twitter:card\" content=\"summary_large_image\" \/>\n<meta name=\"twitter:label1\" content=\"Est. reading time\" \/>\n\t<meta name=\"twitter:data1\" content=\"1 \u043c\u0438\u043d\u0443\u0442\u0430\" \/>\n<script type=\"application\/ld+json\" class=\"yoast-schema-graph\">{\"@context\":\"https:\/\/schema.org\",\"@graph\":[{\"@type\":\"WebPage\",\"@id\":\"https:\/\/butaassos.com.tr\/urun\/gurme-yesil-zeytin\/\",\"url\":\"https:\/\/butaassos.com.tr\/urun\/gurme-yesil-zeytin\/\",\"name\":\"Gurme Ye\u015fil Zeytin - Buta Assos\",\"isPartOf\":{\"@id\":\"https:\/\/butaassos.com.tr\/#website\"},\"primaryImageOfPage\":{\"@id\":\"https:\/\/butaassos.com.tr\/urun\/gurme-yesil-zeytin\/#primaryimage\"},\"image\":{\"@id\":\"https:\/\/butaassos.com.tr\/urun\/gurme-yesil-zeytin\/#primaryimage\"},\"thumbnailUrl\":\"https:\/\/butaassos.com.tr\/wp-content\/uploads\/2024\/11\/zeytin.jpg\",\"datePublished\":\"2024-11-07T06:35:55+00:00\",\"dateModified\":\"2026-03-04T11:00:15+00:00\",\"description\":\"Buta Assos'un Gurme Ye\u015fil Zeytinleri, \u00f6zenle toplan\u0131r ve do\u011fal fermente tekni\u011fiyle \u00fcretilerek tazeli\u011fi ve lezzeti korur. Gurme lezzetlerin adresi Buta Assos\",\"breadcrumb\":{\"@id\":\"https:\/\/butaassos.com.tr\/urun\/gurme-yesil-zeytin\/#breadcrumb\"},\"inLanguage\":\"ru-RU\",\"potentialAction\":[{\"@type\":\"ReadAction\",\"target\":[\"https:\/\/butaassos.com.tr\/urun\/gurme-yesil-zeytin\/\"]}]},{\"@type\":\"ImageObject\",\"inLanguage\":\"ru-RU\",\"@id\":\"https:\/\/butaassos.com.tr\/urun\/gurme-yesil-zeytin\/#primaryimage\",\"url\":\"https:\/\/butaassos.com.tr\/wp-content\/uploads\/2024\/11\/zeytin.jpg\",\"contentUrl\":\"https:\/\/butaassos.com.tr\/wp-content\/uploads\/2024\/11\/zeytin.jpg\",\"width\":2000,\"height\":2000},{\"@type\":\"BreadcrumbList\",\"@id\":\"https:\/\/butaassos.com.tr\/urun\/gurme-yesil-zeytin\/#breadcrumb\",\"itemListElement\":[{\"@type\":\"ListItem\",\"position\":1,\"name\":\"Anasayfa\",\"item\":\"https:\/\/butaassos.com.tr\/\"},{\"@type\":\"ListItem\",\"position\":2,\"name\":\"Shop\",\"item\":\"https:\/\/butaassos.com.tr\/shop\/\"},{\"@type\":\"ListItem\",\"position\":3,\"name\":\"Gurme Ye\u015fil Zeytin\"}]},{\"@type\":\"WebSite\",\"@id\":\"https:\/\/butaassos.com.tr\/#website\",\"url\":\"https:\/\/butaassos.com.tr\/\",\"name\":\"Buta Assos\",\"description\":\"\",\"publisher\":{\"@id\":\"https:\/\/butaassos.com.tr\/#organization\"},\"potentialAction\":[{\"@type\":\"SearchAction\",\"target\":{\"@type\":\"EntryPoint\",\"urlTemplate\":\"https:\/\/butaassos.com.tr\/?s={search_term_string}\"},\"query-input\":{\"@type\":\"PropertyValueSpecification\",\"valueRequired\":true,\"valueName\":\"search_term_string\"}}],\"inLanguage\":\"ru-RU\"},{\"@type\":\"Organization\",\"@id\":\"https:\/\/butaassos.com.tr\/#organization\",\"name\":\"Buta Assos\",\"url\":\"https:\/\/butaassos.com.tr\/\",\"logo\":{\"@type\":\"ImageObject\",\"inLanguage\":\"ru-RU\",\"@id\":\"https:\/\/butaassos.com.tr\/#\/schema\/logo\/image\/\",\"url\":\"https:\/\/butaassos.com.tr\/wp-content\/uploads\/2024\/01\/butaassosicon.png\",\"contentUrl\":\"https:\/\/butaassos.com.tr\/wp-content\/uploads\/2024\/01\/butaassosicon.png\",\"width\":512,\"height\":512,\"caption\":\"Buta Assos\"},\"image\":{\"@id\":\"https:\/\/butaassos.com.tr\/#\/schema\/logo\/image\/\"}}]}<\/script>\n<!-- \/ Yoast SEO plugin. -->","yoast_head_json":{"title":"Gurme Ye\u015fil Zeytin - Buta Assos","description":"Buta Assos'un Gurme Ye\u015fil Zeytinleri, \u00f6zenle toplan\u0131r ve do\u011fal fermente tekni\u011fiyle \u00fcretilerek tazeli\u011fi ve lezzeti korur. Gurme lezzetlerin adresi Buta Assos","robots":{"index":"index","follow":"follow","max-snippet":"max-snippet:-1","max-image-preview":"max-image-preview:large","max-video-preview":"max-video-preview:-1"},"canonical":"https:\/\/butaassos.com.tr\/ru\/product\/gurme-yesil-zeytin\/","og_locale":"ru_RU","og_type":"article","og_title":"Gurme Ye\u015fil Zeytin - Buta Assos","og_description":"Buta Assos'un Gurme Ye\u015fil Zeytinleri, \u00f6zenle toplan\u0131r ve do\u011fal fermente tekni\u011fiyle \u00fcretilerek tazeli\u011fi ve lezzeti korur. Gurme lezzetlerin adresi Buta Assos","og_url":"https:\/\/butaassos.com.tr\/ru\/product\/gurme-yesil-zeytin\/","og_site_name":"Buta Assos","article_modified_time":"2026-03-04T11:00:15+00:00","og_image":[{"width":2000,"height":2000,"url":"https:\/\/butaassos.com.tr\/wp-content\/uploads\/2024\/11\/zeytin.jpg","type":"image\/jpeg"}],"twitter_card":"summary_large_image","twitter_misc":{"Est. reading time":"1 \u043c\u0438\u043d\u0443\u0442\u0430"},"schema":{"@context":"https:\/\/schema.org","@graph":[{"@type":"WebPage","@id":"https:\/\/butaassos.com.tr\/urun\/gurme-yesil-zeytin\/","url":"https:\/\/butaassos.com.tr\/urun\/gurme-yesil-zeytin\/","name":"Gurme Ye\u015fil Zeytin - Buta Assos","isPartOf":{"@id":"https:\/\/butaassos.com.tr\/#website"},"primaryImageOfPage":{"@id":"https:\/\/butaassos.com.tr\/urun\/gurme-yesil-zeytin\/#primaryimage"},"image":{"@id":"https:\/\/butaassos.com.tr\/urun\/gurme-yesil-zeytin\/#primaryimage"},"thumbnailUrl":"https:\/\/butaassos.com.tr\/wp-content\/uploads\/2024\/11\/zeytin.jpg","datePublished":"2024-11-07T06:35:55+00:00","dateModified":"2026-03-04T11:00:15+00:00","description":"Buta Assos'un Gurme Ye\u015fil Zeytinleri, \u00f6zenle toplan\u0131r ve do\u011fal fermente tekni\u011fiyle \u00fcretilerek tazeli\u011fi ve lezzeti korur. Gurme lezzetlerin adresi Buta Assos","breadcrumb":{"@id":"https:\/\/butaassos.com.tr\/urun\/gurme-yesil-zeytin\/#breadcrumb"},"inLanguage":"ru-RU","potentialAction":[{"@type":"ReadAction","target":["https:\/\/butaassos.com.tr\/urun\/gurme-yesil-zeytin\/"]}]},{"@type":"ImageObject","inLanguage":"ru-RU","@id":"https:\/\/butaassos.com.tr\/urun\/gurme-yesil-zeytin\/#primaryimage","url":"https:\/\/butaassos.com.tr\/wp-content\/uploads\/2024\/11\/zeytin.jpg","contentUrl":"https:\/\/butaassos.com.tr\/wp-content\/uploads\/2024\/11\/zeytin.jpg","width":2000,"height":2000},{"@type":"BreadcrumbList","@id":"https:\/\/butaassos.com.tr\/urun\/gurme-yesil-zeytin\/#breadcrumb","itemListElement":[{"@type":"ListItem","position":1,"name":"Anasayfa","item":"https:\/\/butaassos.com.tr\/"},{"@type":"ListItem","position":2,"name":"Shop","item":"https:\/\/butaassos.com.tr\/shop\/"},{"@type":"ListItem","position":3,"name":"Gurme Ye\u015fil Zeytin"}]},{"@type":"WebSite","@id":"https:\/\/butaassos.com.tr\/#website","url":"https:\/\/butaassos.com.tr\/","name":"Buta Assos","description":"","publisher":{"@id":"https:\/\/butaassos.com.tr\/#organization"},"potentialAction":[{"@type":"SearchAction","target":{"@type":"EntryPoint","urlTemplate":"https:\/\/butaassos.com.tr\/?s={search_term_string}"},"query-input":{"@type":"PropertyValueSpecification","valueRequired":true,"valueName":"search_term_string"}}],"inLanguage":"ru-RU"},{"@type":"Organization","@id":"https:\/\/butaassos.com.tr\/#organization","name":"Buta Assos","url":"https:\/\/butaassos.com.tr\/","logo":{"@type":"ImageObject","inLanguage":"ru-RU","@id":"https:\/\/butaassos.com.tr\/#\/schema\/logo\/image\/","url":"https:\/\/butaassos.com.tr\/wp-content\/uploads\/2024\/01\/butaassosicon.png","contentUrl":"https:\/\/butaassos.com.tr\/wp-content\/uploads\/2024\/01\/butaassosicon.png","width":512,"height":512,"caption":"Buta Assos"},"image":{"@id":"https:\/\/butaassos.com.tr\/#\/schema\/logo\/image\/"}}]}},"_links":{"self":[{"href":"https:\/\/butaassos.com.tr\/ru\/wp-json\/wp\/v2\/product\/1871","targetHints":{"allow":["GET"]}}],"collection":[{"href":"https:\/\/butaassos.com.tr\/ru\/wp-json\/wp\/v2\/product"}],"about":[{"href":"https:\/\/butaassos.com.tr\/ru\/wp-json\/wp\/v2\/types\/product"}],"replies":[{"embeddable":true,"href":"https:\/\/butaassos.com.tr\/ru\/wp-json\/wp\/v2\/comments?post=1871"}],"wp:featuredmedia":[{"embeddable":true,"href":"https:\/\/butaassos.com.tr\/ru\/wp-json\/wp\/v2\/media\/2019"}],"wp:attachment":[{"href":"https:\/\/butaassos.com.tr\/ru\/wp-json\/wp\/v2\/media?parent=1871"}],"wp:term":[{"taxonomy":"product_cat","embeddable":true,"href":"https:\/\/butaassos.com.tr\/ru\/wp-json\/wp\/v2\/product_cat?post=1871"},{"taxonomy":"product_tag","embeddable":true,"href":"https:\/\/butaassos.com.tr\/ru\/wp-json\/wp\/v2\/product_tag?post=1871"}],"curies":[{"name":"wp","href":"https:\/\/api.w.org\/{rel}","templated":true}]}}