{"id":1750,"date":"2024-10-12T22:13:30","date_gmt":"2024-10-12T19:13:30","guid":{"rendered":"https:\/\/butaassos.com.tr\/?post_type=product&#038;p=1750"},"modified":"2025-12-23T10:07:07","modified_gmt":"2025-12-23T07:07:07","slug":"erken-hasat-soguk-sikim-naturel-sizma-zeytinyagi-5000ml","status":"publish","type":"product","link":"https:\/\/butaassos.com.tr\/ru\/product\/erken-hasat-soguk-sikim-naturel-sizma-zeytinyagi-5000ml\/","title":{"rendered":"\u041e\u043b\u0438\u0432\u043a\u043e\u0432\u043e\u0435 \u043c\u0430\u0441\u043b\u043e Extra Virgin: <br>\u0420\u0430\u043d\u043d\u0438\u0439 \u0441\u0431\u043e\u0440 \u0438 \u0445\u043e\u043b\u043e\u0434\u043d\u044b\u0439 \u043e\u0442\u0436\u0438\u043c<br>5000 \u043c\u043b (\u0421\u0435\u0437\u043e\u043d 2025-26)"},"content":{"rendered":"<p data-start=\"215\" data-end=\"265\"><strong>\u041e\u043b\u0438\u0432\u043a\u043e\u0432\u043e\u0435 \u043c\u0430\u0441\u043b\u043e Extra Virgin: \u0420\u0430\u043d\u043d\u0438\u0439 \u0441\u0431\u043e\u0440 \u0438 \u0445\u043e\u043b\u043e\u0434\u043d\u044b\u0439 \u043e\u0442\u0436\u0438\u043c, 5000 \u043c\u043b (\u0421\u0435\u0437\u043e\u043d 2025-26)<\/strong><\/p>\n<p class=\"\" data-start=\"215\" data-end=\"265\">\u042d\u0442\u043e \u043e\u043b\u0438\u0432\u043a\u043e\u0432\u043e\u0435 \u043c\u0430\u0441\u043b\u043e - \u044d\u0442\u0430\u043b\u043e\u043d \u043a\u0430\u0447\u0435\u0441\u0442\u0432\u0430 \u0434\u043b\u044f \u0432\u0430\u0448\u0435\u0433\u043e \u0435\u0436\u0435\u0434\u043d\u0435\u0432\u043d\u043e\u0433\u043e \u0438\u0441\u043f\u043e\u043b\u044c\u0437\u043e\u0432\u0430\u043d\u0438\u044f. \u041e\u043d\u043e \u0441\u043e\u0437\u0434\u0430\u043d\u043e \u0438\u0437 \u043e\u043b\u0438\u0432\u043e\u043a, \u0441\u043e\u0431\u0440\u0430\u043d\u043d\u044b\u0445 \u043d\u0430 \u043f\u043b\u043e\u0434\u043e\u0440\u043e\u0434\u043d\u044b\u0445 \u0437\u0435\u043c\u043b\u044f\u0445 \u042d\u0433\u0435\u0439\u0441\u043a\u043e\u0433\u043e \u043f\u043e\u0431\u0435\u0440\u0435\u0436\u044c\u044f \u0432 \u043f\u0435\u0440\u0438\u043e\u0434 \u0440\u0430\u043d\u043d\u0435\u0433\u043e \u0443\u0440\u043e\u0436\u0430\u044f, \u043a\u043e\u0433\u0434\u0430 \u043f\u043b\u043e\u0434\u044b \u043d\u0430\u0438\u0431\u043e\u043b\u0435\u0435 \u0431\u043e\u0433\u0430\u0442\u044b \u043f\u043e\u043b\u0435\u0437\u043d\u044b\u043c\u0438 \u0432\u0435\u0449\u0435\u0441\u0442\u0432\u0430\u043c\u0438. \u0411\u043b\u0430\u0433\u043e\u0434\u0430\u0440\u044f \u043c\u0435\u0442\u043e\u0434\u0443 \u0445\u043e\u043b\u043e\u0434\u043d\u043e\u0433\u043e \u043e\u0442\u0436\u0438\u043c\u0430, \u043c\u044b \u0441\u043e\u0445\u0440\u0430\u043d\u044f\u0435\u043c \u0432 \u043c\u0430\u0441\u043b\u0435 \u0435\u0441\u0442\u0435\u0441\u0442\u0432\u0435\u043d\u043d\u044b\u0439 \u0430\u0440\u043e\u043c\u0430\u0442, \u043c\u044f\u0433\u043a\u0443\u044e \u0442\u0435\u043a\u0441\u0442\u0443\u0440\u0443 \u0438 \u0431\u0438\u043e\u043b\u043e\u0433\u0438\u0447\u0435\u0441\u043a\u0443\u044e \u0446\u0435\u043d\u043d\u043e\u0441\u0442\u044c \u0441\u0432\u0435\u0436\u0438\u0445 \u043e\u043b\u0438\u0432\u043e\u043a. \u041a\u043b\u044e\u0447\u0435\u0432\u044b\u0435 \u043f\u0440\u0435\u0438\u043c\u0443\u0449\u0435\u0441\u0442\u0432\u0430: \u041a\u0430\u0442\u0435\u0433\u043e\u0440\u0438\u044f Nat\u00fcrel S\u0131zma (Extra Virgin): \u043c\u0430\u0441\u043b\u043e \u0432\u044b\u0441\u0448\u0435\u0433\u043e \u043a\u0430\u0447\u0435\u0441\u0442\u0432\u0430, \u043f\u043e\u043b\u0443\u0447\u0435\u043d\u043d\u043e\u0435 \u0438\u0441\u043a\u043b\u044e\u0447\u0438\u0442\u0435\u043b\u044c\u043d\u043e \u043c\u0435\u0445\u0430\u043d\u0438\u0447\u0435\u0441\u043a\u0438\u043c \u043f\u0443\u0442\u0435\u043c. \u0420\u0430\u043d\u043d\u0438\u0439 \u0441\u0431\u043e\u0440: \u043e\u0431\u0435\u0441\u043f\u0435\u0447\u0438\u0432\u0430\u0435\u0442 \u0431\u043e\u043b\u0435\u0435 \u044f\u0440\u043a\u0438\u0439 \u0430\u0440\u043e\u043c\u0430\u0442 \u0438 \u043f\u043e\u0432\u044b\u0448\u0435\u043d\u043d\u043e\u0435 \u0441\u043e\u0434\u0435\u0440\u0436\u0430\u043d\u0438\u0435 \u0430\u043d\u0442\u0438\u043e\u043a\u0441\u0438\u0434\u0430\u043d\u0442\u043e\u0432 \u043f\u043e \u0441\u0440\u0430\u0432\u043d\u0435\u043d\u0438\u044e \u0441 \u043e\u0431\u044b\u0447\u043d\u044b\u043c\u0438 \u043c\u0430\u0441\u043b\u0430\u043c\u0438. \u0423\u043d\u0438\u0432\u0435\u0440\u0441\u0430\u043b\u044c\u043d\u043e\u0441\u0442\u044c: \u0438\u0434\u0435\u0430\u043b\u044c\u043d\u043e \u043f\u043e\u0434\u0445\u043e\u0434\u0438\u0442 \u043a\u0430\u043a \u0434\u043b\u044f \u0437\u0430\u043f\u0440\u0430\u0432\u043a\u0438 \u0441\u0430\u043b\u0430\u0442\u043e\u0432, \u0442\u0430\u043a \u0438 \u0434\u043b\u044f \u043f\u0440\u0438\u0433\u043e\u0442\u043e\u0432\u043b\u0435\u043d\u0438\u044f \u043b\u044e\u0431\u044b\u0445 \u0433\u043e\u0440\u044f\u0447\u0438\u0445 \u0431\u043b\u044e\u0434, \u0440\u0430\u0441\u043a\u0440\u044b\u0432\u0430\u044f \u0438\u0445 \u0432\u043a\u0443\u0441. \u0421\u0435\u043c\u0435\u0439\u043d\u044b\u0439 \u0444\u043e\u0440\u043c\u0430\u0442: \u043e\u0431\u044a\u0435\u043c 5 \u043b\u0438\u0442\u0440\u043e\u0432 - \u044d\u0442\u043e \u0438\u0434\u0435\u0430\u043b\u044c\u043d\u043e\u0435 \u0441\u043e\u0447\u0435\u0442\u0430\u043d\u0438\u0435 \u043f\u0440\u0435\u043c\u0438\u0430\u043b\u044c\u043d\u043e\u0433\u043e \u043a\u0430\u0447\u0435\u0441\u0442\u0432\u0430 \u0438 \u043f\u0440\u0430\u043a\u0442\u0438\u0447\u043d\u043e\u0441\u0442\u0438 \u0434\u043b\u044f \u0435\u0436\u0435\u0434\u043d\u0435\u0432\u043d\u043e\u0433\u043e \u0438\u0441\u043f\u043e\u043b\u044c\u0437\u043e\u0432\u0430\u043d\u0438\u044f \u043d\u0430 \u0432\u0430\u0448\u0435\u0439 \u043a\u0443\u0445\u043d\u0435.<\/p>\n<p class=\"\" data-start=\"267\" data-end=\"562\">\u041f\u043e\u0447\u0443\u0432\u0441\u0442\u0432\u0443\u0439\u0442\u0435 \u0440\u0430\u0437\u043d\u0438\u0446\u0443 \u0441 Buta Assos - \u043c\u0430\u0441\u043b\u043e\u043c, \u0432 \u043a\u043e\u0442\u043e\u0440\u043e\u043c \u0441\u043e\u0435\u0434\u0438\u043d\u0438\u043b\u0438\u0441\u044c \u0442\u0440\u0430\u0434\u0438\u0446\u0438\u0438 \u042d\u0433\u0435\u0439\u0441\u043a\u043e\u0433\u043e \u0440\u0435\u0433\u0438\u043e\u043d\u0430 \u0438 \u0447\u0438\u0441\u0442\u043e\u0442\u0430 \u043d\u0430\u0442\u0443\u0440\u0430\u043b\u044c\u043d\u043e\u0433\u043e \u043f\u0440\u043e\u0438\u0437\u0432\u043e\u0434\u0441\u0442\u0432\u0430.<\/p>\n<p class=\"\" data-start=\"564\" data-end=\"674\"><strong data-start=\"564\" data-end=\"598\">Buta Assos - \u044d\u0442\u043e \u043a\u0430\u0447\u0435\u0441\u0442\u0432\u043e, \u0434\u043e\u0441\u0442\u0443\u043f\u043d\u043e\u0435 \u0432 \u043a\u0430\u0436\u0434\u043e\u043c \u0434\u043e\u043c\u0435.<\/strong>.<\/p>\n<h4 class=\"\" data-start=\"676\" data-end=\"699\">.<\/h4>\n<ul data-start=\"700\" data-end=\"783\">\n<li class=\"\" data-start=\"700\" data-end=\"722\">\n<p class=\"\" data-start=\"702\" data-end=\"722\">.<\/p>\n<\/li>\n<li class=\"\" data-start=\"739\" data-end=\"752\">\n<p class=\"\" data-start=\"741\" data-end=\"752\">.<\/p>\n<\/li>\n<li class=\"\" data-start=\"753\" data-end=\"783\">\n<p class=\"\" data-start=\"755\" data-end=\"783\">.<\/p>\n<\/li>\n<\/ul>\n<p class=\"\" data-start=\"785\" data-end=\"874\">.<\/p>","protected":false},"excerpt":{"rendered":"<p>Erken Hasat So\u011fuk S\u0131k\u0131m Nat\u00fcrel S\u0131zma Zeytinya\u011f\u0131 5000ml Lezzetiyle fark yaratan do\u011fal sofral\u0131k zeytinya\u011f\u0131\u2026 Ege\u2019nin bereketli topraklar\u0131nda, zeytinler hen\u00fcz tam olgunla\u015fmadan toplan\u0131r ve so\u011fuk s\u0131k\u0131m y\u00f6ntemiyle \u00f6zenle i\u015flenir. Bu sayede hem tazeli\u011fini hem de do\u011fal aromas\u0131n\u0131 koruyan nat\u00fcrel s\u0131zma zeytinya\u011f\u0131m\u0131z, yemeklerde g\u00fcvenle kullanabilece\u011finiz, lezzetli ve dengeli bir se\u00e7enektir. 5000 ml\u2019lik b\u00fcy\u00fck boy ambalaj\u0131, s\u0131k zeytinya\u011f\u0131&#8230;<\/p>","protected":false},"featured_media":2743,"comment_status":"open","ping_status":"closed","template":"","meta":[],"product_cat":[15,19],"product_tag":[],"class_list":{"0":"post-1750","1":"product","2":"type-product","3":"status-publish","4":"has-post-thumbnail","6":"product_cat-genel","7":"product_cat-naturel-sizma-zeytinyagi","9":"first","10":"instock","11":"taxable","12":"shipping-taxable","13":"purchasable","14":"product-type-simple"},"yoast_head":"<!-- This site is optimized with the Yoast SEO plugin v23.8 - https:\/\/yoast.com\/wordpress\/plugins\/seo\/ -->\n<title>So\u011fuk S\u0131k\u0131m Nat\u00fcrel S\u0131zma Zeytinya\u011f\u01315000ml 2025-26 - Buta Assos<\/title>\n<meta name=\"description\" content=\"B\u00fcy\u00fck boyutuyla uzun s\u00fcreli kullan\u0131m sa\u011flar. Buta Assos&#039;un Erken Hasat So\u011fuk S\u0131k\u0131m Zeytinya\u011f\u0131, tazeli\u011fi ve lezzetiyle sofralar\u0131n\u0131za sa\u011fl\u0131k getirir.\" \/>\n<meta name=\"robots\" content=\"index, follow, max-snippet:-1, max-image-preview:large, max-video-preview:-1\" \/>\n<link rel=\"canonical\" href=\"https:\/\/butaassos.com.tr\/ru\/product\/erken-hasat-soguk-sikim-naturel-sizma-zeytinyagi-5000ml\/\" \/>\n<meta property=\"og:locale\" content=\"ru_RU\" \/>\n<meta property=\"og:type\" content=\"article\" \/>\n<meta property=\"og:title\" content=\"So\u011fuk S\u0131k\u0131m Nat\u00fcrel S\u0131zma Zeytinya\u011f\u01315000ml 2025-26 - Buta Assos\" \/>\n<meta property=\"og:description\" content=\"B\u00fcy\u00fck boyutuyla uzun s\u00fcreli kullan\u0131m sa\u011flar. Buta Assos&#039;un Erken Hasat So\u011fuk S\u0131k\u0131m Zeytinya\u011f\u0131, tazeli\u011fi ve lezzetiyle sofralar\u0131n\u0131za sa\u011fl\u0131k getirir.\" \/>\n<meta property=\"og:url\" content=\"https:\/\/butaassos.com.tr\/ru\/product\/erken-hasat-soguk-sikim-naturel-sizma-zeytinyagi-5000ml\/\" \/>\n<meta property=\"og:site_name\" content=\"Buta Assos\" \/>\n<meta property=\"article:modified_time\" content=\"2025-12-23T07:07:07+00:00\" \/>\n<meta property=\"og:image\" content=\"https:\/\/butaassos.com.tr\/wp-content\/uploads\/2024\/10\/5LT-copy.jpg\" \/>\n\t<meta property=\"og:image:width\" content=\"2000\" \/>\n\t<meta property=\"og:image:height\" content=\"2000\" \/>\n\t<meta property=\"og:image:type\" content=\"image\/jpeg\" \/>\n<meta name=\"twitter:card\" content=\"summary_large_image\" \/>\n<meta name=\"twitter:label1\" content=\"Est. reading time\" \/>\n\t<meta name=\"twitter:data1\" content=\"1 \u043c\u0438\u043d\u0443\u0442\u0430\" \/>\n<script type=\"application\/ld+json\" class=\"yoast-schema-graph\">{\"@context\":\"https:\/\/schema.org\",\"@graph\":[{\"@type\":\"WebPage\",\"@id\":\"https:\/\/butaassos.com.tr\/urun\/erken-hasat-soguk-sikim-naturel-sizma-zeytinyagi-5000ml\/\",\"url\":\"https:\/\/butaassos.com.tr\/urun\/erken-hasat-soguk-sikim-naturel-sizma-zeytinyagi-5000ml\/\",\"name\":\"So\u011fuk S\u0131k\u0131m Nat\u00fcrel S\u0131zma Zeytinya\u011f\u0131 5000ml 2025-26 - Buta Assos\",\"isPartOf\":{\"@id\":\"https:\/\/butaassos.com.tr\/#website\"},\"primaryImageOfPage\":{\"@id\":\"https:\/\/butaassos.com.tr\/urun\/erken-hasat-soguk-sikim-naturel-sizma-zeytinyagi-5000ml\/#primaryimage\"},\"image\":{\"@id\":\"https:\/\/butaassos.com.tr\/urun\/erken-hasat-soguk-sikim-naturel-sizma-zeytinyagi-5000ml\/#primaryimage\"},\"thumbnailUrl\":\"https:\/\/butaassos.com.tr\/wp-content\/uploads\/2024\/10\/5LT-copy.jpg\",\"datePublished\":\"2024-10-12T19:13:30+00:00\",\"dateModified\":\"2025-12-23T07:07:07+00:00\",\"description\":\"B\u00fcy\u00fck boyutuyla uzun s\u00fcreli kullan\u0131m sa\u011flar. Buta Assos'un Erken Hasat So\u011fuk S\u0131k\u0131m Zeytinya\u011f\u0131, tazeli\u011fi ve lezzetiyle sofralar\u0131n\u0131za sa\u011fl\u0131k getirir.\",\"breadcrumb\":{\"@id\":\"https:\/\/butaassos.com.tr\/urun\/erken-hasat-soguk-sikim-naturel-sizma-zeytinyagi-5000ml\/#breadcrumb\"},\"inLanguage\":\"ru-RU\",\"potentialAction\":[{\"@type\":\"ReadAction\",\"target\":[\"https:\/\/butaassos.com.tr\/urun\/erken-hasat-soguk-sikim-naturel-sizma-zeytinyagi-5000ml\/\"]}]},{\"@type\":\"ImageObject\",\"inLanguage\":\"ru-RU\",\"@id\":\"https:\/\/butaassos.com.tr\/urun\/erken-hasat-soguk-sikim-naturel-sizma-zeytinyagi-5000ml\/#primaryimage\",\"url\":\"https:\/\/butaassos.com.tr\/wp-content\/uploads\/2024\/10\/5LT-copy.jpg\",\"contentUrl\":\"https:\/\/butaassos.com.tr\/wp-content\/uploads\/2024\/10\/5LT-copy.jpg\",\"width\":2000,\"height\":2000},{\"@type\":\"BreadcrumbList\",\"@id\":\"https:\/\/butaassos.com.tr\/urun\/erken-hasat-soguk-sikim-naturel-sizma-zeytinyagi-5000ml\/#breadcrumb\",\"itemListElement\":[{\"@type\":\"ListItem\",\"position\":1,\"name\":\"Anasayfa\",\"item\":\"https:\/\/butaassos.com.tr\/\"},{\"@type\":\"ListItem\",\"position\":2,\"name\":\"Shop\",\"item\":\"https:\/\/butaassos.com.tr\/shop\/\"},{\"@type\":\"ListItem\",\"position\":3,\"name\":\"So\u011fuk S\u0131k\u0131m Nat\u00fcrel S\u0131zma Zeytinya\u011f\u01315000ml2025-26\"}]},{\"@type\":\"WebSite\",\"@id\":\"https:\/\/butaassos.com.tr\/#website\",\"url\":\"https:\/\/butaassos.com.tr\/\",\"name\":\"Buta Assos\",\"description\":\"\",\"publisher\":{\"@id\":\"https:\/\/butaassos.com.tr\/#organization\"},\"potentialAction\":[{\"@type\":\"SearchAction\",\"target\":{\"@type\":\"EntryPoint\",\"urlTemplate\":\"https:\/\/butaassos.com.tr\/?s={search_term_string}\"},\"query-input\":{\"@type\":\"PropertyValueSpecification\",\"valueRequired\":true,\"valueName\":\"search_term_string\"}}],\"inLanguage\":\"ru-RU\"},{\"@type\":\"Organization\",\"@id\":\"https:\/\/butaassos.com.tr\/#organization\",\"name\":\"Buta Assos\",\"url\":\"https:\/\/butaassos.com.tr\/\",\"logo\":{\"@type\":\"ImageObject\",\"inLanguage\":\"ru-RU\",\"@id\":\"https:\/\/butaassos.com.tr\/#\/schema\/logo\/image\/\",\"url\":\"https:\/\/butaassos.com.tr\/wp-content\/uploads\/2024\/01\/butaassosicon.png\",\"contentUrl\":\"https:\/\/butaassos.com.tr\/wp-content\/uploads\/2024\/01\/butaassosicon.png\",\"width\":512,\"height\":512,\"caption\":\"Buta Assos\"},\"image\":{\"@id\":\"https:\/\/butaassos.com.tr\/#\/schema\/logo\/image\/\"}}]}<\/script>\n<!-- \/ Yoast SEO plugin. -->","yoast_head_json":{"title":"So\u011fuk S\u0131k\u0131m Nat\u00fcrel S\u0131zma Zeytinya\u011f\u01315000ml 2025-26 - Buta Assos","description":"B\u00fcy\u00fck boyutuyla uzun s\u00fcreli kullan\u0131m sa\u011flar. Buta Assos'un Erken Hasat So\u011fuk S\u0131k\u0131m Zeytinya\u011f\u0131, tazeli\u011fi ve lezzetiyle sofralar\u0131n\u0131za sa\u011fl\u0131k getirir.","robots":{"index":"index","follow":"follow","max-snippet":"max-snippet:-1","max-image-preview":"max-image-preview:large","max-video-preview":"max-video-preview:-1"},"canonical":"https:\/\/butaassos.com.tr\/ru\/product\/erken-hasat-soguk-sikim-naturel-sizma-zeytinyagi-5000ml\/","og_locale":"ru_RU","og_type":"article","og_title":"So\u011fuk S\u0131k\u0131m Nat\u00fcrel S\u0131zma Zeytinya\u011f\u01315000ml 2025-26 - Buta Assos","og_description":"B\u00fcy\u00fck boyutuyla uzun s\u00fcreli kullan\u0131m sa\u011flar. Buta Assos'un Erken Hasat So\u011fuk S\u0131k\u0131m Zeytinya\u011f\u0131, tazeli\u011fi ve lezzetiyle sofralar\u0131n\u0131za sa\u011fl\u0131k getirir.","og_url":"https:\/\/butaassos.com.tr\/ru\/product\/erken-hasat-soguk-sikim-naturel-sizma-zeytinyagi-5000ml\/","og_site_name":"Buta Assos","article_modified_time":"2025-12-23T07:07:07+00:00","og_image":[{"width":2000,"height":2000,"url":"https:\/\/butaassos.com.tr\/wp-content\/uploads\/2024\/10\/5LT-copy.jpg","type":"image\/jpeg"}],"twitter_card":"summary_large_image","twitter_misc":{"Est. reading time":"1 \u043c\u0438\u043d\u0443\u0442\u0430"},"schema":{"@context":"https:\/\/schema.org","@graph":[{"@type":"WebPage","@id":"https:\/\/butaassos.com.tr\/urun\/erken-hasat-soguk-sikim-naturel-sizma-zeytinyagi-5000ml\/","url":"https:\/\/butaassos.com.tr\/urun\/erken-hasat-soguk-sikim-naturel-sizma-zeytinyagi-5000ml\/","name":"So\u011fuk S\u0131k\u0131m Nat\u00fcrel S\u0131zma Zeytinya\u011f\u0131 5000ml 2025-26 - Buta Assos","isPartOf":{"@id":"https:\/\/butaassos.com.tr\/#website"},"primaryImageOfPage":{"@id":"https:\/\/butaassos.com.tr\/urun\/erken-hasat-soguk-sikim-naturel-sizma-zeytinyagi-5000ml\/#primaryimage"},"image":{"@id":"https:\/\/butaassos.com.tr\/urun\/erken-hasat-soguk-sikim-naturel-sizma-zeytinyagi-5000ml\/#primaryimage"},"thumbnailUrl":"https:\/\/butaassos.com.tr\/wp-content\/uploads\/2024\/10\/5LT-copy.jpg","datePublished":"2024-10-12T19:13:30+00:00","dateModified":"2025-12-23T07:07:07+00:00","description":"B\u00fcy\u00fck boyutuyla uzun s\u00fcreli kullan\u0131m sa\u011flar. Buta Assos'un Erken Hasat So\u011fuk S\u0131k\u0131m Zeytinya\u011f\u0131, tazeli\u011fi ve lezzetiyle sofralar\u0131n\u0131za sa\u011fl\u0131k getirir.","breadcrumb":{"@id":"https:\/\/butaassos.com.tr\/urun\/erken-hasat-soguk-sikim-naturel-sizma-zeytinyagi-5000ml\/#breadcrumb"},"inLanguage":"ru-RU","potentialAction":[{"@type":"ReadAction","target":["https:\/\/butaassos.com.tr\/urun\/erken-hasat-soguk-sikim-naturel-sizma-zeytinyagi-5000ml\/"]}]},{"@type":"ImageObject","inLanguage":"ru-RU","@id":"https:\/\/butaassos.com.tr\/urun\/erken-hasat-soguk-sikim-naturel-sizma-zeytinyagi-5000ml\/#primaryimage","url":"https:\/\/butaassos.com.tr\/wp-content\/uploads\/2024\/10\/5LT-copy.jpg","contentUrl":"https:\/\/butaassos.com.tr\/wp-content\/uploads\/2024\/10\/5LT-copy.jpg","width":2000,"height":2000},{"@type":"BreadcrumbList","@id":"https:\/\/butaassos.com.tr\/urun\/erken-hasat-soguk-sikim-naturel-sizma-zeytinyagi-5000ml\/#breadcrumb","itemListElement":[{"@type":"ListItem","position":1,"name":"Anasayfa","item":"https:\/\/butaassos.com.tr\/"},{"@type":"ListItem","position":2,"name":"Shop","item":"https:\/\/butaassos.com.tr\/shop\/"},{"@type":"ListItem","position":3,"name":"So\u011fuk S\u0131k\u0131m Nat\u00fcrel S\u0131zma Zeytinya\u011f\u01315000ml2025-26"}]},{"@type":"WebSite","@id":"https:\/\/butaassos.com.tr\/#website","url":"https:\/\/butaassos.com.tr\/","name":"Buta Assos","description":"","publisher":{"@id":"https:\/\/butaassos.com.tr\/#organization"},"potentialAction":[{"@type":"SearchAction","target":{"@type":"EntryPoint","urlTemplate":"https:\/\/butaassos.com.tr\/?s={search_term_string}"},"query-input":{"@type":"PropertyValueSpecification","valueRequired":true,"valueName":"search_term_string"}}],"inLanguage":"ru-RU"},{"@type":"Organization","@id":"https:\/\/butaassos.com.tr\/#organization","name":"Buta Assos","url":"https:\/\/butaassos.com.tr\/","logo":{"@type":"ImageObject","inLanguage":"ru-RU","@id":"https:\/\/butaassos.com.tr\/#\/schema\/logo\/image\/","url":"https:\/\/butaassos.com.tr\/wp-content\/uploads\/2024\/01\/butaassosicon.png","contentUrl":"https:\/\/butaassos.com.tr\/wp-content\/uploads\/2024\/01\/butaassosicon.png","width":512,"height":512,"caption":"Buta Assos"},"image":{"@id":"https:\/\/butaassos.com.tr\/#\/schema\/logo\/image\/"}}]}},"_links":{"self":[{"href":"https:\/\/butaassos.com.tr\/ru\/wp-json\/wp\/v2\/product\/1750","targetHints":{"allow":["GET"]}}],"collection":[{"href":"https:\/\/butaassos.com.tr\/ru\/wp-json\/wp\/v2\/product"}],"about":[{"href":"https:\/\/butaassos.com.tr\/ru\/wp-json\/wp\/v2\/types\/product"}],"replies":[{"embeddable":true,"href":"https:\/\/butaassos.com.tr\/ru\/wp-json\/wp\/v2\/comments?post=1750"}],"wp:featuredmedia":[{"embeddable":true,"href":"https:\/\/butaassos.com.tr\/ru\/wp-json\/wp\/v2\/media\/2743"}],"wp:attachment":[{"href":"https:\/\/butaassos.com.tr\/ru\/wp-json\/wp\/v2\/media?parent=1750"}],"wp:term":[{"taxonomy":"product_cat","embeddable":true,"href":"https:\/\/butaassos.com.tr\/ru\/wp-json\/wp\/v2\/product_cat?post=1750"},{"taxonomy":"product_tag","embeddable":true,"href":"https:\/\/butaassos.com.tr\/ru\/wp-json\/wp\/v2\/product_tag?post=1750"}],"curies":[{"name":"wp","href":"https:\/\/api.w.org\/{rel}","templated":true}]}}