{"id":2615,"date":"2025-04-04T13:15:20","date_gmt":"2025-04-04T10:15:20","guid":{"rendered":"https:\/\/butaassos.com.tr\/?page_id=2615"},"modified":"2025-05-08T20:07:02","modified_gmt":"2025-05-08T17:07:02","slug":"iletisim","status":"publish","type":"page","link":"https:\/\/butaassos.com.tr\/ru\/iletisim\/","title":{"rendered":"\u041a\u043e\u043d\u0442\u0430\u043a\u0442\u044b"},"content":{"rendered":"<section class=\"l-section wpb_row us_custom_7e6f4b48 height_large width_full\"><div class=\"l-section-overlay\" style=\"background:#ffffff\"><\/div><div class=\"l-section-h i-cf\"><div class=\"g-cols vc_row via_grid cols_2 laptops-cols_inherit tablets-cols_inherit mobiles-cols_1 valign_top type_default stacking_default\"><div class=\"wpb_column vc_column_container\"><div class=\"vc_column-inner\"><div class=\"wpb_text_column us_custom_bf1362ac has_text_color\"><div class=\"wpb_wrapper\"><p>\u0421\u0432\u044f\u0437\u0430\u0442\u044c\u0441\u044f \u0441 \u043d\u0430\u043c\u0438<\/p>\n<\/div><\/div><div class=\"w-separator size_huge\"><\/div><div class=\"w-hwrapper align_none valign_middle\" style=\"--hwrapper-gap:1rem\"><div class=\"w-image align_none\"><a href=\"tel: 905415879656\" aria-label=\"\u0421\u0441\u044b\u043b\u043a\u0430\" class=\"w-image-h\"><img loading=\"lazy\" decoding=\"async\" width=\"48\" height=\"48\" src=\"https:\/\/butaassos.com.tr\/wp-content\/uploads\/2025\/04\/Phone.png\" class=\"attachment-large size-large\" alt=\"\" srcset=\"https:\/\/butaassos.com.tr\/wp-content\/uploads\/2025\/04\/Phone.png 48w, https:\/\/butaassos.com.tr\/wp-content\/uploads\/2025\/04\/Phone-12x12.png 12w\" sizes=\"auto, (max-width: 48px) 100vw, 48px\" \/><\/a><\/div><div class=\"wpb_text_column us_custom_19be14d3 has_text_color\"><div class=\"wpb_wrapper\"><p><a href=\"tel: 905415879656\">+ 90 (541) 587 96 56<\/a><\/p>\n<\/div><\/div><\/div><div class=\"w-separator size_medium\"><\/div><div class=\"w-hwrapper align_none valign_middle\" style=\"--hwrapper-gap:1rem\"><div class=\"w-image align_none\"><div class=\"w-image-h\"><img loading=\"lazy\" decoding=\"async\" width=\"48\" height=\"48\" src=\"https:\/\/butaassos.com.tr\/wp-content\/uploads\/2025\/04\/Mail.png\" class=\"attachment-large size-large\" alt=\"\" srcset=\"https:\/\/butaassos.com.tr\/wp-content\/uploads\/2025\/04\/Mail.png 48w, https:\/\/butaassos.com.tr\/wp-content\/uploads\/2025\/04\/Mail-12x12.png 12w\" sizes=\"auto, (max-width: 48px) 100vw, 48px\" \/><\/div><\/div><div class=\"wpb_text_column us_custom_19be14d3 has_text_color\"><div class=\"wpb_wrapper\"><p>info@butaassos.com<\/p>\n<\/div><\/div><\/div><div class=\"w-separator size_medium\"><\/div><div class=\"w-hwrapper align_none valign_middle\" style=\"--hwrapper-gap:1rem\"><div class=\"w-image align_none\"><a href=\"https:\/\/instagram.com\/butaassos\" aria-label=\"\u0421\u0441\u044b\u043b\u043a\u0430\" class=\"w-image-h\"><img loading=\"lazy\" decoding=\"async\" width=\"48\" height=\"48\" src=\"https:\/\/butaassos.com.tr\/wp-content\/uploads\/2025\/04\/Instagram.png\" class=\"attachment-large size-large\" alt=\"\" srcset=\"https:\/\/butaassos.com.tr\/wp-content\/uploads\/2025\/04\/Instagram.png 48w, https:\/\/butaassos.com.tr\/wp-content\/uploads\/2025\/04\/Instagram-12x12.png 12w\" sizes=\"auto, (max-width: 48px) 100vw, 48px\" \/><\/a><\/div><div class=\"wpb_text_column us_custom_19be14d3 has_text_color\"><div class=\"wpb_wrapper\"><p><a href=\"https:\/\/instagram.com\/butaassos\">butaassos<\/a><\/p>\n<\/div><\/div><\/div><div class=\"w-separator size_medium\"><\/div><div class=\"w-hwrapper align_none valign_middle\" style=\"--hwrapper-gap:1rem\"><div class=\"w-image us_custom_b9a33118 align_none\"><a href=\"https:\/\/facebook.com\/butaassoss\" aria-label=\"\u0421\u0441\u044b\u043b\u043a\u0430\" class=\"w-image-h\"><img loading=\"lazy\" decoding=\"async\" width=\"48\" height=\"48\" src=\"https:\/\/butaassos.com.tr\/wp-content\/uploads\/2025\/04\/Facebook.png\" class=\"attachment-large size-large\" alt=\"\" srcset=\"https:\/\/butaassos.com.tr\/wp-content\/uploads\/2025\/04\/Facebook.png 48w, https:\/\/butaassos.com.tr\/wp-content\/uploads\/2025\/04\/Facebook-12x12.png 12w\" sizes=\"auto, (max-width: 48px) 100vw, 48px\" \/><\/a><\/div><div class=\"wpb_text_column us_custom_19be14d3 has_text_color\"><div class=\"wpb_wrapper\"><p><a href=\"https:\/\/facebook.com\/butaassoss\">Buta Assos<\/a><\/p>\n<\/div><\/div><\/div><div class=\"w-separator size_medium\"><\/div><div class=\"w-hwrapper align_none valign_top\" style=\"--hwrapper-gap:1rem\"><div class=\"w-image us_custom_52581f5f align_none\"><div class=\"w-image-h\"><img loading=\"lazy\" decoding=\"async\" width=\"48\" height=\"48\" src=\"https:\/\/butaassos.com.tr\/wp-content\/uploads\/2025\/04\/Map-pin.png\" class=\"attachment-large size-large\" alt=\"\" srcset=\"https:\/\/butaassos.com.tr\/wp-content\/uploads\/2025\/04\/Map-pin.png 48w, https:\/\/butaassos.com.tr\/wp-content\/uploads\/2025\/04\/Map-pin-12x12.png 12w\" sizes=\"auto, (max-width: 48px) 100vw, 48px\" \/><\/div><\/div><div class=\"wpb_text_column us_custom_3e6b0d15 has_text_color\"><div class=\"wpb_wrapper\"><p>Kulfal K\u00f6y\u00fc Yolu<br \/>\nBadem Alan\u0131 Mevki<br \/>\nNo:69 Ayvac\u0131k\/\u00c7anakkale<\/p>\n<\/div><\/div><\/div><\/div><\/div><div class=\"wpb_column vc_column_container us_custom_3ddf2b90\"><div class=\"vc_column-inner\"><div class=\"wpb_text_column us_custom_bf1362ac has_text_color\"><div class=\"wpb_wrapper\"><p>\u0424\u043e\u0440\u043c\u0430 \u043e\u0431\u0440\u0430\u0442\u043d\u043e\u0439 \u0441\u0432\u044f\u0437\u0438<\/p>\n<\/div><\/div><div class=\"w-separator size_medium\"><\/div><form class=\"w-form  us_custom_accf1ec5 has_text_color layout_ver for_cform us_form_1\" autocomplete=\"off\" action=\"https:\/\/butaassos.com.tr\/ru\/ru\/wp-json\/wp\/v2\/pages\/2615\" method=\"post\" style=\"--fields-gap:1.20rem\" data-trp-original-action=\"https:\/\/butaassos.com.tr\/ru\/ru\/wp-json\/wp\/v2\/pages\/2615\"><div class=\"w-form-h\"><div class=\"w-form-row for_email has_label\">\r\n\t\t\t<div class=\"w-form-row-label\">\r\n\t\t\t<span>Email<\/span>\r\n\t\t<\/div>\r\n\t\t<div class=\"w-form-row-field\">\r\n\t\t\t\t\t\t<input aria-label=\"Email\" type=\"email\" name=\"us_form_1_email_1\" value placeholder>\r\n\t\t\t<\/div>\r\n\t\t<div class=\"w-form-row-state\">\u041f\u043e\u0436\u0430\u043b\u0443\u0439\u0441\u0442\u0430, \u0432\u0432\u0435\u0434\u0438\u0442\u0435 \u043a\u043e\u0440\u0440\u0435\u043a\u0442\u043d\u044b\u0439 \u0430\u0434\u0440\u0435\u0441 email.<\/div>\r\n<\/div>\r\n<div class=\"w-form-row for_text has_label\">\r\n\t\t\t<div class=\"w-form-row-label\">\r\n\t\t\t<span>\u0422\u0435\u043c\u0430<\/span>\r\n\t\t<\/div>\r\n\t\t<div class=\"w-form-row-field\">\r\n\t\t\t\t\t\t<input aria-label=\"\u0422\u0435\u043c\u0430\" type=\"text\" name=\"us_form_1_text_1\" value placeholder>\r\n\t\t\t<\/div>\r\n\t\t<div class=\"w-form-row-state\">\u0417\u0430\u043f\u043e\u043b\u043d\u0438\u0442\u0435 \u043f\u043e\u043b\u0435<\/div>\r\n<\/div>\r\n<div class=\"w-form-row for_textarea has_label\">\r\n\t\t\t<div class=\"w-form-row-label\">\r\n\t\t\t<span>\u0421\u043e\u043e\u0431\u0449\u0435\u043d\u0438\u0435<\/span>\r\n\t\t<\/div>\r\n\t\t<div class=\"w-form-row-field\">\r\n\t\t\t\t\t\t<textarea aria-label=\"\u0421\u043e\u043e\u0431\u0449\u0435\u043d\u0438\u0435\" name=\"us_form_1_textarea_1\" placeholder><\/textarea>\r\n\t\t\t<\/div>\r\n\t\t<div class=\"w-form-row-state\">\u0417\u0430\u043f\u043e\u043b\u043d\u0438\u0442\u0435 \u043f\u043e\u043b\u0435<\/div>\r\n<\/div>\r\n<input type=\"hidden\" name=\"action\" value=\"us_ajax_cform\" \/>\r\n<input type=\"hidden\" name=\"post_id\" value=\"0\" \/>\r\n<input type=\"hidden\" name=\"form_index\" value=\"1\" \/>\r\n<div class=\"w-form-row for_submit  align_none\">\r\n\t<button class=\"w-btn  us-btn-style_6\" aria-label=\"\u041e\u0442\u043f\u0440\u0430\u0432\u043b\u044f\u0442\u044c\" type=\"submit\">\r\n\t\t<span class=\"g-preloader type_1\"><\/span>\r\n\t\t\t\t<span class=\"w-btn-label\">\u041e\u0442\u043f\u0440\u0430\u0432\u043b\u044f\u0442\u044c<\/span>\r\n\t\t\t<\/button>\r\n\t<\/div>\r\n<\/div><div class=\"w-form-message\"><\/div><div class=\"w-form-json hidden\" onclick='return {&quot;ajaxurl&quot;:&quot;https:\\\/\\\/butaassos.com.tr\\\/wp-admin\\\/admin-ajax.php&quot;,&quot;messages&quot;:{&quot;err_empty&quot;:&quot;\\u0417\\u0430\\u043f\\u043e\\u043b\\u043d\\u0438\\u0442\\u0435 \\u043f\\u043e\\u043b\\u0435&quot;,&quot;err_size&quot;:&quot;\\u0420\\u0430\\u0437\\u043c\\u0435\\u0440 \\u0444\\u0430\\u0439\\u043b\\u0430 \\u043d\\u0435 \\u043c\\u043e\\u0436\\u0435\\u0442 \\u043f\\u0440\\u0435\\u0432\\u044b\\u0448\\u0430\\u0442\\u044c %s \\u041c\\u0411&quot;,&quot;err_extension&quot;:&quot;%s \\u043d\\u0435\\u0434\\u043e\\u043f\\u0443\\u0441\\u0442\\u0438\\u043c\\u044b\\u0439 \\u0442\\u0438\\u043f \\u0444\\u0430\\u0439\\u043b\\u0430&quot;}}'><\/div><input type=\"hidden\" name=\"trp-form-language\" value=\"ru\"\/><\/form><div class=\"wpb_text_column us_custom_26f550b7 has_text_color\"><div class=\"wpb_wrapper\"><p class=\" translation-block\">\u0412\u044b \u043f\u043e\u043b\u0443\u0447\u0438\u043b\u0438 \u0438\u043d\u0444\u043e\u0440\u043c\u0430\u0446\u0438\u044e<br> \u043e \u0434\u043e\u0441\u0442\u0430\u0432\u043a\u0435 \u043f\u043e\u0447\u0442\u043e\u0439?<\/p>\n<\/div><\/div><\/div><\/div><\/div><\/div><\/section><section class=\"l-section wpb_row us_custom_4e27c8db height_medium width_full\"><div class=\"l-section-h i-cf\"><div class=\"g-cols vc_row via_grid cols_1 laptops-cols_inherit tablets-cols_inherit mobiles-cols_1 valign_top type_default stacking_default\"><div class=\"wpb_column vc_column_container\"><div class=\"vc_column-inner\"><div class=\"w-map provider_google us_custom_de891011\" id=\"us_map_1\"><div class=\"w-map-inner\"><div class=\"w-map-json\" onclick='return {&quot;address&quot;:&quot;39.54533399541418, 26.27269098357355&quot;,&quot;disableDragging&quot;:0,&quot;disableZoom&quot;:0,&quot;hideControls&quot;:0,&quot;zoom&quot;:18,&quot;markers&quot;:[{&quot;address&quot;:&quot;39.54533399541418, 26.27269098357355&quot;,&quot;html&quot;:&quot;&lt;h6&gt;BUTA ASSOS&lt;\\\/h6&gt;&lt;p&gt;Kulfal K\\u00f6y\\u00fc Yolu Badem Alan\\u0131 Mevki no.69 Ayvac\\u0131k \\u00c7anakkale&lt;\\\/p&gt;&quot;,&quot;infowindow&quot;:&quot;1&quot;}],&quot;maptype&quot;:&quot;ROADMAP&quot;}'><\/div><div class=\"w-map-style-json\" onclick='return [    {        \"featureType\": \"all\",        \"elementType\": \"labels.text\",        \"stylers\": [            {                \"color\": \"#878787\"            }        ]    },    {        \"featureType\": \"all\",        \"elementType\": \"labels.text.stroke\",        \"stylers\": [            {                \"visibility\": \"off\"            }        ]    },    {        \"featureType\": \"landscape\",        \"elementType\": \"all\",        \"stylers\": [            {                \"color\": \"#f9f5ed\"            }        ]    },    {        \"featureType\": \"road.highway\",        \"elementType\": \"all\",        \"stylers\": [            {                \"color\": \"#f5f5f5\"            }        ]    },    {        \"featureType\": \"road.highway\",        \"elementType\": \"geometry.stroke\",        \"stylers\": [            {                \"color\": \"#c9c9c9\"            }        ]    },    {        \"featureType\": \"water\",        \"elementType\": \"all\",        \"stylers\": [            {                \"color\": \"#aee0f4\"            }        ]    }]'><\/div><\/div><\/div><div class=\"w-separator size_large\"><\/div><\/div><\/div><\/div><\/div><\/section>","protected":false},"excerpt":{"rendered":"Bize Ula\u015f\u0131n + 90 (541) 587 96 56 info@butaassos.com butaassos Buta Assos Kulfal K\u00f6y\u00fc Yolu Badem Alan\u0131 Mevki No:69 Ayvac\u0131k\/\u00c7anakkale \u0130leti\u015fim Formu E-posta Adresi \u041f\u043e\u0436\u0430\u043b\u0443\u0439\u0441\u0442\u0430, \u0432\u0432\u0435\u0434\u0438\u0442\u0435 \u043a\u043e\u0440\u0440\u0435\u043a\u0442\u043d\u044b\u0439 \u0430\u0434\u0440\u0435\u0441 email. Konu \u0417\u0430\u043f\u043e\u043b\u043d\u0438\u0442\u0435 \u043f\u043e\u043b\u0435 Mesaj \u0417\u0430\u043f\u043e\u043b\u043d\u0438\u0442\u0435 \u043f\u043e\u043b\u0435 G\u00d6NDER Mail g\u00f6nderi bilgisi almad\u0131n\u0131z m\u0131?","protected":false},"author":1,"featured_media":0,"parent":0,"menu_order":0,"comment_status":"closed","ping_status":"closed","template":"","meta":{"footnotes":""},"class_list":["post-2615","page","type-page","status-publish","hentry"],"yoast_head":"<!-- This site is optimized with the Yoast SEO plugin v23.8 - https:\/\/yoast.com\/wordpress\/plugins\/seo\/ -->\n<title>\u0130leti\u015fim - Buta Assos<\/title>\n<meta name=\"robots\" content=\"index, follow, max-snippet:-1, max-image-preview:large, max-video-preview:-1\" \/>\n<link rel=\"canonical\" href=\"https:\/\/butaassos.com.tr\/ru\/iletisim\/\" \/>\n<meta property=\"og:locale\" content=\"ru_RU\" \/>\n<meta property=\"og:type\" content=\"article\" \/>\n<meta property=\"og:title\" content=\"\u0130leti\u015fim - Buta Assos\" \/>\n<meta property=\"og:url\" content=\"https:\/\/butaassos.com.tr\/ru\/iletisim\/\" \/>\n<meta property=\"og:site_name\" content=\"Buta Assos\" \/>\n<meta property=\"article:modified_time\" content=\"2025-05-08T17:07:02+00:00\" \/>\n<meta property=\"og:image\" content=\"https:\/\/butaassos.com.tr\/wp-content\/uploads\/2025\/04\/BUTA-ASSOS-LOGO.jpg\" \/>\n\t<meta property=\"og:image:width\" content=\"500\" \/>\n\t<meta property=\"og:image:height\" content=\"500\" \/>\n\t<meta property=\"og:image:type\" content=\"image\/jpeg\" \/>\n<meta name=\"twitter:card\" content=\"summary_large_image\" \/>\n<meta name=\"twitter:label1\" content=\"Est. reading time\" \/>\n\t<meta name=\"twitter:data1\" content=\"2 \u043c\u0438\u043d\u0443\u0442\u044b\" \/>\n<script type=\"application\/ld+json\" class=\"yoast-schema-graph\">{\"@context\":\"https:\/\/schema.org\",\"@graph\":[{\"@type\":\"WebPage\",\"@id\":\"https:\/\/butaassos.com.tr\/iletisim\/\",\"url\":\"https:\/\/butaassos.com.tr\/iletisim\/\",\"name\":\"\u0130leti\u015fim - Buta Assos\",\"isPartOf\":{\"@id\":\"https:\/\/butaassos.com.tr\/#website\"},\"datePublished\":\"2025-04-04T10:15:20+00:00\",\"dateModified\":\"2025-05-08T17:07:02+00:00\",\"breadcrumb\":{\"@id\":\"https:\/\/butaassos.com.tr\/iletisim\/#breadcrumb\"},\"inLanguage\":\"ru-RU\",\"potentialAction\":[{\"@type\":\"ReadAction\",\"target\":[\"https:\/\/butaassos.com.tr\/iletisim\/\"]}]},{\"@type\":\"BreadcrumbList\",\"@id\":\"https:\/\/butaassos.com.tr\/iletisim\/#breadcrumb\",\"itemListElement\":[{\"@type\":\"ListItem\",\"position\":1,\"name\":\"Anasayfa\",\"item\":\"https:\/\/butaassos.com.tr\/\"},{\"@type\":\"ListItem\",\"position\":2,\"name\":\"\u0130leti\u015fim\"}]},{\"@type\":\"WebSite\",\"@id\":\"https:\/\/butaassos.com.tr\/#website\",\"url\":\"https:\/\/butaassos.com.tr\/\",\"name\":\"Buta Assos\",\"description\":\"\",\"publisher\":{\"@id\":\"https:\/\/butaassos.com.tr\/#organization\"},\"potentialAction\":[{\"@type\":\"SearchAction\",\"target\":{\"@type\":\"EntryPoint\",\"urlTemplate\":\"https:\/\/butaassos.com.tr\/?s={search_term_string}\"},\"query-input\":{\"@type\":\"PropertyValueSpecification\",\"valueRequired\":true,\"valueName\":\"search_term_string\"}}],\"inLanguage\":\"ru-RU\"},{\"@type\":\"Organization\",\"@id\":\"https:\/\/butaassos.com.tr\/#organization\",\"name\":\"Buta Assos\",\"url\":\"https:\/\/butaassos.com.tr\/\",\"logo\":{\"@type\":\"ImageObject\",\"inLanguage\":\"ru-RU\",\"@id\":\"https:\/\/butaassos.com.tr\/#\/schema\/logo\/image\/\",\"url\":\"https:\/\/butaassos.com.tr\/wp-content\/uploads\/2024\/01\/butaassosicon.png\",\"contentUrl\":\"https:\/\/butaassos.com.tr\/wp-content\/uploads\/2024\/01\/butaassosicon.png\",\"width\":512,\"height\":512,\"caption\":\"Buta Assos\"},\"image\":{\"@id\":\"https:\/\/butaassos.com.tr\/#\/schema\/logo\/image\/\"}}]}<\/script>\n<!-- \/ Yoast SEO plugin. -->","yoast_head_json":{"title":"\u0130leti\u015fim - Buta Assos","robots":{"index":"index","follow":"follow","max-snippet":"max-snippet:-1","max-image-preview":"max-image-preview:large","max-video-preview":"max-video-preview:-1"},"canonical":"https:\/\/butaassos.com.tr\/ru\/iletisim\/","og_locale":"ru_RU","og_type":"article","og_title":"\u0130leti\u015fim - Buta Assos","og_url":"https:\/\/butaassos.com.tr\/ru\/iletisim\/","og_site_name":"Buta Assos","article_modified_time":"2025-05-08T17:07:02+00:00","og_image":[{"width":500,"height":500,"url":"https:\/\/butaassos.com.tr\/wp-content\/uploads\/2025\/04\/BUTA-ASSOS-LOGO.jpg","type":"image\/jpeg"}],"twitter_card":"summary_large_image","twitter_misc":{"Est. reading time":"2 \u043c\u0438\u043d\u0443\u0442\u044b"},"schema":{"@context":"https:\/\/schema.org","@graph":[{"@type":"WebPage","@id":"https:\/\/butaassos.com.tr\/iletisim\/","url":"https:\/\/butaassos.com.tr\/iletisim\/","name":"\u0130leti\u015fim - Buta Assos","isPartOf":{"@id":"https:\/\/butaassos.com.tr\/#website"},"datePublished":"2025-04-04T10:15:20+00:00","dateModified":"2025-05-08T17:07:02+00:00","breadcrumb":{"@id":"https:\/\/butaassos.com.tr\/iletisim\/#breadcrumb"},"inLanguage":"ru-RU","potentialAction":[{"@type":"ReadAction","target":["https:\/\/butaassos.com.tr\/iletisim\/"]}]},{"@type":"BreadcrumbList","@id":"https:\/\/butaassos.com.tr\/iletisim\/#breadcrumb","itemListElement":[{"@type":"ListItem","position":1,"name":"Anasayfa","item":"https:\/\/butaassos.com.tr\/"},{"@type":"ListItem","position":2,"name":"\u0130leti\u015fim"}]},{"@type":"WebSite","@id":"https:\/\/butaassos.com.tr\/#website","url":"https:\/\/butaassos.com.tr\/","name":"Buta Assos","description":"","publisher":{"@id":"https:\/\/butaassos.com.tr\/#organization"},"potentialAction":[{"@type":"SearchAction","target":{"@type":"EntryPoint","urlTemplate":"https:\/\/butaassos.com.tr\/?s={search_term_string}"},"query-input":{"@type":"PropertyValueSpecification","valueRequired":true,"valueName":"search_term_string"}}],"inLanguage":"ru-RU"},{"@type":"Organization","@id":"https:\/\/butaassos.com.tr\/#organization","name":"Buta Assos","url":"https:\/\/butaassos.com.tr\/","logo":{"@type":"ImageObject","inLanguage":"ru-RU","@id":"https:\/\/butaassos.com.tr\/#\/schema\/logo\/image\/","url":"https:\/\/butaassos.com.tr\/wp-content\/uploads\/2024\/01\/butaassosicon.png","contentUrl":"https:\/\/butaassos.com.tr\/wp-content\/uploads\/2024\/01\/butaassosicon.png","width":512,"height":512,"caption":"Buta Assos"},"image":{"@id":"https:\/\/butaassos.com.tr\/#\/schema\/logo\/image\/"}}]}},"_links":{"self":[{"href":"https:\/\/butaassos.com.tr\/ru\/wp-json\/wp\/v2\/pages\/2615","targetHints":{"allow":["GET"]}}],"collection":[{"href":"https:\/\/butaassos.com.tr\/ru\/wp-json\/wp\/v2\/pages"}],"about":[{"href":"https:\/\/butaassos.com.tr\/ru\/wp-json\/wp\/v2\/types\/page"}],"author":[{"embeddable":true,"href":"https:\/\/butaassos.com.tr\/ru\/wp-json\/wp\/v2\/users\/1"}],"replies":[{"embeddable":true,"href":"https:\/\/butaassos.com.tr\/ru\/wp-json\/wp\/v2\/comments?post=2615"}],"version-history":[{"count":61,"href":"https:\/\/butaassos.com.tr\/ru\/wp-json\/wp\/v2\/pages\/2615\/revisions"}],"predecessor-version":[{"id":3192,"href":"https:\/\/butaassos.com.tr\/ru\/wp-json\/wp\/v2\/pages\/2615\/revisions\/3192"}],"wp:attachment":[{"href":"https:\/\/butaassos.com.tr\/ru\/wp-json\/wp\/v2\/media?parent=2615"}],"curies":[{"name":"wp","href":"https:\/\/api.w.org\/{rel}","templated":true}]}}