{"id":87,"date":"2023-12-26T15:50:21","date_gmt":"2023-12-26T12:50:21","guid":{"rendered":"http:\/\/localhost\/wordpress\/?post_type=product&#038;p=87"},"modified":"2025-10-24T16:58:28","modified_gmt":"2025-10-24T13:58:28","slug":"assos-premium-gurme-250ml","status":"publish","type":"product","link":"https:\/\/butaassos.com.tr\/en\/product\/assos-premium-gurme-250ml\/","title":{"rendered":"Assos Premium Gourmet  <br> YEN\u0130 SEZON 2025-26 250ml"},"content":{"rendered":"<div class=\"product-badges\" style=\"display: flex; flex-direction: row; position: absolute;\"><\/div>\n<p><span style=\"font-family: -webkit-standard;\">Assos Premium Gurme, Assos\u2019un zengin ve bereketli topraklar\u0131nda, olumsuz d\u0131\u015f etkenlerden uzak, sert iklimde yeti\u015fen zeytinlerin erken d\u00f6nemde hasat edilerek, en ileri teknolojilerden olan Mori-Tem so\u011fuk s\u0131k\u0131m y\u00f6ntemi ile elde edilmi\u015ftir.<\/span><\/p>\n<p><span style=\"font-family: -webkit-standard;\"><a href=\"\/en\/\">Buta Assos\u2019a<\/a> \u00f6zel so\u011fuk s\u0131k\u0131m teknikleri ile elde edilen Assos Premium Gurme zeytinya\u011f\u0131m\u0131z duyusal olarak zengin meyve aromas\u0131n\u0131 i\u00e7inde bar\u0131nd\u0131r\u0131r.<\/span><\/p>\n<p><span style=\"font-family: -webkit-standard;\">Rafine zevklere sahip olan ki\u015filerin, be\u011feni ile t\u00fcketece\u011fi Assos Premium Gurme ile yemeklerinize kendi imzan\u0131z\u0131 atacaks\u0131n\u0131z.<\/span><\/p>\n<p>Assos Premium Gurme zeytinya\u011f\u0131m\u0131z Ayval\u0131k \u00e7e\u015fidi zeytinden \u00fcretilmi\u015ftir.<\/p>\n<p><span style=\"font-family: -webkit-standard;\">Zeytinlerimiz hasat edildikleri g\u00fcn, topra\u011fa de\u011fmeden s\u0131k\u0131l\u0131r ve steril ortamda muhafaza edilir. Sipari\u015finizle birlikte size \u00f6zel olarak \u015fi\u015felenir.<\/span><\/p>","protected":false},"excerpt":{"rendered":"<p>Assos Premium Gurme, Assos\u2019un zengin ve bereketli topraklar\u0131nda, olumsuz d\u0131\u015f etkenlerden uzak, sert iklimde yeti\u015fen zeytinlerin erken d\u00f6nemde hasat edilerek, en ileri teknolojilerden olan Mori-Tem so\u011fuk s\u0131k\u0131m y\u00f6ntemi ile elde edilmi\u015ftir. Buta Assos\u2019a \u00f6zel so\u011fuk s\u0131k\u0131m teknikleri ile elde edilen Assos Premium Gurme zeytinya\u011f\u0131m\u0131z duyusal olarak zengin meyve aromas\u0131n\u0131 i\u00e7inde bar\u0131nd\u0131r\u0131r. Rafine zevklere sahip olan&#8230;<\/p>","protected":false},"featured_media":3061,"comment_status":"open","ping_status":"closed","template":"","meta":[],"product_cat":[15,19],"product_tag":[],"class_list":{"0":"post-87","1":"product","2":"type-product","3":"status-publish","4":"has-post-thumbnail","6":"product_cat-genel","7":"product_cat-naturel-sizma-zeytinyagi","9":"first","10":"instock","11":"taxable","12":"shipping-taxable","13":"purchasable","14":"product-type-simple"},"yoast_head":"<!-- This site is optimized with the Yoast SEO plugin v23.8 - https:\/\/yoast.com\/wordpress\/plugins\/seo\/ -->\n<title>Assos Premium Gurme  YEN\u0130 SEZON 2025-26 250ml - Buta Assos<\/title>\n<meta name=\"description\" content=\"Assos Premium Gurme, Assos\u2019un zengin ve bereketli topraklar\u0131nda, olumsuz d\u0131\u015f etkenlerden uzak, sert iklimde yeti\u015fen zeytinlerin erken d\u00f6nemde...\" \/>\n<meta name=\"robots\" content=\"index, follow, max-snippet:-1, max-image-preview:large, max-video-preview:-1\" \/>\n<link rel=\"canonical\" href=\"https:\/\/butaassos.com.tr\/en\/product\/assos-premium-gurme-250ml\/\" \/>\n<meta property=\"og:locale\" content=\"en_US\" \/>\n<meta property=\"og:type\" content=\"article\" \/>\n<meta property=\"og:title\" content=\"Assos Premium Gurme  YEN\u0130 SEZON 2025-26 250ml - Buta Assos\" \/>\n<meta property=\"og:description\" content=\"Assos Premium Gurme, Assos\u2019un zengin ve bereketli topraklar\u0131nda, olumsuz d\u0131\u015f etkenlerden uzak, sert iklimde yeti\u015fen zeytinlerin erken d\u00f6nemde...\" \/>\n<meta property=\"og:url\" content=\"https:\/\/butaassos.com.tr\/en\/product\/assos-premium-gurme-250ml\/\" \/>\n<meta property=\"og:site_name\" content=\"Buta Assos\" \/>\n<meta property=\"article:modified_time\" content=\"2025-10-24T13:58:28+00:00\" \/>\n<meta property=\"og:image\" content=\"https:\/\/butaassos.com.tr\/wp-content\/uploads\/2023\/12\/Assos-Premium-Gurme-250ml.jpg\" \/>\n\t<meta property=\"og:image:width\" content=\"2000\" \/>\n\t<meta property=\"og:image:height\" content=\"2000\" \/>\n\t<meta property=\"og:image:type\" content=\"image\/jpeg\" \/>\n<meta name=\"twitter:card\" content=\"summary_large_image\" \/>\n<meta name=\"twitter:label1\" content=\"Est. reading time\" \/>\n\t<meta name=\"twitter:data1\" content=\"1 minute\" \/>\n<script type=\"application\/ld+json\" class=\"yoast-schema-graph\">{\"@context\":\"https:\/\/schema.org\",\"@graph\":[{\"@type\":\"WebPage\",\"@id\":\"https:\/\/butaassos.com.tr\/urun\/assos-premium-gurme-250ml\/\",\"url\":\"https:\/\/butaassos.com.tr\/urun\/assos-premium-gurme-250ml\/\",\"name\":\"Assos Premium Gurme YEN\u0130 SEZON 2025-26 250ml - Buta Assos\",\"isPartOf\":{\"@id\":\"https:\/\/butaassos.com.tr\/#website\"},\"primaryImageOfPage\":{\"@id\":\"https:\/\/butaassos.com.tr\/urun\/assos-premium-gurme-250ml\/#primaryimage\"},\"image\":{\"@id\":\"https:\/\/butaassos.com.tr\/urun\/assos-premium-gurme-250ml\/#primaryimage\"},\"thumbnailUrl\":\"https:\/\/butaassos.com.tr\/wp-content\/uploads\/2023\/12\/Assos-Premium-Gurme-250ml.jpg\",\"datePublished\":\"2023-12-26T12:50:21+00:00\",\"dateModified\":\"2025-10-24T13:58:28+00:00\",\"description\":\"Assos Premium Gurme, Assos\u2019un zengin ve bereketli topraklar\u0131nda, olumsuz d\u0131\u015f etkenlerden uzak, sert iklimde yeti\u015fen zeytinlerin erken d\u00f6nemde...\",\"breadcrumb\":{\"@id\":\"https:\/\/butaassos.com.tr\/urun\/assos-premium-gurme-250ml\/#breadcrumb\"},\"inLanguage\":\"en-US\",\"potentialAction\":[{\"@type\":\"ReadAction\",\"target\":[\"https:\/\/butaassos.com.tr\/urun\/assos-premium-gurme-250ml\/\"]}]},{\"@type\":\"ImageObject\",\"inLanguage\":\"en-US\",\"@id\":\"https:\/\/butaassos.com.tr\/urun\/assos-premium-gurme-250ml\/#primaryimage\",\"url\":\"https:\/\/butaassos.com.tr\/wp-content\/uploads\/2023\/12\/Assos-Premium-Gurme-250ml.jpg\",\"contentUrl\":\"https:\/\/butaassos.com.tr\/wp-content\/uploads\/2023\/12\/Assos-Premium-Gurme-250ml.jpg\",\"width\":2000,\"height\":2000},{\"@type\":\"BreadcrumbList\",\"@id\":\"https:\/\/butaassos.com.tr\/urun\/assos-premium-gurme-250ml\/#breadcrumb\",\"itemListElement\":[{\"@type\":\"ListItem\",\"position\":1,\"name\":\"Anasayfa\",\"item\":\"https:\/\/butaassos.com.tr\/\"},{\"@type\":\"ListItem\",\"position\":2,\"name\":\"Shop\",\"item\":\"https:\/\/butaassos.com.tr\/shop\/\"},{\"@type\":\"ListItem\",\"position\":3,\"name\":\"Assos Premium Gurme YEN\u0130 SEZON 2025-26 250ml\"}]},{\"@type\":\"WebSite\",\"@id\":\"https:\/\/butaassos.com.tr\/#website\",\"url\":\"https:\/\/butaassos.com.tr\/\",\"name\":\"Buta Assos\",\"description\":\"\",\"publisher\":{\"@id\":\"https:\/\/butaassos.com.tr\/#organization\"},\"potentialAction\":[{\"@type\":\"SearchAction\",\"target\":{\"@type\":\"EntryPoint\",\"urlTemplate\":\"https:\/\/butaassos.com.tr\/?s={search_term_string}\"},\"query-input\":{\"@type\":\"PropertyValueSpecification\",\"valueRequired\":true,\"valueName\":\"search_term_string\"}}],\"inLanguage\":\"en-US\"},{\"@type\":\"Organization\",\"@id\":\"https:\/\/butaassos.com.tr\/#organization\",\"name\":\"Buta Assos\",\"url\":\"https:\/\/butaassos.com.tr\/\",\"logo\":{\"@type\":\"ImageObject\",\"inLanguage\":\"en-US\",\"@id\":\"https:\/\/butaassos.com.tr\/#\/schema\/logo\/image\/\",\"url\":\"https:\/\/butaassos.com.tr\/wp-content\/uploads\/2024\/01\/butaassosicon.png\",\"contentUrl\":\"https:\/\/butaassos.com.tr\/wp-content\/uploads\/2024\/01\/butaassosicon.png\",\"width\":512,\"height\":512,\"caption\":\"Buta Assos\"},\"image\":{\"@id\":\"https:\/\/butaassos.com.tr\/#\/schema\/logo\/image\/\"}}]}<\/script>\n<!-- \/ Yoast SEO plugin. -->","yoast_head_json":{"title":"Assos Premium Gurme  YEN\u0130 SEZON 2025-26 250ml - Buta Assos","description":"Assos Premium Gurme, Assos\u2019un zengin ve bereketli topraklar\u0131nda, olumsuz d\u0131\u015f etkenlerden uzak, sert iklimde yeti\u015fen zeytinlerin erken d\u00f6nemde...","robots":{"index":"index","follow":"follow","max-snippet":"max-snippet:-1","max-image-preview":"max-image-preview:large","max-video-preview":"max-video-preview:-1"},"canonical":"https:\/\/butaassos.com.tr\/en\/product\/assos-premium-gurme-250ml\/","og_locale":"en_US","og_type":"article","og_title":"Assos Premium Gurme  YEN\u0130 SEZON 2025-26 250ml - Buta Assos","og_description":"Assos Premium Gurme, Assos\u2019un zengin ve bereketli topraklar\u0131nda, olumsuz d\u0131\u015f etkenlerden uzak, sert iklimde yeti\u015fen zeytinlerin erken d\u00f6nemde...","og_url":"https:\/\/butaassos.com.tr\/en\/product\/assos-premium-gurme-250ml\/","og_site_name":"Buta Assos","article_modified_time":"2025-10-24T13:58:28+00:00","og_image":[{"width":2000,"height":2000,"url":"https:\/\/butaassos.com.tr\/wp-content\/uploads\/2023\/12\/Assos-Premium-Gurme-250ml.jpg","type":"image\/jpeg"}],"twitter_card":"summary_large_image","twitter_misc":{"Est. reading time":"1 minute"},"schema":{"@context":"https:\/\/schema.org","@graph":[{"@type":"WebPage","@id":"https:\/\/butaassos.com.tr\/urun\/assos-premium-gurme-250ml\/","url":"https:\/\/butaassos.com.tr\/urun\/assos-premium-gurme-250ml\/","name":"Assos Premium Gurme YEN\u0130 SEZON 2025-26 250ml - Buta Assos","isPartOf":{"@id":"https:\/\/butaassos.com.tr\/#website"},"primaryImageOfPage":{"@id":"https:\/\/butaassos.com.tr\/urun\/assos-premium-gurme-250ml\/#primaryimage"},"image":{"@id":"https:\/\/butaassos.com.tr\/urun\/assos-premium-gurme-250ml\/#primaryimage"},"thumbnailUrl":"https:\/\/butaassos.com.tr\/wp-content\/uploads\/2023\/12\/Assos-Premium-Gurme-250ml.jpg","datePublished":"2023-12-26T12:50:21+00:00","dateModified":"2025-10-24T13:58:28+00:00","description":"Assos Premium Gurme, Assos\u2019un zengin ve bereketli topraklar\u0131nda, olumsuz d\u0131\u015f etkenlerden uzak, sert iklimde yeti\u015fen zeytinlerin erken d\u00f6nemde...","breadcrumb":{"@id":"https:\/\/butaassos.com.tr\/urun\/assos-premium-gurme-250ml\/#breadcrumb"},"inLanguage":"en-US","potentialAction":[{"@type":"ReadAction","target":["https:\/\/butaassos.com.tr\/urun\/assos-premium-gurme-250ml\/"]}]},{"@type":"ImageObject","inLanguage":"en-US","@id":"https:\/\/butaassos.com.tr\/urun\/assos-premium-gurme-250ml\/#primaryimage","url":"https:\/\/butaassos.com.tr\/wp-content\/uploads\/2023\/12\/Assos-Premium-Gurme-250ml.jpg","contentUrl":"https:\/\/butaassos.com.tr\/wp-content\/uploads\/2023\/12\/Assos-Premium-Gurme-250ml.jpg","width":2000,"height":2000},{"@type":"BreadcrumbList","@id":"https:\/\/butaassos.com.tr\/urun\/assos-premium-gurme-250ml\/#breadcrumb","itemListElement":[{"@type":"ListItem","position":1,"name":"Anasayfa","item":"https:\/\/butaassos.com.tr\/"},{"@type":"ListItem","position":2,"name":"Shop","item":"https:\/\/butaassos.com.tr\/shop\/"},{"@type":"ListItem","position":3,"name":"Assos Premium Gurme YEN\u0130 SEZON 2025-26 250ml"}]},{"@type":"WebSite","@id":"https:\/\/butaassos.com.tr\/#website","url":"https:\/\/butaassos.com.tr\/","name":"Buta Assos","description":"","publisher":{"@id":"https:\/\/butaassos.com.tr\/#organization"},"potentialAction":[{"@type":"SearchAction","target":{"@type":"EntryPoint","urlTemplate":"https:\/\/butaassos.com.tr\/?s={search_term_string}"},"query-input":{"@type":"PropertyValueSpecification","valueRequired":true,"valueName":"search_term_string"}}],"inLanguage":"en-US"},{"@type":"Organization","@id":"https:\/\/butaassos.com.tr\/#organization","name":"Buta Assos","url":"https:\/\/butaassos.com.tr\/","logo":{"@type":"ImageObject","inLanguage":"en-US","@id":"https:\/\/butaassos.com.tr\/#\/schema\/logo\/image\/","url":"https:\/\/butaassos.com.tr\/wp-content\/uploads\/2024\/01\/butaassosicon.png","contentUrl":"https:\/\/butaassos.com.tr\/wp-content\/uploads\/2024\/01\/butaassosicon.png","width":512,"height":512,"caption":"Buta Assos"},"image":{"@id":"https:\/\/butaassos.com.tr\/#\/schema\/logo\/image\/"}}]}},"_links":{"self":[{"href":"https:\/\/butaassos.com.tr\/en\/wp-json\/wp\/v2\/product\/87","targetHints":{"allow":["GET"]}}],"collection":[{"href":"https:\/\/butaassos.com.tr\/en\/wp-json\/wp\/v2\/product"}],"about":[{"href":"https:\/\/butaassos.com.tr\/en\/wp-json\/wp\/v2\/types\/product"}],"replies":[{"embeddable":true,"href":"https:\/\/butaassos.com.tr\/en\/wp-json\/wp\/v2\/comments?post=87"}],"wp:featuredmedia":[{"embeddable":true,"href":"https:\/\/butaassos.com.tr\/en\/wp-json\/wp\/v2\/media\/3061"}],"wp:attachment":[{"href":"https:\/\/butaassos.com.tr\/en\/wp-json\/wp\/v2\/media?parent=87"}],"wp:term":[{"taxonomy":"product_cat","embeddable":true,"href":"https:\/\/butaassos.com.tr\/en\/wp-json\/wp\/v2\/product_cat?post=87"},{"taxonomy":"product_tag","embeddable":true,"href":"https:\/\/butaassos.com.tr\/en\/wp-json\/wp\/v2\/product_tag?post=87"}],"curies":[{"name":"wp","href":"https:\/\/api.w.org\/{rel}","templated":true}]}}