{"id":3598,"date":"2025-09-30T09:28:45","date_gmt":"2025-09-30T06:28:45","guid":{"rendered":"https:\/\/butaassos.com.tr\/?post_type=product&#038;p=3598"},"modified":"2025-12-15T11:43:37","modified_gmt":"2025-12-15T08:43:37","slug":"sifa-serisi-corekotu-zeytinyagi-250ml","status":"publish","type":"product","link":"https:\/\/butaassos.com.tr\/en\/product\/sifa-serisi-corekotu-zeytinyagi-250ml\/","title":{"rendered":"Remedy Series Black Seed 250ml"},"content":{"rendered":"<p>REMEDY SERIES<\/p>\n<p class=\"translation-block\">Experience the revival of Ottoman cuisine\u2019s healing recipes, brought back to life through the valuable work of Chef Yunus Emre Akkor, perfectly paired with Buta Assos olive oil, rich in oleocanthal, oleacin, and polyphenols. A meeting of tradition, health, and craftsmanship \u2014 where ancient wisdom meets modern excellence.<\/p>\n<div title=\"Page 3\">\n<div>\n<div>\n<p>BLACK SEED \n\nOLIVE OIL<\/p>\n<p>Black seed (Nigella sativa) has been known for centuries as \u201cthe cure for everything except death\u201d \u2014 one of nature\u2019s most powerful gifts. It supports the immune system, reduces inflammation, and protects the body against \n\nillness. It also aids digestion, relieves bloating, and nourishes skin and hair. With regular use, this tiny yet mighty seed boosts energy and strengthens the body\u2019s natural resilience. Even a single teaspoon a day brings vitality and \n\nbalance to your life. We have combined this miraculous seed with our  \n\nhigh-oleocanthal, oleacin, and polyphenol extra virgin olive oil, offering nature\u2019s protective power in its purest and most balanced form.<\/p>\n<p>Experience this miracle \u2014 and feel the difference.<\/p>\n<\/div>\n<\/div>\n<\/div>\n<p>Shake before using it!<\/p>","protected":false},"excerpt":{"rendered":"<p>Ku\u0308c\u0327u\u0308k Tohum, Bu\u0308yu\u0308k S\u0327ifa:\u00a0C\u0327o\u0308rekotu C\u0327o\u0308rekotu, yu\u0308zy\u0131llard\u0131r\u00a0\u2018\u2018o\u0308lu\u0308mden\u00a0bas\u0327ka her derde deva\u2019\u2019\u00a0olarak bilinen, dog\u0306an\u0131n en gu\u0308c\u0327lu\u0308 armag\u0306anlar\u0131ndan biridir. Bag\u0306\u0131s\u0327\u0131kl\u0131k sistemini destekler, iltihaplar\u0131 azalt\u0131r ve vu\u0308cudu hastal\u0131klara kars\u0327\u0131 korur. Sindirimi du\u0308zenler, gaz ve s\u0327is\u0327kinlig\u0306i hafifletir. Cilt ve sac\u0327 sag\u0306l\u0131g\u0306\u0131n\u0131 besler, du\u0308zenli kullan\u0131mda enerji vererek vu\u0308cudun direncini art\u0131r\u0131r. Ku\u0308c\u0327u\u0308k ama etkisi bu\u0308yu\u0308k bu siyah tohum, her gu\u0308n yaln\u0131zca bir c\u0327ay&#8230;<\/p>","protected":false},"featured_media":3787,"comment_status":"open","ping_status":"closed","template":"","meta":[],"product_cat":[15,19],"product_tag":[],"class_list":{"0":"post-3598","1":"product","2":"type-product","3":"status-publish","4":"has-post-thumbnail","6":"product_cat-genel","7":"product_cat-naturel-sizma-zeytinyagi","9":"first","10":"instock","11":"taxable","12":"shipping-taxable","13":"purchasable","14":"product-type-simple"},"yoast_head":"<!-- This site is optimized with the Yoast SEO plugin v23.8 - https:\/\/yoast.com\/wordpress\/plugins\/seo\/ -->\n<title>\u015eifa Serisi \u00c7\u00f6rekotu Zeytinya\u011f\u0131 250ml - Buta Assos<\/title>\n<meta name=\"robots\" content=\"index, follow, max-snippet:-1, max-image-preview:large, max-video-preview:-1\" \/>\n<link rel=\"canonical\" href=\"https:\/\/butaassos.com.tr\/en\/product\/sifa-serisi-corekotu-zeytinyagi-250ml\/\" \/>\n<meta property=\"og:locale\" content=\"en_US\" \/>\n<meta property=\"og:type\" content=\"article\" \/>\n<meta property=\"og:title\" content=\"\u015eifa Serisi \u00c7\u00f6rekotu Zeytinya\u011f\u0131 250ml - Buta Assos\" \/>\n<meta property=\"og:description\" content=\"Ku\u0308c\u0327u\u0308k Tohum, Bu\u0308yu\u0308k S\u0327ifa:\u00a0C\u0327o\u0308rekotu C\u0327o\u0308rekotu, yu\u0308zy\u0131llard\u0131r\u00a0\u2018\u2018o\u0308lu\u0308mden\u00a0bas\u0327ka her derde deva\u2019\u2019\u00a0olarak bilinen, dog\u0306an\u0131n en gu\u0308c\u0327lu\u0308 armag\u0306anlar\u0131ndan biridir. Bag\u0306\u0131s\u0327\u0131kl\u0131k sistemini destekler, iltihaplar\u0131 azalt\u0131r ve vu\u0308cudu hastal\u0131klara kars\u0327\u0131 korur. Sindirimi du\u0308zenler, gaz ve s\u0327is\u0327kinlig\u0306i hafifletir. Cilt ve sac\u0327 sag\u0306l\u0131g\u0306\u0131n\u0131 besler, du\u0308zenli kullan\u0131mda enerji vererek vu\u0308cudun direncini art\u0131r\u0131r. Ku\u0308c\u0327u\u0308k ama etkisi bu\u0308yu\u0308k bu siyah tohum, her gu\u0308n yaln\u0131zca bir c\u0327ay...\" \/>\n<meta property=\"og:url\" content=\"https:\/\/butaassos.com.tr\/en\/product\/sifa-serisi-corekotu-zeytinyagi-250ml\/\" \/>\n<meta property=\"og:site_name\" content=\"Buta Assos\" \/>\n<meta property=\"article:modified_time\" content=\"2025-12-15T08:43:37+00:00\" \/>\n<meta property=\"og:image\" content=\"https:\/\/butaassos.com.tr\/wp-content\/uploads\/2025\/09\/Sifa-Serisi-Corekotu-scaled.jpeg\" \/>\n\t<meta property=\"og:image:width\" content=\"1672\" \/>\n\t<meta property=\"og:image:height\" content=\"2560\" \/>\n\t<meta property=\"og:image:type\" content=\"image\/jpeg\" \/>\n<meta name=\"twitter:card\" content=\"summary_large_image\" \/>\n<meta name=\"twitter:label1\" content=\"Est. reading time\" \/>\n\t<meta name=\"twitter:data1\" content=\"1 minute\" \/>\n<script type=\"application\/ld+json\" class=\"yoast-schema-graph\">{\"@context\":\"https:\/\/schema.org\",\"@graph\":[{\"@type\":\"WebPage\",\"@id\":\"https:\/\/butaassos.com.tr\/urun\/sifa-serisi-corekotu-zeytinyagi-250ml\/\",\"url\":\"https:\/\/butaassos.com.tr\/urun\/sifa-serisi-corekotu-zeytinyagi-250ml\/\",\"name\":\"\u015eifa Serisi \u00c7\u00f6rekotu Zeytinya\u011f\u0131 250ml - Buta Assos\",\"isPartOf\":{\"@id\":\"https:\/\/butaassos.com.tr\/#website\"},\"primaryImageOfPage\":{\"@id\":\"https:\/\/butaassos.com.tr\/urun\/sifa-serisi-corekotu-zeytinyagi-250ml\/#primaryimage\"},\"image\":{\"@id\":\"https:\/\/butaassos.com.tr\/urun\/sifa-serisi-corekotu-zeytinyagi-250ml\/#primaryimage\"},\"thumbnailUrl\":\"https:\/\/butaassos.com.tr\/wp-content\/uploads\/2025\/09\/Sifa-Serisi-Corekotu-scaled.jpeg\",\"datePublished\":\"2025-09-30T06:28:45+00:00\",\"dateModified\":\"2025-12-15T08:43:37+00:00\",\"breadcrumb\":{\"@id\":\"https:\/\/butaassos.com.tr\/urun\/sifa-serisi-corekotu-zeytinyagi-250ml\/#breadcrumb\"},\"inLanguage\":\"en-US\",\"potentialAction\":[{\"@type\":\"ReadAction\",\"target\":[\"https:\/\/butaassos.com.tr\/urun\/sifa-serisi-corekotu-zeytinyagi-250ml\/\"]}]},{\"@type\":\"ImageObject\",\"inLanguage\":\"en-US\",\"@id\":\"https:\/\/butaassos.com.tr\/urun\/sifa-serisi-corekotu-zeytinyagi-250ml\/#primaryimage\",\"url\":\"https:\/\/butaassos.com.tr\/wp-content\/uploads\/2025\/09\/Sifa-Serisi-Corekotu-scaled.jpeg\",\"contentUrl\":\"https:\/\/butaassos.com.tr\/wp-content\/uploads\/2025\/09\/Sifa-Serisi-Corekotu-scaled.jpeg\",\"width\":1672,\"height\":2560},{\"@type\":\"BreadcrumbList\",\"@id\":\"https:\/\/butaassos.com.tr\/urun\/sifa-serisi-corekotu-zeytinyagi-250ml\/#breadcrumb\",\"itemListElement\":[{\"@type\":\"ListItem\",\"position\":1,\"name\":\"Anasayfa\",\"item\":\"https:\/\/butaassos.com.tr\/\"},{\"@type\":\"ListItem\",\"position\":2,\"name\":\"Shop\",\"item\":\"https:\/\/butaassos.com.tr\/shop\/\"},{\"@type\":\"ListItem\",\"position\":3,\"name\":\"\u015eifa Serisi \u00c7\u00f6rekotu Zeytinya\u011f\u0131 250ml\"}]},{\"@type\":\"WebSite\",\"@id\":\"https:\/\/butaassos.com.tr\/#website\",\"url\":\"https:\/\/butaassos.com.tr\/\",\"name\":\"Buta Assos\",\"description\":\"\",\"publisher\":{\"@id\":\"https:\/\/butaassos.com.tr\/#organization\"},\"potentialAction\":[{\"@type\":\"SearchAction\",\"target\":{\"@type\":\"EntryPoint\",\"urlTemplate\":\"https:\/\/butaassos.com.tr\/?s={search_term_string}\"},\"query-input\":{\"@type\":\"PropertyValueSpecification\",\"valueRequired\":true,\"valueName\":\"search_term_string\"}}],\"inLanguage\":\"en-US\"},{\"@type\":\"Organization\",\"@id\":\"https:\/\/butaassos.com.tr\/#organization\",\"name\":\"Buta Assos\",\"url\":\"https:\/\/butaassos.com.tr\/\",\"logo\":{\"@type\":\"ImageObject\",\"inLanguage\":\"en-US\",\"@id\":\"https:\/\/butaassos.com.tr\/#\/schema\/logo\/image\/\",\"url\":\"https:\/\/butaassos.com.tr\/wp-content\/uploads\/2024\/01\/butaassosicon.png\",\"contentUrl\":\"https:\/\/butaassos.com.tr\/wp-content\/uploads\/2024\/01\/butaassosicon.png\",\"width\":512,\"height\":512,\"caption\":\"Buta Assos\"},\"image\":{\"@id\":\"https:\/\/butaassos.com.tr\/#\/schema\/logo\/image\/\"}}]}<\/script>\n<!-- \/ Yoast SEO plugin. -->","yoast_head_json":{"title":"\u015eifa Serisi \u00c7\u00f6rekotu Zeytinya\u011f\u0131 250ml - Buta Assos","robots":{"index":"index","follow":"follow","max-snippet":"max-snippet:-1","max-image-preview":"max-image-preview:large","max-video-preview":"max-video-preview:-1"},"canonical":"https:\/\/butaassos.com.tr\/en\/product\/sifa-serisi-corekotu-zeytinyagi-250ml\/","og_locale":"en_US","og_type":"article","og_title":"\u015eifa Serisi \u00c7\u00f6rekotu Zeytinya\u011f\u0131 250ml - Buta Assos","og_description":"Ku\u0308c\u0327u\u0308k Tohum, Bu\u0308yu\u0308k S\u0327ifa:\u00a0C\u0327o\u0308rekotu C\u0327o\u0308rekotu, yu\u0308zy\u0131llard\u0131r\u00a0\u2018\u2018o\u0308lu\u0308mden\u00a0bas\u0327ka her derde deva\u2019\u2019\u00a0olarak bilinen, dog\u0306an\u0131n en gu\u0308c\u0327lu\u0308 armag\u0306anlar\u0131ndan biridir. Bag\u0306\u0131s\u0327\u0131kl\u0131k sistemini destekler, iltihaplar\u0131 azalt\u0131r ve vu\u0308cudu hastal\u0131klara kars\u0327\u0131 korur. Sindirimi du\u0308zenler, gaz ve s\u0327is\u0327kinlig\u0306i hafifletir. Cilt ve sac\u0327 sag\u0306l\u0131g\u0306\u0131n\u0131 besler, du\u0308zenli kullan\u0131mda enerji vererek vu\u0308cudun direncini art\u0131r\u0131r. Ku\u0308c\u0327u\u0308k ama etkisi bu\u0308yu\u0308k bu siyah tohum, her gu\u0308n yaln\u0131zca bir c\u0327ay...","og_url":"https:\/\/butaassos.com.tr\/en\/product\/sifa-serisi-corekotu-zeytinyagi-250ml\/","og_site_name":"Buta Assos","article_modified_time":"2025-12-15T08:43:37+00:00","og_image":[{"width":1672,"height":2560,"url":"https:\/\/butaassos.com.tr\/wp-content\/uploads\/2025\/09\/Sifa-Serisi-Corekotu-scaled.jpeg","type":"image\/jpeg"}],"twitter_card":"summary_large_image","twitter_misc":{"Est. reading time":"1 minute"},"schema":{"@context":"https:\/\/schema.org","@graph":[{"@type":"WebPage","@id":"https:\/\/butaassos.com.tr\/urun\/sifa-serisi-corekotu-zeytinyagi-250ml\/","url":"https:\/\/butaassos.com.tr\/urun\/sifa-serisi-corekotu-zeytinyagi-250ml\/","name":"\u015eifa Serisi \u00c7\u00f6rekotu Zeytinya\u011f\u0131 250ml - Buta Assos","isPartOf":{"@id":"https:\/\/butaassos.com.tr\/#website"},"primaryImageOfPage":{"@id":"https:\/\/butaassos.com.tr\/urun\/sifa-serisi-corekotu-zeytinyagi-250ml\/#primaryimage"},"image":{"@id":"https:\/\/butaassos.com.tr\/urun\/sifa-serisi-corekotu-zeytinyagi-250ml\/#primaryimage"},"thumbnailUrl":"https:\/\/butaassos.com.tr\/wp-content\/uploads\/2025\/09\/Sifa-Serisi-Corekotu-scaled.jpeg","datePublished":"2025-09-30T06:28:45+00:00","dateModified":"2025-12-15T08:43:37+00:00","breadcrumb":{"@id":"https:\/\/butaassos.com.tr\/urun\/sifa-serisi-corekotu-zeytinyagi-250ml\/#breadcrumb"},"inLanguage":"en-US","potentialAction":[{"@type":"ReadAction","target":["https:\/\/butaassos.com.tr\/urun\/sifa-serisi-corekotu-zeytinyagi-250ml\/"]}]},{"@type":"ImageObject","inLanguage":"en-US","@id":"https:\/\/butaassos.com.tr\/urun\/sifa-serisi-corekotu-zeytinyagi-250ml\/#primaryimage","url":"https:\/\/butaassos.com.tr\/wp-content\/uploads\/2025\/09\/Sifa-Serisi-Corekotu-scaled.jpeg","contentUrl":"https:\/\/butaassos.com.tr\/wp-content\/uploads\/2025\/09\/Sifa-Serisi-Corekotu-scaled.jpeg","width":1672,"height":2560},{"@type":"BreadcrumbList","@id":"https:\/\/butaassos.com.tr\/urun\/sifa-serisi-corekotu-zeytinyagi-250ml\/#breadcrumb","itemListElement":[{"@type":"ListItem","position":1,"name":"Anasayfa","item":"https:\/\/butaassos.com.tr\/"},{"@type":"ListItem","position":2,"name":"Shop","item":"https:\/\/butaassos.com.tr\/shop\/"},{"@type":"ListItem","position":3,"name":"\u015eifa Serisi \u00c7\u00f6rekotu Zeytinya\u011f\u0131 250ml"}]},{"@type":"WebSite","@id":"https:\/\/butaassos.com.tr\/#website","url":"https:\/\/butaassos.com.tr\/","name":"Buta Assos","description":"","publisher":{"@id":"https:\/\/butaassos.com.tr\/#organization"},"potentialAction":[{"@type":"SearchAction","target":{"@type":"EntryPoint","urlTemplate":"https:\/\/butaassos.com.tr\/?s={search_term_string}"},"query-input":{"@type":"PropertyValueSpecification","valueRequired":true,"valueName":"search_term_string"}}],"inLanguage":"en-US"},{"@type":"Organization","@id":"https:\/\/butaassos.com.tr\/#organization","name":"Buta Assos","url":"https:\/\/butaassos.com.tr\/","logo":{"@type":"ImageObject","inLanguage":"en-US","@id":"https:\/\/butaassos.com.tr\/#\/schema\/logo\/image\/","url":"https:\/\/butaassos.com.tr\/wp-content\/uploads\/2024\/01\/butaassosicon.png","contentUrl":"https:\/\/butaassos.com.tr\/wp-content\/uploads\/2024\/01\/butaassosicon.png","width":512,"height":512,"caption":"Buta Assos"},"image":{"@id":"https:\/\/butaassos.com.tr\/#\/schema\/logo\/image\/"}}]}},"_links":{"self":[{"href":"https:\/\/butaassos.com.tr\/en\/wp-json\/wp\/v2\/product\/3598","targetHints":{"allow":["GET"]}}],"collection":[{"href":"https:\/\/butaassos.com.tr\/en\/wp-json\/wp\/v2\/product"}],"about":[{"href":"https:\/\/butaassos.com.tr\/en\/wp-json\/wp\/v2\/types\/product"}],"replies":[{"embeddable":true,"href":"https:\/\/butaassos.com.tr\/en\/wp-json\/wp\/v2\/comments?post=3598"}],"wp:featuredmedia":[{"embeddable":true,"href":"https:\/\/butaassos.com.tr\/en\/wp-json\/wp\/v2\/media\/3787"}],"wp:attachment":[{"href":"https:\/\/butaassos.com.tr\/en\/wp-json\/wp\/v2\/media?parent=3598"}],"wp:term":[{"taxonomy":"product_cat","embeddable":true,"href":"https:\/\/butaassos.com.tr\/en\/wp-json\/wp\/v2\/product_cat?post=3598"},{"taxonomy":"product_tag","embeddable":true,"href":"https:\/\/butaassos.com.tr\/en\/wp-json\/wp\/v2\/product_tag?post=3598"}],"curies":[{"name":"wp","href":"https:\/\/api.w.org\/{rel}","templated":true}]}}