{"id":3596,"date":"2025-09-30T09:27:10","date_gmt":"2025-09-30T06:27:10","guid":{"rendered":"https:\/\/butaassos.com.tr\/?post_type=product&#038;p=3596"},"modified":"2025-11-15T16:24:11","modified_gmt":"2025-11-15T13:24:11","slug":"sifa-serisi-rezene-zeytinyagi-250ml","status":"publish","type":"product","link":"https:\/\/butaassos.com.tr\/en\/product\/sifa-serisi-rezene-zeytinyagi-250ml\/","title":{"rendered":"Remedy Series Fennel 250ml"},"content":{"rendered":"<p class=\"translation-block\">REMEDY SERIES <br \/> <br \/>\n\nExperience the revival of Ottoman cuisine\u2019s healing recipes, brought back to life through the valuable work of Chef Yunus Emre Akkor, perfectly paired with Buta Assos olive oil, rich in oleocanthal, oleacin, and polyphenols. A meeting of tradition, health, and craftsmanship \u2014 where ancient wisdom meets modern excellence.<\/p>\n<p>Fennel and anise are among the most valuable herbal remedies used in traditional medicine for centuries.<\/p>\n<p>Fennel is known for its digestive - regulating, gas-relieving, and lactation- supporting properties,while anise is valued for its ability to ease stomach spasms, relax the body, and soothe coughs.<\/p>\n<div title=\"Page 3\">\n<div>\n<div>\n<p>When combined, they create a powerful synergy \u2014 the Fennel &amp; Anise duo helps balance the digestive system and calm the nervous system. With its menstrual-supporting and relaxing effects, it also helps restore the body\u2019s natural harmony.<\/p>\n<p class=\"translation-block\">When consumed regularly and in moderation, this duo becomes a calming and balancing ritual for a healthy life.<\/p>\n<p>We have blended this healing pair with our high-oleocanthal, oleacin, and polyphenol extra virgin olive oil, to offer you the purest essence of nature.<\/p>\n<p>Experience this miracle \u2014 and feel the difference.<\/p>\n<\/div>\n<\/div>\n<\/div>\n<p>Shake before using it!<\/p>","protected":false},"excerpt":{"rendered":"<p>Sindirimin ve Huzurun Gu\u0308cu\u0308:\u00a0Rezene &amp; Anason I\u0307kilisi Rezene ve anason, yu\u0308zy\u0131llard\u0131r geleneksel t\u0131pta kullan\u0131lan en deg\u0306erli bitkisel desteklerden ikisidir. Rezene; sindirim sistemini du\u0308zenleyici, gaz giderici ve su\u0308t art\u0131r\u0131c\u0131 etkileriyle o\u0308ne c\u0327\u0131kar. Anason ise mide spazmlar\u0131n\u0131 yat\u0131s\u0327t\u0131r\u0131c\u0131, rahatlat\u0131c\u0131 ve o\u0308ksu\u0308ru\u0308k giderici o\u0308zellikleriyle bilinir. Birlikte kullan\u0131ld\u0131klar\u0131nda ise ortaya gu\u0308c\u0327lu\u0308 bir sinerji c\u0327\u0131kar: Rezene &amp; Anason ikilisi, hem&#8230;<\/p>","protected":false},"featured_media":3788,"comment_status":"open","ping_status":"closed","template":"","meta":[],"product_cat":[15,19],"product_tag":[],"class_list":{"0":"post-3596","1":"product","2":"type-product","3":"status-publish","4":"has-post-thumbnail","6":"product_cat-genel","7":"product_cat-naturel-sizma-zeytinyagi","9":"first","10":"instock","11":"taxable","12":"shipping-taxable","13":"purchasable","14":"product-type-simple"},"yoast_head":"<!-- This site is optimized with the Yoast SEO plugin v23.8 - https:\/\/yoast.com\/wordpress\/plugins\/seo\/ -->\n<title>\u015eifa Serisi Rezene Zeytinya\u011f\u0131 250ml - Buta Assos<\/title>\n<meta name=\"robots\" content=\"index, follow, max-snippet:-1, max-image-preview:large, max-video-preview:-1\" \/>\n<link rel=\"canonical\" href=\"https:\/\/butaassos.com.tr\/en\/product\/sifa-serisi-rezene-zeytinyagi-250ml\/\" \/>\n<meta property=\"og:locale\" content=\"en_US\" \/>\n<meta property=\"og:type\" content=\"article\" \/>\n<meta property=\"og:title\" content=\"\u015eifa Serisi Rezene Zeytinya\u011f\u0131 250ml - Buta Assos\" \/>\n<meta property=\"og:description\" content=\"Sindirimin ve Huzurun Gu\u0308cu\u0308:\u00a0Rezene &amp; Anason I\u0307kilisi Rezene ve anason, yu\u0308zy\u0131llard\u0131r geleneksel t\u0131pta kullan\u0131lan en deg\u0306erli bitkisel desteklerden ikisidir. Rezene; sindirim sistemini du\u0308zenleyici, gaz giderici ve su\u0308t art\u0131r\u0131c\u0131 etkileriyle o\u0308ne c\u0327\u0131kar. Anason ise mide spazmlar\u0131n\u0131 yat\u0131s\u0327t\u0131r\u0131c\u0131, rahatlat\u0131c\u0131 ve o\u0308ksu\u0308ru\u0308k giderici o\u0308zellikleriyle bilinir. Birlikte kullan\u0131ld\u0131klar\u0131nda ise ortaya gu\u0308c\u0327lu\u0308 bir sinerji c\u0327\u0131kar: Rezene &amp; Anason ikilisi, hem...\" \/>\n<meta property=\"og:url\" content=\"https:\/\/butaassos.com.tr\/en\/product\/sifa-serisi-rezene-zeytinyagi-250ml\/\" \/>\n<meta property=\"og:site_name\" content=\"Buta Assos\" \/>\n<meta property=\"article:modified_time\" content=\"2025-11-15T13:24:11+00:00\" \/>\n<meta property=\"og:image\" content=\"https:\/\/butaassos.com.tr\/wp-content\/uploads\/2025\/09\/Sifa-Serisi-Rezene-scaled.jpg\" \/>\n\t<meta property=\"og:image:width\" content=\"1710\" \/>\n\t<meta property=\"og:image:height\" content=\"2560\" \/>\n\t<meta property=\"og:image:type\" content=\"image\/jpeg\" \/>\n<meta name=\"twitter:card\" content=\"summary_large_image\" \/>\n<meta name=\"twitter:label1\" content=\"Est. reading time\" \/>\n\t<meta name=\"twitter:data1\" content=\"2 minutes\" \/>\n<script type=\"application\/ld+json\" class=\"yoast-schema-graph\">{\"@context\":\"https:\/\/schema.org\",\"@graph\":[{\"@type\":\"WebPage\",\"@id\":\"https:\/\/butaassos.com.tr\/urun\/sifa-serisi-rezene-zeytinyagi-250ml\/\",\"url\":\"https:\/\/butaassos.com.tr\/urun\/sifa-serisi-rezene-zeytinyagi-250ml\/\",\"name\":\"\u015eifa Serisi Rezene Zeytinya\u011f\u0131 250ml - Buta Assos\",\"isPartOf\":{\"@id\":\"https:\/\/butaassos.com.tr\/#website\"},\"primaryImageOfPage\":{\"@id\":\"https:\/\/butaassos.com.tr\/urun\/sifa-serisi-rezene-zeytinyagi-250ml\/#primaryimage\"},\"image\":{\"@id\":\"https:\/\/butaassos.com.tr\/urun\/sifa-serisi-rezene-zeytinyagi-250ml\/#primaryimage\"},\"thumbnailUrl\":\"https:\/\/butaassos.com.tr\/wp-content\/uploads\/2025\/09\/Sifa-Serisi-Rezene-scaled.jpg\",\"datePublished\":\"2025-09-30T06:27:10+00:00\",\"dateModified\":\"2025-11-15T13:24:11+00:00\",\"breadcrumb\":{\"@id\":\"https:\/\/butaassos.com.tr\/urun\/sifa-serisi-rezene-zeytinyagi-250ml\/#breadcrumb\"},\"inLanguage\":\"en-US\",\"potentialAction\":[{\"@type\":\"ReadAction\",\"target\":[\"https:\/\/butaassos.com.tr\/urun\/sifa-serisi-rezene-zeytinyagi-250ml\/\"]}]},{\"@type\":\"ImageObject\",\"inLanguage\":\"en-US\",\"@id\":\"https:\/\/butaassos.com.tr\/urun\/sifa-serisi-rezene-zeytinyagi-250ml\/#primaryimage\",\"url\":\"https:\/\/butaassos.com.tr\/wp-content\/uploads\/2025\/09\/Sifa-Serisi-Rezene-scaled.jpg\",\"contentUrl\":\"https:\/\/butaassos.com.tr\/wp-content\/uploads\/2025\/09\/Sifa-Serisi-Rezene-scaled.jpg\",\"width\":1710,\"height\":2560},{\"@type\":\"BreadcrumbList\",\"@id\":\"https:\/\/butaassos.com.tr\/urun\/sifa-serisi-rezene-zeytinyagi-250ml\/#breadcrumb\",\"itemListElement\":[{\"@type\":\"ListItem\",\"position\":1,\"name\":\"Anasayfa\",\"item\":\"https:\/\/butaassos.com.tr\/\"},{\"@type\":\"ListItem\",\"position\":2,\"name\":\"Shop\",\"item\":\"https:\/\/butaassos.com.tr\/shop\/\"},{\"@type\":\"ListItem\",\"position\":3,\"name\":\"\u015eifa Serisi Rezene Zeytinya\u011f\u0131 250ml\"}]},{\"@type\":\"WebSite\",\"@id\":\"https:\/\/butaassos.com.tr\/#website\",\"url\":\"https:\/\/butaassos.com.tr\/\",\"name\":\"Buta Assos\",\"description\":\"\",\"publisher\":{\"@id\":\"https:\/\/butaassos.com.tr\/#organization\"},\"potentialAction\":[{\"@type\":\"SearchAction\",\"target\":{\"@type\":\"EntryPoint\",\"urlTemplate\":\"https:\/\/butaassos.com.tr\/?s={search_term_string}\"},\"query-input\":{\"@type\":\"PropertyValueSpecification\",\"valueRequired\":true,\"valueName\":\"search_term_string\"}}],\"inLanguage\":\"en-US\"},{\"@type\":\"Organization\",\"@id\":\"https:\/\/butaassos.com.tr\/#organization\",\"name\":\"Buta Assos\",\"url\":\"https:\/\/butaassos.com.tr\/\",\"logo\":{\"@type\":\"ImageObject\",\"inLanguage\":\"en-US\",\"@id\":\"https:\/\/butaassos.com.tr\/#\/schema\/logo\/image\/\",\"url\":\"https:\/\/butaassos.com.tr\/wp-content\/uploads\/2024\/01\/butaassosicon.png\",\"contentUrl\":\"https:\/\/butaassos.com.tr\/wp-content\/uploads\/2024\/01\/butaassosicon.png\",\"width\":512,\"height\":512,\"caption\":\"Buta Assos\"},\"image\":{\"@id\":\"https:\/\/butaassos.com.tr\/#\/schema\/logo\/image\/\"}}]}<\/script>\n<!-- \/ Yoast SEO plugin. -->","yoast_head_json":{"title":"\u015eifa Serisi Rezene Zeytinya\u011f\u0131 250ml - Buta Assos","robots":{"index":"index","follow":"follow","max-snippet":"max-snippet:-1","max-image-preview":"max-image-preview:large","max-video-preview":"max-video-preview:-1"},"canonical":"https:\/\/butaassos.com.tr\/en\/product\/sifa-serisi-rezene-zeytinyagi-250ml\/","og_locale":"en_US","og_type":"article","og_title":"\u015eifa Serisi Rezene Zeytinya\u011f\u0131 250ml - Buta Assos","og_description":"Sindirimin ve Huzurun Gu\u0308cu\u0308:\u00a0Rezene &amp; Anason I\u0307kilisi Rezene ve anason, yu\u0308zy\u0131llard\u0131r geleneksel t\u0131pta kullan\u0131lan en deg\u0306erli bitkisel desteklerden ikisidir. Rezene; sindirim sistemini du\u0308zenleyici, gaz giderici ve su\u0308t art\u0131r\u0131c\u0131 etkileriyle o\u0308ne c\u0327\u0131kar. Anason ise mide spazmlar\u0131n\u0131 yat\u0131s\u0327t\u0131r\u0131c\u0131, rahatlat\u0131c\u0131 ve o\u0308ksu\u0308ru\u0308k giderici o\u0308zellikleriyle bilinir. Birlikte kullan\u0131ld\u0131klar\u0131nda ise ortaya gu\u0308c\u0327lu\u0308 bir sinerji c\u0327\u0131kar: Rezene &amp; Anason ikilisi, hem...","og_url":"https:\/\/butaassos.com.tr\/en\/product\/sifa-serisi-rezene-zeytinyagi-250ml\/","og_site_name":"Buta Assos","article_modified_time":"2025-11-15T13:24:11+00:00","og_image":[{"width":1710,"height":2560,"url":"https:\/\/butaassos.com.tr\/wp-content\/uploads\/2025\/09\/Sifa-Serisi-Rezene-scaled.jpg","type":"image\/jpeg"}],"twitter_card":"summary_large_image","twitter_misc":{"Est. reading time":"2 minutes"},"schema":{"@context":"https:\/\/schema.org","@graph":[{"@type":"WebPage","@id":"https:\/\/butaassos.com.tr\/urun\/sifa-serisi-rezene-zeytinyagi-250ml\/","url":"https:\/\/butaassos.com.tr\/urun\/sifa-serisi-rezene-zeytinyagi-250ml\/","name":"\u015eifa Serisi Rezene Zeytinya\u011f\u0131 250ml - Buta Assos","isPartOf":{"@id":"https:\/\/butaassos.com.tr\/#website"},"primaryImageOfPage":{"@id":"https:\/\/butaassos.com.tr\/urun\/sifa-serisi-rezene-zeytinyagi-250ml\/#primaryimage"},"image":{"@id":"https:\/\/butaassos.com.tr\/urun\/sifa-serisi-rezene-zeytinyagi-250ml\/#primaryimage"},"thumbnailUrl":"https:\/\/butaassos.com.tr\/wp-content\/uploads\/2025\/09\/Sifa-Serisi-Rezene-scaled.jpg","datePublished":"2025-09-30T06:27:10+00:00","dateModified":"2025-11-15T13:24:11+00:00","breadcrumb":{"@id":"https:\/\/butaassos.com.tr\/urun\/sifa-serisi-rezene-zeytinyagi-250ml\/#breadcrumb"},"inLanguage":"en-US","potentialAction":[{"@type":"ReadAction","target":["https:\/\/butaassos.com.tr\/urun\/sifa-serisi-rezene-zeytinyagi-250ml\/"]}]},{"@type":"ImageObject","inLanguage":"en-US","@id":"https:\/\/butaassos.com.tr\/urun\/sifa-serisi-rezene-zeytinyagi-250ml\/#primaryimage","url":"https:\/\/butaassos.com.tr\/wp-content\/uploads\/2025\/09\/Sifa-Serisi-Rezene-scaled.jpg","contentUrl":"https:\/\/butaassos.com.tr\/wp-content\/uploads\/2025\/09\/Sifa-Serisi-Rezene-scaled.jpg","width":1710,"height":2560},{"@type":"BreadcrumbList","@id":"https:\/\/butaassos.com.tr\/urun\/sifa-serisi-rezene-zeytinyagi-250ml\/#breadcrumb","itemListElement":[{"@type":"ListItem","position":1,"name":"Anasayfa","item":"https:\/\/butaassos.com.tr\/"},{"@type":"ListItem","position":2,"name":"Shop","item":"https:\/\/butaassos.com.tr\/shop\/"},{"@type":"ListItem","position":3,"name":"\u015eifa Serisi Rezene Zeytinya\u011f\u0131 250ml"}]},{"@type":"WebSite","@id":"https:\/\/butaassos.com.tr\/#website","url":"https:\/\/butaassos.com.tr\/","name":"Buta Assos","description":"","publisher":{"@id":"https:\/\/butaassos.com.tr\/#organization"},"potentialAction":[{"@type":"SearchAction","target":{"@type":"EntryPoint","urlTemplate":"https:\/\/butaassos.com.tr\/?s={search_term_string}"},"query-input":{"@type":"PropertyValueSpecification","valueRequired":true,"valueName":"search_term_string"}}],"inLanguage":"en-US"},{"@type":"Organization","@id":"https:\/\/butaassos.com.tr\/#organization","name":"Buta Assos","url":"https:\/\/butaassos.com.tr\/","logo":{"@type":"ImageObject","inLanguage":"en-US","@id":"https:\/\/butaassos.com.tr\/#\/schema\/logo\/image\/","url":"https:\/\/butaassos.com.tr\/wp-content\/uploads\/2024\/01\/butaassosicon.png","contentUrl":"https:\/\/butaassos.com.tr\/wp-content\/uploads\/2024\/01\/butaassosicon.png","width":512,"height":512,"caption":"Buta Assos"},"image":{"@id":"https:\/\/butaassos.com.tr\/#\/schema\/logo\/image\/"}}]}},"_links":{"self":[{"href":"https:\/\/butaassos.com.tr\/en\/wp-json\/wp\/v2\/product\/3596","targetHints":{"allow":["GET"]}}],"collection":[{"href":"https:\/\/butaassos.com.tr\/en\/wp-json\/wp\/v2\/product"}],"about":[{"href":"https:\/\/butaassos.com.tr\/en\/wp-json\/wp\/v2\/types\/product"}],"replies":[{"embeddable":true,"href":"https:\/\/butaassos.com.tr\/en\/wp-json\/wp\/v2\/comments?post=3596"}],"wp:featuredmedia":[{"embeddable":true,"href":"https:\/\/butaassos.com.tr\/en\/wp-json\/wp\/v2\/media\/3788"}],"wp:attachment":[{"href":"https:\/\/butaassos.com.tr\/en\/wp-json\/wp\/v2\/media?parent=3596"}],"wp:term":[{"taxonomy":"product_cat","embeddable":true,"href":"https:\/\/butaassos.com.tr\/en\/wp-json\/wp\/v2\/product_cat?post=3596"},{"taxonomy":"product_tag","embeddable":true,"href":"https:\/\/butaassos.com.tr\/en\/wp-json\/wp\/v2\/product_tag?post=3596"}],"curies":[{"name":"wp","href":"https:\/\/api.w.org\/{rel}","templated":true}]}}