{"id":3593,"date":"2025-09-30T09:20:14","date_gmt":"2025-09-30T06:20:14","guid":{"rendered":"https:\/\/butaassos.com.tr\/?post_type=product&#038;p=3593"},"modified":"2025-11-15T16:25:46","modified_gmt":"2025-11-15T13:25:46","slug":"sifa-serisi-zerdecal-zeytinyagi-250ml","status":"publish","type":"product","link":"https:\/\/butaassos.com.tr\/en\/product\/sifa-serisi-zerdecal-zeytinyagi-250ml\/","title":{"rendered":"Remedy Series Turmeric 250ml"},"content":{"rendered":"<p>Alt\u0131n Baharat\u0131n Gu\u0308cu\u0308:<br \/>\nZerdec\u0327al &amp; Karabiber I\u0307kilisi\u00a0Zerdec\u0327al (Curcuma longa), gu\u0308c\u0327lu\u0308 antioksidan ve antienflamatuar etkileriyle bag\u0306\u0131s\u0327\u0131kl\u0131k<br \/>\nsistemini destekleyen dog\u0306an\u0131n alt\u0131n baharat\u0131d\u0131r. I\u0307c\u0327erig\u0306indeki kurkumin maddesi, hu\u0308cre yenilenmesini h\u0131zland\u0131r\u0131r ve iltihaplanmay\u0131 azalt\u0131r. Ancak tek bas\u0327\u0131na emilimi s\u0131n\u0131rl\u0131d\u0131r. I\u0307s\u0327te tam da bu noktada karabiber devreye girer! Karabiberdeki piperin, zerdec\u0327al\u0131n kurkumin emilimini tam %2000\u2019e kadar art\u0131r\u0131r. Bu es\u0327siz ikili, birlikte kullan\u0131ld\u0131g\u0306\u0131nda vu\u0308cudu dog\u0306al bir detoksa sokar; eklem ag\u0306r\u0131lar\u0131ndan sindirim sorunlar\u0131na,\u00a0bag\u0306\u0131s\u0327\u0131kl\u0131k zay\u0131fl\u0131g\u0306\u0131ndan genel enerji du\u0308s\u0327u\u0308klu\u0308g\u0306u\u0308ne kadar birc\u0327ok alanda destekleyici etki sunar.<\/p>\n<div title=\"Page 3\">\n<div>\n<div>\n<p class=\"translation-block\">Together, turmeric and black pepper gently detoxify the body and provide support for issues ranging from joint pain to digestive discomfort. We combined this powerful duo with our high-oleocanthal, oleacin, and polyphenol extra virgin olive oil, creating a blend that supports immunity, protects the body, and adds a natural source of energy to your daily life.<\/p>\n<p>Experience this miracle \u2014 and feel the difference.<\/p>\n<p>Shake before using it!<\/p>\n<\/div>\n<\/div>\n<\/div>","protected":false},"excerpt":{"rendered":"<p>Alt\u0131n Baharat\u0131n Gu\u0308cu\u0308: Zerdec\u0327al &amp; Karabiber I\u0307kilisi\u00a0Zerdec\u0327al (Curcuma longa), gu\u0308c\u0327lu\u0308 antioksidan ve antienflamatuar etkileriyle bag\u0306\u0131s\u0327\u0131kl\u0131k sistemini destekleyen dog\u0306an\u0131n alt\u0131n baharat\u0131d\u0131r. I\u0307c\u0327erig\u0306indeki kurkumin maddesi, hu\u0308cre yenilenmesini h\u0131zland\u0131r\u0131r ve iltihaplanmay\u0131 azalt\u0131r. Ancak tek bas\u0327\u0131na emilimi s\u0131n\u0131rl\u0131d\u0131r. I\u0307s\u0327te tam da bu noktada karabiber devreye girer! Karabiberdeki piperin, zerdec\u0327al\u0131n kurkumin emilimini tam %2000\u2019e kadar art\u0131r\u0131r. Bu es\u0327siz ikili, birlikte&#8230;<\/p>","protected":false},"featured_media":3789,"comment_status":"open","ping_status":"closed","template":"","meta":[],"product_cat":[15,19],"product_tag":[],"class_list":{"0":"post-3593","1":"product","2":"type-product","3":"status-publish","4":"has-post-thumbnail","6":"product_cat-genel","7":"product_cat-naturel-sizma-zeytinyagi","9":"first","10":"instock","11":"taxable","12":"shipping-taxable","13":"purchasable","14":"product-type-simple"},"yoast_head":"<!-- This site is optimized with the Yoast SEO plugin v23.8 - https:\/\/yoast.com\/wordpress\/plugins\/seo\/ -->\n<title>\u015eifa Serisi Zerde\u00e7al Zeytinya\u011f\u0131 250ml - Buta Assos<\/title>\n<meta name=\"robots\" content=\"index, follow, max-snippet:-1, max-image-preview:large, max-video-preview:-1\" \/>\n<link rel=\"canonical\" href=\"https:\/\/butaassos.com.tr\/en\/product\/sifa-serisi-zerdecal-zeytinyagi-250ml\/\" \/>\n<meta property=\"og:locale\" content=\"en_US\" \/>\n<meta property=\"og:type\" content=\"article\" \/>\n<meta property=\"og:title\" content=\"\u015eifa Serisi Zerde\u00e7al Zeytinya\u011f\u0131 250ml - Buta Assos\" \/>\n<meta property=\"og:description\" content=\"Alt\u0131n Baharat\u0131n Gu\u0308cu\u0308: Zerdec\u0327al &amp; Karabiber I\u0307kilisi\u00a0Zerdec\u0327al (Curcuma longa), gu\u0308c\u0327lu\u0308 antioksidan ve antienflamatuar etkileriyle bag\u0306\u0131s\u0327\u0131kl\u0131k sistemini destekleyen dog\u0306an\u0131n alt\u0131n baharat\u0131d\u0131r. I\u0307c\u0327erig\u0306indeki kurkumin maddesi, hu\u0308cre yenilenmesini h\u0131zland\u0131r\u0131r ve iltihaplanmay\u0131 azalt\u0131r. Ancak tek bas\u0327\u0131na emilimi s\u0131n\u0131rl\u0131d\u0131r. I\u0307s\u0327te tam da bu noktada karabiber devreye girer! Karabiberdeki piperin, zerdec\u0327al\u0131n kurkumin emilimini tam %2000\u2019e kadar art\u0131r\u0131r. Bu es\u0327siz ikili, birlikte...\" \/>\n<meta property=\"og:url\" content=\"https:\/\/butaassos.com.tr\/en\/product\/sifa-serisi-zerdecal-zeytinyagi-250ml\/\" \/>\n<meta property=\"og:site_name\" content=\"Buta Assos\" \/>\n<meta property=\"article:modified_time\" content=\"2025-11-15T13:25:46+00:00\" \/>\n<meta property=\"og:image\" content=\"https:\/\/butaassos.com.tr\/wp-content\/uploads\/2025\/09\/Sifa-Serisi-Zerdecal-scaled.jpg\" \/>\n\t<meta property=\"og:image:width\" content=\"1710\" \/>\n\t<meta property=\"og:image:height\" content=\"2560\" \/>\n\t<meta property=\"og:image:type\" content=\"image\/jpeg\" \/>\n<meta name=\"twitter:card\" content=\"summary_large_image\" \/>\n<meta name=\"twitter:label1\" content=\"Est. reading time\" \/>\n\t<meta name=\"twitter:data1\" content=\"1 minute\" \/>\n<script type=\"application\/ld+json\" class=\"yoast-schema-graph\">{\"@context\":\"https:\/\/schema.org\",\"@graph\":[{\"@type\":\"WebPage\",\"@id\":\"https:\/\/butaassos.com.tr\/urun\/sifa-serisi-zerdecal-zeytinyagi-250ml\/\",\"url\":\"https:\/\/butaassos.com.tr\/urun\/sifa-serisi-zerdecal-zeytinyagi-250ml\/\",\"name\":\"\u015eifa Serisi Zerde\u00e7al Zeytinya\u011f\u0131 250ml - Buta Assos\",\"isPartOf\":{\"@id\":\"https:\/\/butaassos.com.tr\/#website\"},\"primaryImageOfPage\":{\"@id\":\"https:\/\/butaassos.com.tr\/urun\/sifa-serisi-zerdecal-zeytinyagi-250ml\/#primaryimage\"},\"image\":{\"@id\":\"https:\/\/butaassos.com.tr\/urun\/sifa-serisi-zerdecal-zeytinyagi-250ml\/#primaryimage\"},\"thumbnailUrl\":\"https:\/\/butaassos.com.tr\/wp-content\/uploads\/2025\/09\/Sifa-Serisi-Zerdecal-scaled.jpg\",\"datePublished\":\"2025-09-30T06:20:14+00:00\",\"dateModified\":\"2025-11-15T13:25:46+00:00\",\"breadcrumb\":{\"@id\":\"https:\/\/butaassos.com.tr\/urun\/sifa-serisi-zerdecal-zeytinyagi-250ml\/#breadcrumb\"},\"inLanguage\":\"en-US\",\"potentialAction\":[{\"@type\":\"ReadAction\",\"target\":[\"https:\/\/butaassos.com.tr\/urun\/sifa-serisi-zerdecal-zeytinyagi-250ml\/\"]}]},{\"@type\":\"ImageObject\",\"inLanguage\":\"en-US\",\"@id\":\"https:\/\/butaassos.com.tr\/urun\/sifa-serisi-zerdecal-zeytinyagi-250ml\/#primaryimage\",\"url\":\"https:\/\/butaassos.com.tr\/wp-content\/uploads\/2025\/09\/Sifa-Serisi-Zerdecal-scaled.jpg\",\"contentUrl\":\"https:\/\/butaassos.com.tr\/wp-content\/uploads\/2025\/09\/Sifa-Serisi-Zerdecal-scaled.jpg\",\"width\":1710,\"height\":2560},{\"@type\":\"BreadcrumbList\",\"@id\":\"https:\/\/butaassos.com.tr\/urun\/sifa-serisi-zerdecal-zeytinyagi-250ml\/#breadcrumb\",\"itemListElement\":[{\"@type\":\"ListItem\",\"position\":1,\"name\":\"Anasayfa\",\"item\":\"https:\/\/butaassos.com.tr\/\"},{\"@type\":\"ListItem\",\"position\":2,\"name\":\"Shop\",\"item\":\"https:\/\/butaassos.com.tr\/shop\/\"},{\"@type\":\"ListItem\",\"position\":3,\"name\":\"\u015eifa Serisi Zerde\u00e7al Zeytinya\u011f\u0131 250ml\"}]},{\"@type\":\"WebSite\",\"@id\":\"https:\/\/butaassos.com.tr\/#website\",\"url\":\"https:\/\/butaassos.com.tr\/\",\"name\":\"Buta Assos\",\"description\":\"\",\"publisher\":{\"@id\":\"https:\/\/butaassos.com.tr\/#organization\"},\"potentialAction\":[{\"@type\":\"SearchAction\",\"target\":{\"@type\":\"EntryPoint\",\"urlTemplate\":\"https:\/\/butaassos.com.tr\/?s={search_term_string}\"},\"query-input\":{\"@type\":\"PropertyValueSpecification\",\"valueRequired\":true,\"valueName\":\"search_term_string\"}}],\"inLanguage\":\"en-US\"},{\"@type\":\"Organization\",\"@id\":\"https:\/\/butaassos.com.tr\/#organization\",\"name\":\"Buta Assos\",\"url\":\"https:\/\/butaassos.com.tr\/\",\"logo\":{\"@type\":\"ImageObject\",\"inLanguage\":\"en-US\",\"@id\":\"https:\/\/butaassos.com.tr\/#\/schema\/logo\/image\/\",\"url\":\"https:\/\/butaassos.com.tr\/wp-content\/uploads\/2024\/01\/butaassosicon.png\",\"contentUrl\":\"https:\/\/butaassos.com.tr\/wp-content\/uploads\/2024\/01\/butaassosicon.png\",\"width\":512,\"height\":512,\"caption\":\"Buta Assos\"},\"image\":{\"@id\":\"https:\/\/butaassos.com.tr\/#\/schema\/logo\/image\/\"}}]}<\/script>\n<!-- \/ Yoast SEO plugin. -->","yoast_head_json":{"title":"\u015eifa Serisi Zerde\u00e7al Zeytinya\u011f\u0131 250ml - Buta Assos","robots":{"index":"index","follow":"follow","max-snippet":"max-snippet:-1","max-image-preview":"max-image-preview:large","max-video-preview":"max-video-preview:-1"},"canonical":"https:\/\/butaassos.com.tr\/en\/product\/sifa-serisi-zerdecal-zeytinyagi-250ml\/","og_locale":"en_US","og_type":"article","og_title":"\u015eifa Serisi Zerde\u00e7al Zeytinya\u011f\u0131 250ml - Buta Assos","og_description":"Alt\u0131n Baharat\u0131n Gu\u0308cu\u0308: Zerdec\u0327al &amp; Karabiber I\u0307kilisi\u00a0Zerdec\u0327al (Curcuma longa), gu\u0308c\u0327lu\u0308 antioksidan ve antienflamatuar etkileriyle bag\u0306\u0131s\u0327\u0131kl\u0131k sistemini destekleyen dog\u0306an\u0131n alt\u0131n baharat\u0131d\u0131r. I\u0307c\u0327erig\u0306indeki kurkumin maddesi, hu\u0308cre yenilenmesini h\u0131zland\u0131r\u0131r ve iltihaplanmay\u0131 azalt\u0131r. Ancak tek bas\u0327\u0131na emilimi s\u0131n\u0131rl\u0131d\u0131r. I\u0307s\u0327te tam da bu noktada karabiber devreye girer! Karabiberdeki piperin, zerdec\u0327al\u0131n kurkumin emilimini tam %2000\u2019e kadar art\u0131r\u0131r. Bu es\u0327siz ikili, birlikte...","og_url":"https:\/\/butaassos.com.tr\/en\/product\/sifa-serisi-zerdecal-zeytinyagi-250ml\/","og_site_name":"Buta Assos","article_modified_time":"2025-11-15T13:25:46+00:00","og_image":[{"width":1710,"height":2560,"url":"https:\/\/butaassos.com.tr\/wp-content\/uploads\/2025\/09\/Sifa-Serisi-Zerdecal-scaled.jpg","type":"image\/jpeg"}],"twitter_card":"summary_large_image","twitter_misc":{"Est. reading time":"1 minute"},"schema":{"@context":"https:\/\/schema.org","@graph":[{"@type":"WebPage","@id":"https:\/\/butaassos.com.tr\/urun\/sifa-serisi-zerdecal-zeytinyagi-250ml\/","url":"https:\/\/butaassos.com.tr\/urun\/sifa-serisi-zerdecal-zeytinyagi-250ml\/","name":"\u015eifa Serisi Zerde\u00e7al Zeytinya\u011f\u0131 250ml - Buta Assos","isPartOf":{"@id":"https:\/\/butaassos.com.tr\/#website"},"primaryImageOfPage":{"@id":"https:\/\/butaassos.com.tr\/urun\/sifa-serisi-zerdecal-zeytinyagi-250ml\/#primaryimage"},"image":{"@id":"https:\/\/butaassos.com.tr\/urun\/sifa-serisi-zerdecal-zeytinyagi-250ml\/#primaryimage"},"thumbnailUrl":"https:\/\/butaassos.com.tr\/wp-content\/uploads\/2025\/09\/Sifa-Serisi-Zerdecal-scaled.jpg","datePublished":"2025-09-30T06:20:14+00:00","dateModified":"2025-11-15T13:25:46+00:00","breadcrumb":{"@id":"https:\/\/butaassos.com.tr\/urun\/sifa-serisi-zerdecal-zeytinyagi-250ml\/#breadcrumb"},"inLanguage":"en-US","potentialAction":[{"@type":"ReadAction","target":["https:\/\/butaassos.com.tr\/urun\/sifa-serisi-zerdecal-zeytinyagi-250ml\/"]}]},{"@type":"ImageObject","inLanguage":"en-US","@id":"https:\/\/butaassos.com.tr\/urun\/sifa-serisi-zerdecal-zeytinyagi-250ml\/#primaryimage","url":"https:\/\/butaassos.com.tr\/wp-content\/uploads\/2025\/09\/Sifa-Serisi-Zerdecal-scaled.jpg","contentUrl":"https:\/\/butaassos.com.tr\/wp-content\/uploads\/2025\/09\/Sifa-Serisi-Zerdecal-scaled.jpg","width":1710,"height":2560},{"@type":"BreadcrumbList","@id":"https:\/\/butaassos.com.tr\/urun\/sifa-serisi-zerdecal-zeytinyagi-250ml\/#breadcrumb","itemListElement":[{"@type":"ListItem","position":1,"name":"Anasayfa","item":"https:\/\/butaassos.com.tr\/"},{"@type":"ListItem","position":2,"name":"Shop","item":"https:\/\/butaassos.com.tr\/shop\/"},{"@type":"ListItem","position":3,"name":"\u015eifa Serisi Zerde\u00e7al Zeytinya\u011f\u0131 250ml"}]},{"@type":"WebSite","@id":"https:\/\/butaassos.com.tr\/#website","url":"https:\/\/butaassos.com.tr\/","name":"Buta Assos","description":"","publisher":{"@id":"https:\/\/butaassos.com.tr\/#organization"},"potentialAction":[{"@type":"SearchAction","target":{"@type":"EntryPoint","urlTemplate":"https:\/\/butaassos.com.tr\/?s={search_term_string}"},"query-input":{"@type":"PropertyValueSpecification","valueRequired":true,"valueName":"search_term_string"}}],"inLanguage":"en-US"},{"@type":"Organization","@id":"https:\/\/butaassos.com.tr\/#organization","name":"Buta Assos","url":"https:\/\/butaassos.com.tr\/","logo":{"@type":"ImageObject","inLanguage":"en-US","@id":"https:\/\/butaassos.com.tr\/#\/schema\/logo\/image\/","url":"https:\/\/butaassos.com.tr\/wp-content\/uploads\/2024\/01\/butaassosicon.png","contentUrl":"https:\/\/butaassos.com.tr\/wp-content\/uploads\/2024\/01\/butaassosicon.png","width":512,"height":512,"caption":"Buta Assos"},"image":{"@id":"https:\/\/butaassos.com.tr\/#\/schema\/logo\/image\/"}}]}},"_links":{"self":[{"href":"https:\/\/butaassos.com.tr\/en\/wp-json\/wp\/v2\/product\/3593","targetHints":{"allow":["GET"]}}],"collection":[{"href":"https:\/\/butaassos.com.tr\/en\/wp-json\/wp\/v2\/product"}],"about":[{"href":"https:\/\/butaassos.com.tr\/en\/wp-json\/wp\/v2\/types\/product"}],"replies":[{"embeddable":true,"href":"https:\/\/butaassos.com.tr\/en\/wp-json\/wp\/v2\/comments?post=3593"}],"wp:featuredmedia":[{"embeddable":true,"href":"https:\/\/butaassos.com.tr\/en\/wp-json\/wp\/v2\/media\/3789"}],"wp:attachment":[{"href":"https:\/\/butaassos.com.tr\/en\/wp-json\/wp\/v2\/media?parent=3593"}],"wp:term":[{"taxonomy":"product_cat","embeddable":true,"href":"https:\/\/butaassos.com.tr\/en\/wp-json\/wp\/v2\/product_cat?post=3593"},{"taxonomy":"product_tag","embeddable":true,"href":"https:\/\/butaassos.com.tr\/en\/wp-json\/wp\/v2\/product_tag?post=3593"}],"curies":[{"name":"wp","href":"https:\/\/api.w.org\/{rel}","templated":true}]}}