{"id":3444,"date":"2025-08-15T11:51:27","date_gmt":"2025-08-15T08:51:27","guid":{"rendered":"https:\/\/butaassos.com.tr\/?post_type=product&#038;p=3444"},"modified":"2025-12-30T10:07:17","modified_gmt":"2025-12-30T07:07:17","slug":"sifa-serisi-yakut-tozlu-zeytinyagi-250ml","status":"publish","type":"product","link":"https:\/\/butaassos.com.tr\/en\/product\/sifa-serisi-yakut-tozlu-zeytinyagi-250ml\/","title":{"rendered":"Remedy Series Red Ruby 250ml"},"content":{"rendered":"<p class=\"translation-block\">REMEDY SERIES <br \/><br \/>\n\nExperience the revival of Ottoman cuisine\u2019s healing recipes, brought back to life through the valuable work of Chef Yunus Emre Akkor, perfectly paired with Buta Assos olive oil, rich in oleocanthal, oleacin, and polyphenols. A meeting of tradition, health, and craftsmanship \u2014 where ancient wisdom meets modern excellence. \n\n <br \/><br \/>\n\nRED RUBY <br \/><br \/>\n\nDuring the Ottoman era, special elixirs containing ruby powder were prepared for the sultans, while European nobles consumed it to protect themselves from epidemics. Throughout history, ruby has been believed to soothe sorrow and bring vitality to the heart. Known as \u201cYakut-\u0131 M\u00fcferri\u201d, this precious stone was once used in luxurious sherbets that refreshed the spirit, eased thirst, and strengthened the body. The healing properties of red ruby are countless \u2014 it is believed to cleanse the blood, strengthen the veins, enhance eyesight, and boost immunity. We have enriched our high-oleocanthal, oleacin, and polyphenol extra virgin olive oil with ruby powder, combining ancient wisdom with modern wellness. Protect your health, strengthen your vitality, and add pure energy to your life.<\/p>\n<p>Experience this miracle \u2014 and feel the difference.<\/p>","protected":false},"excerpt":{"rendered":"<p>K\u0131z\u0131l Yakutun \u015eifal\u0131 G\u00fcc\u00fc ile Tan\u0131\u015f\u0131n! Osmanl\u0131 d\u00f6neminde padi\u015fahlar i\u00e7in yakut tozu i\u00e7eren macunlar haz\u0131rlanm\u0131\u015f, Avrupa\u2019daki zenginler ve ekabirler ise salg\u0131n hastal\u0131klara kar\u015f\u0131 hayatta kalmak i\u00e7in yakut tozunu t\u00fcketmi\u015flerdir. Bu de\u011ferli ta\u015f\u0131n, kederi ve s\u0131k\u0131nt\u0131y\u0131 giderdi\u011fi de bilinmektedir. Tarihte yakut, y\u00fcre\u011fe ferahl\u0131k verdi\u011fi i\u00e7in \u201cYakut-\u0131 M\u00fcferri\u201d ad\u0131nda pahal\u0131 bir \u015ferbetin yap\u0131m\u0131nda kullan\u0131lm\u0131\u015ft\u0131r. Ayr\u0131ca susuzlu\u011fu giderir,&#8230;<\/p>","protected":false},"featured_media":3790,"comment_status":"open","ping_status":"closed","template":"","meta":[],"product_cat":[15,19],"product_tag":[],"class_list":{"0":"post-3444","1":"product","2":"type-product","3":"status-publish","4":"has-post-thumbnail","6":"product_cat-genel","7":"product_cat-naturel-sizma-zeytinyagi","9":"first","10":"instock","11":"taxable","12":"shipping-taxable","13":"purchasable","14":"product-type-simple"},"yoast_head":"<!-- This site is optimized with the Yoast SEO plugin v23.8 - https:\/\/yoast.com\/wordpress\/plugins\/seo\/ -->\n<title>\u015eifa Serisi Yakut Tozlu Zeytinya\u011f\u0131 250ml - Buta Assos<\/title>\n<meta name=\"robots\" content=\"index, follow, max-snippet:-1, max-image-preview:large, max-video-preview:-1\" \/>\n<link rel=\"canonical\" href=\"https:\/\/butaassos.com.tr\/en\/product\/sifa-serisi-yakut-tozlu-zeytinyagi-250ml\/\" \/>\n<meta property=\"og:locale\" content=\"en_US\" \/>\n<meta property=\"og:type\" content=\"article\" \/>\n<meta property=\"og:title\" content=\"\u015eifa Serisi Yakut Tozlu Zeytinya\u011f\u0131 250ml - Buta Assos\" \/>\n<meta property=\"og:description\" content=\"K\u0131z\u0131l Yakutun \u015eifal\u0131 G\u00fcc\u00fc ile Tan\u0131\u015f\u0131n! Osmanl\u0131 d\u00f6neminde padi\u015fahlar i\u00e7in yakut tozu i\u00e7eren macunlar haz\u0131rlanm\u0131\u015f, Avrupa\u2019daki zenginler ve ekabirler ise salg\u0131n hastal\u0131klara kar\u015f\u0131 hayatta kalmak i\u00e7in yakut tozunu t\u00fcketmi\u015flerdir. Bu de\u011ferli ta\u015f\u0131n, kederi ve s\u0131k\u0131nt\u0131y\u0131 giderdi\u011fi de bilinmektedir. Tarihte yakut, y\u00fcre\u011fe ferahl\u0131k verdi\u011fi i\u00e7in \u201cYakut-\u0131 M\u00fcferri\u201d ad\u0131nda pahal\u0131 bir \u015ferbetin yap\u0131m\u0131nda kullan\u0131lm\u0131\u015ft\u0131r. Ayr\u0131ca susuzlu\u011fu giderir,...\" \/>\n<meta property=\"og:url\" content=\"https:\/\/butaassos.com.tr\/en\/product\/sifa-serisi-yakut-tozlu-zeytinyagi-250ml\/\" \/>\n<meta property=\"og:site_name\" content=\"Buta Assos\" \/>\n<meta property=\"article:modified_time\" content=\"2025-12-30T07:07:17+00:00\" \/>\n<meta property=\"og:image\" content=\"https:\/\/butaassos.com.tr\/wp-content\/uploads\/2025\/08\/Sifa-Serisi-Kirmizi-Yakut-scaled.jpg\" \/>\n\t<meta property=\"og:image:width\" content=\"1678\" \/>\n\t<meta property=\"og:image:height\" content=\"2560\" \/>\n\t<meta property=\"og:image:type\" content=\"image\/jpeg\" \/>\n<meta name=\"twitter:card\" content=\"summary_large_image\" \/>\n<meta name=\"twitter:label1\" content=\"Est. reading time\" \/>\n\t<meta name=\"twitter:data1\" content=\"1 minute\" \/>\n<script type=\"application\/ld+json\" class=\"yoast-schema-graph\">{\"@context\":\"https:\/\/schema.org\",\"@graph\":[{\"@type\":\"WebPage\",\"@id\":\"https:\/\/butaassos.com.tr\/urun\/sifa-serisi-yakut-tozlu-zeytinyagi-250ml\/\",\"url\":\"https:\/\/butaassos.com.tr\/urun\/sifa-serisi-yakut-tozlu-zeytinyagi-250ml\/\",\"name\":\"\u015eifa Serisi Yakut Tozlu Zeytinya\u011f\u0131 250ml - Buta Assos\",\"isPartOf\":{\"@id\":\"https:\/\/butaassos.com.tr\/#website\"},\"primaryImageOfPage\":{\"@id\":\"https:\/\/butaassos.com.tr\/urun\/sifa-serisi-yakut-tozlu-zeytinyagi-250ml\/#primaryimage\"},\"image\":{\"@id\":\"https:\/\/butaassos.com.tr\/urun\/sifa-serisi-yakut-tozlu-zeytinyagi-250ml\/#primaryimage\"},\"thumbnailUrl\":\"https:\/\/butaassos.com.tr\/wp-content\/uploads\/2025\/08\/Sifa-Serisi-Kirmizi-Yakut-scaled.jpg\",\"datePublished\":\"2025-08-15T08:51:27+00:00\",\"dateModified\":\"2025-12-30T07:07:17+00:00\",\"breadcrumb\":{\"@id\":\"https:\/\/butaassos.com.tr\/urun\/sifa-serisi-yakut-tozlu-zeytinyagi-250ml\/#breadcrumb\"},\"inLanguage\":\"en-US\",\"potentialAction\":[{\"@type\":\"ReadAction\",\"target\":[\"https:\/\/butaassos.com.tr\/urun\/sifa-serisi-yakut-tozlu-zeytinyagi-250ml\/\"]}]},{\"@type\":\"ImageObject\",\"inLanguage\":\"en-US\",\"@id\":\"https:\/\/butaassos.com.tr\/urun\/sifa-serisi-yakut-tozlu-zeytinyagi-250ml\/#primaryimage\",\"url\":\"https:\/\/butaassos.com.tr\/wp-content\/uploads\/2025\/08\/Sifa-Serisi-Kirmizi-Yakut-scaled.jpg\",\"contentUrl\":\"https:\/\/butaassos.com.tr\/wp-content\/uploads\/2025\/08\/Sifa-Serisi-Kirmizi-Yakut-scaled.jpg\",\"width\":1678,\"height\":2560},{\"@type\":\"BreadcrumbList\",\"@id\":\"https:\/\/butaassos.com.tr\/urun\/sifa-serisi-yakut-tozlu-zeytinyagi-250ml\/#breadcrumb\",\"itemListElement\":[{\"@type\":\"ListItem\",\"position\":1,\"name\":\"Anasayfa\",\"item\":\"https:\/\/butaassos.com.tr\/\"},{\"@type\":\"ListItem\",\"position\":2,\"name\":\"Shop\",\"item\":\"https:\/\/butaassos.com.tr\/shop\/\"},{\"@type\":\"ListItem\",\"position\":3,\"name\":\"\u015eifa Serisi Yakut Tozlu Zeytinya\u011f\u0131 250ml\"}]},{\"@type\":\"WebSite\",\"@id\":\"https:\/\/butaassos.com.tr\/#website\",\"url\":\"https:\/\/butaassos.com.tr\/\",\"name\":\"Buta Assos\",\"description\":\"\",\"publisher\":{\"@id\":\"https:\/\/butaassos.com.tr\/#organization\"},\"potentialAction\":[{\"@type\":\"SearchAction\",\"target\":{\"@type\":\"EntryPoint\",\"urlTemplate\":\"https:\/\/butaassos.com.tr\/?s={search_term_string}\"},\"query-input\":{\"@type\":\"PropertyValueSpecification\",\"valueRequired\":true,\"valueName\":\"search_term_string\"}}],\"inLanguage\":\"en-US\"},{\"@type\":\"Organization\",\"@id\":\"https:\/\/butaassos.com.tr\/#organization\",\"name\":\"Buta Assos\",\"url\":\"https:\/\/butaassos.com.tr\/\",\"logo\":{\"@type\":\"ImageObject\",\"inLanguage\":\"en-US\",\"@id\":\"https:\/\/butaassos.com.tr\/#\/schema\/logo\/image\/\",\"url\":\"https:\/\/butaassos.com.tr\/wp-content\/uploads\/2024\/01\/butaassosicon.png\",\"contentUrl\":\"https:\/\/butaassos.com.tr\/wp-content\/uploads\/2024\/01\/butaassosicon.png\",\"width\":512,\"height\":512,\"caption\":\"Buta Assos\"},\"image\":{\"@id\":\"https:\/\/butaassos.com.tr\/#\/schema\/logo\/image\/\"}}]}<\/script>\n<!-- \/ Yoast SEO plugin. -->","yoast_head_json":{"title":"\u015eifa Serisi Yakut Tozlu Zeytinya\u011f\u0131 250ml - Buta Assos","robots":{"index":"index","follow":"follow","max-snippet":"max-snippet:-1","max-image-preview":"max-image-preview:large","max-video-preview":"max-video-preview:-1"},"canonical":"https:\/\/butaassos.com.tr\/en\/product\/sifa-serisi-yakut-tozlu-zeytinyagi-250ml\/","og_locale":"en_US","og_type":"article","og_title":"\u015eifa Serisi Yakut Tozlu Zeytinya\u011f\u0131 250ml - Buta Assos","og_description":"K\u0131z\u0131l Yakutun \u015eifal\u0131 G\u00fcc\u00fc ile Tan\u0131\u015f\u0131n! Osmanl\u0131 d\u00f6neminde padi\u015fahlar i\u00e7in yakut tozu i\u00e7eren macunlar haz\u0131rlanm\u0131\u015f, Avrupa\u2019daki zenginler ve ekabirler ise salg\u0131n hastal\u0131klara kar\u015f\u0131 hayatta kalmak i\u00e7in yakut tozunu t\u00fcketmi\u015flerdir. Bu de\u011ferli ta\u015f\u0131n, kederi ve s\u0131k\u0131nt\u0131y\u0131 giderdi\u011fi de bilinmektedir. Tarihte yakut, y\u00fcre\u011fe ferahl\u0131k verdi\u011fi i\u00e7in \u201cYakut-\u0131 M\u00fcferri\u201d ad\u0131nda pahal\u0131 bir \u015ferbetin yap\u0131m\u0131nda kullan\u0131lm\u0131\u015ft\u0131r. Ayr\u0131ca susuzlu\u011fu giderir,...","og_url":"https:\/\/butaassos.com.tr\/en\/product\/sifa-serisi-yakut-tozlu-zeytinyagi-250ml\/","og_site_name":"Buta Assos","article_modified_time":"2025-12-30T07:07:17+00:00","og_image":[{"width":1678,"height":2560,"url":"https:\/\/butaassos.com.tr\/wp-content\/uploads\/2025\/08\/Sifa-Serisi-Kirmizi-Yakut-scaled.jpg","type":"image\/jpeg"}],"twitter_card":"summary_large_image","twitter_misc":{"Est. reading time":"1 minute"},"schema":{"@context":"https:\/\/schema.org","@graph":[{"@type":"WebPage","@id":"https:\/\/butaassos.com.tr\/urun\/sifa-serisi-yakut-tozlu-zeytinyagi-250ml\/","url":"https:\/\/butaassos.com.tr\/urun\/sifa-serisi-yakut-tozlu-zeytinyagi-250ml\/","name":"\u015eifa Serisi Yakut Tozlu Zeytinya\u011f\u0131 250ml - Buta Assos","isPartOf":{"@id":"https:\/\/butaassos.com.tr\/#website"},"primaryImageOfPage":{"@id":"https:\/\/butaassos.com.tr\/urun\/sifa-serisi-yakut-tozlu-zeytinyagi-250ml\/#primaryimage"},"image":{"@id":"https:\/\/butaassos.com.tr\/urun\/sifa-serisi-yakut-tozlu-zeytinyagi-250ml\/#primaryimage"},"thumbnailUrl":"https:\/\/butaassos.com.tr\/wp-content\/uploads\/2025\/08\/Sifa-Serisi-Kirmizi-Yakut-scaled.jpg","datePublished":"2025-08-15T08:51:27+00:00","dateModified":"2025-12-30T07:07:17+00:00","breadcrumb":{"@id":"https:\/\/butaassos.com.tr\/urun\/sifa-serisi-yakut-tozlu-zeytinyagi-250ml\/#breadcrumb"},"inLanguage":"en-US","potentialAction":[{"@type":"ReadAction","target":["https:\/\/butaassos.com.tr\/urun\/sifa-serisi-yakut-tozlu-zeytinyagi-250ml\/"]}]},{"@type":"ImageObject","inLanguage":"en-US","@id":"https:\/\/butaassos.com.tr\/urun\/sifa-serisi-yakut-tozlu-zeytinyagi-250ml\/#primaryimage","url":"https:\/\/butaassos.com.tr\/wp-content\/uploads\/2025\/08\/Sifa-Serisi-Kirmizi-Yakut-scaled.jpg","contentUrl":"https:\/\/butaassos.com.tr\/wp-content\/uploads\/2025\/08\/Sifa-Serisi-Kirmizi-Yakut-scaled.jpg","width":1678,"height":2560},{"@type":"BreadcrumbList","@id":"https:\/\/butaassos.com.tr\/urun\/sifa-serisi-yakut-tozlu-zeytinyagi-250ml\/#breadcrumb","itemListElement":[{"@type":"ListItem","position":1,"name":"Anasayfa","item":"https:\/\/butaassos.com.tr\/"},{"@type":"ListItem","position":2,"name":"Shop","item":"https:\/\/butaassos.com.tr\/shop\/"},{"@type":"ListItem","position":3,"name":"\u015eifa Serisi Yakut Tozlu Zeytinya\u011f\u0131 250ml"}]},{"@type":"WebSite","@id":"https:\/\/butaassos.com.tr\/#website","url":"https:\/\/butaassos.com.tr\/","name":"Buta Assos","description":"","publisher":{"@id":"https:\/\/butaassos.com.tr\/#organization"},"potentialAction":[{"@type":"SearchAction","target":{"@type":"EntryPoint","urlTemplate":"https:\/\/butaassos.com.tr\/?s={search_term_string}"},"query-input":{"@type":"PropertyValueSpecification","valueRequired":true,"valueName":"search_term_string"}}],"inLanguage":"en-US"},{"@type":"Organization","@id":"https:\/\/butaassos.com.tr\/#organization","name":"Buta Assos","url":"https:\/\/butaassos.com.tr\/","logo":{"@type":"ImageObject","inLanguage":"en-US","@id":"https:\/\/butaassos.com.tr\/#\/schema\/logo\/image\/","url":"https:\/\/butaassos.com.tr\/wp-content\/uploads\/2024\/01\/butaassosicon.png","contentUrl":"https:\/\/butaassos.com.tr\/wp-content\/uploads\/2024\/01\/butaassosicon.png","width":512,"height":512,"caption":"Buta Assos"},"image":{"@id":"https:\/\/butaassos.com.tr\/#\/schema\/logo\/image\/"}}]}},"_links":{"self":[{"href":"https:\/\/butaassos.com.tr\/en\/wp-json\/wp\/v2\/product\/3444","targetHints":{"allow":["GET"]}}],"collection":[{"href":"https:\/\/butaassos.com.tr\/en\/wp-json\/wp\/v2\/product"}],"about":[{"href":"https:\/\/butaassos.com.tr\/en\/wp-json\/wp\/v2\/types\/product"}],"replies":[{"embeddable":true,"href":"https:\/\/butaassos.com.tr\/en\/wp-json\/wp\/v2\/comments?post=3444"}],"wp:featuredmedia":[{"embeddable":true,"href":"https:\/\/butaassos.com.tr\/en\/wp-json\/wp\/v2\/media\/3790"}],"wp:attachment":[{"href":"https:\/\/butaassos.com.tr\/en\/wp-json\/wp\/v2\/media?parent=3444"}],"wp:term":[{"taxonomy":"product_cat","embeddable":true,"href":"https:\/\/butaassos.com.tr\/en\/wp-json\/wp\/v2\/product_cat?post=3444"},{"taxonomy":"product_tag","embeddable":true,"href":"https:\/\/butaassos.com.tr\/en\/wp-json\/wp\/v2\/product_tag?post=3444"}],"curies":[{"name":"wp","href":"https:\/\/api.w.org\/{rel}","templated":true}]}}