{"id":3049,"date":"2025-04-26T13:05:05","date_gmt":"2025-04-26T10:05:05","guid":{"rendered":"https:\/\/butaassos.com.tr\/?post_type=product&#038;p=3049"},"modified":"2026-01-30T12:22:45","modified_gmt":"2026-01-30T09:22:45","slug":"assos-premium-gurme-2000-ml","status":"publish","type":"product","link":"https:\/\/butaassos.com.tr\/en\/product\/assos-premium-gurme-2000-ml\/","title":{"rendered":"Assos Premium Gurme 2000ml 2025-26"},"content":{"rendered":"<p class=\"\" data-start=\"47\" data-end=\"292\"><strong data-start=\"47\" data-end=\"81\">Assos Premium Gurme Zeytinya\u011f\u0131<\/strong>, Assos\u2019un zengin ve bereketli topraklar\u0131nda, olumsuz d\u0131\u015f etkenlerden uzak, sert iklimde yeti\u015fen zeytinler erken d\u00f6nemde hasat edilerek, en ileri teknolojilerden olan Mori-Tem so\u011fuk s\u0131k\u0131m y\u00f6ntemiyle i\u015flenmi\u015ftir.<\/p>\n<p class=\"translation-block\" data-start=\"294\" data-end=\"564\">Extracted through Buta Assos\u2019s exclusive cold-press techniques, Assos Premium\nGourmet embodies a sensorial richness with its pronounced fruity aroma.\nIt is an olive oil created for refined palates \u2014 a perfect way to add your personal\nsignature to every dish.<\/p>\n<p class=\"\" data-start=\"566\" data-end=\"728\">Assos Premium Gurme zeytinya\u011f\u0131, Ayval\u0131k \u00e7e\u015fidi zeytinden \u00fcretilmi\u015ftir. Zeytinler hasat edildikleri g\u00fcn topra\u011fa de\u011fmeden s\u0131k\u0131l\u0131r ve steril ortamda muhafaza edilir.<\/p>\n<p class=\"\" data-start=\"730\" data-end=\"828\"><strong data-start=\"730\" data-end=\"764\">2000 ml\u2019lik b\u00fcy\u00fck boy ambalaj\u0131<\/strong>, s\u0131k zeytinya\u011f\u0131 kullanan mutfaklar i\u00e7in pratik bir \u00e7\u00f6z\u00fcm sunar.<\/p>","protected":false},"excerpt":{"rendered":"<p>Assos Premium Gurme Zeytinya\u011f\u0131, Assos\u2019un zengin ve bereketli topraklar\u0131nda, olumsuz d\u0131\u015f etkenlerden uzak, sert iklimde yeti\u015fen zeytinler erken d\u00f6nemde hasat edilerek, en ileri teknolojilerden olan Mori-Tem so\u011fuk s\u0131k\u0131m y\u00f6ntemiyle i\u015flenmi\u015ftir. Buta Assos\u2019a \u00f6zel so\u011fuk s\u0131k\u0131m teknikleriyle elde edilen Assos Premium Gurme zeytinya\u011f\u0131, duyusal olarak zengin meyve aromas\u0131n\u0131 i\u00e7inde bar\u0131nd\u0131r\u0131r. Rafine zevklere sahip olan ki\u015filerin be\u011feniyle&#8230;<\/p>","protected":false},"featured_media":3050,"comment_status":"open","ping_status":"closed","template":"","meta":[],"product_cat":[15,19],"product_tag":[],"class_list":{"0":"post-3049","1":"product","2":"type-product","3":"status-publish","4":"has-post-thumbnail","6":"product_cat-genel","7":"product_cat-naturel-sizma-zeytinyagi","9":"first","10":"instock","11":"taxable","12":"shipping-taxable","13":"purchasable","14":"product-type-simple"},"yoast_head":"<!-- This site is optimized with the Yoast SEO plugin v23.8 - https:\/\/yoast.com\/wordpress\/plugins\/seo\/ -->\n<title>Assos Premium Gurme 2000ml 2025-26 - Buta Assos<\/title>\n<meta name=\"description\" content=\"B\u00fcy\u00fck boyutuyla uzun s\u00fcreli kullan\u0131m sa\u011flar. Buta Assos&#039;un Erken Hasat So\u011fuk S\u0131k\u0131m Zeytinya\u011f\u0131, tazeli\u011fi ve lezzetiyle sofralar\u0131n\u0131za sa\u011fl\u0131k getirir.\" \/>\n<meta name=\"robots\" content=\"index, follow, max-snippet:-1, max-image-preview:large, max-video-preview:-1\" \/>\n<link rel=\"canonical\" href=\"https:\/\/butaassos.com.tr\/en\/product\/assos-premium-gurme-2000-ml\/\" \/>\n<meta property=\"og:locale\" content=\"en_US\" \/>\n<meta property=\"og:type\" content=\"article\" \/>\n<meta property=\"og:title\" content=\"Assos Premium Gurme 2000ml 2025-26 - Buta Assos\" \/>\n<meta property=\"og:description\" content=\"B\u00fcy\u00fck boyutuyla uzun s\u00fcreli kullan\u0131m sa\u011flar. Buta Assos&#039;un Erken Hasat So\u011fuk S\u0131k\u0131m Zeytinya\u011f\u0131, tazeli\u011fi ve lezzetiyle sofralar\u0131n\u0131za sa\u011fl\u0131k getirir.\" \/>\n<meta property=\"og:url\" content=\"https:\/\/butaassos.com.tr\/en\/product\/assos-premium-gurme-2000-ml\/\" \/>\n<meta property=\"og:site_name\" content=\"Buta Assos\" \/>\n<meta property=\"article:modified_time\" content=\"2026-01-30T09:22:45+00:00\" \/>\n<meta property=\"og:image\" content=\"https:\/\/butaassos.com.tr\/wp-content\/uploads\/2025\/04\/2-Lt-zeytinyagi-on.jpg\" \/>\n\t<meta property=\"og:image:width\" content=\"2000\" \/>\n\t<meta property=\"og:image:height\" content=\"2000\" \/>\n\t<meta property=\"og:image:type\" content=\"image\/jpeg\" \/>\n<meta name=\"twitter:card\" content=\"summary_large_image\" \/>\n<meta name=\"twitter:label1\" content=\"Est. reading time\" \/>\n\t<meta name=\"twitter:data1\" content=\"1 minute\" \/>\n<script type=\"application\/ld+json\" class=\"yoast-schema-graph\">{\"@context\":\"https:\/\/schema.org\",\"@graph\":[{\"@type\":\"WebPage\",\"@id\":\"https:\/\/butaassos.com.tr\/urun\/assos-premium-gurme-2000-ml\/\",\"url\":\"https:\/\/butaassos.com.tr\/urun\/assos-premium-gurme-2000-ml\/\",\"name\":\"Assos Premium Gurme 2000ml 2025-26 - Buta Assos\",\"isPartOf\":{\"@id\":\"https:\/\/butaassos.com.tr\/#website\"},\"primaryImageOfPage\":{\"@id\":\"https:\/\/butaassos.com.tr\/urun\/assos-premium-gurme-2000-ml\/#primaryimage\"},\"image\":{\"@id\":\"https:\/\/butaassos.com.tr\/urun\/assos-premium-gurme-2000-ml\/#primaryimage\"},\"thumbnailUrl\":\"https:\/\/butaassos.com.tr\/wp-content\/uploads\/2025\/04\/2-Lt-zeytinyagi-on.jpg\",\"datePublished\":\"2025-04-26T10:05:05+00:00\",\"dateModified\":\"2026-01-30T09:22:45+00:00\",\"description\":\"B\u00fcy\u00fck boyutuyla uzun s\u00fcreli kullan\u0131m sa\u011flar. Buta Assos'un Erken Hasat So\u011fuk S\u0131k\u0131m Zeytinya\u011f\u0131, tazeli\u011fi ve lezzetiyle sofralar\u0131n\u0131za sa\u011fl\u0131k getirir.\",\"breadcrumb\":{\"@id\":\"https:\/\/butaassos.com.tr\/urun\/assos-premium-gurme-2000-ml\/#breadcrumb\"},\"inLanguage\":\"en-US\",\"potentialAction\":[{\"@type\":\"ReadAction\",\"target\":[\"https:\/\/butaassos.com.tr\/urun\/assos-premium-gurme-2000-ml\/\"]}]},{\"@type\":\"ImageObject\",\"inLanguage\":\"en-US\",\"@id\":\"https:\/\/butaassos.com.tr\/urun\/assos-premium-gurme-2000-ml\/#primaryimage\",\"url\":\"https:\/\/butaassos.com.tr\/wp-content\/uploads\/2025\/04\/2-Lt-zeytinyagi-on.jpg\",\"contentUrl\":\"https:\/\/butaassos.com.tr\/wp-content\/uploads\/2025\/04\/2-Lt-zeytinyagi-on.jpg\",\"width\":2000,\"height\":2000},{\"@type\":\"BreadcrumbList\",\"@id\":\"https:\/\/butaassos.com.tr\/urun\/assos-premium-gurme-2000-ml\/#breadcrumb\",\"itemListElement\":[{\"@type\":\"ListItem\",\"position\":1,\"name\":\"Anasayfa\",\"item\":\"https:\/\/butaassos.com.tr\/\"},{\"@type\":\"ListItem\",\"position\":2,\"name\":\"Shop\",\"item\":\"https:\/\/butaassos.com.tr\/shop\/\"},{\"@type\":\"ListItem\",\"position\":3,\"name\":\"Assos Premium Gurme 2000ml 2025-26\"}]},{\"@type\":\"WebSite\",\"@id\":\"https:\/\/butaassos.com.tr\/#website\",\"url\":\"https:\/\/butaassos.com.tr\/\",\"name\":\"Buta Assos\",\"description\":\"\",\"publisher\":{\"@id\":\"https:\/\/butaassos.com.tr\/#organization\"},\"potentialAction\":[{\"@type\":\"SearchAction\",\"target\":{\"@type\":\"EntryPoint\",\"urlTemplate\":\"https:\/\/butaassos.com.tr\/?s={search_term_string}\"},\"query-input\":{\"@type\":\"PropertyValueSpecification\",\"valueRequired\":true,\"valueName\":\"search_term_string\"}}],\"inLanguage\":\"en-US\"},{\"@type\":\"Organization\",\"@id\":\"https:\/\/butaassos.com.tr\/#organization\",\"name\":\"Buta Assos\",\"url\":\"https:\/\/butaassos.com.tr\/\",\"logo\":{\"@type\":\"ImageObject\",\"inLanguage\":\"en-US\",\"@id\":\"https:\/\/butaassos.com.tr\/#\/schema\/logo\/image\/\",\"url\":\"https:\/\/butaassos.com.tr\/wp-content\/uploads\/2024\/01\/butaassosicon.png\",\"contentUrl\":\"https:\/\/butaassos.com.tr\/wp-content\/uploads\/2024\/01\/butaassosicon.png\",\"width\":512,\"height\":512,\"caption\":\"Buta Assos\"},\"image\":{\"@id\":\"https:\/\/butaassos.com.tr\/#\/schema\/logo\/image\/\"}}]}<\/script>\n<!-- \/ Yoast SEO plugin. -->","yoast_head_json":{"title":"Assos Premium Gurme 2000ml 2025-26 - Buta Assos","description":"B\u00fcy\u00fck boyutuyla uzun s\u00fcreli kullan\u0131m sa\u011flar. Buta Assos'un Erken Hasat So\u011fuk S\u0131k\u0131m Zeytinya\u011f\u0131, tazeli\u011fi ve lezzetiyle sofralar\u0131n\u0131za sa\u011fl\u0131k getirir.","robots":{"index":"index","follow":"follow","max-snippet":"max-snippet:-1","max-image-preview":"max-image-preview:large","max-video-preview":"max-video-preview:-1"},"canonical":"https:\/\/butaassos.com.tr\/en\/product\/assos-premium-gurme-2000-ml\/","og_locale":"en_US","og_type":"article","og_title":"Assos Premium Gurme 2000ml 2025-26 - Buta Assos","og_description":"B\u00fcy\u00fck boyutuyla uzun s\u00fcreli kullan\u0131m sa\u011flar. Buta Assos'un Erken Hasat So\u011fuk S\u0131k\u0131m Zeytinya\u011f\u0131, tazeli\u011fi ve lezzetiyle sofralar\u0131n\u0131za sa\u011fl\u0131k getirir.","og_url":"https:\/\/butaassos.com.tr\/en\/product\/assos-premium-gurme-2000-ml\/","og_site_name":"Buta Assos","article_modified_time":"2026-01-30T09:22:45+00:00","og_image":[{"width":2000,"height":2000,"url":"https:\/\/butaassos.com.tr\/wp-content\/uploads\/2025\/04\/2-Lt-zeytinyagi-on.jpg","type":"image\/jpeg"}],"twitter_card":"summary_large_image","twitter_misc":{"Est. reading time":"1 minute"},"schema":{"@context":"https:\/\/schema.org","@graph":[{"@type":"WebPage","@id":"https:\/\/butaassos.com.tr\/urun\/assos-premium-gurme-2000-ml\/","url":"https:\/\/butaassos.com.tr\/urun\/assos-premium-gurme-2000-ml\/","name":"Assos Premium Gurme 2000ml 2025-26 - Buta Assos","isPartOf":{"@id":"https:\/\/butaassos.com.tr\/#website"},"primaryImageOfPage":{"@id":"https:\/\/butaassos.com.tr\/urun\/assos-premium-gurme-2000-ml\/#primaryimage"},"image":{"@id":"https:\/\/butaassos.com.tr\/urun\/assos-premium-gurme-2000-ml\/#primaryimage"},"thumbnailUrl":"https:\/\/butaassos.com.tr\/wp-content\/uploads\/2025\/04\/2-Lt-zeytinyagi-on.jpg","datePublished":"2025-04-26T10:05:05+00:00","dateModified":"2026-01-30T09:22:45+00:00","description":"B\u00fcy\u00fck boyutuyla uzun s\u00fcreli kullan\u0131m sa\u011flar. Buta Assos'un Erken Hasat So\u011fuk S\u0131k\u0131m Zeytinya\u011f\u0131, tazeli\u011fi ve lezzetiyle sofralar\u0131n\u0131za sa\u011fl\u0131k getirir.","breadcrumb":{"@id":"https:\/\/butaassos.com.tr\/urun\/assos-premium-gurme-2000-ml\/#breadcrumb"},"inLanguage":"en-US","potentialAction":[{"@type":"ReadAction","target":["https:\/\/butaassos.com.tr\/urun\/assos-premium-gurme-2000-ml\/"]}]},{"@type":"ImageObject","inLanguage":"en-US","@id":"https:\/\/butaassos.com.tr\/urun\/assos-premium-gurme-2000-ml\/#primaryimage","url":"https:\/\/butaassos.com.tr\/wp-content\/uploads\/2025\/04\/2-Lt-zeytinyagi-on.jpg","contentUrl":"https:\/\/butaassos.com.tr\/wp-content\/uploads\/2025\/04\/2-Lt-zeytinyagi-on.jpg","width":2000,"height":2000},{"@type":"BreadcrumbList","@id":"https:\/\/butaassos.com.tr\/urun\/assos-premium-gurme-2000-ml\/#breadcrumb","itemListElement":[{"@type":"ListItem","position":1,"name":"Anasayfa","item":"https:\/\/butaassos.com.tr\/"},{"@type":"ListItem","position":2,"name":"Shop","item":"https:\/\/butaassos.com.tr\/shop\/"},{"@type":"ListItem","position":3,"name":"Assos Premium Gurme 2000ml 2025-26"}]},{"@type":"WebSite","@id":"https:\/\/butaassos.com.tr\/#website","url":"https:\/\/butaassos.com.tr\/","name":"Buta Assos","description":"","publisher":{"@id":"https:\/\/butaassos.com.tr\/#organization"},"potentialAction":[{"@type":"SearchAction","target":{"@type":"EntryPoint","urlTemplate":"https:\/\/butaassos.com.tr\/?s={search_term_string}"},"query-input":{"@type":"PropertyValueSpecification","valueRequired":true,"valueName":"search_term_string"}}],"inLanguage":"en-US"},{"@type":"Organization","@id":"https:\/\/butaassos.com.tr\/#organization","name":"Buta Assos","url":"https:\/\/butaassos.com.tr\/","logo":{"@type":"ImageObject","inLanguage":"en-US","@id":"https:\/\/butaassos.com.tr\/#\/schema\/logo\/image\/","url":"https:\/\/butaassos.com.tr\/wp-content\/uploads\/2024\/01\/butaassosicon.png","contentUrl":"https:\/\/butaassos.com.tr\/wp-content\/uploads\/2024\/01\/butaassosicon.png","width":512,"height":512,"caption":"Buta Assos"},"image":{"@id":"https:\/\/butaassos.com.tr\/#\/schema\/logo\/image\/"}}]}},"_links":{"self":[{"href":"https:\/\/butaassos.com.tr\/en\/wp-json\/wp\/v2\/product\/3049","targetHints":{"allow":["GET"]}}],"collection":[{"href":"https:\/\/butaassos.com.tr\/en\/wp-json\/wp\/v2\/product"}],"about":[{"href":"https:\/\/butaassos.com.tr\/en\/wp-json\/wp\/v2\/types\/product"}],"replies":[{"embeddable":true,"href":"https:\/\/butaassos.com.tr\/en\/wp-json\/wp\/v2\/comments?post=3049"}],"wp:featuredmedia":[{"embeddable":true,"href":"https:\/\/butaassos.com.tr\/en\/wp-json\/wp\/v2\/media\/3050"}],"wp:attachment":[{"href":"https:\/\/butaassos.com.tr\/en\/wp-json\/wp\/v2\/media?parent=3049"}],"wp:term":[{"taxonomy":"product_cat","embeddable":true,"href":"https:\/\/butaassos.com.tr\/en\/wp-json\/wp\/v2\/product_cat?post=3049"},{"taxonomy":"product_tag","embeddable":true,"href":"https:\/\/butaassos.com.tr\/en\/wp-json\/wp\/v2\/product_tag?post=3049"}],"curies":[{"name":"wp","href":"https:\/\/api.w.org\/{rel}","templated":true}]}}