{"id":283,"date":"2023-12-27T15:25:27","date_gmt":"2023-12-27T12:25:27","guid":{"rendered":"https:\/\/butaassos.com\/?post_type=product&#038;p=283"},"modified":"2025-12-05T14:54:04","modified_gmt":"2025-12-05T11:54:04","slug":"odin-premium-oleocanthal-500ml","status":"publish","type":"product","link":"https:\/\/butaassos.com.tr\/en\/product\/odin-premium-oleocanthal-500ml\/","title":{"rendered":"Odin Premium Oleocanthal <br> New Season 2025-26 (500 ml)"},"content":{"rendered":"<div style=\"display: flex; gap: 10px; flex-direction: column;\">\n<div>\n<div class=\"product-badges\" style=\"display: flex; flex-direction: column; position: absolute;\"><\/div>\n<div class=\"product-description-container\" style=\"display: flex; gap: 10px; justify-content: space-between;\">\n<div>\n<p class=\"translation-block\">From the olive trees we nurture with great care throughout the year, we handpick\nour olives at their greenest and most precious stage \u2014 before full ripeness.<br \/><br \/>\nAfter a meticulous selection process, we extract them using Mori-Tem technology\nand the cold-press method, producing Odin Premium Oleocanthal Extra Virgin\nOlive Oil \u2014 a true source of healing.<br \/><br \/>\nOdin Premium Oleocanthal is more than just an olive oil; with its exceptionally high\nOleocanthal content (333 mg\/kg), it is a genuine elixir of health.<br \/>\nAccording to laboratory analyses, this year\u2019s Odin Premium Oleocanthal has\nsignificantly higher Polyphenol and Oleocanthal levels compared to the previous\nseason.\nThis special oil supports your well-being, helping to alleviate joint pain, protect\nagainst Alzheimer\u2019s, and play a powerful role in cancer prevention.<br \/>\nYou will feel the healing power of nature in every drop \u2014 and we are proud to\nshare this gift of health with you.<br \/>\nNot only in chemical composition but also in its aroma and taste, <br \/><br \/>Odin Premium\nOleocanthal stands among the world\u2019s most distinguished and preferred olive oils.<\/p>\n<p><br \/><\/p>\n<p><br \/><\/p>\n<div class=\"product-description-container\" style=\"display: flex; gap: 10px; justify-content: space-between;\">\n<div><\/div>\n<\/div>\n<\/div>\n<div class=\"product-medals-container\" style=\"display: flex; flex-direction: column; gap: 10px; align-items: center;\"><\/div>\n<\/div>\n<\/div>\n<div style=\"display: flex; flex-direction: column; gap: 10px; align-items: center; justify-content: center;\"><\/div>\n<\/div>","protected":false},"excerpt":{"rendered":"<p>Y\u0131l boyunca b\u00fcy\u00fck bir \u00f6zenle yeti\u015ftirdi\u011fimiz zeytin a\u011fa\u00e7lar\u0131m\u0131zdan elde etti\u011fimiz zeytinlerimizi olgunla\u015fmadan en ye\u015fil ve en de\u011ferli hallerindeyken elle topluyoruz. Ard\u0131ndan b\u00fcy\u00fck bir titizlikle eleme i\u015flemine al\u0131yoruz. Sonras\u0131nda Mori-Tem teknolojisi ile so\u011fuk s\u0131k\u0131m i\u015flemini ger\u00e7ekle\u015ftiriyor ve \u015fifa kayna\u011f\u0131 olan Odin Premium Oleocanthal Nat\u00fcrel S\u0131zma Zeytinya\u011f\u0131n\u0131 elde ediyoruz. Odin Premium Oleocanthal Nat\u00fcrel S\u0131zma Zeytinya\u011f\u0131, sadece bir&#8230;<\/p>","protected":false},"featured_media":2738,"comment_status":"open","ping_status":"closed","template":"","meta":[],"product_cat":[15,19],"product_tag":[],"class_list":{"0":"post-283","1":"product","2":"type-product","3":"status-publish","4":"has-post-thumbnail","6":"product_cat-genel","7":"product_cat-naturel-sizma-zeytinyagi","9":"first","10":"instock","11":"taxable","12":"shipping-taxable","13":"purchasable","14":"product-type-simple"},"yoast_head":"<!-- This site is optimized with the Yoast SEO plugin v23.8 - https:\/\/yoast.com\/wordpress\/plugins\/seo\/ -->\n<title>Odin Premium Oleocanthal  YEN\u0130 SEZON 2025-26 500ml - Buta Assos<\/title>\n<meta name=\"description\" content=\"Odin Premium Oleocanthal nat\u00fcrel s\u0131zma zeytinya\u011f\u0131, Assos yar\u0131madas\u0131nda, organik sertifikal\u0131 zeytinliklerde, kendi arazilerimizde yeti\u015fen...\" \/>\n<meta name=\"robots\" content=\"index, follow, max-snippet:-1, max-image-preview:large, max-video-preview:-1\" \/>\n<link rel=\"canonical\" href=\"https:\/\/butaassos.com.tr\/en\/product\/odin-premium-oleocanthal-500ml\/\" \/>\n<meta property=\"og:locale\" content=\"en_US\" \/>\n<meta property=\"og:type\" content=\"article\" \/>\n<meta property=\"og:title\" content=\"Odin Premium Oleocanthal  YEN\u0130 SEZON 2025-26 500ml - Buta Assos\" \/>\n<meta property=\"og:description\" content=\"Odin Premium Oleocanthal nat\u00fcrel s\u0131zma zeytinya\u011f\u0131, Assos yar\u0131madas\u0131nda, organik sertifikal\u0131 zeytinliklerde, kendi arazilerimizde yeti\u015fen...\" \/>\n<meta property=\"og:url\" content=\"https:\/\/butaassos.com.tr\/en\/product\/odin-premium-oleocanthal-500ml\/\" \/>\n<meta property=\"og:site_name\" content=\"Buta Assos\" \/>\n<meta property=\"article:modified_time\" content=\"2025-12-05T11:54:04+00:00\" \/>\n<meta property=\"og:image\" content=\"https:\/\/butaassos.com.tr\/wp-content\/uploads\/2023\/12\/ODIN-copy.jpg\" \/>\n\t<meta property=\"og:image:width\" content=\"2000\" \/>\n\t<meta property=\"og:image:height\" content=\"2000\" \/>\n\t<meta property=\"og:image:type\" content=\"image\/jpeg\" \/>\n<meta name=\"twitter:card\" content=\"summary_large_image\" \/>\n<meta name=\"twitter:label1\" content=\"Est. reading time\" \/>\n\t<meta name=\"twitter:data1\" content=\"2 minutes\" \/>\n<script type=\"application\/ld+json\" class=\"yoast-schema-graph\">{\"@context\":\"https:\/\/schema.org\",\"@graph\":[{\"@type\":\"WebPage\",\"@id\":\"https:\/\/butaassos.com.tr\/urun\/odin-premium-oleocanthal-500ml\/\",\"url\":\"https:\/\/butaassos.com.tr\/urun\/odin-premium-oleocanthal-500ml\/\",\"name\":\"Odin Premium Oleocanthal YEN\u0130 SEZON 2025-26 500ml - Buta Assos\",\"isPartOf\":{\"@id\":\"https:\/\/butaassos.com.tr\/#website\"},\"primaryImageOfPage\":{\"@id\":\"https:\/\/butaassos.com.tr\/urun\/odin-premium-oleocanthal-500ml\/#primaryimage\"},\"image\":{\"@id\":\"https:\/\/butaassos.com.tr\/urun\/odin-premium-oleocanthal-500ml\/#primaryimage\"},\"thumbnailUrl\":\"https:\/\/butaassos.com.tr\/wp-content\/uploads\/2023\/12\/ODIN-copy.jpg\",\"datePublished\":\"2023-12-27T12:25:27+00:00\",\"dateModified\":\"2025-12-05T11:54:04+00:00\",\"description\":\"Odin Premium Oleocanthal nat\u00fcrel s\u0131zma zeytinya\u011f\u0131, Assos yar\u0131madas\u0131nda, organik sertifikal\u0131 zeytinliklerde, kendi arazilerimizde yeti\u015fen...\",\"breadcrumb\":{\"@id\":\"https:\/\/butaassos.com.tr\/urun\/odin-premium-oleocanthal-500ml\/#breadcrumb\"},\"inLanguage\":\"en-US\",\"potentialAction\":[{\"@type\":\"ReadAction\",\"target\":[\"https:\/\/butaassos.com.tr\/urun\/odin-premium-oleocanthal-500ml\/\"]}]},{\"@type\":\"ImageObject\",\"inLanguage\":\"en-US\",\"@id\":\"https:\/\/butaassos.com.tr\/urun\/odin-premium-oleocanthal-500ml\/#primaryimage\",\"url\":\"https:\/\/butaassos.com.tr\/wp-content\/uploads\/2023\/12\/ODIN-copy.jpg\",\"contentUrl\":\"https:\/\/butaassos.com.tr\/wp-content\/uploads\/2023\/12\/ODIN-copy.jpg\",\"width\":2000,\"height\":2000},{\"@type\":\"BreadcrumbList\",\"@id\":\"https:\/\/butaassos.com.tr\/urun\/odin-premium-oleocanthal-500ml\/#breadcrumb\",\"itemListElement\":[{\"@type\":\"ListItem\",\"position\":1,\"name\":\"Anasayfa\",\"item\":\"https:\/\/butaassos.com.tr\/\"},{\"@type\":\"ListItem\",\"position\":2,\"name\":\"Shop\",\"item\":\"https:\/\/butaassos.com.tr\/shop\/\"},{\"@type\":\"ListItem\",\"position\":3,\"name\":\"Odin Premium Oleocanthal YEN\u0130 SEZON 2025-26 500ml\"}]},{\"@type\":\"WebSite\",\"@id\":\"https:\/\/butaassos.com.tr\/#website\",\"url\":\"https:\/\/butaassos.com.tr\/\",\"name\":\"Buta Assos\",\"description\":\"\",\"publisher\":{\"@id\":\"https:\/\/butaassos.com.tr\/#organization\"},\"potentialAction\":[{\"@type\":\"SearchAction\",\"target\":{\"@type\":\"EntryPoint\",\"urlTemplate\":\"https:\/\/butaassos.com.tr\/?s={search_term_string}\"},\"query-input\":{\"@type\":\"PropertyValueSpecification\",\"valueRequired\":true,\"valueName\":\"search_term_string\"}}],\"inLanguage\":\"en-US\"},{\"@type\":\"Organization\",\"@id\":\"https:\/\/butaassos.com.tr\/#organization\",\"name\":\"Buta Assos\",\"url\":\"https:\/\/butaassos.com.tr\/\",\"logo\":{\"@type\":\"ImageObject\",\"inLanguage\":\"en-US\",\"@id\":\"https:\/\/butaassos.com.tr\/#\/schema\/logo\/image\/\",\"url\":\"https:\/\/butaassos.com.tr\/wp-content\/uploads\/2024\/01\/butaassosicon.png\",\"contentUrl\":\"https:\/\/butaassos.com.tr\/wp-content\/uploads\/2024\/01\/butaassosicon.png\",\"width\":512,\"height\":512,\"caption\":\"Buta Assos\"},\"image\":{\"@id\":\"https:\/\/butaassos.com.tr\/#\/schema\/logo\/image\/\"}}]}<\/script>\n<!-- \/ Yoast SEO plugin. -->","yoast_head_json":{"title":"Odin Premium Oleocanthal  YEN\u0130 SEZON 2025-26 500ml - Buta Assos","description":"Odin Premium Oleocanthal nat\u00fcrel s\u0131zma zeytinya\u011f\u0131, Assos yar\u0131madas\u0131nda, organik sertifikal\u0131 zeytinliklerde, kendi arazilerimizde yeti\u015fen...","robots":{"index":"index","follow":"follow","max-snippet":"max-snippet:-1","max-image-preview":"max-image-preview:large","max-video-preview":"max-video-preview:-1"},"canonical":"https:\/\/butaassos.com.tr\/en\/product\/odin-premium-oleocanthal-500ml\/","og_locale":"en_US","og_type":"article","og_title":"Odin Premium Oleocanthal  YEN\u0130 SEZON 2025-26 500ml - Buta Assos","og_description":"Odin Premium Oleocanthal nat\u00fcrel s\u0131zma zeytinya\u011f\u0131, Assos yar\u0131madas\u0131nda, organik sertifikal\u0131 zeytinliklerde, kendi arazilerimizde yeti\u015fen...","og_url":"https:\/\/butaassos.com.tr\/en\/product\/odin-premium-oleocanthal-500ml\/","og_site_name":"Buta Assos","article_modified_time":"2025-12-05T11:54:04+00:00","og_image":[{"width":2000,"height":2000,"url":"https:\/\/butaassos.com.tr\/wp-content\/uploads\/2023\/12\/ODIN-copy.jpg","type":"image\/jpeg"}],"twitter_card":"summary_large_image","twitter_misc":{"Est. reading time":"2 minutes"},"schema":{"@context":"https:\/\/schema.org","@graph":[{"@type":"WebPage","@id":"https:\/\/butaassos.com.tr\/urun\/odin-premium-oleocanthal-500ml\/","url":"https:\/\/butaassos.com.tr\/urun\/odin-premium-oleocanthal-500ml\/","name":"Odin Premium Oleocanthal YEN\u0130 SEZON 2025-26 500ml - Buta Assos","isPartOf":{"@id":"https:\/\/butaassos.com.tr\/#website"},"primaryImageOfPage":{"@id":"https:\/\/butaassos.com.tr\/urun\/odin-premium-oleocanthal-500ml\/#primaryimage"},"image":{"@id":"https:\/\/butaassos.com.tr\/urun\/odin-premium-oleocanthal-500ml\/#primaryimage"},"thumbnailUrl":"https:\/\/butaassos.com.tr\/wp-content\/uploads\/2023\/12\/ODIN-copy.jpg","datePublished":"2023-12-27T12:25:27+00:00","dateModified":"2025-12-05T11:54:04+00:00","description":"Odin Premium Oleocanthal nat\u00fcrel s\u0131zma zeytinya\u011f\u0131, Assos yar\u0131madas\u0131nda, organik sertifikal\u0131 zeytinliklerde, kendi arazilerimizde yeti\u015fen...","breadcrumb":{"@id":"https:\/\/butaassos.com.tr\/urun\/odin-premium-oleocanthal-500ml\/#breadcrumb"},"inLanguage":"en-US","potentialAction":[{"@type":"ReadAction","target":["https:\/\/butaassos.com.tr\/urun\/odin-premium-oleocanthal-500ml\/"]}]},{"@type":"ImageObject","inLanguage":"en-US","@id":"https:\/\/butaassos.com.tr\/urun\/odin-premium-oleocanthal-500ml\/#primaryimage","url":"https:\/\/butaassos.com.tr\/wp-content\/uploads\/2023\/12\/ODIN-copy.jpg","contentUrl":"https:\/\/butaassos.com.tr\/wp-content\/uploads\/2023\/12\/ODIN-copy.jpg","width":2000,"height":2000},{"@type":"BreadcrumbList","@id":"https:\/\/butaassos.com.tr\/urun\/odin-premium-oleocanthal-500ml\/#breadcrumb","itemListElement":[{"@type":"ListItem","position":1,"name":"Anasayfa","item":"https:\/\/butaassos.com.tr\/"},{"@type":"ListItem","position":2,"name":"Shop","item":"https:\/\/butaassos.com.tr\/shop\/"},{"@type":"ListItem","position":3,"name":"Odin Premium Oleocanthal YEN\u0130 SEZON 2025-26 500ml"}]},{"@type":"WebSite","@id":"https:\/\/butaassos.com.tr\/#website","url":"https:\/\/butaassos.com.tr\/","name":"Buta Assos","description":"","publisher":{"@id":"https:\/\/butaassos.com.tr\/#organization"},"potentialAction":[{"@type":"SearchAction","target":{"@type":"EntryPoint","urlTemplate":"https:\/\/butaassos.com.tr\/?s={search_term_string}"},"query-input":{"@type":"PropertyValueSpecification","valueRequired":true,"valueName":"search_term_string"}}],"inLanguage":"en-US"},{"@type":"Organization","@id":"https:\/\/butaassos.com.tr\/#organization","name":"Buta Assos","url":"https:\/\/butaassos.com.tr\/","logo":{"@type":"ImageObject","inLanguage":"en-US","@id":"https:\/\/butaassos.com.tr\/#\/schema\/logo\/image\/","url":"https:\/\/butaassos.com.tr\/wp-content\/uploads\/2024\/01\/butaassosicon.png","contentUrl":"https:\/\/butaassos.com.tr\/wp-content\/uploads\/2024\/01\/butaassosicon.png","width":512,"height":512,"caption":"Buta Assos"},"image":{"@id":"https:\/\/butaassos.com.tr\/#\/schema\/logo\/image\/"}}]}},"_links":{"self":[{"href":"https:\/\/butaassos.com.tr\/en\/wp-json\/wp\/v2\/product\/283","targetHints":{"allow":["GET"]}}],"collection":[{"href":"https:\/\/butaassos.com.tr\/en\/wp-json\/wp\/v2\/product"}],"about":[{"href":"https:\/\/butaassos.com.tr\/en\/wp-json\/wp\/v2\/types\/product"}],"replies":[{"embeddable":true,"href":"https:\/\/butaassos.com.tr\/en\/wp-json\/wp\/v2\/comments?post=283"}],"wp:featuredmedia":[{"embeddable":true,"href":"https:\/\/butaassos.com.tr\/en\/wp-json\/wp\/v2\/media\/2738"}],"wp:attachment":[{"href":"https:\/\/butaassos.com.tr\/en\/wp-json\/wp\/v2\/media?parent=283"}],"wp:term":[{"taxonomy":"product_cat","embeddable":true,"href":"https:\/\/butaassos.com.tr\/en\/wp-json\/wp\/v2\/product_cat?post=283"},{"taxonomy":"product_tag","embeddable":true,"href":"https:\/\/butaassos.com.tr\/en\/wp-json\/wp\/v2\/product_tag?post=283"}],"curies":[{"name":"wp","href":"https:\/\/api.w.org\/{rel}","templated":true}]}}