{"id":281,"date":"2023-12-27T15:24:15","date_gmt":"2023-12-27T12:24:15","guid":{"rendered":"https:\/\/butaassos.com\/?post_type=product&#038;p=281"},"modified":"2025-10-27T18:34:46","modified_gmt":"2025-10-27T15:34:46","slug":"assos-polifenol-premium-250ml","status":"publish","type":"product","link":"https:\/\/butaassos.com.tr\/en\/product\/assos-polifenol-premium-250ml\/","title":{"rendered":"Assos Polifenol Premium <br> YEN\u0130 SEZON 2025-26 250ml"},"content":{"rendered":"<div class=\"product-description-container\" style=\"display: flex; gap: 10px; justify-content: space-between;\">\n<div>\n<p><strong>Sa\u011fl\u0131\u011f\u0131n\u0131z\u0131 Do\u011fan\u0131n G\u00fcc\u00fcyle Koruyun!<\/strong><br \/>\n<strong>Neden Buta Assos Premium Polifenol Nat\u00fcrel S\u0131zma Zeytinya\u011f\u0131? <\/strong><\/p>\n<p>The olive is one of nature\u2019s most precious treasures.\nAssos Polifenol Premium offers far more than an ordinary olive oil \u2014 crafted from\ncarefully selected olives with a naturally high polyphenol content.\nA true elixir of health that nourishes your body and supports your well-being<\/p>\n<p><strong>\u201cWe\u2019ve captured nature\u2019s healing essence in every drop.\u201d<\/strong><\/p>\n<p><strong>What Are Polyphenols and Why Are They Important?<\/strong><\/p>\n<p>Polyphenols are the plant\u2019s natural defense compounds, offering countless\nbenefits for human health.\nIn the \u201cimmortal tree,\u201d the olive, these compounds reach their peak when the fruit\nbegins to ripen and change color<\/p>\n<p><strong>\uf0b7 H\u00fccrelerinizi yeniler:<\/strong> Fights free radicals.<br \/>\n<strong>\uf0b7 V\u00fccudu rahatlat\u0131r<\/strong>Reduces inflammation and restores balance.<br \/>\n<strong>\uf0b7 Gen\u00e7li\u011fi korur:<\/strong> Slows aging and boosts your energy.<br \/>\n<strong>\uf0b7 Kalbinize dosttur:<\/strong> Protects your arteries and supports a steady rhythm.<\/p>\n<p><strong>\u201cEvery drop is crafted with care \u2014 for your health.\u201d<\/strong><\/p>\n<p><strong>Health Benefits of Assos Polifenol Premium<\/strong><br \/>\nThis miraculous olive oil, <strong>with its high polyphenol concentration:<\/strong><br \/>\n<strong>\u2714 Supports your heart:<\/strong>Helps balance cholesterol and strengthen vascular health.<br \/>\n<strong>\u2714 Protects joint health:<\/strong> Maintains your freedom of movement.<br \/>\n<strong>\u2714 Improves digestion:<\/strong> Keeps you feeling light and comfortable all day<br \/>\n<strong>\u2714 Nourishes skin, hair, and nails:<\/strong> For a radiant glow from within.<br \/>\n<strong>\u2714 Boosts brain function:<\/strong> Protects memory and supports cognitive clarity<\/p>\n<p><strong>Start Your Day with Energy!<\/strong><br \/>\nEach morning, a single tablespoon of Assos Polifenol Premium delivers nature\u2019s\nhealing power to your body.\nIt will touch your table with its flavor \u2014 and your life with its vitality.<br \/>\n<strong>\u201cTake the first step toward a healthier life: Assos Polifenol Premium.\u201d<\/strong><\/p>\n<p>&nbsp;<\/p>\n<\/div>\n<div style=\"display: flex; flex-direction: column; gap: 10px; align-items: center; justify-content: center;\">\n<p>&nbsp;<\/p>\n<\/div>\n<\/div>\n<div>\n<p>&nbsp;<\/p>\n<\/div>","protected":false},"excerpt":{"rendered":"<p>Sa\u011fl\u0131\u011f\u0131n\u0131z\u0131 Do\u011fan\u0131n G\u00fcc\u00fcyle Koruyun! Neden Buta Assos Premium Polifenol Nat\u00fcrel S\u0131zma Zeytinya\u011f\u0131? Zeytin, do\u011fan\u0131n sundu\u011fu en de\u011ferli hazinelerden biridir. Assos Polifenol Premium, \u00f6zenle se\u00e7ilen zeytinlerden elde edilen y\u00fcksek polifenol i\u00e7eri\u011fiyle s\u0131radan zeytinya\u011flar\u0131ndan \u00e7ok daha fazlas\u0131n\u0131 sunar. Sa\u011fl\u0131\u011f\u0131n\u0131z\u0131 koruyacak, v\u00fccudunuza iyi gelecek bir sa\u011fl\u0131k iksiri! \u201cDo\u011fan\u0131n \u015fifas\u0131n\u0131 damlalara s\u0131\u011fd\u0131rd\u0131k!\u201d Polifenoller nedir ve neden \u00f6nemlidir? Polifenoller, bitkilerin&#8230;<\/p>","protected":false},"featured_media":3058,"comment_status":"open","ping_status":"closed","template":"","meta":[],"product_cat":[15,19],"product_tag":[],"class_list":{"0":"post-281","1":"product","2":"type-product","3":"status-publish","4":"has-post-thumbnail","6":"product_cat-genel","7":"product_cat-naturel-sizma-zeytinyagi","9":"first","10":"instock","11":"taxable","12":"shipping-taxable","13":"purchasable","14":"product-type-simple"},"yoast_head":"<!-- This site is optimized with the Yoast SEO plugin v23.8 - https:\/\/yoast.com\/wordpress\/plugins\/seo\/ -->\n<title>Assos Polifenol Premium  YEN\u0130 SEZON 2025-26 250ml - Buta Assos<\/title>\n<meta name=\"description\" content=\"Prof.Dr M\u00fccahit Taha \u00d6zkaya\u2019n\u0131n b\u00fcy\u00fck bir \u00f6zen ve titizlikle erken hasat so\u011fuk s\u0131k\u0131m zeytinya\u011f\u0131 rezervlerinden elde edilen Assos Polifenol Premium...\" \/>\n<meta name=\"robots\" content=\"index, follow, max-snippet:-1, max-image-preview:large, max-video-preview:-1\" \/>\n<link rel=\"canonical\" href=\"https:\/\/butaassos.com.tr\/en\/product\/assos-polifenol-premium-250ml\/\" \/>\n<meta property=\"og:locale\" content=\"en_US\" \/>\n<meta property=\"og:type\" content=\"article\" \/>\n<meta property=\"og:title\" content=\"Assos Polifenol Premium  YEN\u0130 SEZON 2025-26 250ml - Buta Assos\" \/>\n<meta property=\"og:description\" content=\"Prof.Dr M\u00fccahit Taha \u00d6zkaya\u2019n\u0131n b\u00fcy\u00fck bir \u00f6zen ve titizlikle erken hasat so\u011fuk s\u0131k\u0131m zeytinya\u011f\u0131 rezervlerinden elde edilen Assos Polifenol Premium...\" \/>\n<meta property=\"og:url\" content=\"https:\/\/butaassos.com.tr\/en\/product\/assos-polifenol-premium-250ml\/\" \/>\n<meta property=\"og:site_name\" content=\"Buta Assos\" \/>\n<meta property=\"article:modified_time\" content=\"2025-10-27T15:34:46+00:00\" \/>\n<meta property=\"og:image\" content=\"https:\/\/butaassos.com.tr\/wp-content\/uploads\/2023\/12\/Assos-Polifenol-Premium-250ml.jpg\" \/>\n\t<meta property=\"og:image:width\" content=\"2000\" \/>\n\t<meta property=\"og:image:height\" content=\"2000\" \/>\n\t<meta property=\"og:image:type\" content=\"image\/jpeg\" \/>\n<meta name=\"twitter:card\" content=\"summary_large_image\" \/>\n<meta name=\"twitter:label1\" content=\"Est. reading time\" \/>\n\t<meta name=\"twitter:data1\" content=\"2 minutes\" \/>\n<script type=\"application\/ld+json\" class=\"yoast-schema-graph\">{\"@context\":\"https:\/\/schema.org\",\"@graph\":[{\"@type\":\"WebPage\",\"@id\":\"https:\/\/butaassos.com.tr\/urun\/assos-polifenol-premium-250ml\/\",\"url\":\"https:\/\/butaassos.com.tr\/urun\/assos-polifenol-premium-250ml\/\",\"name\":\"Assos Polifenol Premium YEN\u0130 SEZON 2025-26 250ml - Buta Assos\",\"isPartOf\":{\"@id\":\"https:\/\/butaassos.com.tr\/#website\"},\"primaryImageOfPage\":{\"@id\":\"https:\/\/butaassos.com.tr\/urun\/assos-polifenol-premium-250ml\/#primaryimage\"},\"image\":{\"@id\":\"https:\/\/butaassos.com.tr\/urun\/assos-polifenol-premium-250ml\/#primaryimage\"},\"thumbnailUrl\":\"https:\/\/butaassos.com.tr\/wp-content\/uploads\/2023\/12\/Assos-Polifenol-Premium-250ml.jpg\",\"datePublished\":\"2023-12-27T12:24:15+00:00\",\"dateModified\":\"2025-10-27T15:34:46+00:00\",\"description\":\"Prof.Dr M\u00fccahit Taha \u00d6zkaya\u2019n\u0131n b\u00fcy\u00fck bir \u00f6zen ve titizlikle erken hasat so\u011fuk s\u0131k\u0131m zeytinya\u011f\u0131 rezervlerinden elde edilen Assos Polifenol Premium...\",\"breadcrumb\":{\"@id\":\"https:\/\/butaassos.com.tr\/urun\/assos-polifenol-premium-250ml\/#breadcrumb\"},\"inLanguage\":\"en-US\",\"potentialAction\":[{\"@type\":\"ReadAction\",\"target\":[\"https:\/\/butaassos.com.tr\/urun\/assos-polifenol-premium-250ml\/\"]}]},{\"@type\":\"ImageObject\",\"inLanguage\":\"en-US\",\"@id\":\"https:\/\/butaassos.com.tr\/urun\/assos-polifenol-premium-250ml\/#primaryimage\",\"url\":\"https:\/\/butaassos.com.tr\/wp-content\/uploads\/2023\/12\/Assos-Polifenol-Premium-250ml.jpg\",\"contentUrl\":\"https:\/\/butaassos.com.tr\/wp-content\/uploads\/2023\/12\/Assos-Polifenol-Premium-250ml.jpg\",\"width\":2000,\"height\":2000},{\"@type\":\"BreadcrumbList\",\"@id\":\"https:\/\/butaassos.com.tr\/urun\/assos-polifenol-premium-250ml\/#breadcrumb\",\"itemListElement\":[{\"@type\":\"ListItem\",\"position\":1,\"name\":\"Anasayfa\",\"item\":\"https:\/\/butaassos.com.tr\/\"},{\"@type\":\"ListItem\",\"position\":2,\"name\":\"Shop\",\"item\":\"https:\/\/butaassos.com.tr\/shop\/\"},{\"@type\":\"ListItem\",\"position\":3,\"name\":\"Assos Polifenol Premium YEN\u0130 SEZON 2025-26 250ml\"}]},{\"@type\":\"WebSite\",\"@id\":\"https:\/\/butaassos.com.tr\/#website\",\"url\":\"https:\/\/butaassos.com.tr\/\",\"name\":\"Buta Assos\",\"description\":\"\",\"publisher\":{\"@id\":\"https:\/\/butaassos.com.tr\/#organization\"},\"potentialAction\":[{\"@type\":\"SearchAction\",\"target\":{\"@type\":\"EntryPoint\",\"urlTemplate\":\"https:\/\/butaassos.com.tr\/?s={search_term_string}\"},\"query-input\":{\"@type\":\"PropertyValueSpecification\",\"valueRequired\":true,\"valueName\":\"search_term_string\"}}],\"inLanguage\":\"en-US\"},{\"@type\":\"Organization\",\"@id\":\"https:\/\/butaassos.com.tr\/#organization\",\"name\":\"Buta Assos\",\"url\":\"https:\/\/butaassos.com.tr\/\",\"logo\":{\"@type\":\"ImageObject\",\"inLanguage\":\"en-US\",\"@id\":\"https:\/\/butaassos.com.tr\/#\/schema\/logo\/image\/\",\"url\":\"https:\/\/butaassos.com.tr\/wp-content\/uploads\/2024\/01\/butaassosicon.png\",\"contentUrl\":\"https:\/\/butaassos.com.tr\/wp-content\/uploads\/2024\/01\/butaassosicon.png\",\"width\":512,\"height\":512,\"caption\":\"Buta Assos\"},\"image\":{\"@id\":\"https:\/\/butaassos.com.tr\/#\/schema\/logo\/image\/\"}}]}<\/script>\n<!-- \/ Yoast SEO plugin. -->","yoast_head_json":{"title":"Assos Polifenol Premium  YEN\u0130 SEZON 2025-26 250ml - Buta Assos","description":"Prof.Dr M\u00fccahit Taha \u00d6zkaya\u2019n\u0131n b\u00fcy\u00fck bir \u00f6zen ve titizlikle erken hasat so\u011fuk s\u0131k\u0131m zeytinya\u011f\u0131 rezervlerinden elde edilen Assos Polifenol Premium...","robots":{"index":"index","follow":"follow","max-snippet":"max-snippet:-1","max-image-preview":"max-image-preview:large","max-video-preview":"max-video-preview:-1"},"canonical":"https:\/\/butaassos.com.tr\/en\/product\/assos-polifenol-premium-250ml\/","og_locale":"en_US","og_type":"article","og_title":"Assos Polifenol Premium  YEN\u0130 SEZON 2025-26 250ml - Buta Assos","og_description":"Prof.Dr M\u00fccahit Taha \u00d6zkaya\u2019n\u0131n b\u00fcy\u00fck bir \u00f6zen ve titizlikle erken hasat so\u011fuk s\u0131k\u0131m zeytinya\u011f\u0131 rezervlerinden elde edilen Assos Polifenol Premium...","og_url":"https:\/\/butaassos.com.tr\/en\/product\/assos-polifenol-premium-250ml\/","og_site_name":"Buta Assos","article_modified_time":"2025-10-27T15:34:46+00:00","og_image":[{"width":2000,"height":2000,"url":"https:\/\/butaassos.com.tr\/wp-content\/uploads\/2023\/12\/Assos-Polifenol-Premium-250ml.jpg","type":"image\/jpeg"}],"twitter_card":"summary_large_image","twitter_misc":{"Est. reading time":"2 minutes"},"schema":{"@context":"https:\/\/schema.org","@graph":[{"@type":"WebPage","@id":"https:\/\/butaassos.com.tr\/urun\/assos-polifenol-premium-250ml\/","url":"https:\/\/butaassos.com.tr\/urun\/assos-polifenol-premium-250ml\/","name":"Assos Polifenol Premium YEN\u0130 SEZON 2025-26 250ml - Buta Assos","isPartOf":{"@id":"https:\/\/butaassos.com.tr\/#website"},"primaryImageOfPage":{"@id":"https:\/\/butaassos.com.tr\/urun\/assos-polifenol-premium-250ml\/#primaryimage"},"image":{"@id":"https:\/\/butaassos.com.tr\/urun\/assos-polifenol-premium-250ml\/#primaryimage"},"thumbnailUrl":"https:\/\/butaassos.com.tr\/wp-content\/uploads\/2023\/12\/Assos-Polifenol-Premium-250ml.jpg","datePublished":"2023-12-27T12:24:15+00:00","dateModified":"2025-10-27T15:34:46+00:00","description":"Prof.Dr M\u00fccahit Taha \u00d6zkaya\u2019n\u0131n b\u00fcy\u00fck bir \u00f6zen ve titizlikle erken hasat so\u011fuk s\u0131k\u0131m zeytinya\u011f\u0131 rezervlerinden elde edilen Assos Polifenol Premium...","breadcrumb":{"@id":"https:\/\/butaassos.com.tr\/urun\/assos-polifenol-premium-250ml\/#breadcrumb"},"inLanguage":"en-US","potentialAction":[{"@type":"ReadAction","target":["https:\/\/butaassos.com.tr\/urun\/assos-polifenol-premium-250ml\/"]}]},{"@type":"ImageObject","inLanguage":"en-US","@id":"https:\/\/butaassos.com.tr\/urun\/assos-polifenol-premium-250ml\/#primaryimage","url":"https:\/\/butaassos.com.tr\/wp-content\/uploads\/2023\/12\/Assos-Polifenol-Premium-250ml.jpg","contentUrl":"https:\/\/butaassos.com.tr\/wp-content\/uploads\/2023\/12\/Assos-Polifenol-Premium-250ml.jpg","width":2000,"height":2000},{"@type":"BreadcrumbList","@id":"https:\/\/butaassos.com.tr\/urun\/assos-polifenol-premium-250ml\/#breadcrumb","itemListElement":[{"@type":"ListItem","position":1,"name":"Anasayfa","item":"https:\/\/butaassos.com.tr\/"},{"@type":"ListItem","position":2,"name":"Shop","item":"https:\/\/butaassos.com.tr\/shop\/"},{"@type":"ListItem","position":3,"name":"Assos Polifenol Premium YEN\u0130 SEZON 2025-26 250ml"}]},{"@type":"WebSite","@id":"https:\/\/butaassos.com.tr\/#website","url":"https:\/\/butaassos.com.tr\/","name":"Buta Assos","description":"","publisher":{"@id":"https:\/\/butaassos.com.tr\/#organization"},"potentialAction":[{"@type":"SearchAction","target":{"@type":"EntryPoint","urlTemplate":"https:\/\/butaassos.com.tr\/?s={search_term_string}"},"query-input":{"@type":"PropertyValueSpecification","valueRequired":true,"valueName":"search_term_string"}}],"inLanguage":"en-US"},{"@type":"Organization","@id":"https:\/\/butaassos.com.tr\/#organization","name":"Buta Assos","url":"https:\/\/butaassos.com.tr\/","logo":{"@type":"ImageObject","inLanguage":"en-US","@id":"https:\/\/butaassos.com.tr\/#\/schema\/logo\/image\/","url":"https:\/\/butaassos.com.tr\/wp-content\/uploads\/2024\/01\/butaassosicon.png","contentUrl":"https:\/\/butaassos.com.tr\/wp-content\/uploads\/2024\/01\/butaassosicon.png","width":512,"height":512,"caption":"Buta Assos"},"image":{"@id":"https:\/\/butaassos.com.tr\/#\/schema\/logo\/image\/"}}]}},"_links":{"self":[{"href":"https:\/\/butaassos.com.tr\/en\/wp-json\/wp\/v2\/product\/281","targetHints":{"allow":["GET"]}}],"collection":[{"href":"https:\/\/butaassos.com.tr\/en\/wp-json\/wp\/v2\/product"}],"about":[{"href":"https:\/\/butaassos.com.tr\/en\/wp-json\/wp\/v2\/types\/product"}],"replies":[{"embeddable":true,"href":"https:\/\/butaassos.com.tr\/en\/wp-json\/wp\/v2\/comments?post=281"}],"wp:featuredmedia":[{"embeddable":true,"href":"https:\/\/butaassos.com.tr\/en\/wp-json\/wp\/v2\/media\/3058"}],"wp:attachment":[{"href":"https:\/\/butaassos.com.tr\/en\/wp-json\/wp\/v2\/media?parent=281"}],"wp:term":[{"taxonomy":"product_cat","embeddable":true,"href":"https:\/\/butaassos.com.tr\/en\/wp-json\/wp\/v2\/product_cat?post=281"},{"taxonomy":"product_tag","embeddable":true,"href":"https:\/\/butaassos.com.tr\/en\/wp-json\/wp\/v2\/product_tag?post=281"}],"curies":[{"name":"wp","href":"https:\/\/api.w.org\/{rel}","templated":true}]}}