{"id":277,"date":"2023-12-27T15:22:01","date_gmt":"2023-12-27T12:22:01","guid":{"rendered":"https:\/\/butaassos.com\/?post_type=product&#038;p=277"},"modified":"2026-03-13T15:19:26","modified_gmt":"2026-03-13T12:19:26","slug":"freyya-premium-nefes-500ml","status":"publish","type":"product","link":"https:\/\/butaassos.com.tr\/en\/product\/freyya-premium-nefes-500ml\/","title":{"rendered":"Freyya Premium Nefes <br> New Season 2025-26 (500 ml)"},"content":{"rendered":"<div class=\"product-badges-single\" style=\"display: flex; flex-direction: row; position: absolute; margin-top: -70px;\"><\/div>\n<section class=\"urun-tabs\">\n<div class=\"container\">\n<div class=\"tabs\">\n<div class=\"tab-panel tab-active\">\n<p class=\"translation-block\">Carefully crafted from entirely green, ultra-early-harvest olives, Freyya Premium\nNefes olive oil is produced using Mori-Tem\u2019s advanced technology with precise\ncalibration.\nThis special oil has a remarkably high polyphenol content, yet remains\nexceptionally smooth and pleasant to taste.\nWith its refreshing, fruity, and grassy aromas, it enhances every meal and table\nwith joy.\nReflecting the richness of our fertile lands, this new product is designed to uplift\nyour spirit \u2014 and we guarantee you will be delighted.\nOur olives are harvested without touching the ground, cold-pressed on the same\nday, and stored in a sterile environment.\nEach bottle is filled fresh, especially for you, upon order.\nFreyya Premium Nefes olive oil is made from the Han\u0131m Parma\u011f\u0131 olive variety.<\/p>\n<\/div>\n<\/div>\n<\/div>\n<\/section>","protected":false},"excerpt":{"rendered":"<p>Tamam\u0131 ye\u015fil, \u00e7ok erken hasat zeytinlerden \u00f6zenle \u00fcretilen Freyya Premium Nefes zeytinya\u011f\u0131, Mori-Tem&#8217;in \u00fcst\u00fcn teknolojisiyle hassas ayarlarla elde edilmi\u015ftir. Bu \u00f6zel ya\u011f\u0131m\u0131z\u0131n polifenol de\u011feri olduk\u00e7a y\u00fcksektir, ancak i\u00e7imi son derece yumu\u015fakt\u0131r. Ferah, meyvemsi ve ye\u015fil \u00e7im gibi zengin aromalar\u0131yla \u00f6ne \u00e7\u0131kan bu zeytinya\u011f\u0131, her sofrada ve yemekte keyifle kullan\u0131labilir. Bereketli topra\u011f\u0131m\u0131z\u0131n zenginli\u011fini yans\u0131tarak moralinizi y\u00fckseltecek&#8230;<\/p>","protected":false},"featured_media":2740,"comment_status":"open","ping_status":"closed","template":"","meta":[],"product_cat":[15,19],"product_tag":[],"class_list":{"0":"post-277","1":"product","2":"type-product","3":"status-publish","4":"has-post-thumbnail","6":"product_cat-genel","7":"product_cat-naturel-sizma-zeytinyagi","9":"first","10":"outofstock","11":"taxable","12":"shipping-taxable","13":"purchasable","14":"product-type-simple"},"yoast_head":"<!-- This site is optimized with the Yoast SEO plugin v23.8 - https:\/\/yoast.com\/wordpress\/plugins\/seo\/ -->\n<title>Freyya Premium Nefes  YEN\u0130 SEZON 2025-26 500ml - Buta Assos<\/title>\n<meta name=\"description\" content=\"Freyya Premium Nefes zeytinya\u011f\u0131, tamam\u0131 ye\u015fil ve \u00e7ok erken hasat zeytinlerden Mori-Tem&#039;in \u00fcst\u00fcn teknolojisiyle \u00fcretilmi\u015ftir. Bu zeytinya\u011f\u0131n\u0131n...\" \/>\n<meta name=\"robots\" content=\"index, follow, max-snippet:-1, max-image-preview:large, max-video-preview:-1\" \/>\n<link rel=\"canonical\" href=\"https:\/\/butaassos.com.tr\/en\/product\/freyya-premium-nefes-500ml\/\" \/>\n<meta property=\"og:locale\" content=\"en_US\" \/>\n<meta property=\"og:type\" content=\"article\" \/>\n<meta property=\"og:title\" content=\"Freyya Premium Nefes  YEN\u0130 SEZON 2025-26 500ml - Buta Assos\" \/>\n<meta property=\"og:description\" content=\"Freyya Premium Nefes zeytinya\u011f\u0131, tamam\u0131 ye\u015fil ve \u00e7ok erken hasat zeytinlerden Mori-Tem&#039;in \u00fcst\u00fcn teknolojisiyle \u00fcretilmi\u015ftir. Bu zeytinya\u011f\u0131n\u0131n...\" \/>\n<meta property=\"og:url\" content=\"https:\/\/butaassos.com.tr\/en\/product\/freyya-premium-nefes-500ml\/\" \/>\n<meta property=\"og:site_name\" content=\"Buta Assos\" \/>\n<meta property=\"article:modified_time\" content=\"2026-03-13T12:19:26+00:00\" \/>\n<meta property=\"og:image\" content=\"https:\/\/butaassos.com.tr\/wp-content\/uploads\/2023\/12\/FREYYA-copy.jpg\" \/>\n\t<meta property=\"og:image:width\" content=\"2000\" \/>\n\t<meta property=\"og:image:height\" content=\"2000\" \/>\n\t<meta property=\"og:image:type\" content=\"image\/jpeg\" \/>\n<meta name=\"twitter:card\" content=\"summary_large_image\" \/>\n<meta name=\"twitter:label1\" content=\"Est. reading time\" \/>\n\t<meta name=\"twitter:data1\" content=\"1 minute\" \/>\n<script type=\"application\/ld+json\" class=\"yoast-schema-graph\">{\"@context\":\"https:\/\/schema.org\",\"@graph\":[{\"@type\":\"WebPage\",\"@id\":\"https:\/\/butaassos.com.tr\/urun\/freyya-premium-nefes-500ml\/\",\"url\":\"https:\/\/butaassos.com.tr\/urun\/freyya-premium-nefes-500ml\/\",\"name\":\"Freyya Premium Nefes YEN\u0130 SEZON 2025-26 500ml - Buta Assos\",\"isPartOf\":{\"@id\":\"https:\/\/butaassos.com.tr\/#website\"},\"primaryImageOfPage\":{\"@id\":\"https:\/\/butaassos.com.tr\/urun\/freyya-premium-nefes-500ml\/#primaryimage\"},\"image\":{\"@id\":\"https:\/\/butaassos.com.tr\/urun\/freyya-premium-nefes-500ml\/#primaryimage\"},\"thumbnailUrl\":\"https:\/\/butaassos.com.tr\/wp-content\/uploads\/2023\/12\/FREYYA-copy.jpg\",\"datePublished\":\"2023-12-27T12:22:01+00:00\",\"dateModified\":\"2026-03-13T12:19:26+00:00\",\"description\":\"Freyya Premium Nefes zeytinya\u011f\u0131, tamam\u0131 ye\u015fil ve \u00e7ok erken hasat zeytinlerden Mori-Tem'in \u00fcst\u00fcn teknolojisiyle \u00fcretilmi\u015ftir. Bu zeytinya\u011f\u0131n\u0131n...\",\"breadcrumb\":{\"@id\":\"https:\/\/butaassos.com.tr\/urun\/freyya-premium-nefes-500ml\/#breadcrumb\"},\"inLanguage\":\"en-US\",\"potentialAction\":[{\"@type\":\"ReadAction\",\"target\":[\"https:\/\/butaassos.com.tr\/urun\/freyya-premium-nefes-500ml\/\"]}]},{\"@type\":\"ImageObject\",\"inLanguage\":\"en-US\",\"@id\":\"https:\/\/butaassos.com.tr\/urun\/freyya-premium-nefes-500ml\/#primaryimage\",\"url\":\"https:\/\/butaassos.com.tr\/wp-content\/uploads\/2023\/12\/FREYYA-copy.jpg\",\"contentUrl\":\"https:\/\/butaassos.com.tr\/wp-content\/uploads\/2023\/12\/FREYYA-copy.jpg\",\"width\":2000,\"height\":2000},{\"@type\":\"BreadcrumbList\",\"@id\":\"https:\/\/butaassos.com.tr\/urun\/freyya-premium-nefes-500ml\/#breadcrumb\",\"itemListElement\":[{\"@type\":\"ListItem\",\"position\":1,\"name\":\"Anasayfa\",\"item\":\"https:\/\/butaassos.com.tr\/\"},{\"@type\":\"ListItem\",\"position\":2,\"name\":\"Shop\",\"item\":\"https:\/\/butaassos.com.tr\/shop\/\"},{\"@type\":\"ListItem\",\"position\":3,\"name\":\"Freyya Premium Nefes YEN\u0130 SEZON 2025-26 500ml\"}]},{\"@type\":\"WebSite\",\"@id\":\"https:\/\/butaassos.com.tr\/#website\",\"url\":\"https:\/\/butaassos.com.tr\/\",\"name\":\"Buta Assos\",\"description\":\"\",\"publisher\":{\"@id\":\"https:\/\/butaassos.com.tr\/#organization\"},\"potentialAction\":[{\"@type\":\"SearchAction\",\"target\":{\"@type\":\"EntryPoint\",\"urlTemplate\":\"https:\/\/butaassos.com.tr\/?s={search_term_string}\"},\"query-input\":{\"@type\":\"PropertyValueSpecification\",\"valueRequired\":true,\"valueName\":\"search_term_string\"}}],\"inLanguage\":\"en-US\"},{\"@type\":\"Organization\",\"@id\":\"https:\/\/butaassos.com.tr\/#organization\",\"name\":\"Buta Assos\",\"url\":\"https:\/\/butaassos.com.tr\/\",\"logo\":{\"@type\":\"ImageObject\",\"inLanguage\":\"en-US\",\"@id\":\"https:\/\/butaassos.com.tr\/#\/schema\/logo\/image\/\",\"url\":\"https:\/\/butaassos.com.tr\/wp-content\/uploads\/2024\/01\/butaassosicon.png\",\"contentUrl\":\"https:\/\/butaassos.com.tr\/wp-content\/uploads\/2024\/01\/butaassosicon.png\",\"width\":512,\"height\":512,\"caption\":\"Buta Assos\"},\"image\":{\"@id\":\"https:\/\/butaassos.com.tr\/#\/schema\/logo\/image\/\"}}]}<\/script>\n<!-- \/ Yoast SEO plugin. -->","yoast_head_json":{"title":"Freyya Premium Nefes  YEN\u0130 SEZON 2025-26 500ml - Buta Assos","description":"Freyya Premium Nefes zeytinya\u011f\u0131, tamam\u0131 ye\u015fil ve \u00e7ok erken hasat zeytinlerden Mori-Tem'in \u00fcst\u00fcn teknolojisiyle \u00fcretilmi\u015ftir. Bu zeytinya\u011f\u0131n\u0131n...","robots":{"index":"index","follow":"follow","max-snippet":"max-snippet:-1","max-image-preview":"max-image-preview:large","max-video-preview":"max-video-preview:-1"},"canonical":"https:\/\/butaassos.com.tr\/en\/product\/freyya-premium-nefes-500ml\/","og_locale":"en_US","og_type":"article","og_title":"Freyya Premium Nefes  YEN\u0130 SEZON 2025-26 500ml - Buta Assos","og_description":"Freyya Premium Nefes zeytinya\u011f\u0131, tamam\u0131 ye\u015fil ve \u00e7ok erken hasat zeytinlerden Mori-Tem'in \u00fcst\u00fcn teknolojisiyle \u00fcretilmi\u015ftir. Bu zeytinya\u011f\u0131n\u0131n...","og_url":"https:\/\/butaassos.com.tr\/en\/product\/freyya-premium-nefes-500ml\/","og_site_name":"Buta Assos","article_modified_time":"2026-03-13T12:19:26+00:00","og_image":[{"width":2000,"height":2000,"url":"https:\/\/butaassos.com.tr\/wp-content\/uploads\/2023\/12\/FREYYA-copy.jpg","type":"image\/jpeg"}],"twitter_card":"summary_large_image","twitter_misc":{"Est. reading time":"1 minute"},"schema":{"@context":"https:\/\/schema.org","@graph":[{"@type":"WebPage","@id":"https:\/\/butaassos.com.tr\/urun\/freyya-premium-nefes-500ml\/","url":"https:\/\/butaassos.com.tr\/urun\/freyya-premium-nefes-500ml\/","name":"Freyya Premium Nefes YEN\u0130 SEZON 2025-26 500ml - Buta Assos","isPartOf":{"@id":"https:\/\/butaassos.com.tr\/#website"},"primaryImageOfPage":{"@id":"https:\/\/butaassos.com.tr\/urun\/freyya-premium-nefes-500ml\/#primaryimage"},"image":{"@id":"https:\/\/butaassos.com.tr\/urun\/freyya-premium-nefes-500ml\/#primaryimage"},"thumbnailUrl":"https:\/\/butaassos.com.tr\/wp-content\/uploads\/2023\/12\/FREYYA-copy.jpg","datePublished":"2023-12-27T12:22:01+00:00","dateModified":"2026-03-13T12:19:26+00:00","description":"Freyya Premium Nefes zeytinya\u011f\u0131, tamam\u0131 ye\u015fil ve \u00e7ok erken hasat zeytinlerden Mori-Tem'in \u00fcst\u00fcn teknolojisiyle \u00fcretilmi\u015ftir. Bu zeytinya\u011f\u0131n\u0131n...","breadcrumb":{"@id":"https:\/\/butaassos.com.tr\/urun\/freyya-premium-nefes-500ml\/#breadcrumb"},"inLanguage":"en-US","potentialAction":[{"@type":"ReadAction","target":["https:\/\/butaassos.com.tr\/urun\/freyya-premium-nefes-500ml\/"]}]},{"@type":"ImageObject","inLanguage":"en-US","@id":"https:\/\/butaassos.com.tr\/urun\/freyya-premium-nefes-500ml\/#primaryimage","url":"https:\/\/butaassos.com.tr\/wp-content\/uploads\/2023\/12\/FREYYA-copy.jpg","contentUrl":"https:\/\/butaassos.com.tr\/wp-content\/uploads\/2023\/12\/FREYYA-copy.jpg","width":2000,"height":2000},{"@type":"BreadcrumbList","@id":"https:\/\/butaassos.com.tr\/urun\/freyya-premium-nefes-500ml\/#breadcrumb","itemListElement":[{"@type":"ListItem","position":1,"name":"Anasayfa","item":"https:\/\/butaassos.com.tr\/"},{"@type":"ListItem","position":2,"name":"Shop","item":"https:\/\/butaassos.com.tr\/shop\/"},{"@type":"ListItem","position":3,"name":"Freyya Premium Nefes YEN\u0130 SEZON 2025-26 500ml"}]},{"@type":"WebSite","@id":"https:\/\/butaassos.com.tr\/#website","url":"https:\/\/butaassos.com.tr\/","name":"Buta Assos","description":"","publisher":{"@id":"https:\/\/butaassos.com.tr\/#organization"},"potentialAction":[{"@type":"SearchAction","target":{"@type":"EntryPoint","urlTemplate":"https:\/\/butaassos.com.tr\/?s={search_term_string}"},"query-input":{"@type":"PropertyValueSpecification","valueRequired":true,"valueName":"search_term_string"}}],"inLanguage":"en-US"},{"@type":"Organization","@id":"https:\/\/butaassos.com.tr\/#organization","name":"Buta Assos","url":"https:\/\/butaassos.com.tr\/","logo":{"@type":"ImageObject","inLanguage":"en-US","@id":"https:\/\/butaassos.com.tr\/#\/schema\/logo\/image\/","url":"https:\/\/butaassos.com.tr\/wp-content\/uploads\/2024\/01\/butaassosicon.png","contentUrl":"https:\/\/butaassos.com.tr\/wp-content\/uploads\/2024\/01\/butaassosicon.png","width":512,"height":512,"caption":"Buta Assos"},"image":{"@id":"https:\/\/butaassos.com.tr\/#\/schema\/logo\/image\/"}}]}},"_links":{"self":[{"href":"https:\/\/butaassos.com.tr\/en\/wp-json\/wp\/v2\/product\/277","targetHints":{"allow":["GET"]}}],"collection":[{"href":"https:\/\/butaassos.com.tr\/en\/wp-json\/wp\/v2\/product"}],"about":[{"href":"https:\/\/butaassos.com.tr\/en\/wp-json\/wp\/v2\/types\/product"}],"replies":[{"embeddable":true,"href":"https:\/\/butaassos.com.tr\/en\/wp-json\/wp\/v2\/comments?post=277"}],"wp:featuredmedia":[{"embeddable":true,"href":"https:\/\/butaassos.com.tr\/en\/wp-json\/wp\/v2\/media\/2740"}],"wp:attachment":[{"href":"https:\/\/butaassos.com.tr\/en\/wp-json\/wp\/v2\/media?parent=277"}],"wp:term":[{"taxonomy":"product_cat","embeddable":true,"href":"https:\/\/butaassos.com.tr\/en\/wp-json\/wp\/v2\/product_cat?post=277"},{"taxonomy":"product_tag","embeddable":true,"href":"https:\/\/butaassos.com.tr\/en\/wp-json\/wp\/v2\/product_tag?post=277"}],"curies":[{"name":"wp","href":"https:\/\/api.w.org\/{rel}","templated":true}]}}