{"id":275,"date":"2023-12-27T15:20:08","date_gmt":"2023-12-27T12:20:08","guid":{"rendered":"https:\/\/butaassos.com\/?post_type=product&#038;p=275"},"modified":"2025-10-24T16:59:13","modified_gmt":"2025-10-24T13:59:13","slug":"assos-premium-gurme-500ml","status":"publish","type":"product","link":"https:\/\/butaassos.com.tr\/en\/product\/assos-premium-gurme-500ml\/","title":{"rendered":"Assos Premium Gourmet  <br> New Season 2025-26 (500 ml)"},"content":{"rendered":"<div class=\"product-badges\" style=\"display: flex; flex-direction: row; position: absolute;\"><\/div>\n<p>Assos Premium Gourmet Olive Oil is produced in the fertile, rich lands of Assos,\nwhere olive trees thrive in a pure, harsh climate \u2014 far from external pollutants.\nThe olives are harvested early and processed using Mori-Tem, one of the most\nadvanced cold-press technologies in the world.<\/p>\n<p class=\"translation-block\">Extracted through Buta Assos\u2019s exclusive cold-press techniques, Assos Premium\nGourmet embodies a sensorial richness with its pronounced fruity aroma.\nIt is an olive oil created for refined palates \u2014 a perfect way to add your personal\nsignature to every dish.<\/p>\n<p>Assos Premium Gourmet olive oil is made from the Ayval\u0131k olive variety.\nThe olives are hand-harvested without touching the ground, cold-pressed on the\nsame day, and stored in a sterile environment.\nEach bottle is freshly filled and personalized for you upon order.<\/p>","protected":false},"excerpt":{"rendered":"<p>Assos Premium Gurme Zeytinya\u011f\u0131, Assos&#8217;un zengin ve bereketli topraklar\u0131nda, olumsuz d\u0131\u015f etkenlerden uzak, sert iklimde yeti\u015fen zeytinler erken d\u00f6nemde hasat edilerek, en ileri teknolojilerden olan Mori-Tem so\u011fuk s\u0131k\u0131m y\u00f6ntemiyle i\u015flenmi\u015ftir. Buta Assos&#8217;a \u00f6zel so\u011fuk s\u0131k\u0131m teknikleriyle elde edilen Assos Premium Gurme zeytinya\u011f\u0131, duyusal olarak zengin meyve aromas\u0131n\u0131 i\u00e7inde bar\u0131nd\u0131r\u0131r. Rafine zevklere sahip olan ki\u015filerin be\u011feniyle&#8230;<\/p>","protected":false},"featured_media":2742,"comment_status":"open","ping_status":"closed","template":"","meta":[],"product_cat":[15,19],"product_tag":[],"class_list":{"0":"post-275","1":"product","2":"type-product","3":"status-publish","4":"has-post-thumbnail","6":"product_cat-genel","7":"product_cat-naturel-sizma-zeytinyagi","9":"first","10":"instock","11":"taxable","12":"shipping-taxable","13":"purchasable","14":"product-type-simple"},"yoast_head":"<!-- This site is optimized with the Yoast SEO plugin v23.8 - https:\/\/yoast.com\/wordpress\/plugins\/seo\/ -->\n<title>Assos Premium Gurme  YEN\u0130 SEZON 2025-26 500ml - Buta Assos<\/title>\n<meta name=\"description\" content=\"Assos Premium Gurme: Assos&#039;un zengin ve bereketli topraklar\u0131nda, olumsuz d\u0131\u015f etkenlerden uzak, sert iklimde yeti\u015fen zeytinler erken d\u00f6nemde hasat edilerek..\" \/>\n<meta name=\"robots\" content=\"index, follow, max-snippet:-1, max-image-preview:large, max-video-preview:-1\" \/>\n<link rel=\"canonical\" href=\"https:\/\/butaassos.com.tr\/en\/product\/assos-premium-gurme-500ml\/\" \/>\n<meta property=\"og:locale\" content=\"en_US\" \/>\n<meta property=\"og:type\" content=\"article\" \/>\n<meta property=\"og:title\" content=\"Assos Premium Gurme  YEN\u0130 SEZON 2025-26 500ml - Buta Assos\" \/>\n<meta property=\"og:description\" content=\"Assos Premium Gurme: Assos&#039;un zengin ve bereketli topraklar\u0131nda, olumsuz d\u0131\u015f etkenlerden uzak, sert iklimde yeti\u015fen zeytinler erken d\u00f6nemde hasat edilerek..\" \/>\n<meta property=\"og:url\" content=\"https:\/\/butaassos.com.tr\/en\/product\/assos-premium-gurme-500ml\/\" \/>\n<meta property=\"og:site_name\" content=\"Buta Assos\" \/>\n<meta property=\"article:modified_time\" content=\"2025-10-24T13:59:13+00:00\" \/>\n<meta property=\"og:image\" content=\"https:\/\/butaassos.com.tr\/wp-content\/uploads\/2023\/12\/GURME-copy.jpg\" \/>\n\t<meta property=\"og:image:width\" content=\"2000\" \/>\n\t<meta property=\"og:image:height\" content=\"2000\" \/>\n\t<meta property=\"og:image:type\" content=\"image\/jpeg\" \/>\n<meta name=\"twitter:card\" content=\"summary_large_image\" \/>\n<meta name=\"twitter:label1\" content=\"Est. reading time\" \/>\n\t<meta name=\"twitter:data1\" content=\"1 minute\" \/>\n<script type=\"application\/ld+json\" class=\"yoast-schema-graph\">{\"@context\":\"https:\/\/schema.org\",\"@graph\":[{\"@type\":\"WebPage\",\"@id\":\"https:\/\/butaassos.com.tr\/urun\/assos-premium-gurme-500ml\/\",\"url\":\"https:\/\/butaassos.com.tr\/urun\/assos-premium-gurme-500ml\/\",\"name\":\"Assos Premium Gurme YEN\u0130 SEZON 2025-26 500ml - Buta Assos\",\"isPartOf\":{\"@id\":\"https:\/\/butaassos.com.tr\/#website\"},\"primaryImageOfPage\":{\"@id\":\"https:\/\/butaassos.com.tr\/urun\/assos-premium-gurme-500ml\/#primaryimage\"},\"image\":{\"@id\":\"https:\/\/butaassos.com.tr\/urun\/assos-premium-gurme-500ml\/#primaryimage\"},\"thumbnailUrl\":\"https:\/\/butaassos.com.tr\/wp-content\/uploads\/2023\/12\/GURME-copy.jpg\",\"datePublished\":\"2023-12-27T12:20:08+00:00\",\"dateModified\":\"2025-10-24T13:59:13+00:00\",\"description\":\"Assos Premium Gurme: Assos'un zengin ve bereketli topraklar\u0131nda, olumsuz d\u0131\u015f etkenlerden uzak, sert iklimde yeti\u015fen zeytinler erken d\u00f6nemde hasat edilerek..\",\"breadcrumb\":{\"@id\":\"https:\/\/butaassos.com.tr\/urun\/assos-premium-gurme-500ml\/#breadcrumb\"},\"inLanguage\":\"en-US\",\"potentialAction\":[{\"@type\":\"ReadAction\",\"target\":[\"https:\/\/butaassos.com.tr\/urun\/assos-premium-gurme-500ml\/\"]}]},{\"@type\":\"ImageObject\",\"inLanguage\":\"en-US\",\"@id\":\"https:\/\/butaassos.com.tr\/urun\/assos-premium-gurme-500ml\/#primaryimage\",\"url\":\"https:\/\/butaassos.com.tr\/wp-content\/uploads\/2023\/12\/GURME-copy.jpg\",\"contentUrl\":\"https:\/\/butaassos.com.tr\/wp-content\/uploads\/2023\/12\/GURME-copy.jpg\",\"width\":2000,\"height\":2000},{\"@type\":\"BreadcrumbList\",\"@id\":\"https:\/\/butaassos.com.tr\/urun\/assos-premium-gurme-500ml\/#breadcrumb\",\"itemListElement\":[{\"@type\":\"ListItem\",\"position\":1,\"name\":\"Anasayfa\",\"item\":\"https:\/\/butaassos.com.tr\/\"},{\"@type\":\"ListItem\",\"position\":2,\"name\":\"Shop\",\"item\":\"https:\/\/butaassos.com.tr\/shop\/\"},{\"@type\":\"ListItem\",\"position\":3,\"name\":\"Assos Premium Gurme YEN\u0130 SEZON 2025-26 500ml\"}]},{\"@type\":\"WebSite\",\"@id\":\"https:\/\/butaassos.com.tr\/#website\",\"url\":\"https:\/\/butaassos.com.tr\/\",\"name\":\"Buta Assos\",\"description\":\"\",\"publisher\":{\"@id\":\"https:\/\/butaassos.com.tr\/#organization\"},\"potentialAction\":[{\"@type\":\"SearchAction\",\"target\":{\"@type\":\"EntryPoint\",\"urlTemplate\":\"https:\/\/butaassos.com.tr\/?s={search_term_string}\"},\"query-input\":{\"@type\":\"PropertyValueSpecification\",\"valueRequired\":true,\"valueName\":\"search_term_string\"}}],\"inLanguage\":\"en-US\"},{\"@type\":\"Organization\",\"@id\":\"https:\/\/butaassos.com.tr\/#organization\",\"name\":\"Buta Assos\",\"url\":\"https:\/\/butaassos.com.tr\/\",\"logo\":{\"@type\":\"ImageObject\",\"inLanguage\":\"en-US\",\"@id\":\"https:\/\/butaassos.com.tr\/#\/schema\/logo\/image\/\",\"url\":\"https:\/\/butaassos.com.tr\/wp-content\/uploads\/2024\/01\/butaassosicon.png\",\"contentUrl\":\"https:\/\/butaassos.com.tr\/wp-content\/uploads\/2024\/01\/butaassosicon.png\",\"width\":512,\"height\":512,\"caption\":\"Buta Assos\"},\"image\":{\"@id\":\"https:\/\/butaassos.com.tr\/#\/schema\/logo\/image\/\"}}]}<\/script>\n<!-- \/ Yoast SEO plugin. -->","yoast_head_json":{"title":"Assos Premium Gurme  YEN\u0130 SEZON 2025-26 500ml - Buta Assos","description":"Assos Premium Gurme: Assos'un zengin ve bereketli topraklar\u0131nda, olumsuz d\u0131\u015f etkenlerden uzak, sert iklimde yeti\u015fen zeytinler erken d\u00f6nemde hasat edilerek..","robots":{"index":"index","follow":"follow","max-snippet":"max-snippet:-1","max-image-preview":"max-image-preview:large","max-video-preview":"max-video-preview:-1"},"canonical":"https:\/\/butaassos.com.tr\/en\/product\/assos-premium-gurme-500ml\/","og_locale":"en_US","og_type":"article","og_title":"Assos Premium Gurme  YEN\u0130 SEZON 2025-26 500ml - Buta Assos","og_description":"Assos Premium Gurme: Assos'un zengin ve bereketli topraklar\u0131nda, olumsuz d\u0131\u015f etkenlerden uzak, sert iklimde yeti\u015fen zeytinler erken d\u00f6nemde hasat edilerek..","og_url":"https:\/\/butaassos.com.tr\/en\/product\/assos-premium-gurme-500ml\/","og_site_name":"Buta Assos","article_modified_time":"2025-10-24T13:59:13+00:00","og_image":[{"width":2000,"height":2000,"url":"https:\/\/butaassos.com.tr\/wp-content\/uploads\/2023\/12\/GURME-copy.jpg","type":"image\/jpeg"}],"twitter_card":"summary_large_image","twitter_misc":{"Est. reading time":"1 minute"},"schema":{"@context":"https:\/\/schema.org","@graph":[{"@type":"WebPage","@id":"https:\/\/butaassos.com.tr\/urun\/assos-premium-gurme-500ml\/","url":"https:\/\/butaassos.com.tr\/urun\/assos-premium-gurme-500ml\/","name":"Assos Premium Gurme YEN\u0130 SEZON 2025-26 500ml - Buta Assos","isPartOf":{"@id":"https:\/\/butaassos.com.tr\/#website"},"primaryImageOfPage":{"@id":"https:\/\/butaassos.com.tr\/urun\/assos-premium-gurme-500ml\/#primaryimage"},"image":{"@id":"https:\/\/butaassos.com.tr\/urun\/assos-premium-gurme-500ml\/#primaryimage"},"thumbnailUrl":"https:\/\/butaassos.com.tr\/wp-content\/uploads\/2023\/12\/GURME-copy.jpg","datePublished":"2023-12-27T12:20:08+00:00","dateModified":"2025-10-24T13:59:13+00:00","description":"Assos Premium Gurme: Assos'un zengin ve bereketli topraklar\u0131nda, olumsuz d\u0131\u015f etkenlerden uzak, sert iklimde yeti\u015fen zeytinler erken d\u00f6nemde hasat edilerek..","breadcrumb":{"@id":"https:\/\/butaassos.com.tr\/urun\/assos-premium-gurme-500ml\/#breadcrumb"},"inLanguage":"en-US","potentialAction":[{"@type":"ReadAction","target":["https:\/\/butaassos.com.tr\/urun\/assos-premium-gurme-500ml\/"]}]},{"@type":"ImageObject","inLanguage":"en-US","@id":"https:\/\/butaassos.com.tr\/urun\/assos-premium-gurme-500ml\/#primaryimage","url":"https:\/\/butaassos.com.tr\/wp-content\/uploads\/2023\/12\/GURME-copy.jpg","contentUrl":"https:\/\/butaassos.com.tr\/wp-content\/uploads\/2023\/12\/GURME-copy.jpg","width":2000,"height":2000},{"@type":"BreadcrumbList","@id":"https:\/\/butaassos.com.tr\/urun\/assos-premium-gurme-500ml\/#breadcrumb","itemListElement":[{"@type":"ListItem","position":1,"name":"Anasayfa","item":"https:\/\/butaassos.com.tr\/"},{"@type":"ListItem","position":2,"name":"Shop","item":"https:\/\/butaassos.com.tr\/shop\/"},{"@type":"ListItem","position":3,"name":"Assos Premium Gurme YEN\u0130 SEZON 2025-26 500ml"}]},{"@type":"WebSite","@id":"https:\/\/butaassos.com.tr\/#website","url":"https:\/\/butaassos.com.tr\/","name":"Buta Assos","description":"","publisher":{"@id":"https:\/\/butaassos.com.tr\/#organization"},"potentialAction":[{"@type":"SearchAction","target":{"@type":"EntryPoint","urlTemplate":"https:\/\/butaassos.com.tr\/?s={search_term_string}"},"query-input":{"@type":"PropertyValueSpecification","valueRequired":true,"valueName":"search_term_string"}}],"inLanguage":"en-US"},{"@type":"Organization","@id":"https:\/\/butaassos.com.tr\/#organization","name":"Buta Assos","url":"https:\/\/butaassos.com.tr\/","logo":{"@type":"ImageObject","inLanguage":"en-US","@id":"https:\/\/butaassos.com.tr\/#\/schema\/logo\/image\/","url":"https:\/\/butaassos.com.tr\/wp-content\/uploads\/2024\/01\/butaassosicon.png","contentUrl":"https:\/\/butaassos.com.tr\/wp-content\/uploads\/2024\/01\/butaassosicon.png","width":512,"height":512,"caption":"Buta Assos"},"image":{"@id":"https:\/\/butaassos.com.tr\/#\/schema\/logo\/image\/"}}]}},"_links":{"self":[{"href":"https:\/\/butaassos.com.tr\/en\/wp-json\/wp\/v2\/product\/275","targetHints":{"allow":["GET"]}}],"collection":[{"href":"https:\/\/butaassos.com.tr\/en\/wp-json\/wp\/v2\/product"}],"about":[{"href":"https:\/\/butaassos.com.tr\/en\/wp-json\/wp\/v2\/types\/product"}],"replies":[{"embeddable":true,"href":"https:\/\/butaassos.com.tr\/en\/wp-json\/wp\/v2\/comments?post=275"}],"wp:featuredmedia":[{"embeddable":true,"href":"https:\/\/butaassos.com.tr\/en\/wp-json\/wp\/v2\/media\/2742"}],"wp:attachment":[{"href":"https:\/\/butaassos.com.tr\/en\/wp-json\/wp\/v2\/media?parent=275"}],"wp:term":[{"taxonomy":"product_cat","embeddable":true,"href":"https:\/\/butaassos.com.tr\/en\/wp-json\/wp\/v2\/product_cat?post=275"},{"taxonomy":"product_tag","embeddable":true,"href":"https:\/\/butaassos.com.tr\/en\/wp-json\/wp\/v2\/product_tag?post=275"}],"curies":[{"name":"wp","href":"https:\/\/api.w.org\/{rel}","templated":true}]}}