{"id":1989,"date":"2024-12-09T09:33:08","date_gmt":"2024-12-09T06:33:08","guid":{"rendered":"https:\/\/butaassos.com.tr\/?post_type=product&#038;p=1989"},"modified":"2026-03-31T13:54:32","modified_gmt":"2026-03-31T10:54:32","slug":"anne-bebek-serisi-250ml","status":"publish","type":"product","link":"https:\/\/butaassos.com.tr\/en\/product\/anne-bebek-serisi-250ml\/","title":{"rendered":"Olive Oil for Babies &amp; Mommies"},"content":{"rendered":"<p>Buta Assos Olive Oil, rich in natural polyphenols, is a valuable source of nourishment for babies and children. Its antioxidant and anti-inflammatory properties strengthen the immune system, support healthy development, and provide natural protection for the body.<\/p>\n<p class=\"translation-block\">The omega-3 fatty acids (especially DHA and EPA) found in olive oil are essential for children\u2019s brain development and learning capacity.<\/p>\n<p>It also enhances the absorption of calcium and vitamin D, supporting bone health, while regulating digestion and strengthening the \n\ngut microbiota.<\/p>\n<p>With regular consumption, it helps children maintain energy balance, cope with stress, and reduce the risk of obesity.<\/p>\n<p class=\"translation-block\">In short, Buta Assos Olive Oil acts as a natural protector, balancer, and supporter in the growth journey of little ones \u2014 and a source of gentle wellness for mothers.<\/p>\n<p class=\"translation-block\">.<\/p>\n<p class=\"translation-block\">.<\/p>\n<p class=\"translation-block\">.<\/p>\n<p class=\"translation-block\">.<\/p>\n<p>&nbsp;<\/p>\n<p>.<\/p>\n<p>&nbsp;<\/p>","protected":false},"excerpt":{"rendered":"<p>Zeytinya\u011f\u0131, i\u00e7erdi\u011fi polifenoller nedeniyle bebekler ve \u00e7ocuklar i\u00e7in sa\u011fl\u0131kl\u0131 bir besin kayna\u011f\u0131 olarak \u00f6ne \u00e7\u0131kmaktad\u0131r. Bu polifenoller, antioksidan ve anti-enflamatuar \u00f6zelliklere sahiptir, bu da \u00e7ocuklar\u0131n b\u00fcy\u00fcme ve geli\u015fim s\u00fcrecinde bir dizi olumlu etki sa\u011flamaktad\u0131r. 1.Beyin Geli\u015fimi ve Zeka: Bebek ve \u00e7ocuklar\u0131n zihinsel geli\u015fimi, omega-3 ya\u011f asitleri bak\u0131m\u0131ndan zengin olan zeytinya\u011f\u0131 sayesinde desteklenebilir. Bu ya\u011f asitleri,&#8230;<\/p>","protected":false},"featured_media":2746,"comment_status":"open","ping_status":"closed","template":"","meta":[],"product_cat":[15,19],"product_tag":[],"class_list":{"0":"post-1989","1":"product","2":"type-product","3":"status-publish","4":"has-post-thumbnail","6":"product_cat-genel","7":"product_cat-naturel-sizma-zeytinyagi","9":"first","10":"outofstock","11":"taxable","12":"shipping-taxable","13":"purchasable","14":"product-type-simple"},"yoast_head":"<!-- This site is optimized with the Yoast SEO plugin v23.8 - https:\/\/yoast.com\/wordpress\/plugins\/seo\/ -->\n<title>Anne Bebek Serisi 250ml - Buta Assos<\/title>\n<meta name=\"description\" content=\"Bebek ve \u00e7ocuklar i\u00e7in \u00f6zel \u00fcretilen Anne Bebek Serisi 250ml Buta Assos zeytinya\u011f\u0131, katk\u0131s\u0131z ve do\u011fal i\u00e7eri\u011fiyle g\u00fcvenli bir deneyim sunar.\" \/>\n<meta name=\"robots\" content=\"index, follow, max-snippet:-1, max-image-preview:large, max-video-preview:-1\" \/>\n<link rel=\"canonical\" href=\"https:\/\/butaassos.com.tr\/en\/product\/anne-bebek-serisi-250ml\/\" \/>\n<meta property=\"og:locale\" content=\"en_US\" \/>\n<meta property=\"og:type\" content=\"article\" \/>\n<meta property=\"og:title\" content=\"Anne Bebek Serisi 250ml - Buta Assos\" \/>\n<meta property=\"og:description\" content=\"Bebek ve \u00e7ocuklar i\u00e7in \u00f6zel \u00fcretilen Anne Bebek Serisi 250ml Buta Assos zeytinya\u011f\u0131, katk\u0131s\u0131z ve do\u011fal i\u00e7eri\u011fiyle g\u00fcvenli bir deneyim sunar.\" \/>\n<meta property=\"og:url\" content=\"https:\/\/butaassos.com.tr\/en\/product\/anne-bebek-serisi-250ml\/\" \/>\n<meta property=\"og:site_name\" content=\"Buta Assos\" \/>\n<meta property=\"article:modified_time\" content=\"2026-03-31T10:54:32+00:00\" \/>\n<meta property=\"og:image\" content=\"https:\/\/butaassos.com.tr\/wp-content\/uploads\/2024\/12\/ANNE-BEBEK-copy-1.jpg\" \/>\n\t<meta property=\"og:image:width\" content=\"2000\" \/>\n\t<meta property=\"og:image:height\" content=\"2000\" \/>\n\t<meta property=\"og:image:type\" content=\"image\/jpeg\" \/>\n<meta name=\"twitter:card\" content=\"summary_large_image\" \/>\n<meta name=\"twitter:label1\" content=\"Est. reading time\" \/>\n\t<meta name=\"twitter:data1\" content=\"2 minutes\" \/>\n<script type=\"application\/ld+json\" class=\"yoast-schema-graph\">{\"@context\":\"https:\/\/schema.org\",\"@graph\":[{\"@type\":\"WebPage\",\"@id\":\"https:\/\/butaassos.com.tr\/urun\/anne-bebek-serisi-250ml\/\",\"url\":\"https:\/\/butaassos.com.tr\/urun\/anne-bebek-serisi-250ml\/\",\"name\":\"Anne Bebek Serisi 250ml - Buta Assos\",\"isPartOf\":{\"@id\":\"https:\/\/butaassos.com.tr\/#website\"},\"primaryImageOfPage\":{\"@id\":\"https:\/\/butaassos.com.tr\/urun\/anne-bebek-serisi-250ml\/#primaryimage\"},\"image\":{\"@id\":\"https:\/\/butaassos.com.tr\/urun\/anne-bebek-serisi-250ml\/#primaryimage\"},\"thumbnailUrl\":\"https:\/\/butaassos.com.tr\/wp-content\/uploads\/2024\/12\/ANNE-BEBEK-copy-1.jpg\",\"datePublished\":\"2024-12-09T06:33:08+00:00\",\"dateModified\":\"2026-03-31T10:54:32+00:00\",\"description\":\"Bebek ve \u00e7ocuklar i\u00e7in \u00f6zel \u00fcretilen Anne Bebek Serisi 250ml Buta Assos zeytinya\u011f\u0131, katk\u0131s\u0131z ve do\u011fal i\u00e7eri\u011fiyle g\u00fcvenli bir deneyim sunar.\",\"breadcrumb\":{\"@id\":\"https:\/\/butaassos.com.tr\/urun\/anne-bebek-serisi-250ml\/#breadcrumb\"},\"inLanguage\":\"en-US\",\"potentialAction\":[{\"@type\":\"ReadAction\",\"target\":[\"https:\/\/butaassos.com.tr\/urun\/anne-bebek-serisi-250ml\/\"]}]},{\"@type\":\"ImageObject\",\"inLanguage\":\"en-US\",\"@id\":\"https:\/\/butaassos.com.tr\/urun\/anne-bebek-serisi-250ml\/#primaryimage\",\"url\":\"https:\/\/butaassos.com.tr\/wp-content\/uploads\/2024\/12\/ANNE-BEBEK-copy-1.jpg\",\"contentUrl\":\"https:\/\/butaassos.com.tr\/wp-content\/uploads\/2024\/12\/ANNE-BEBEK-copy-1.jpg\",\"width\":2000,\"height\":2000},{\"@type\":\"BreadcrumbList\",\"@id\":\"https:\/\/butaassos.com.tr\/urun\/anne-bebek-serisi-250ml\/#breadcrumb\",\"itemListElement\":[{\"@type\":\"ListItem\",\"position\":1,\"name\":\"Anasayfa\",\"item\":\"https:\/\/butaassos.com.tr\/\"},{\"@type\":\"ListItem\",\"position\":2,\"name\":\"Shop\",\"item\":\"https:\/\/butaassos.com.tr\/shop\/\"},{\"@type\":\"ListItem\",\"position\":3,\"name\":\"Anne Bebek Serisi 250ml\"}]},{\"@type\":\"WebSite\",\"@id\":\"https:\/\/butaassos.com.tr\/#website\",\"url\":\"https:\/\/butaassos.com.tr\/\",\"name\":\"Buta Assos\",\"description\":\"\",\"publisher\":{\"@id\":\"https:\/\/butaassos.com.tr\/#organization\"},\"potentialAction\":[{\"@type\":\"SearchAction\",\"target\":{\"@type\":\"EntryPoint\",\"urlTemplate\":\"https:\/\/butaassos.com.tr\/?s={search_term_string}\"},\"query-input\":{\"@type\":\"PropertyValueSpecification\",\"valueRequired\":true,\"valueName\":\"search_term_string\"}}],\"inLanguage\":\"en-US\"},{\"@type\":\"Organization\",\"@id\":\"https:\/\/butaassos.com.tr\/#organization\",\"name\":\"Buta Assos\",\"url\":\"https:\/\/butaassos.com.tr\/\",\"logo\":{\"@type\":\"ImageObject\",\"inLanguage\":\"en-US\",\"@id\":\"https:\/\/butaassos.com.tr\/#\/schema\/logo\/image\/\",\"url\":\"https:\/\/butaassos.com.tr\/wp-content\/uploads\/2024\/01\/butaassosicon.png\",\"contentUrl\":\"https:\/\/butaassos.com.tr\/wp-content\/uploads\/2024\/01\/butaassosicon.png\",\"width\":512,\"height\":512,\"caption\":\"Buta Assos\"},\"image\":{\"@id\":\"https:\/\/butaassos.com.tr\/#\/schema\/logo\/image\/\"}}]}<\/script>\n<!-- \/ Yoast SEO plugin. -->","yoast_head_json":{"title":"Anne Bebek Serisi 250ml - Buta Assos","description":"Bebek ve \u00e7ocuklar i\u00e7in \u00f6zel \u00fcretilen Anne Bebek Serisi 250ml Buta Assos zeytinya\u011f\u0131, katk\u0131s\u0131z ve do\u011fal i\u00e7eri\u011fiyle g\u00fcvenli bir deneyim sunar.","robots":{"index":"index","follow":"follow","max-snippet":"max-snippet:-1","max-image-preview":"max-image-preview:large","max-video-preview":"max-video-preview:-1"},"canonical":"https:\/\/butaassos.com.tr\/en\/product\/anne-bebek-serisi-250ml\/","og_locale":"en_US","og_type":"article","og_title":"Anne Bebek Serisi 250ml - Buta Assos","og_description":"Bebek ve \u00e7ocuklar i\u00e7in \u00f6zel \u00fcretilen Anne Bebek Serisi 250ml Buta Assos zeytinya\u011f\u0131, katk\u0131s\u0131z ve do\u011fal i\u00e7eri\u011fiyle g\u00fcvenli bir deneyim sunar.","og_url":"https:\/\/butaassos.com.tr\/en\/product\/anne-bebek-serisi-250ml\/","og_site_name":"Buta Assos","article_modified_time":"2026-03-31T10:54:32+00:00","og_image":[{"width":2000,"height":2000,"url":"https:\/\/butaassos.com.tr\/wp-content\/uploads\/2024\/12\/ANNE-BEBEK-copy-1.jpg","type":"image\/jpeg"}],"twitter_card":"summary_large_image","twitter_misc":{"Est. reading time":"2 minutes"},"schema":{"@context":"https:\/\/schema.org","@graph":[{"@type":"WebPage","@id":"https:\/\/butaassos.com.tr\/urun\/anne-bebek-serisi-250ml\/","url":"https:\/\/butaassos.com.tr\/urun\/anne-bebek-serisi-250ml\/","name":"Anne Bebek Serisi 250ml - Buta Assos","isPartOf":{"@id":"https:\/\/butaassos.com.tr\/#website"},"primaryImageOfPage":{"@id":"https:\/\/butaassos.com.tr\/urun\/anne-bebek-serisi-250ml\/#primaryimage"},"image":{"@id":"https:\/\/butaassos.com.tr\/urun\/anne-bebek-serisi-250ml\/#primaryimage"},"thumbnailUrl":"https:\/\/butaassos.com.tr\/wp-content\/uploads\/2024\/12\/ANNE-BEBEK-copy-1.jpg","datePublished":"2024-12-09T06:33:08+00:00","dateModified":"2026-03-31T10:54:32+00:00","description":"Bebek ve \u00e7ocuklar i\u00e7in \u00f6zel \u00fcretilen Anne Bebek Serisi 250ml Buta Assos zeytinya\u011f\u0131, katk\u0131s\u0131z ve do\u011fal i\u00e7eri\u011fiyle g\u00fcvenli bir deneyim sunar.","breadcrumb":{"@id":"https:\/\/butaassos.com.tr\/urun\/anne-bebek-serisi-250ml\/#breadcrumb"},"inLanguage":"en-US","potentialAction":[{"@type":"ReadAction","target":["https:\/\/butaassos.com.tr\/urun\/anne-bebek-serisi-250ml\/"]}]},{"@type":"ImageObject","inLanguage":"en-US","@id":"https:\/\/butaassos.com.tr\/urun\/anne-bebek-serisi-250ml\/#primaryimage","url":"https:\/\/butaassos.com.tr\/wp-content\/uploads\/2024\/12\/ANNE-BEBEK-copy-1.jpg","contentUrl":"https:\/\/butaassos.com.tr\/wp-content\/uploads\/2024\/12\/ANNE-BEBEK-copy-1.jpg","width":2000,"height":2000},{"@type":"BreadcrumbList","@id":"https:\/\/butaassos.com.tr\/urun\/anne-bebek-serisi-250ml\/#breadcrumb","itemListElement":[{"@type":"ListItem","position":1,"name":"Anasayfa","item":"https:\/\/butaassos.com.tr\/"},{"@type":"ListItem","position":2,"name":"Shop","item":"https:\/\/butaassos.com.tr\/shop\/"},{"@type":"ListItem","position":3,"name":"Anne Bebek Serisi 250ml"}]},{"@type":"WebSite","@id":"https:\/\/butaassos.com.tr\/#website","url":"https:\/\/butaassos.com.tr\/","name":"Buta Assos","description":"","publisher":{"@id":"https:\/\/butaassos.com.tr\/#organization"},"potentialAction":[{"@type":"SearchAction","target":{"@type":"EntryPoint","urlTemplate":"https:\/\/butaassos.com.tr\/?s={search_term_string}"},"query-input":{"@type":"PropertyValueSpecification","valueRequired":true,"valueName":"search_term_string"}}],"inLanguage":"en-US"},{"@type":"Organization","@id":"https:\/\/butaassos.com.tr\/#organization","name":"Buta Assos","url":"https:\/\/butaassos.com.tr\/","logo":{"@type":"ImageObject","inLanguage":"en-US","@id":"https:\/\/butaassos.com.tr\/#\/schema\/logo\/image\/","url":"https:\/\/butaassos.com.tr\/wp-content\/uploads\/2024\/01\/butaassosicon.png","contentUrl":"https:\/\/butaassos.com.tr\/wp-content\/uploads\/2024\/01\/butaassosicon.png","width":512,"height":512,"caption":"Buta Assos"},"image":{"@id":"https:\/\/butaassos.com.tr\/#\/schema\/logo\/image\/"}}]}},"_links":{"self":[{"href":"https:\/\/butaassos.com.tr\/en\/wp-json\/wp\/v2\/product\/1989","targetHints":{"allow":["GET"]}}],"collection":[{"href":"https:\/\/butaassos.com.tr\/en\/wp-json\/wp\/v2\/product"}],"about":[{"href":"https:\/\/butaassos.com.tr\/en\/wp-json\/wp\/v2\/types\/product"}],"replies":[{"embeddable":true,"href":"https:\/\/butaassos.com.tr\/en\/wp-json\/wp\/v2\/comments?post=1989"}],"wp:featuredmedia":[{"embeddable":true,"href":"https:\/\/butaassos.com.tr\/en\/wp-json\/wp\/v2\/media\/2746"}],"wp:attachment":[{"href":"https:\/\/butaassos.com.tr\/en\/wp-json\/wp\/v2\/media?parent=1989"}],"wp:term":[{"taxonomy":"product_cat","embeddable":true,"href":"https:\/\/butaassos.com.tr\/en\/wp-json\/wp\/v2\/product_cat?post=1989"},{"taxonomy":"product_tag","embeddable":true,"href":"https:\/\/butaassos.com.tr\/en\/wp-json\/wp\/v2\/product_tag?post=1989"}],"curies":[{"name":"wp","href":"https:\/\/api.w.org\/{rel}","templated":true}]}}