{"id":1750,"date":"2024-10-12T22:13:30","date_gmt":"2024-10-12T19:13:30","guid":{"rendered":"https:\/\/butaassos.com.tr\/?post_type=product&#038;p=1750"},"modified":"2025-12-23T10:07:07","modified_gmt":"2025-12-23T07:07:07","slug":"erken-hasat-soguk-sikim-naturel-sizma-zeytinyagi-5000ml","status":"publish","type":"product","link":"https:\/\/butaassos.com.tr\/en\/product\/erken-hasat-soguk-sikim-naturel-sizma-zeytinyagi-5000ml\/","title":{"rendered":"So\u011fuk S\u0131k\u0131m Nat\u00fcrel S\u0131zma Zeytinya\u011f\u0131<br>5000ml 2025-26"},"content":{"rendered":"<p data-start=\"215\" data-end=\"265\"><strong>Erken Hasat So\u011fuk S\u0131k\u0131m Nat\u00fcrel S\u0131zma Zeytinya\u011f\u0131 5000ml<\/strong><\/p>\n<p class=\"\" data-start=\"215\" data-end=\"265\">Lezzetiyle fark yaratan do\u011fal sofral\u0131k zeytinya\u011f\u0131\u2026<\/p>\n<p class=\"\" data-start=\"267\" data-end=\"562\">Ege\u2019nin bereketli topraklar\u0131nda, zeytinler hen\u00fcz tam olgunla\u015fmadan toplan\u0131r ve so\u011fuk s\u0131k\u0131m y\u00f6ntemiyle \u00f6zenle i\u015flenir. Bu sayede hem tazeli\u011fini hem de do\u011fal aromas\u0131n\u0131 koruyan nat\u00fcrel s\u0131zma zeytinya\u011f\u0131m\u0131z, yemeklerde g\u00fcvenle kullanabilece\u011finiz, lezzetli ve dengeli bir se\u00e7enektir.<\/p>\n<p class=\"\" data-start=\"564\" data-end=\"674\"><strong data-start=\"564\" data-end=\"598\">5000 ml\u2019lik b\u00fcy\u00fck boy ambalaj\u0131<\/strong>, s\u0131k zeytinya\u011f\u0131 kullanan mutfaklar i\u00e7in pratik bir \u00e7\u00f6z\u00fcm sunar.<\/p>\n<h4 class=\"\" data-start=\"676\" data-end=\"699\">Kullan\u0131m Alanlar\u0131:<\/h4>\n<ul data-start=\"700\" data-end=\"783\">\n<li class=\"\" data-start=\"700\" data-end=\"722\">\n<p class=\"\" data-start=\"702\" data-end=\"722\">T\u00fcm s\u0131cak yemeklerde<\/p>\n<\/li>\n<li class=\"\" data-start=\"739\" data-end=\"752\">\n<p class=\"\" data-start=\"741\" data-end=\"752\">Salatalarda<\/p>\n<\/li>\n<li class=\"\" data-start=\"753\" data-end=\"783\">\n<p class=\"\" data-start=\"755\" data-end=\"783\">Kahvalt\u0131l\u0131k sos ve mezelerde<\/p>\n<\/li>\n<\/ul>\n<p class=\"\" data-start=\"785\" data-end=\"874\">Do\u011fall\u0131ktan \u00f6d\u00fcn vermeyenler i\u00e7in&#8230;<\/p>","protected":false},"excerpt":{"rendered":"<p>Erken Hasat So\u011fuk S\u0131k\u0131m Nat\u00fcrel S\u0131zma Zeytinya\u011f\u0131 5000ml Lezzetiyle fark yaratan do\u011fal sofral\u0131k zeytinya\u011f\u0131\u2026 Ege\u2019nin bereketli topraklar\u0131nda, zeytinler hen\u00fcz tam olgunla\u015fmadan toplan\u0131r ve so\u011fuk s\u0131k\u0131m y\u00f6ntemiyle \u00f6zenle i\u015flenir. Bu sayede hem tazeli\u011fini hem de do\u011fal aromas\u0131n\u0131 koruyan nat\u00fcrel s\u0131zma zeytinya\u011f\u0131m\u0131z, yemeklerde g\u00fcvenle kullanabilece\u011finiz, lezzetli ve dengeli bir se\u00e7enektir. 5000 ml\u2019lik b\u00fcy\u00fck boy ambalaj\u0131, s\u0131k zeytinya\u011f\u0131&#8230;<\/p>","protected":false},"featured_media":2743,"comment_status":"open","ping_status":"closed","template":"","meta":[],"product_cat":[15,19],"product_tag":[],"class_list":{"0":"post-1750","1":"product","2":"type-product","3":"status-publish","4":"has-post-thumbnail","6":"product_cat-genel","7":"product_cat-naturel-sizma-zeytinyagi","9":"first","10":"instock","11":"taxable","12":"shipping-taxable","13":"purchasable","14":"product-type-simple"},"yoast_head":"<!-- This site is optimized with the Yoast SEO plugin v23.8 - https:\/\/yoast.com\/wordpress\/plugins\/seo\/ -->\n<title>So\u011fuk S\u0131k\u0131m Nat\u00fcrel S\u0131zma Zeytinya\u011f\u01315000ml 2025-26 - Buta Assos<\/title>\n<meta name=\"description\" content=\"B\u00fcy\u00fck boyutuyla uzun s\u00fcreli kullan\u0131m sa\u011flar. Buta Assos&#039;un Erken Hasat So\u011fuk S\u0131k\u0131m Zeytinya\u011f\u0131, tazeli\u011fi ve lezzetiyle sofralar\u0131n\u0131za sa\u011fl\u0131k getirir.\" \/>\n<meta name=\"robots\" content=\"index, follow, max-snippet:-1, max-image-preview:large, max-video-preview:-1\" \/>\n<link rel=\"canonical\" href=\"https:\/\/butaassos.com.tr\/en\/product\/erken-hasat-soguk-sikim-naturel-sizma-zeytinyagi-5000ml\/\" \/>\n<meta property=\"og:locale\" content=\"en_US\" \/>\n<meta property=\"og:type\" content=\"article\" \/>\n<meta property=\"og:title\" content=\"So\u011fuk S\u0131k\u0131m Nat\u00fcrel S\u0131zma Zeytinya\u011f\u01315000ml 2025-26 - Buta Assos\" \/>\n<meta property=\"og:description\" content=\"B\u00fcy\u00fck boyutuyla uzun s\u00fcreli kullan\u0131m sa\u011flar. Buta Assos&#039;un Erken Hasat So\u011fuk S\u0131k\u0131m Zeytinya\u011f\u0131, tazeli\u011fi ve lezzetiyle sofralar\u0131n\u0131za sa\u011fl\u0131k getirir.\" \/>\n<meta property=\"og:url\" content=\"https:\/\/butaassos.com.tr\/en\/product\/erken-hasat-soguk-sikim-naturel-sizma-zeytinyagi-5000ml\/\" \/>\n<meta property=\"og:site_name\" content=\"Buta Assos\" \/>\n<meta property=\"article:modified_time\" content=\"2025-12-23T07:07:07+00:00\" \/>\n<meta property=\"og:image\" content=\"https:\/\/butaassos.com.tr\/wp-content\/uploads\/2024\/10\/5LT-copy.jpg\" \/>\n\t<meta property=\"og:image:width\" content=\"2000\" \/>\n\t<meta property=\"og:image:height\" content=\"2000\" \/>\n\t<meta property=\"og:image:type\" content=\"image\/jpeg\" \/>\n<meta name=\"twitter:card\" content=\"summary_large_image\" \/>\n<meta name=\"twitter:label1\" content=\"Est. reading time\" \/>\n\t<meta name=\"twitter:data1\" content=\"1 minute\" \/>\n<script type=\"application\/ld+json\" class=\"yoast-schema-graph\">{\"@context\":\"https:\/\/schema.org\",\"@graph\":[{\"@type\":\"WebPage\",\"@id\":\"https:\/\/butaassos.com.tr\/urun\/erken-hasat-soguk-sikim-naturel-sizma-zeytinyagi-5000ml\/\",\"url\":\"https:\/\/butaassos.com.tr\/urun\/erken-hasat-soguk-sikim-naturel-sizma-zeytinyagi-5000ml\/\",\"name\":\"So\u011fuk S\u0131k\u0131m Nat\u00fcrel S\u0131zma Zeytinya\u011f\u0131 5000ml 2025-26 - Buta Assos\",\"isPartOf\":{\"@id\":\"https:\/\/butaassos.com.tr\/#website\"},\"primaryImageOfPage\":{\"@id\":\"https:\/\/butaassos.com.tr\/urun\/erken-hasat-soguk-sikim-naturel-sizma-zeytinyagi-5000ml\/#primaryimage\"},\"image\":{\"@id\":\"https:\/\/butaassos.com.tr\/urun\/erken-hasat-soguk-sikim-naturel-sizma-zeytinyagi-5000ml\/#primaryimage\"},\"thumbnailUrl\":\"https:\/\/butaassos.com.tr\/wp-content\/uploads\/2024\/10\/5LT-copy.jpg\",\"datePublished\":\"2024-10-12T19:13:30+00:00\",\"dateModified\":\"2025-12-23T07:07:07+00:00\",\"description\":\"B\u00fcy\u00fck boyutuyla uzun s\u00fcreli kullan\u0131m sa\u011flar. Buta Assos'un Erken Hasat So\u011fuk S\u0131k\u0131m Zeytinya\u011f\u0131, tazeli\u011fi ve lezzetiyle sofralar\u0131n\u0131za sa\u011fl\u0131k getirir.\",\"breadcrumb\":{\"@id\":\"https:\/\/butaassos.com.tr\/urun\/erken-hasat-soguk-sikim-naturel-sizma-zeytinyagi-5000ml\/#breadcrumb\"},\"inLanguage\":\"en-US\",\"potentialAction\":[{\"@type\":\"ReadAction\",\"target\":[\"https:\/\/butaassos.com.tr\/urun\/erken-hasat-soguk-sikim-naturel-sizma-zeytinyagi-5000ml\/\"]}]},{\"@type\":\"ImageObject\",\"inLanguage\":\"en-US\",\"@id\":\"https:\/\/butaassos.com.tr\/urun\/erken-hasat-soguk-sikim-naturel-sizma-zeytinyagi-5000ml\/#primaryimage\",\"url\":\"https:\/\/butaassos.com.tr\/wp-content\/uploads\/2024\/10\/5LT-copy.jpg\",\"contentUrl\":\"https:\/\/butaassos.com.tr\/wp-content\/uploads\/2024\/10\/5LT-copy.jpg\",\"width\":2000,\"height\":2000},{\"@type\":\"BreadcrumbList\",\"@id\":\"https:\/\/butaassos.com.tr\/urun\/erken-hasat-soguk-sikim-naturel-sizma-zeytinyagi-5000ml\/#breadcrumb\",\"itemListElement\":[{\"@type\":\"ListItem\",\"position\":1,\"name\":\"Anasayfa\",\"item\":\"https:\/\/butaassos.com.tr\/\"},{\"@type\":\"ListItem\",\"position\":2,\"name\":\"Shop\",\"item\":\"https:\/\/butaassos.com.tr\/shop\/\"},{\"@type\":\"ListItem\",\"position\":3,\"name\":\"So\u011fuk S\u0131k\u0131m Nat\u00fcrel S\u0131zma Zeytinya\u011f\u01315000ml2025-26\"}]},{\"@type\":\"WebSite\",\"@id\":\"https:\/\/butaassos.com.tr\/#website\",\"url\":\"https:\/\/butaassos.com.tr\/\",\"name\":\"Buta Assos\",\"description\":\"\",\"publisher\":{\"@id\":\"https:\/\/butaassos.com.tr\/#organization\"},\"potentialAction\":[{\"@type\":\"SearchAction\",\"target\":{\"@type\":\"EntryPoint\",\"urlTemplate\":\"https:\/\/butaassos.com.tr\/?s={search_term_string}\"},\"query-input\":{\"@type\":\"PropertyValueSpecification\",\"valueRequired\":true,\"valueName\":\"search_term_string\"}}],\"inLanguage\":\"en-US\"},{\"@type\":\"Organization\",\"@id\":\"https:\/\/butaassos.com.tr\/#organization\",\"name\":\"Buta Assos\",\"url\":\"https:\/\/butaassos.com.tr\/\",\"logo\":{\"@type\":\"ImageObject\",\"inLanguage\":\"en-US\",\"@id\":\"https:\/\/butaassos.com.tr\/#\/schema\/logo\/image\/\",\"url\":\"https:\/\/butaassos.com.tr\/wp-content\/uploads\/2024\/01\/butaassosicon.png\",\"contentUrl\":\"https:\/\/butaassos.com.tr\/wp-content\/uploads\/2024\/01\/butaassosicon.png\",\"width\":512,\"height\":512,\"caption\":\"Buta Assos\"},\"image\":{\"@id\":\"https:\/\/butaassos.com.tr\/#\/schema\/logo\/image\/\"}}]}<\/script>\n<!-- \/ Yoast SEO plugin. -->","yoast_head_json":{"title":"So\u011fuk S\u0131k\u0131m Nat\u00fcrel S\u0131zma Zeytinya\u011f\u01315000ml 2025-26 - Buta Assos","description":"B\u00fcy\u00fck boyutuyla uzun s\u00fcreli kullan\u0131m sa\u011flar. Buta Assos'un Erken Hasat So\u011fuk S\u0131k\u0131m Zeytinya\u011f\u0131, tazeli\u011fi ve lezzetiyle sofralar\u0131n\u0131za sa\u011fl\u0131k getirir.","robots":{"index":"index","follow":"follow","max-snippet":"max-snippet:-1","max-image-preview":"max-image-preview:large","max-video-preview":"max-video-preview:-1"},"canonical":"https:\/\/butaassos.com.tr\/en\/product\/erken-hasat-soguk-sikim-naturel-sizma-zeytinyagi-5000ml\/","og_locale":"en_US","og_type":"article","og_title":"So\u011fuk S\u0131k\u0131m Nat\u00fcrel S\u0131zma Zeytinya\u011f\u01315000ml 2025-26 - Buta Assos","og_description":"B\u00fcy\u00fck boyutuyla uzun s\u00fcreli kullan\u0131m sa\u011flar. Buta Assos'un Erken Hasat So\u011fuk S\u0131k\u0131m Zeytinya\u011f\u0131, tazeli\u011fi ve lezzetiyle sofralar\u0131n\u0131za sa\u011fl\u0131k getirir.","og_url":"https:\/\/butaassos.com.tr\/en\/product\/erken-hasat-soguk-sikim-naturel-sizma-zeytinyagi-5000ml\/","og_site_name":"Buta Assos","article_modified_time":"2025-12-23T07:07:07+00:00","og_image":[{"width":2000,"height":2000,"url":"https:\/\/butaassos.com.tr\/wp-content\/uploads\/2024\/10\/5LT-copy.jpg","type":"image\/jpeg"}],"twitter_card":"summary_large_image","twitter_misc":{"Est. reading time":"1 minute"},"schema":{"@context":"https:\/\/schema.org","@graph":[{"@type":"WebPage","@id":"https:\/\/butaassos.com.tr\/urun\/erken-hasat-soguk-sikim-naturel-sizma-zeytinyagi-5000ml\/","url":"https:\/\/butaassos.com.tr\/urun\/erken-hasat-soguk-sikim-naturel-sizma-zeytinyagi-5000ml\/","name":"So\u011fuk S\u0131k\u0131m Nat\u00fcrel S\u0131zma Zeytinya\u011f\u0131 5000ml 2025-26 - Buta Assos","isPartOf":{"@id":"https:\/\/butaassos.com.tr\/#website"},"primaryImageOfPage":{"@id":"https:\/\/butaassos.com.tr\/urun\/erken-hasat-soguk-sikim-naturel-sizma-zeytinyagi-5000ml\/#primaryimage"},"image":{"@id":"https:\/\/butaassos.com.tr\/urun\/erken-hasat-soguk-sikim-naturel-sizma-zeytinyagi-5000ml\/#primaryimage"},"thumbnailUrl":"https:\/\/butaassos.com.tr\/wp-content\/uploads\/2024\/10\/5LT-copy.jpg","datePublished":"2024-10-12T19:13:30+00:00","dateModified":"2025-12-23T07:07:07+00:00","description":"B\u00fcy\u00fck boyutuyla uzun s\u00fcreli kullan\u0131m sa\u011flar. Buta Assos'un Erken Hasat So\u011fuk S\u0131k\u0131m Zeytinya\u011f\u0131, tazeli\u011fi ve lezzetiyle sofralar\u0131n\u0131za sa\u011fl\u0131k getirir.","breadcrumb":{"@id":"https:\/\/butaassos.com.tr\/urun\/erken-hasat-soguk-sikim-naturel-sizma-zeytinyagi-5000ml\/#breadcrumb"},"inLanguage":"en-US","potentialAction":[{"@type":"ReadAction","target":["https:\/\/butaassos.com.tr\/urun\/erken-hasat-soguk-sikim-naturel-sizma-zeytinyagi-5000ml\/"]}]},{"@type":"ImageObject","inLanguage":"en-US","@id":"https:\/\/butaassos.com.tr\/urun\/erken-hasat-soguk-sikim-naturel-sizma-zeytinyagi-5000ml\/#primaryimage","url":"https:\/\/butaassos.com.tr\/wp-content\/uploads\/2024\/10\/5LT-copy.jpg","contentUrl":"https:\/\/butaassos.com.tr\/wp-content\/uploads\/2024\/10\/5LT-copy.jpg","width":2000,"height":2000},{"@type":"BreadcrumbList","@id":"https:\/\/butaassos.com.tr\/urun\/erken-hasat-soguk-sikim-naturel-sizma-zeytinyagi-5000ml\/#breadcrumb","itemListElement":[{"@type":"ListItem","position":1,"name":"Anasayfa","item":"https:\/\/butaassos.com.tr\/"},{"@type":"ListItem","position":2,"name":"Shop","item":"https:\/\/butaassos.com.tr\/shop\/"},{"@type":"ListItem","position":3,"name":"So\u011fuk S\u0131k\u0131m Nat\u00fcrel S\u0131zma Zeytinya\u011f\u01315000ml2025-26"}]},{"@type":"WebSite","@id":"https:\/\/butaassos.com.tr\/#website","url":"https:\/\/butaassos.com.tr\/","name":"Buta Assos","description":"","publisher":{"@id":"https:\/\/butaassos.com.tr\/#organization"},"potentialAction":[{"@type":"SearchAction","target":{"@type":"EntryPoint","urlTemplate":"https:\/\/butaassos.com.tr\/?s={search_term_string}"},"query-input":{"@type":"PropertyValueSpecification","valueRequired":true,"valueName":"search_term_string"}}],"inLanguage":"en-US"},{"@type":"Organization","@id":"https:\/\/butaassos.com.tr\/#organization","name":"Buta Assos","url":"https:\/\/butaassos.com.tr\/","logo":{"@type":"ImageObject","inLanguage":"en-US","@id":"https:\/\/butaassos.com.tr\/#\/schema\/logo\/image\/","url":"https:\/\/butaassos.com.tr\/wp-content\/uploads\/2024\/01\/butaassosicon.png","contentUrl":"https:\/\/butaassos.com.tr\/wp-content\/uploads\/2024\/01\/butaassosicon.png","width":512,"height":512,"caption":"Buta Assos"},"image":{"@id":"https:\/\/butaassos.com.tr\/#\/schema\/logo\/image\/"}}]}},"_links":{"self":[{"href":"https:\/\/butaassos.com.tr\/en\/wp-json\/wp\/v2\/product\/1750","targetHints":{"allow":["GET"]}}],"collection":[{"href":"https:\/\/butaassos.com.tr\/en\/wp-json\/wp\/v2\/product"}],"about":[{"href":"https:\/\/butaassos.com.tr\/en\/wp-json\/wp\/v2\/types\/product"}],"replies":[{"embeddable":true,"href":"https:\/\/butaassos.com.tr\/en\/wp-json\/wp\/v2\/comments?post=1750"}],"wp:featuredmedia":[{"embeddable":true,"href":"https:\/\/butaassos.com.tr\/en\/wp-json\/wp\/v2\/media\/2743"}],"wp:attachment":[{"href":"https:\/\/butaassos.com.tr\/en\/wp-json\/wp\/v2\/media?parent=1750"}],"wp:term":[{"taxonomy":"product_cat","embeddable":true,"href":"https:\/\/butaassos.com.tr\/en\/wp-json\/wp\/v2\/product_cat?post=1750"},{"taxonomy":"product_tag","embeddable":true,"href":"https:\/\/butaassos.com.tr\/en\/wp-json\/wp\/v2\/product_tag?post=1750"}],"curies":[{"name":"wp","href":"https:\/\/api.w.org\/{rel}","templated":true}]}}