{"id":2593,"date":"2025-04-04T13:04:45","date_gmt":"2025-04-04T10:04:45","guid":{"rendered":"https:\/\/butaassos.com.tr\/?page_id=2593"},"modified":"2025-04-26T12:01:52","modified_gmt":"2025-04-26T09:01:52","slug":"sertifikalarimiz","status":"publish","type":"page","link":"https:\/\/butaassos.com.tr\/en\/sertifikalarimiz\/","title":{"rendered":"Certificates"},"content":{"rendered":"<section class=\"l-section wpb_row us_custom_4e27c8db height_medium width_full\"><div class=\"l-section-overlay\" style=\"background:#ffffff\"><\/div><div class=\"l-section-h i-cf\"><div class=\"g-cols vc_row via_grid cols_1 laptops-cols_inherit tablets-cols_inherit mobiles-cols_1 valign_top type_default stacking_default\"><div class=\"wpb_column vc_column_container\"><div class=\"vc_column-inner\"><div class=\"w-separator size_medium\"><\/div><div class=\"wpb_text_column us_custom_9ae4741d has_text_color\"><div class=\"wpb_wrapper\"><p>Certificates<\/p>\n<\/div><\/div><div class=\"w-separator size_large\"><\/div><div class=\"w-grid type_grid layout_3032 cols_2\" id=\"us_grid_1\" style=\"--gap:1.5rem;\" data-filterable=\"true\"><style>@media (max-width:768px){#us_grid_1 .w-grid-list{margin:0}#us_grid_1 .w-grid-item{width:100%;padding:0;margin-bottom:var(--gap,0px)}}.layout_3032 .w-grid-item-h{}.layout_3032 .usg_post_image_1{box-shadow:-3px -4px 5px 1px rgba(0,0,0,0.15)!important}.layout_3032 .usg_post_title_1{color:#ffffff!important;font-size:2rem!important;background:#6F7946!important;padding:0.4em 1.9em 0.4em 1.9em!important}.layout_3032 .usg_vwrapper_1{margin-bottom:6rem!important}@media (min-width:1281px) and (max-width:1401px){.layout_3032 .usg_post_title_1{color:#ffffff!important;font-size:2rem!important}}@media (min-width:769px) and (max-width:1280px){.layout_3032 .usg_post_title_1{color:#ffffff!important;font-size:1rem!important}}@media (max-width:768px){.layout_3032 .usg_post_title_1{color:#ffffff!important;font-size:1rem!important}}<\/style><div class=\"w-grid-list\">\t<article class=\"w-grid-item post-2594 attachment type-attachment status-inherit hentry\" data-id=\"2594\">\r\n\t\t<div class=\"w-grid-item-h\">\r\n\t\t\t\t\t\t\t<a class=\"w-grid-item-anchor\" href=\"https:\/\/butaassos.com.tr\/wp-content\/uploads\/2025\/04\/FDA-Sertifikasi-1.png\" ref=\"magnificPopupGrid\" title=\"FDA SERT\u0130F\u0130KASI\"><\/a>\r\n\t\t\t\t\t\t<div class=\"w-vwrapper usg_vwrapper_1 align_none valign_middle\" style=\"--vwrapper-gap:1.8rem\"><div class=\"w-post-elm post_image usg_post_image_1 has_ratio\"><div style=\"padding-bottom:133.3333%\"><\/div><a href=\"https:\/\/butaassos.com.tr\/wp-content\/uploads\/2025\/04\/FDA-Sertifikasi-1.png\" ref=\"magnificPopup\" aria-label=\"FDA SERT\u0130F\u0130KASI\"><img loading=\"lazy\" decoding=\"async\" width=\"632\" height=\"812\" src=\"https:\/\/butaassos.com.tr\/wp-content\/uploads\/2025\/04\/FDA-Sertifikasi-1.png\" class=\"attachment-large size-large\" alt=\"\" srcset=\"https:\/\/butaassos.com.tr\/wp-content\/uploads\/2025\/04\/FDA-Sertifikasi-1.png 632w, https:\/\/butaassos.com.tr\/wp-content\/uploads\/2025\/04\/FDA-Sertifikasi-1-233x300.png 233w, https:\/\/butaassos.com.tr\/wp-content\/uploads\/2025\/04\/FDA-Sertifikasi-1-187x240.png 187w, https:\/\/butaassos.com.tr\/wp-content\/uploads\/2025\/04\/FDA-Sertifikasi-1-93x120.png 93w, https:\/\/butaassos.com.tr\/wp-content\/uploads\/2025\/04\/FDA-Sertifikasi-1-156x200.png 156w, https:\/\/butaassos.com.tr\/wp-content\/uploads\/2025\/04\/FDA-Sertifikasi-1-600x771.png 600w\" sizes=\"auto, (max-width: 632px) 100vw, 632px\" \/><\/a><\/div><p class=\"w-post-elm post_title usg_post_title_1 has_text_color align_center entry-title color_link_inherit\">FDA SERT\u0130F\u0130KASI<\/p><\/div>\t\t<\/div>\r\n\t<\/article>\r\n\t<article class=\"w-grid-item post-2604 attachment type-attachment status-inherit hentry\" data-id=\"2604\">\r\n\t\t<div class=\"w-grid-item-h\">\r\n\t\t\t\t\t\t\t<a class=\"w-grid-item-anchor\" href=\"https:\/\/butaassos.com.tr\/wp-content\/uploads\/2025\/04\/Kosher-Certificate-1-1.png\" ref=\"magnificPopupGrid\" title=\"KOSHER SERT\u0130F\u0130KASI\"><\/a>\r\n\t\t\t\t\t\t<div class=\"w-vwrapper usg_vwrapper_1 align_none valign_middle\" style=\"--vwrapper-gap:1.8rem\"><div class=\"w-post-elm post_image usg_post_image_1 has_ratio\"><div style=\"padding-bottom:133.3333%\"><\/div><a href=\"https:\/\/butaassos.com.tr\/wp-content\/uploads\/2025\/04\/Kosher-Certificate-1-1.png\" ref=\"magnificPopup\" aria-label=\"KOSHER SERT\u0130F\u0130KASI\"><img loading=\"lazy\" decoding=\"async\" width=\"611\" height=\"812\" src=\"https:\/\/butaassos.com.tr\/wp-content\/uploads\/2025\/04\/Kosher-Certificate-1-1.png\" class=\"attachment-large size-large\" alt=\"\" srcset=\"https:\/\/butaassos.com.tr\/wp-content\/uploads\/2025\/04\/Kosher-Certificate-1-1.png 611w, https:\/\/butaassos.com.tr\/wp-content\/uploads\/2025\/04\/Kosher-Certificate-1-1-226x300.png 226w, https:\/\/butaassos.com.tr\/wp-content\/uploads\/2025\/04\/Kosher-Certificate-1-1-181x240.png 181w, https:\/\/butaassos.com.tr\/wp-content\/uploads\/2025\/04\/Kosher-Certificate-1-1-90x120.png 90w, https:\/\/butaassos.com.tr\/wp-content\/uploads\/2025\/04\/Kosher-Certificate-1-1-150x200.png 150w, https:\/\/butaassos.com.tr\/wp-content\/uploads\/2025\/04\/Kosher-Certificate-1-1-156x207.png 156w, https:\/\/butaassos.com.tr\/wp-content\/uploads\/2025\/04\/Kosher-Certificate-1-1-600x797.png 600w\" sizes=\"auto, (max-width: 611px) 100vw, 611px\" \/><\/a><\/div><p class=\"w-post-elm post_title usg_post_title_1 has_text_color align_center entry-title color_link_inherit\">KOSHER SERT\u0130F\u0130KASI<\/p><\/div>\t\t<\/div>\r\n\t<\/article>\r\n\t<article class=\"w-grid-item post-2609 attachment type-attachment status-inherit hentry\" data-id=\"2609\">\r\n\t\t<div class=\"w-grid-item-h\">\r\n\t\t\t\t\t\t\t<a class=\"w-grid-item-anchor\" href=\"https:\/\/butaassos.com.tr\/wp-content\/uploads\/2025\/04\/Organik-Tarim-Sertifikasi-1-1.png\" ref=\"magnificPopupGrid\" title=\"ORGAN\u0130K TARIM SERT\u0130F\u0130KASI\"><\/a>\r\n\t\t\t\t\t\t<div class=\"w-vwrapper usg_vwrapper_1 align_none valign_middle\" style=\"--vwrapper-gap:1.8rem\"><div class=\"w-post-elm post_image usg_post_image_1 has_ratio\"><div style=\"padding-bottom:133.3333%\"><\/div><a href=\"https:\/\/butaassos.com.tr\/wp-content\/uploads\/2025\/04\/Organik-Tarim-Sertifikasi-1-1.png\" ref=\"magnificPopup\" aria-label=\"ORGAN\u0130K TARIM SERT\u0130F\u0130KASI\"><img loading=\"lazy\" decoding=\"async\" width=\"615\" height=\"862\" src=\"https:\/\/butaassos.com.tr\/wp-content\/uploads\/2025\/04\/Organik-Tarim-Sertifikasi-1-1.png\" class=\"attachment-large size-large\" alt=\"\" srcset=\"https:\/\/butaassos.com.tr\/wp-content\/uploads\/2025\/04\/Organik-Tarim-Sertifikasi-1-1.png 615w, https:\/\/butaassos.com.tr\/wp-content\/uploads\/2025\/04\/Organik-Tarim-Sertifikasi-1-1-214x300.png 214w, https:\/\/butaassos.com.tr\/wp-content\/uploads\/2025\/04\/Organik-Tarim-Sertifikasi-1-1-171x240.png 171w, https:\/\/butaassos.com.tr\/wp-content\/uploads\/2025\/04\/Organik-Tarim-Sertifikasi-1-1-86x120.png 86w, https:\/\/butaassos.com.tr\/wp-content\/uploads\/2025\/04\/Organik-Tarim-Sertifikasi-1-1-143x200.png 143w, https:\/\/butaassos.com.tr\/wp-content\/uploads\/2025\/04\/Organik-Tarim-Sertifikasi-1-1-156x219.png 156w, https:\/\/butaassos.com.tr\/wp-content\/uploads\/2025\/04\/Organik-Tarim-Sertifikasi-1-1-600x841.png 600w\" sizes=\"auto, (max-width: 615px) 100vw, 615px\" \/><\/a><\/div><p class=\"w-post-elm post_title usg_post_title_1 has_text_color align_center entry-title color_link_inherit\">ORGAN\u0130K TARIM SERT\u0130F\u0130KASI<\/p><\/div>\t\t<\/div>\r\n\t<\/article>\r\n\t<article class=\"w-grid-item post-2610 attachment type-attachment status-inherit hentry\" data-id=\"2610\">\r\n\t\t<div class=\"w-grid-item-h\">\r\n\t\t\t\t\t\t\t<a class=\"w-grid-item-anchor\" href=\"https:\/\/butaassos.com.tr\/wp-content\/uploads\/2025\/04\/Organik-Tarim-Sertifikasi-2-1.png\" ref=\"magnificPopupGrid\" title=\"ORGAN\u0130K TARIM SERT\u0130F\u0130KASI\"><\/a>\r\n\t\t\t\t\t\t<div class=\"w-vwrapper usg_vwrapper_1 align_none valign_middle\" style=\"--vwrapper-gap:1.8rem\"><div class=\"w-post-elm post_image usg_post_image_1 has_ratio\"><div style=\"padding-bottom:133.3333%\"><\/div><a href=\"https:\/\/butaassos.com.tr\/wp-content\/uploads\/2025\/04\/Organik-Tarim-Sertifikasi-2-1.png\" ref=\"magnificPopup\" aria-label=\"ORGAN\u0130K TARIM SERT\u0130F\u0130KASI\"><img loading=\"lazy\" decoding=\"async\" width=\"615\" height=\"862\" src=\"https:\/\/butaassos.com.tr\/wp-content\/uploads\/2025\/04\/Organik-Tarim-Sertifikasi-2-1.png\" class=\"attachment-large size-large\" alt=\"\" srcset=\"https:\/\/butaassos.com.tr\/wp-content\/uploads\/2025\/04\/Organik-Tarim-Sertifikasi-2-1.png 615w, https:\/\/butaassos.com.tr\/wp-content\/uploads\/2025\/04\/Organik-Tarim-Sertifikasi-2-1-214x300.png 214w, https:\/\/butaassos.com.tr\/wp-content\/uploads\/2025\/04\/Organik-Tarim-Sertifikasi-2-1-171x240.png 171w, https:\/\/butaassos.com.tr\/wp-content\/uploads\/2025\/04\/Organik-Tarim-Sertifikasi-2-1-86x120.png 86w, https:\/\/butaassos.com.tr\/wp-content\/uploads\/2025\/04\/Organik-Tarim-Sertifikasi-2-1-143x200.png 143w, https:\/\/butaassos.com.tr\/wp-content\/uploads\/2025\/04\/Organik-Tarim-Sertifikasi-2-1-156x219.png 156w, https:\/\/butaassos.com.tr\/wp-content\/uploads\/2025\/04\/Organik-Tarim-Sertifikasi-2-1-600x841.png 600w\" sizes=\"auto, (max-width: 615px) 100vw, 615px\" \/><\/a><\/div><p class=\"w-post-elm post_title usg_post_title_1 has_text_color align_center entry-title color_link_inherit\">ORGAN\u0130K TARIM SERT\u0130F\u0130KASI<\/p><\/div>\t\t<\/div>\r\n\t<\/article>\r\n<\/div><div class=\"w-grid-preloader\"><div class=\"g-preloader type_1\">\r\n\t<div><\/div>\r\n<\/div>\r\n<\/div>\t<div class=\"w-grid-json hidden\" onclick='return {&quot;action&quot;:&quot;us_ajax_grid&quot;,&quot;ajax_url&quot;:&quot;https:\\\/\\\/butaassos.com.tr\\\/wp-admin\\\/admin-ajax.php&quot;,&quot;infinite_scroll&quot;:0,&quot;max_num_pages&quot;:1,&quot;pagination&quot;:&quot;none&quot;,&quot;permalink_url&quot;:&quot;https:\\\/\\\/butaassos.com.tr\\\/en\\\/wp-json\\\/wp\\\/v2\\\/pages\\\/2593&quot;,&quot;template_vars&quot;:{&quot;columns&quot;:&quot;2&quot;,&quot;exclude_items&quot;:&quot;none&quot;,&quot;img_size&quot;:&quot;default&quot;,&quot;ignore_items_size&quot;:0,&quot;items_layout&quot;:&quot;3032&quot;,&quot;items_offset&quot;:&quot;1&quot;,&quot;load_animation&quot;:&quot;none&quot;,&quot;overriding_link&quot;:&quot;popup_post_image&quot;,&quot;post_id&quot;:0,&quot;query_args&quot;:{&quot;post_type&quot;:[&quot;attachment&quot;],&quot;post__in&quot;:[&quot;2594&quot;,&quot;2604&quot;,&quot;2609&quot;,&quot;2610&quot;],&quot;post_status&quot;:&quot;inherit&quot;,&quot;post_mime_type&quot;:&quot;image&quot;,&quot;posts_per_page&quot;:&quot;4&quot;},&quot;orderby_query_args&quot;:{&quot;orderby&quot;:{&quot;post__in&quot;:&quot;ASC&quot;},&quot;order&quot;:&quot;ASC&quot;},&quot;type&quot;:&quot;grid&quot;,&quot;us_grid_ajax_index&quot;:1,&quot;us_grid_filter_params&quot;:null,&quot;us_grid_index&quot;:1,&quot;_us_grid_post_type&quot;:&quot;attachment&quot;,&quot;page_args&quot;:[]}}'><\/div>\r\n\t<\/div><div class=\"w-separator size_large\"><\/div><\/div><\/div><\/div><\/div><\/section>","protected":false},"excerpt":{"rendered":"","protected":false},"author":1,"featured_media":0,"parent":0,"menu_order":0,"comment_status":"closed","ping_status":"closed","template":"","meta":{"footnotes":""},"class_list":["post-2593","page","type-page","status-publish","hentry"],"yoast_head":"<!-- This site is optimized with the Yoast SEO plugin v23.8 - https:\/\/yoast.com\/wordpress\/plugins\/seo\/ -->\n<title>Sertifikalar\u0131m\u0131z - Buta Assos<\/title>\n<meta name=\"robots\" content=\"index, follow, max-snippet:-1, max-image-preview:large, max-video-preview:-1\" \/>\n<link rel=\"canonical\" href=\"https:\/\/butaassos.com.tr\/en\/sertifikalarimiz\/\" \/>\n<meta property=\"og:locale\" content=\"en_US\" \/>\n<meta property=\"og:type\" content=\"article\" \/>\n<meta property=\"og:title\" content=\"Sertifikalar\u0131m\u0131z - Buta Assos\" \/>\n<meta property=\"og:url\" content=\"https:\/\/butaassos.com.tr\/en\/sertifikalarimiz\/\" \/>\n<meta property=\"og:site_name\" content=\"Buta Assos\" \/>\n<meta property=\"article:modified_time\" content=\"2025-04-26T09:01:52+00:00\" \/>\n<meta property=\"og:image\" content=\"https:\/\/butaassos.com.tr\/wp-content\/uploads\/2025\/04\/BUTA-ASSOS-LOGO.jpg\" \/>\n\t<meta property=\"og:image:width\" content=\"500\" \/>\n\t<meta property=\"og:image:height\" content=\"500\" \/>\n\t<meta property=\"og:image:type\" content=\"image\/jpeg\" \/>\n<meta name=\"twitter:card\" content=\"summary_large_image\" \/>\n<meta name=\"twitter:label1\" content=\"Est. reading time\" \/>\n\t<meta name=\"twitter:data1\" content=\"3 minutes\" \/>\n<script type=\"application\/ld+json\" class=\"yoast-schema-graph\">{\"@context\":\"https:\/\/schema.org\",\"@graph\":[{\"@type\":\"WebPage\",\"@id\":\"https:\/\/butaassos.com.tr\/sertifikalarimiz\/\",\"url\":\"https:\/\/butaassos.com.tr\/sertifikalarimiz\/\",\"name\":\"Sertifikalar\u0131m\u0131z - Buta Assos\",\"isPartOf\":{\"@id\":\"https:\/\/butaassos.com.tr\/#website\"},\"datePublished\":\"2025-04-04T10:04:45+00:00\",\"dateModified\":\"2025-04-26T09:01:52+00:00\",\"breadcrumb\":{\"@id\":\"https:\/\/butaassos.com.tr\/sertifikalarimiz\/#breadcrumb\"},\"inLanguage\":\"en-US\",\"potentialAction\":[{\"@type\":\"ReadAction\",\"target\":[\"https:\/\/butaassos.com.tr\/sertifikalarimiz\/\"]}]},{\"@type\":\"BreadcrumbList\",\"@id\":\"https:\/\/butaassos.com.tr\/sertifikalarimiz\/#breadcrumb\",\"itemListElement\":[{\"@type\":\"ListItem\",\"position\":1,\"name\":\"Anasayfa\",\"item\":\"https:\/\/butaassos.com.tr\/\"},{\"@type\":\"ListItem\",\"position\":2,\"name\":\"Sertifikalar\u0131m\u0131z\"}]},{\"@type\":\"WebSite\",\"@id\":\"https:\/\/butaassos.com.tr\/#website\",\"url\":\"https:\/\/butaassos.com.tr\/\",\"name\":\"Buta Assos\",\"description\":\"\",\"publisher\":{\"@id\":\"https:\/\/butaassos.com.tr\/#organization\"},\"potentialAction\":[{\"@type\":\"SearchAction\",\"target\":{\"@type\":\"EntryPoint\",\"urlTemplate\":\"https:\/\/butaassos.com.tr\/?s={search_term_string}\"},\"query-input\":{\"@type\":\"PropertyValueSpecification\",\"valueRequired\":true,\"valueName\":\"search_term_string\"}}],\"inLanguage\":\"en-US\"},{\"@type\":\"Organization\",\"@id\":\"https:\/\/butaassos.com.tr\/#organization\",\"name\":\"Buta Assos\",\"url\":\"https:\/\/butaassos.com.tr\/\",\"logo\":{\"@type\":\"ImageObject\",\"inLanguage\":\"en-US\",\"@id\":\"https:\/\/butaassos.com.tr\/#\/schema\/logo\/image\/\",\"url\":\"https:\/\/butaassos.com.tr\/wp-content\/uploads\/2024\/01\/butaassosicon.png\",\"contentUrl\":\"https:\/\/butaassos.com.tr\/wp-content\/uploads\/2024\/01\/butaassosicon.png\",\"width\":512,\"height\":512,\"caption\":\"Buta Assos\"},\"image\":{\"@id\":\"https:\/\/butaassos.com.tr\/#\/schema\/logo\/image\/\"}}]}<\/script>\n<!-- \/ Yoast SEO plugin. -->","yoast_head_json":{"title":"Sertifikalar\u0131m\u0131z - Buta Assos","robots":{"index":"index","follow":"follow","max-snippet":"max-snippet:-1","max-image-preview":"max-image-preview:large","max-video-preview":"max-video-preview:-1"},"canonical":"https:\/\/butaassos.com.tr\/en\/sertifikalarimiz\/","og_locale":"en_US","og_type":"article","og_title":"Sertifikalar\u0131m\u0131z - Buta Assos","og_url":"https:\/\/butaassos.com.tr\/en\/sertifikalarimiz\/","og_site_name":"Buta Assos","article_modified_time":"2025-04-26T09:01:52+00:00","og_image":[{"width":500,"height":500,"url":"https:\/\/butaassos.com.tr\/wp-content\/uploads\/2025\/04\/BUTA-ASSOS-LOGO.jpg","type":"image\/jpeg"}],"twitter_card":"summary_large_image","twitter_misc":{"Est. reading time":"3 minutes"},"schema":{"@context":"https:\/\/schema.org","@graph":[{"@type":"WebPage","@id":"https:\/\/butaassos.com.tr\/sertifikalarimiz\/","url":"https:\/\/butaassos.com.tr\/sertifikalarimiz\/","name":"Sertifikalar\u0131m\u0131z - Buta Assos","isPartOf":{"@id":"https:\/\/butaassos.com.tr\/#website"},"datePublished":"2025-04-04T10:04:45+00:00","dateModified":"2025-04-26T09:01:52+00:00","breadcrumb":{"@id":"https:\/\/butaassos.com.tr\/sertifikalarimiz\/#breadcrumb"},"inLanguage":"en-US","potentialAction":[{"@type":"ReadAction","target":["https:\/\/butaassos.com.tr\/sertifikalarimiz\/"]}]},{"@type":"BreadcrumbList","@id":"https:\/\/butaassos.com.tr\/sertifikalarimiz\/#breadcrumb","itemListElement":[{"@type":"ListItem","position":1,"name":"Anasayfa","item":"https:\/\/butaassos.com.tr\/"},{"@type":"ListItem","position":2,"name":"Sertifikalar\u0131m\u0131z"}]},{"@type":"WebSite","@id":"https:\/\/butaassos.com.tr\/#website","url":"https:\/\/butaassos.com.tr\/","name":"Buta Assos","description":"","publisher":{"@id":"https:\/\/butaassos.com.tr\/#organization"},"potentialAction":[{"@type":"SearchAction","target":{"@type":"EntryPoint","urlTemplate":"https:\/\/butaassos.com.tr\/?s={search_term_string}"},"query-input":{"@type":"PropertyValueSpecification","valueRequired":true,"valueName":"search_term_string"}}],"inLanguage":"en-US"},{"@type":"Organization","@id":"https:\/\/butaassos.com.tr\/#organization","name":"Buta Assos","url":"https:\/\/butaassos.com.tr\/","logo":{"@type":"ImageObject","inLanguage":"en-US","@id":"https:\/\/butaassos.com.tr\/#\/schema\/logo\/image\/","url":"https:\/\/butaassos.com.tr\/wp-content\/uploads\/2024\/01\/butaassosicon.png","contentUrl":"https:\/\/butaassos.com.tr\/wp-content\/uploads\/2024\/01\/butaassosicon.png","width":512,"height":512,"caption":"Buta Assos"},"image":{"@id":"https:\/\/butaassos.com.tr\/#\/schema\/logo\/image\/"}}]}},"_links":{"self":[{"href":"https:\/\/butaassos.com.tr\/en\/wp-json\/wp\/v2\/pages\/2593","targetHints":{"allow":["GET"]}}],"collection":[{"href":"https:\/\/butaassos.com.tr\/en\/wp-json\/wp\/v2\/pages"}],"about":[{"href":"https:\/\/butaassos.com.tr\/en\/wp-json\/wp\/v2\/types\/page"}],"author":[{"embeddable":true,"href":"https:\/\/butaassos.com.tr\/en\/wp-json\/wp\/v2\/users\/1"}],"replies":[{"embeddable":true,"href":"https:\/\/butaassos.com.tr\/en\/wp-json\/wp\/v2\/comments?post=2593"}],"version-history":[{"count":36,"href":"https:\/\/butaassos.com.tr\/en\/wp-json\/wp\/v2\/pages\/2593\/revisions"}],"predecessor-version":[{"id":2598,"href":"https:\/\/butaassos.com.tr\/en\/wp-json\/wp\/v2\/pages\/2593\/revisions\/2598"}],"wp:attachment":[{"href":"https:\/\/butaassos.com.tr\/en\/wp-json\/wp\/v2\/media?parent=2593"}],"curies":[{"name":"wp","href":"https:\/\/api.w.org\/{rel}","templated":true}]}}