{"id":2502,"date":"2025-04-03T20:37:38","date_gmt":"2025-04-03T17:37:38","guid":{"rendered":"https:\/\/butaassos.com.tr\/?page_id=2502"},"modified":"2025-04-26T11:24:26","modified_gmt":"2025-04-26T08:24:26","slug":"biz-kimiz","status":"publish","type":"page","link":"https:\/\/butaassos.com.tr\/en\/biz-kimiz\/","title":{"rendered":"About"},"content":{"rendered":"<section class=\"l-section wpb_row height_small\"><div class=\"l-section-overlay\" style=\"background:#ffffff\"><\/div><div class=\"l-section-h i-cf\"><div class=\"g-cols vc_row via_grid cols_1 laptops-cols_inherit tablets-cols_inherit mobiles-cols_1 valign_top type_default stacking_default\"><div class=\"wpb_column vc_column_container\"><div class=\"vc_column-inner\"><\/div><\/div><\/div><\/div><\/section><section class=\"l-section wpb_row us_custom_8efbbe1b height_small width_full\"><div class=\"l-section-overlay\" style=\"background:#F2EDE3\"><\/div><div class=\"l-section-h i-cf\"><div class=\"g-cols vc_row via_grid cols_2-1 laptops-cols_inherit tablets-cols_inherit mobiles-cols_1 valign_bottom type_default stacking_default\" style=\"grid-gap:1rem;\"><div class=\"wpb_column vc_column_container\"><div class=\"vc_column-inner\"><div class=\"w-image small-image align_none\"><div class=\"w-image-h\"><img loading=\"lazy\" decoding=\"async\" width=\"1200\" height=\"600\" src=\"https:\/\/butaassos.com.tr\/wp-content\/uploads\/2025\/04\/4.-Anasayfa-Ekolojik-Uretim-2.png\" class=\"attachment-full size-full\" alt=\"\" srcset=\"https:\/\/butaassos.com.tr\/wp-content\/uploads\/2025\/04\/4.-Anasayfa-Ekolojik-Uretim-2.png 1200w, https:\/\/butaassos.com.tr\/wp-content\/uploads\/2025\/04\/4.-Anasayfa-Ekolojik-Uretim-2-300x150.png 300w, https:\/\/butaassos.com.tr\/wp-content\/uploads\/2025\/04\/4.-Anasayfa-Ekolojik-Uretim-2-1024x512.png 1024w, https:\/\/butaassos.com.tr\/wp-content\/uploads\/2025\/04\/4.-Anasayfa-Ekolojik-Uretim-2-240x120.png 240w, https:\/\/butaassos.com.tr\/wp-content\/uploads\/2025\/04\/4.-Anasayfa-Ekolojik-Uretim-2-120x60.png 120w, https:\/\/butaassos.com.tr\/wp-content\/uploads\/2025\/04\/4.-Anasayfa-Ekolojik-Uretim-2-200x100.png 200w, https:\/\/butaassos.com.tr\/wp-content\/uploads\/2025\/04\/4.-Anasayfa-Ekolojik-Uretim-2-156x78.png 156w, https:\/\/butaassos.com.tr\/wp-content\/uploads\/2025\/04\/4.-Anasayfa-Ekolojik-Uretim-2-600x300.png 600w\" sizes=\"auto, (max-width: 1200px) 100vw, 1200px\" \/><\/div><\/div><\/div><\/div><div class=\"wpb_column vc_column_container us_custom_279c33f1\"><div class=\"vc_column-inner\"><div class=\"wpb_text_column us_custom_88861d58 has_text_color\"><div class=\"wpb_wrapper\"><p><em style=\"font-weight: 300;\">Olive Oil<\/em> for Health<\/p>\n<\/div><\/div><div class=\"w-separator size_medium\"><\/div><div class=\"wpb_text_column us_custom_4142983c has_text_color\"><div class=\"wpb_wrapper\"><p>At Buta Assos, we embarked on our journey<br \/>\nwith the philosophy of \u201cOlive Oil for\nHealth.\u201d<br \/>Founded under the guidance of<br \/>\n<strong>Nurlan Yusifov<\/strong>in Assos, \u00c7anakkale,<br \/>\nour project\nwas built on a commitment to<br \/>\nproducing with respect for both<br \/>\nnature and people. Operating with a zero-waste principle, we carefully manage every stage<br \/>\n\u2014 from\ncultivating the olives to<br \/>\nbringing them to your table.<br \/>\nOur goal is not merely to\nproduce olive oil,<br \/>\nbut to create a healthy, natural,<br \/>\nand ecologically balanced<br \/>\nproduction process.<\/p>\n<\/div><\/div><\/div><\/div><\/div><\/div><\/section><section class=\"l-section wpb_row us_custom_f9943cd2 height_small width_full\"><div class=\"l-section-overlay\" style=\"background:#ffffff\"><\/div><div class=\"l-section-h i-cf\"><div class=\"g-cols vc_row via_grid cols_1-2 laptops-cols_inherit tablets-cols_inherit mobiles-cols_1 valign_bottom type_default stacking_default\" style=\"grid-gap:1rem;\"><div class=\"wpb_column vc_column_container us_custom_31fa5f89\"><div class=\"vc_column-inner\"><div class=\"wpb_text_column us_custom_88861d58 has_text_color\"><div class=\"wpb_wrapper\"><p style=\"text-align: right;\"><em style=\"font-weight: 300;\">We Harvest<\/em> with Care<\/p>\n<\/div><\/div><div class=\"w-separator size_medium\"><\/div><div class=\"wpb_text_column us_custom_4142983c has_text_color\"><div class=\"wpb_wrapper\"><p style=\"text-align: right;\">Our production facility is located right beside<br \/>\nour olive groves \u2014 surrounded by\nnature.<br \/>\nThis allows us to process the olives immediately<br \/>\nafter they are handpicked,\nensuring the<br \/>\nhighest possible quality and freshness.<br \/>\nWe harvest our olives early in the season by hand<br \/>\nand without letting them\ntouch the ground.<br \/>\nThe olives are brought to our facility<br \/>\nthe very same day and\nprocessed without delay,<br \/>\npreserving their natural vitality.<\/p>\n<\/div><\/div><\/div><\/div><div class=\"wpb_column vc_column_container\"><div class=\"vc_column-inner\"><div class=\"w-image small-image align_right\"><div class=\"w-image-h\"><img loading=\"lazy\" decoding=\"async\" width=\"2400\" height=\"1200\" src=\"https:\/\/butaassos.com.tr\/wp-content\/uploads\/2025\/04\/Web-gorsel-2-1.jpg\" class=\"attachment-full size-full\" alt=\"\" srcset=\"https:\/\/butaassos.com.tr\/wp-content\/uploads\/2025\/04\/Web-gorsel-2-1.jpg 2400w, https:\/\/butaassos.com.tr\/wp-content\/uploads\/2025\/04\/Web-gorsel-2-1-300x150.jpg 300w, https:\/\/butaassos.com.tr\/wp-content\/uploads\/2025\/04\/Web-gorsel-2-1-1024x512.jpg 1024w, https:\/\/butaassos.com.tr\/wp-content\/uploads\/2025\/04\/Web-gorsel-2-1-18x9.jpg 18w, https:\/\/butaassos.com.tr\/wp-content\/uploads\/2025\/04\/Web-gorsel-2-1-240x120.jpg 240w, https:\/\/butaassos.com.tr\/wp-content\/uploads\/2025\/04\/Web-gorsel-2-1-120x60.jpg 120w, https:\/\/butaassos.com.tr\/wp-content\/uploads\/2025\/04\/Web-gorsel-2-1-200x100.jpg 200w, https:\/\/butaassos.com.tr\/wp-content\/uploads\/2025\/04\/Web-gorsel-2-1-156x78.jpg 156w, https:\/\/butaassos.com.tr\/wp-content\/uploads\/2025\/04\/Web-gorsel-2-1-600x300.jpg 600w\" sizes=\"auto, (max-width: 2400px) 100vw, 2400px\" \/><\/div><\/div><\/div><\/div><\/div><\/div><\/section><section class=\"l-section wpb_row us_custom_8efbbe1b height_small width_full\"><div class=\"l-section-overlay\" style=\"background:#F2EDE3\"><\/div><div class=\"l-section-h i-cf\"><div class=\"g-cols vc_row via_grid cols_2-1 laptops-cols_inherit tablets-cols_inherit mobiles-cols_1 valign_bottom type_default stacking_default\" style=\"grid-gap:1rem;\"><div class=\"wpb_column vc_column_container\"><div class=\"vc_column-inner\"><div class=\"w-image small-image align_none\"><div class=\"w-image-h\"><img loading=\"lazy\" decoding=\"async\" width=\"1200\" height=\"600\" src=\"https:\/\/butaassos.com.tr\/wp-content\/uploads\/2025\/04\/10.-Hakkimizda-Soguk-sikim-teknolojisi-1-2.png\" class=\"attachment-full size-full\" alt=\"\" srcset=\"https:\/\/butaassos.com.tr\/wp-content\/uploads\/2025\/04\/10.-Hakkimizda-Soguk-sikim-teknolojisi-1-2.png 1200w, https:\/\/butaassos.com.tr\/wp-content\/uploads\/2025\/04\/10.-Hakkimizda-Soguk-sikim-teknolojisi-1-2-300x150.png 300w, https:\/\/butaassos.com.tr\/wp-content\/uploads\/2025\/04\/10.-Hakkimizda-Soguk-sikim-teknolojisi-1-2-1024x512.png 1024w, https:\/\/butaassos.com.tr\/wp-content\/uploads\/2025\/04\/10.-Hakkimizda-Soguk-sikim-teknolojisi-1-2-240x120.png 240w, https:\/\/butaassos.com.tr\/wp-content\/uploads\/2025\/04\/10.-Hakkimizda-Soguk-sikim-teknolojisi-1-2-120x60.png 120w, https:\/\/butaassos.com.tr\/wp-content\/uploads\/2025\/04\/10.-Hakkimizda-Soguk-sikim-teknolojisi-1-2-200x100.png 200w, https:\/\/butaassos.com.tr\/wp-content\/uploads\/2025\/04\/10.-Hakkimizda-Soguk-sikim-teknolojisi-1-2-156x78.png 156w, https:\/\/butaassos.com.tr\/wp-content\/uploads\/2025\/04\/10.-Hakkimizda-Soguk-sikim-teknolojisi-1-2-600x300.png 600w\" sizes=\"auto, (max-width: 1200px) 100vw, 1200px\" \/><\/div><\/div><\/div><\/div><div class=\"wpb_column vc_column_container us_custom_279c33f1\"><div class=\"vc_column-inner\"><div class=\"wpb_text_column us_custom_88861d58 has_text_color\"><div class=\"wpb_wrapper\"><p><i style=\"font-weight: 300;\">Cold Press <\/i>Technology<\/p>\n<\/div><\/div><div class=\"w-separator size_medium\"><\/div><div class=\"wpb_text_column us_custom_07deda1d has_text_color\"><div class=\"wpb_wrapper\"><p>One of the most crucial stages of our production<br \/>\nprocess is cold press\ntechnology.<br \/>\nWe use Mori-Tem, one of the world\u2019s most<br \/>\nadvanced systems, imported directly from Italy.<br \/>\nFirst, we wash our olives with cold water<br \/>\nand bring them to the ideal temperature for processing.<br \/>\nThen, they are crushed into a fine paste<br \/>\nand gently kneaded in vertical malaxers.<br \/>\nThis process preserves the natural aroma<br \/>\nand high polyphenol content of our olive oil,<br \/>\nmaintaining the most valuable compounds<br \/>\nfor human health.<\/p>\n<\/div><\/div><\/div><\/div><\/div><\/div><\/section><section class=\"l-section wpb_row us_custom_f9943cd2 height_small width_full\"><div class=\"l-section-overlay\" style=\"background:#ffffff\"><\/div><div class=\"l-section-h i-cf\"><div class=\"g-cols vc_row via_grid cols_1-2 laptops-cols_inherit tablets-cols_inherit mobiles-cols_1 valign_bottom type_default stacking_default\" style=\"grid-gap:1rem;\"><div class=\"wpb_column vc_column_container us_custom_31fa5f89\"><div class=\"vc_column-inner\"><div class=\"wpb_text_column us_custom_88861d58 has_text_color\"><div class=\"wpb_wrapper\"><p style=\"text-align: right;\" class=\"translation-block\">We Preserve <em style=\"font-weight: 300\">Freshness<\/em><\/p>\n<p style=\"text-align: right;\">and <em style=\"font-weight: 300\">Quality<\/em><\/p>\n<\/div><\/div><div class=\"w-separator size_medium\"><\/div><div class=\"wpb_text_column us_custom_74a14b93 has_text_color\"><div class=\"wpb_wrapper\"><p style=\"text-align: right;\">After extraction, our olive oil is passed through<br \/>\na cellulosic paper filter<br \/>\nto remove\nany remaining sediments.<br \/>\nThis process extends the shelf life of the olive oil<br \/>\nwhile maintaining its purity.\nThe filtered olive<br \/>\noil is then transferred into stainless steel tanks,<br \/>\nwhere we add a\nprotective layer of argon gas<br \/>\nto prevent contact with air.<br \/>\nBy storing it at a controlled temperature of 16\u201318\u00b0C<br \/>we ensure that our olive oil\nretains its<br \/>\noriginal freshness and quality over time.<\/p>\n<\/div><\/div><\/div><\/div><div class=\"wpb_column vc_column_container\"><div class=\"vc_column-inner\"><div class=\"w-image small-image align_right\"><div class=\"w-image-h\"><img loading=\"lazy\" decoding=\"async\" width=\"1200\" height=\"600\" src=\"https:\/\/butaassos.com.tr\/wp-content\/uploads\/2025\/04\/Untitled-18-1.png\" class=\"attachment-full size-full\" alt=\"\" srcset=\"https:\/\/butaassos.com.tr\/wp-content\/uploads\/2025\/04\/Untitled-18-1.png 1200w, https:\/\/butaassos.com.tr\/wp-content\/uploads\/2025\/04\/Untitled-18-1-300x150.png 300w, https:\/\/butaassos.com.tr\/wp-content\/uploads\/2025\/04\/Untitled-18-1-1024x512.png 1024w, https:\/\/butaassos.com.tr\/wp-content\/uploads\/2025\/04\/Untitled-18-1-240x120.png 240w, https:\/\/butaassos.com.tr\/wp-content\/uploads\/2025\/04\/Untitled-18-1-120x60.png 120w, https:\/\/butaassos.com.tr\/wp-content\/uploads\/2025\/04\/Untitled-18-1-200x100.png 200w, https:\/\/butaassos.com.tr\/wp-content\/uploads\/2025\/04\/Untitled-18-1-156x78.png 156w, https:\/\/butaassos.com.tr\/wp-content\/uploads\/2025\/04\/Untitled-18-1-600x300.png 600w\" sizes=\"auto, (max-width: 1200px) 100vw, 1200px\" \/><\/div><\/div><\/div><\/div><\/div><\/div><\/section><section class=\"l-section wpb_row us_custom_8efbbe1b height_small width_full\"><div class=\"l-section-overlay\" style=\"background:#F2EDE3\"><\/div><div class=\"l-section-h i-cf\"><div class=\"g-cols vc_row via_grid cols_2-1 laptops-cols_inherit tablets-cols_inherit mobiles-cols_1 valign_bottom type_default stacking_default\" style=\"grid-gap:1rem;\"><div class=\"wpb_column vc_column_container\"><div class=\"vc_column-inner\"><div class=\"w-image small-image align_left\"><div class=\"w-image-h\"><img loading=\"lazy\" decoding=\"async\" width=\"1024\" height=\"512\" src=\"https:\/\/butaassos.com.tr\/wp-content\/uploads\/2025\/04\/11.-Hakkimizda-Her-damlasi-siparisinize-ozel-1-1-1024x512.png\" class=\"attachment-large size-large\" alt=\"\" srcset=\"https:\/\/butaassos.com.tr\/wp-content\/uploads\/2025\/04\/11.-Hakkimizda-Her-damlasi-siparisinize-ozel-1-1-1024x512.png 1024w, https:\/\/butaassos.com.tr\/wp-content\/uploads\/2025\/04\/11.-Hakkimizda-Her-damlasi-siparisinize-ozel-1-1-300x150.png 300w, https:\/\/butaassos.com.tr\/wp-content\/uploads\/2025\/04\/11.-Hakkimizda-Her-damlasi-siparisinize-ozel-1-1-240x120.png 240w, https:\/\/butaassos.com.tr\/wp-content\/uploads\/2025\/04\/11.-Hakkimizda-Her-damlasi-siparisinize-ozel-1-1-120x60.png 120w, https:\/\/butaassos.com.tr\/wp-content\/uploads\/2025\/04\/11.-Hakkimizda-Her-damlasi-siparisinize-ozel-1-1-200x100.png 200w, https:\/\/butaassos.com.tr\/wp-content\/uploads\/2025\/04\/11.-Hakkimizda-Her-damlasi-siparisinize-ozel-1-1-156x78.png 156w, https:\/\/butaassos.com.tr\/wp-content\/uploads\/2025\/04\/11.-Hakkimizda-Her-damlasi-siparisinize-ozel-1-1-600x300.png 600w, https:\/\/butaassos.com.tr\/wp-content\/uploads\/2025\/04\/11.-Hakkimizda-Her-damlasi-siparisinize-ozel-1-1.png 1200w\" sizes=\"auto, (max-width: 1024px) 100vw, 1024px\" \/><\/div><\/div><\/div><\/div><div class=\"wpb_column vc_column_container us_custom_279c33f1\"><div class=\"vc_column-inner\"><div class=\"wpb_text_column us_custom_88861d58 has_text_color\"><div class=\"wpb_wrapper\"><p>Every Drop is Bottled<\/p>\n<p class=\"translation-block\"><em style=\"font-weight: 300\">Especially<\/em> for You<\/p>\n<\/div><\/div><div class=\"w-separator size_medium\"><\/div><div class=\"wpb_text_column us_custom_4142983c has_text_color\"><div class=\"wpb_wrapper\"><p>Upon receiving an order, we fill our olive oil<br \/>\ndirectly into dark glass bottles to\nprotect it<br \/>\nfrom light and preserve its natural qualities<br \/>\nBefore bottling, we flush each bottle with<br \/>\nnitrogen gas, ensuring both sterilization\nand<br \/>\nlasting freshness. This way, every bottle<br \/>\nthat reaches your table arrives in<br \/>\nits purest and most\nnatural form<br \/>\njust as it was crafted.<\/p>\n<\/div><\/div><\/div><\/div><\/div><\/div><\/section><section class=\"l-section wpb_row us_custom_f9943cd2 height_small width_full\"><div class=\"l-section-overlay\" style=\"background:#ffffff\"><\/div><div class=\"l-section-h i-cf\"><div class=\"g-cols vc_row via_grid cols_1-2 laptops-cols_inherit tablets-cols_inherit mobiles-cols_1 valign_bottom type_default stacking_default\" style=\"grid-gap:1rem;\"><div class=\"wpb_column vc_column_container us_custom_31fa5f89\"><div class=\"vc_column-inner\"><div class=\"wpb_text_column us_custom_88861d58 has_text_color\"><div class=\"wpb_wrapper\"><p style=\"text-align: right;\" class=\"translation-block\"><em style=\"font-weight: 300\">Eco-Conscious<\/em> and <em style=\"font-weight: 300\">Hygienic<\/em><\/p>\n<p style=\"text-align: right;\">Production Philosophy<\/p>\n<\/div><\/div><div class=\"w-separator size_medium\"><\/div><div class=\"wpb_text_column us_custom_4142983c has_text_color\"><div class=\"wpb_wrapper\"><p style=\"text-align: right;\">At Buta Assos, workplace safety and hygiene<br \/>\nare our top priorities.<br \/>\nWith deep respect for nature, we embrace a<br \/>\nzero-waste principle and maintain a<br \/>\nfully sustainable production philosophy.<br \/>\nAt every stage of our process, we prioritize<br \/>\nnaturalness and quality \u2014 working to<br \/>\nhonor and preserve the unique legacy<br \/>\nour lands have given us, <br \/>and to pass it on\nto future generations.<\/p>\n<\/div><\/div><\/div><\/div><div class=\"wpb_column vc_column_container\"><div class=\"vc_column-inner\"><div class=\"w-image small-image align_right\"><div class=\"w-image-h\"><img loading=\"lazy\" decoding=\"async\" width=\"1200\" height=\"600\" src=\"https:\/\/butaassos.com.tr\/wp-content\/uploads\/2025\/04\/12.-Hakkimizda-Cevreye-duyarli-hijyenik-uretim-anlayisi-1-1.png\" class=\"attachment-full size-full\" alt=\"\" srcset=\"https:\/\/butaassos.com.tr\/wp-content\/uploads\/2025\/04\/12.-Hakkimizda-Cevreye-duyarli-hijyenik-uretim-anlayisi-1-1.png 1200w, https:\/\/butaassos.com.tr\/wp-content\/uploads\/2025\/04\/12.-Hakkimizda-Cevreye-duyarli-hijyenik-uretim-anlayisi-1-1-300x150.png 300w, https:\/\/butaassos.com.tr\/wp-content\/uploads\/2025\/04\/12.-Hakkimizda-Cevreye-duyarli-hijyenik-uretim-anlayisi-1-1-1024x512.png 1024w, https:\/\/butaassos.com.tr\/wp-content\/uploads\/2025\/04\/12.-Hakkimizda-Cevreye-duyarli-hijyenik-uretim-anlayisi-1-1-240x120.png 240w, https:\/\/butaassos.com.tr\/wp-content\/uploads\/2025\/04\/12.-Hakkimizda-Cevreye-duyarli-hijyenik-uretim-anlayisi-1-1-120x60.png 120w, https:\/\/butaassos.com.tr\/wp-content\/uploads\/2025\/04\/12.-Hakkimizda-Cevreye-duyarli-hijyenik-uretim-anlayisi-1-1-200x100.png 200w, https:\/\/butaassos.com.tr\/wp-content\/uploads\/2025\/04\/12.-Hakkimizda-Cevreye-duyarli-hijyenik-uretim-anlayisi-1-1-156x78.png 156w, https:\/\/butaassos.com.tr\/wp-content\/uploads\/2025\/04\/12.-Hakkimizda-Cevreye-duyarli-hijyenik-uretim-anlayisi-1-1-600x300.png 600w\" sizes=\"auto, (max-width: 1200px) 100vw, 1200px\" \/><\/div><\/div><\/div><\/div><\/div><\/div><\/section><section class=\"l-section wpb_row us_custom_d1c71424 height_auto width_full\"><div class=\"l-section-h i-cf\"><div class=\"g-cols vc_row via_grid cols_1 laptops-cols_inherit tablets-cols_inherit mobiles-cols_1 valign_top type_default stacking_default\"><div class=\"wpb_column vc_column_container\"><div class=\"vc_column-inner\"><div class=\"w-image us_custom_8cdb7ab5 align_center\"><div class=\"w-image-h\"><img loading=\"lazy\" decoding=\"async\" width=\"1920\" height=\"1080\" src=\"https:\/\/butaassos.com.tr\/wp-content\/uploads\/2025\/04\/13.-Hakkimizda-1-Buta-Assos-butun-urunler-1-1-1.png\" class=\"attachment-full size-full\" alt=\"\" srcset=\"https:\/\/butaassos.com.tr\/wp-content\/uploads\/2025\/04\/13.-Hakkimizda-1-Buta-Assos-butun-urunler-1-1-1.png 1920w, https:\/\/butaassos.com.tr\/wp-content\/uploads\/2025\/04\/13.-Hakkimizda-1-Buta-Assos-butun-urunler-1-1-1-300x169.png 300w, https:\/\/butaassos.com.tr\/wp-content\/uploads\/2025\/04\/13.-Hakkimizda-1-Buta-Assos-butun-urunler-1-1-1-1024x576.png 1024w, https:\/\/butaassos.com.tr\/wp-content\/uploads\/2025\/04\/13.-Hakkimizda-1-Buta-Assos-butun-urunler-1-1-1-240x135.png 240w, https:\/\/butaassos.com.tr\/wp-content\/uploads\/2025\/04\/13.-Hakkimizda-1-Buta-Assos-butun-urunler-1-1-1-120x68.png 120w, https:\/\/butaassos.com.tr\/wp-content\/uploads\/2025\/04\/13.-Hakkimizda-1-Buta-Assos-butun-urunler-1-1-1-200x113.png 200w, https:\/\/butaassos.com.tr\/wp-content\/uploads\/2025\/04\/13.-Hakkimizda-1-Buta-Assos-butun-urunler-1-1-1-156x88.png 156w, https:\/\/butaassos.com.tr\/wp-content\/uploads\/2025\/04\/13.-Hakkimizda-1-Buta-Assos-butun-urunler-1-1-1-600x338.png 600w\" sizes=\"auto, (max-width: 1920px) 100vw, 1920px\" \/><\/div><\/div><\/div><\/div><\/div><\/div><\/section>","protected":false},"excerpt":{"rendered":"Sa\u011fl\u0131k i\u00e7in zeytinya\u011f\u0131 Buta Assos olarak &#8220;Sa\u011fl\u0131k i\u00e7in zeytinya\u011f\u0131&#8221; anlay\u0131\u015f\u0131yla yola \u00e7\u0131kt\u0131k. Kurucumuz Nurlan Yusifov&#8216;un \u00f6nc\u00fcl\u00fc\u011f\u00fcnde \u00c7anakkale Assos&#8217;ta hayata ge\u00e7irilen bu proje, do\u011faya ve insana sayg\u0131l\u0131 \u00fcretim yapma hedefiyle \u015fekillendi. S\u0131f\u0131r at\u0131k prensibiyle \u00e7al\u0131\u015farak, zeytinlerin yeti\u015ftirilmesinden sofralara ula\u015fmas\u0131na kadar her a\u015famada titizlikle hareket ediyoruz. Amac\u0131m\u0131z sadece bir zeytinya\u011f\u0131 \u00fcreticisi olmak de\u011fil, sa\u011fl\u0131kl\u0131, do\u011fal ve ekolojik...","protected":false},"author":1,"featured_media":0,"parent":0,"menu_order":0,"comment_status":"closed","ping_status":"closed","template":"","meta":{"footnotes":""},"class_list":["post-2502","page","type-page","status-publish","hentry"],"yoast_head":"<!-- This site is optimized with the Yoast SEO plugin v23.8 - https:\/\/yoast.com\/wordpress\/plugins\/seo\/ -->\n<title>Hakk\u0131m\u0131zda - Buta Assos<\/title>\n<meta name=\"robots\" content=\"index, follow, max-snippet:-1, max-image-preview:large, max-video-preview:-1\" \/>\n<link rel=\"canonical\" href=\"https:\/\/butaassos.com.tr\/en\/biz-kimiz\/\" \/>\n<meta property=\"og:locale\" content=\"en_US\" \/>\n<meta property=\"og:type\" content=\"article\" \/>\n<meta property=\"og:title\" content=\"Hakk\u0131m\u0131zda - Buta Assos\" \/>\n<meta property=\"og:url\" content=\"https:\/\/butaassos.com.tr\/en\/biz-kimiz\/\" \/>\n<meta property=\"og:site_name\" content=\"Buta Assos\" \/>\n<meta property=\"article:modified_time\" content=\"2025-04-26T08:24:26+00:00\" \/>\n<meta property=\"og:image\" content=\"https:\/\/butaassos.com.tr\/wp-content\/uploads\/2025\/04\/BUTA-ASSOS-LOGO.jpg\" \/>\n\t<meta property=\"og:image:width\" content=\"500\" \/>\n\t<meta property=\"og:image:height\" content=\"500\" \/>\n\t<meta property=\"og:image:type\" content=\"image\/jpeg\" \/>\n<meta name=\"twitter:card\" content=\"summary_large_image\" \/>\n<meta name=\"twitter:label1\" content=\"Est. reading time\" \/>\n\t<meta name=\"twitter:data1\" content=\"3 minutes\" \/>\n<script type=\"application\/ld+json\" class=\"yoast-schema-graph\">{\"@context\":\"https:\/\/schema.org\",\"@graph\":[{\"@type\":\"WebPage\",\"@id\":\"https:\/\/butaassos.com.tr\/biz-kimiz\/\",\"url\":\"https:\/\/butaassos.com.tr\/biz-kimiz\/\",\"name\":\"Hakk\u0131m\u0131zda - Buta Assos\",\"isPartOf\":{\"@id\":\"https:\/\/butaassos.com.tr\/#website\"},\"datePublished\":\"2025-04-03T17:37:38+00:00\",\"dateModified\":\"2025-04-26T08:24:26+00:00\",\"breadcrumb\":{\"@id\":\"https:\/\/butaassos.com.tr\/biz-kimiz\/#breadcrumb\"},\"inLanguage\":\"en-US\",\"potentialAction\":[{\"@type\":\"ReadAction\",\"target\":[\"https:\/\/butaassos.com.tr\/biz-kimiz\/\"]}]},{\"@type\":\"BreadcrumbList\",\"@id\":\"https:\/\/butaassos.com.tr\/biz-kimiz\/#breadcrumb\",\"itemListElement\":[{\"@type\":\"ListItem\",\"position\":1,\"name\":\"Anasayfa\",\"item\":\"https:\/\/butaassos.com.tr\/\"},{\"@type\":\"ListItem\",\"position\":2,\"name\":\"Hakk\u0131m\u0131zda\"}]},{\"@type\":\"WebSite\",\"@id\":\"https:\/\/butaassos.com.tr\/#website\",\"url\":\"https:\/\/butaassos.com.tr\/\",\"name\":\"Buta Assos\",\"description\":\"\",\"publisher\":{\"@id\":\"https:\/\/butaassos.com.tr\/#organization\"},\"potentialAction\":[{\"@type\":\"SearchAction\",\"target\":{\"@type\":\"EntryPoint\",\"urlTemplate\":\"https:\/\/butaassos.com.tr\/?s={search_term_string}\"},\"query-input\":{\"@type\":\"PropertyValueSpecification\",\"valueRequired\":true,\"valueName\":\"search_term_string\"}}],\"inLanguage\":\"en-US\"},{\"@type\":\"Organization\",\"@id\":\"https:\/\/butaassos.com.tr\/#organization\",\"name\":\"Buta Assos\",\"url\":\"https:\/\/butaassos.com.tr\/\",\"logo\":{\"@type\":\"ImageObject\",\"inLanguage\":\"en-US\",\"@id\":\"https:\/\/butaassos.com.tr\/#\/schema\/logo\/image\/\",\"url\":\"https:\/\/butaassos.com.tr\/wp-content\/uploads\/2024\/01\/butaassosicon.png\",\"contentUrl\":\"https:\/\/butaassos.com.tr\/wp-content\/uploads\/2024\/01\/butaassosicon.png\",\"width\":512,\"height\":512,\"caption\":\"Buta Assos\"},\"image\":{\"@id\":\"https:\/\/butaassos.com.tr\/#\/schema\/logo\/image\/\"}}]}<\/script>\n<!-- \/ Yoast SEO plugin. -->","yoast_head_json":{"title":"Hakk\u0131m\u0131zda - Buta Assos","robots":{"index":"index","follow":"follow","max-snippet":"max-snippet:-1","max-image-preview":"max-image-preview:large","max-video-preview":"max-video-preview:-1"},"canonical":"https:\/\/butaassos.com.tr\/en\/biz-kimiz\/","og_locale":"en_US","og_type":"article","og_title":"Hakk\u0131m\u0131zda - Buta Assos","og_url":"https:\/\/butaassos.com.tr\/en\/biz-kimiz\/","og_site_name":"Buta Assos","article_modified_time":"2025-04-26T08:24:26+00:00","og_image":[{"width":500,"height":500,"url":"https:\/\/butaassos.com.tr\/wp-content\/uploads\/2025\/04\/BUTA-ASSOS-LOGO.jpg","type":"image\/jpeg"}],"twitter_card":"summary_large_image","twitter_misc":{"Est. reading time":"3 minutes"},"schema":{"@context":"https:\/\/schema.org","@graph":[{"@type":"WebPage","@id":"https:\/\/butaassos.com.tr\/biz-kimiz\/","url":"https:\/\/butaassos.com.tr\/biz-kimiz\/","name":"Hakk\u0131m\u0131zda - Buta Assos","isPartOf":{"@id":"https:\/\/butaassos.com.tr\/#website"},"datePublished":"2025-04-03T17:37:38+00:00","dateModified":"2025-04-26T08:24:26+00:00","breadcrumb":{"@id":"https:\/\/butaassos.com.tr\/biz-kimiz\/#breadcrumb"},"inLanguage":"en-US","potentialAction":[{"@type":"ReadAction","target":["https:\/\/butaassos.com.tr\/biz-kimiz\/"]}]},{"@type":"BreadcrumbList","@id":"https:\/\/butaassos.com.tr\/biz-kimiz\/#breadcrumb","itemListElement":[{"@type":"ListItem","position":1,"name":"Anasayfa","item":"https:\/\/butaassos.com.tr\/"},{"@type":"ListItem","position":2,"name":"Hakk\u0131m\u0131zda"}]},{"@type":"WebSite","@id":"https:\/\/butaassos.com.tr\/#website","url":"https:\/\/butaassos.com.tr\/","name":"Buta Assos","description":"","publisher":{"@id":"https:\/\/butaassos.com.tr\/#organization"},"potentialAction":[{"@type":"SearchAction","target":{"@type":"EntryPoint","urlTemplate":"https:\/\/butaassos.com.tr\/?s={search_term_string}"},"query-input":{"@type":"PropertyValueSpecification","valueRequired":true,"valueName":"search_term_string"}}],"inLanguage":"en-US"},{"@type":"Organization","@id":"https:\/\/butaassos.com.tr\/#organization","name":"Buta Assos","url":"https:\/\/butaassos.com.tr\/","logo":{"@type":"ImageObject","inLanguage":"en-US","@id":"https:\/\/butaassos.com.tr\/#\/schema\/logo\/image\/","url":"https:\/\/butaassos.com.tr\/wp-content\/uploads\/2024\/01\/butaassosicon.png","contentUrl":"https:\/\/butaassos.com.tr\/wp-content\/uploads\/2024\/01\/butaassosicon.png","width":512,"height":512,"caption":"Buta Assos"},"image":{"@id":"https:\/\/butaassos.com.tr\/#\/schema\/logo\/image\/"}}]}},"_links":{"self":[{"href":"https:\/\/butaassos.com.tr\/en\/wp-json\/wp\/v2\/pages\/2502","targetHints":{"allow":["GET"]}}],"collection":[{"href":"https:\/\/butaassos.com.tr\/en\/wp-json\/wp\/v2\/pages"}],"about":[{"href":"https:\/\/butaassos.com.tr\/en\/wp-json\/wp\/v2\/types\/page"}],"author":[{"embeddable":true,"href":"https:\/\/butaassos.com.tr\/en\/wp-json\/wp\/v2\/users\/1"}],"replies":[{"embeddable":true,"href":"https:\/\/butaassos.com.tr\/en\/wp-json\/wp\/v2\/comments?post=2502"}],"version-history":[{"count":86,"href":"https:\/\/butaassos.com.tr\/en\/wp-json\/wp\/v2\/pages\/2502\/revisions"}],"predecessor-version":[{"id":3029,"href":"https:\/\/butaassos.com.tr\/en\/wp-json\/wp\/v2\/pages\/2502\/revisions\/3029"}],"wp:attachment":[{"href":"https:\/\/butaassos.com.tr\/en\/wp-json\/wp\/v2\/media?parent=2502"}],"curies":[{"name":"wp","href":"https:\/\/api.w.org\/{rel}","templated":true}]}}